{"id":37,"date":"2022-03-10T11:10:23","date_gmt":"2022-03-10T14:10:23","guid":{"rendered":"https:\/\/congresos.unlp.edu.ar\/mapeoshitepac\/?page_id=37"},"modified":"2022-03-20T11:05:44","modified_gmt":"2022-03-20T14:05:44","slug":"mesa-3","status":"publish","type":"page","link":"https:\/\/congresos.unlp.edu.ar\/mapeoshitepac\/mesa-3\/","title":{"rendered":"Mesa 3"},"content":{"rendered":"<h2>VISUALIZACIONES, TERRITORIOS Y ESCALAS 2: Mapeos y escalas en la historia urbana y territorial<\/h2>\n<p>A partir del giro visual las investigaciones en ciencias sociales en general y la historia en particular han aplicado, de manera cada vez m\u00e1s exhaustiva, planos y mapeos a sus objetos de estudio. En las pesquisas de arquitectura, historia urbana e historia territorial esto fue clave a la hora de proponer nuevas miradas sobre los procesos de\u00a0 transformaci\u00f3n del territorio a diferentes escalas, a trav\u00e9s de narrativas y restituciones gr\u00e1ficas.\u00a0\u00a0Esta sesi\u00f3n pretende hacer foco en las visualizaciones de las transformaciones territoriales. Si bien ya es un sobreentendido afirmar que el mapa no representa la realidad sino que la construye, en t\u00e9rminos retrospectivos es posible pensar que la cartograf\u00eda es un prisma para conocer los modos en que se conceb\u00eda el territorio en los tiempos de su producci\u00f3n. As\u00ed, la restituci\u00f3n gr\u00e1fica es una interpretaci\u00f3n \u00fatil para estudiar la historia territorial. La mesa pone el acento por una parte en esas transformaciones metodol\u00f3gicas: c\u00f3mo el mapeo contribuye al an\u00e1lisis territorial y pone blanco sobre negro los procesos de transformaci\u00f3n -tales como los pasajes de la ruralidad a la urbanidad, la definici\u00f3n y gesti\u00f3n de redes y vialidades, los cambios en los pueblos y las zonas rurales. Esta perspectiva permite adem\u00e1s imaginar otras dimensiones y extensiones, distintas de las tradicionales segmentaciones administrativas, poniendo en contrapunto las escalas y redes de los objetos y las escalas del an\u00e1lisis. Por otra parte, las visualizaciones, en t\u00e9rminos de escalas, contribuyen a considerar los objetos territoriales que por sus dimensiones y estructura escapan a las dimensionalidades tradicionales del an\u00e1lisis urbano y territorial (represas, redes viales etc.). Se trata as\u00ed de valorar los tama\u00f1os, de pensar las redes, de moverse en una simultaneidad de escalas, es decir recuperar y hacer visible esa multiescalaridad en la que kil\u00f3metros y cent\u00edmetros se involucran mutuamente.<\/p>\n<p>Enviar trabajo: <a href=\"https:\/\/docs.google.com\/forms\/d\/1v737UFJ9zFZQe9Te-LXN-Ui6RP2wAKrV4RBXiZb1iKs\/edit\">Mesa 3 &#8211; Formularios de Google<\/a><\/p>\n","protected":false},"excerpt":{"rendered":"<p>VISUALIZACIONES, TERRITORIOS Y ESCALAS 2: Mapeos y escalas en la historia urbana y territorial A partir del giro visual las investigaciones en ciencias sociales en general y la historia en particular han aplicado, de manera cada vez m\u00e1s exhaustiva, planos y mapeos a sus objetos de estudio. En las pesquisas de arquitectura, historia urbana e [&hellip;]<\/p>\n","protected":false},"author":2,"featured_media":0,"parent":0,"menu_order":0,"comment_status":"closed","ping_status":"closed","template":"","meta":{"advgb_blocks_editor_width":"","advgb_blocks_columns_visual_guide":"","footnotes":""},"class_list":["post-37","page","type-page","status-publish","hentry","post"],"aioseo_notices":[],"coauthors":[],"author_meta":{"author_link":"https:\/\/congresos.unlp.edu.ar\/mapeoshitepac\/author\/congresos\/","display_name":"congresos"},"relative_dates":{"created":"Posted 4 a\u00f1os ago","modified":"Updated 4 a\u00f1os ago"},"absolute_dates":{"created":"Posted on 10 marzo, 2022","modified":"Updated on 20 marzo, 2022"},"absolute_dates_time":{"created":"Posted on 10 marzo, 2022 11:10 am","modified":"Updated on 20 marzo, 2022 11:05 am"},"featured_img_caption":"","featured_img":false,"series_order":"","_links":{"self":[{"href":"https:\/\/congresos.unlp.edu.ar\/mapeoshitepac\/wp-json\/wp\/v2\/pages\/37","targetHints":{"allow":["GET"]}}],"collection":[{"href":"https:\/\/congresos.unlp.edu.ar\/mapeoshitepac\/wp-json\/wp\/v2\/pages"}],"about":[{"href":"https:\/\/congresos.unlp.edu.ar\/mapeoshitepac\/wp-json\/wp\/v2\/types\/page"}],"author":[{"embeddable":true,"href":"https:\/\/congresos.unlp.edu.ar\/mapeoshitepac\/wp-json\/wp\/v2\/users\/2"}],"replies":[{"embeddable":true,"href":"https:\/\/congresos.unlp.edu.ar\/mapeoshitepac\/wp-json\/wp\/v2\/comments?post=37"}],"version-history":[{"count":0,"href":"https:\/\/congresos.unlp.edu.ar\/mapeoshitepac\/wp-json\/wp\/v2\/pages\/37\/revisions"}],"wp:attachment":[{"href":"https:\/\/congresos.unlp.edu.ar\/mapeoshitepac\/wp-json\/wp\/v2\/media?parent=37"}],"curies":[{"name":"wp","href":"https:\/\/api.w.org\/{rel}","templated":true}]}}