{"id":31,"date":"2022-03-10T11:08:37","date_gmt":"2022-03-10T14:08:37","guid":{"rendered":"https:\/\/congresos.unlp.edu.ar\/mapeoshitepac\/?page_id=31"},"modified":"2022-03-27T10:06:50","modified_gmt":"2022-03-27T13:06:50","slug":"corto","status":"publish","type":"page","link":"https:\/\/congresos.unlp.edu.ar\/mapeoshitepac\/corto\/","title":{"rendered":"Corto"},"content":{"rendered":"<div id=\"pl-31\"  class=\"panel-layout\" ><div id=\"pg-31-0\"  class=\"panel-grid panel-no-style\" ><div id=\"pgc-31-0-0\"  class=\"panel-grid-cell\" ><div id=\"panel-31-0-0-0\" class=\"so-panel widget widget_sow-editor panel-first-child panel-last-child\" data-index=\"0\" ><div\n\t\t\t\n\t\t\tclass=\"so-widget-sow-editor so-widget-sow-editor-base\"\n\t\t\t\n\t\t>\n<div class=\"siteorigin-widget-tinymce textwidget\">\n\t<p style=\"text-align: center\"><strong>Programa<\/strong><br \/>\n<strong>Martes 17 de mayo<\/strong><br \/>\nApertura: 11 hs. Autoridades de la Facultad\/HiTEPAC<br \/>\nConferencias: 11:30 a 12:30 hs. Dr. Pierre Gautreau (Universit\u00e9 Paris I - PRODIG)<br \/>\nAlmuerzo: 12:30 hs. a las 14:00 hs.<br \/>\nSesi\u00f3n del d\u00eda 17-5: 14:00 hs. a 18:00hs.<\/p>\n<p style=\"text-align: center\"><strong>Jueves 19 de mayo<\/strong><br \/>\nConferencia 11:30 hs. Dra. Ver\u00f3nica Hollman (CONICET-UBA)<br \/>\nAlmuerzo: 12:30 hs. a las 14:00 hs.<br \/>\nSesi\u00f3n del d\u00eda 19-5: 14:00 hs. a 18:00hs.<\/p>\n<p style=\"text-align: center\">Conferencia abierta 18:30 hs. Dr. Jos\u00e9 Rosas Vera (Pontificia Universidad Cat\u00f3lica de Chile)<\/p>\n<p style=\"text-align: center\"><strong>Viernes 20 de Mayo<\/strong><br \/>\nConferencia: 11:30 a 12:30 Dra.<br \/>\nAlmuerzo: 12:30 hs. a las 14:00 hs.<br \/>\nSesi\u00f3n del d\u00eda 20-5: 14:00 hs a 18:00hs.<br \/>\nCierre del Workshop a cargo de la organizaci\u00f3n<br \/>\nBrindis de cierre: 19:30<\/p>\n<\/div>\n<\/div><\/div><\/div><\/div><div id=\"pg-31-1\"  class=\"panel-grid panel-no-style\" ><div id=\"pgc-31-1-0\"  class=\"panel-grid-cell panel-grid-cell-empty\" ><\/div><div id=\"pgc-31-1-1\"  class=\"panel-grid-cell panel-grid-cell-mobile-last\" ><div id=\"panel-31-1-1-0\" class=\"so-panel widget widget_sow-button panel-first-child panel-last-child\" data-index=\"1\" ><div\n\t\t\t\n\t\t\tclass=\"so-widget-sow-button so-widget-sow-button-atom-857739567c6a-31\"\n\t\t\t\n\t\t><div class=\"ow-button-base ow-button-align-center\"\n>\n\t\t\t<a\n\t\t\t\t\thref=\"http:\/\/congresos.unlp.edu.ar\/mapeoshitepac\/wp-content\/uploads\/sites\/47\/2022\/03\/Programa-corto-mapeos.pdf\"\n\t\t\t\t\tclass=\"sowb-button ow-icon-placement-left ow-button-hover\" target=\"_blank\" rel=\"noopener noreferrer\" \t>\n\t\t<span>\n\t\t\t<span class=\"sow-icon-fontawesome sow-far\" data-sow-icon=\"&#xf1c1;\"\n\t\tstyle=\"\" \n\t\taria-hidden=\"true\"><\/span>\n\t\t\tDescargar\t\t<\/span>\n\t\t\t<\/a>\n\t<\/div>\n<\/div><\/div><\/div><div id=\"pgc-31-1-2\"  class=\"panel-grid-cell panel-grid-cell-empty\" ><\/div><\/div><\/div>","protected":false},"excerpt":{"rendered":"<p>Programa Martes 17 de mayo Apertura: 11 hs. Autoridades de la Facultad\/HiTEPAC Conferencias: 11:30 a 12:30 hs. Dr. Pierre Gautreau (Universit\u00e9 Paris I &#8211; PRODIG) Almuerzo: 12:30 hs. a las 14:00 hs. Sesi\u00f3n del d\u00eda 17-5: 14:00 hs. a 18:00hs. Jueves 19 de mayo Conferencia 11:30 hs. Dra. Ver\u00f3nica Hollman (CONICET-UBA) Almuerzo: 12:30 hs. a [&hellip;]<\/p>\n","protected":false},"author":2,"featured_media":0,"parent":0,"menu_order":0,"comment_status":"closed","ping_status":"closed","template":"","meta":{"advgb_blocks_editor_width":"","advgb_blocks_columns_visual_guide":"","footnotes":""},"class_list":["post-31","page","type-page","status-publish","hentry","post"],"aioseo_notices":[],"coauthors":[],"author_meta":{"author_link":"https:\/\/congresos.unlp.edu.ar\/mapeoshitepac\/author\/congresos\/","display_name":"congresos"},"relative_dates":{"created":"Posted 4 a\u00f1os ago","modified":"Updated 4 a\u00f1os ago"},"absolute_dates":{"created":"Posted on 10 marzo, 2022","modified":"Updated on 27 marzo, 2022"},"absolute_dates_time":{"created":"Posted on 10 marzo, 2022 11:08 am","modified":"Updated on 27 marzo, 2022 10:06 am"},"featured_img_caption":"","featured_img":false,"series_order":"","_links":{"self":[{"href":"https:\/\/congresos.unlp.edu.ar\/mapeoshitepac\/wp-json\/wp\/v2\/pages\/31","targetHints":{"allow":["GET"]}}],"collection":[{"href":"https:\/\/congresos.unlp.edu.ar\/mapeoshitepac\/wp-json\/wp\/v2\/pages"}],"about":[{"href":"https:\/\/congresos.unlp.edu.ar\/mapeoshitepac\/wp-json\/wp\/v2\/types\/page"}],"author":[{"embeddable":true,"href":"https:\/\/congresos.unlp.edu.ar\/mapeoshitepac\/wp-json\/wp\/v2\/users\/2"}],"replies":[{"embeddable":true,"href":"https:\/\/congresos.unlp.edu.ar\/mapeoshitepac\/wp-json\/wp\/v2\/comments?post=31"}],"version-history":[{"count":0,"href":"https:\/\/congresos.unlp.edu.ar\/mapeoshitepac\/wp-json\/wp\/v2\/pages\/31\/revisions"}],"wp:attachment":[{"href":"https:\/\/congresos.unlp.edu.ar\/mapeoshitepac\/wp-json\/wp\/v2\/media?parent=31"}],"curies":[{"name":"wp","href":"https:\/\/api.w.org\/{rel}","templated":true}]}}