{"id":28,"date":"2022-03-10T11:08:22","date_gmt":"2022-03-10T14:08:22","guid":{"rendered":"https:\/\/congresos.unlp.edu.ar\/mapeoshitepac\/?page_id=28"},"modified":"2022-05-23T18:18:09","modified_gmt":"2022-05-23T21:18:09","slug":"extendido","status":"publish","type":"page","link":"https:\/\/congresos.unlp.edu.ar\/mapeoshitepac\/extendido\/","title":{"rendered":"Extendido"},"content":{"rendered":"<div id=\"pl-28\"  class=\"panel-layout\" ><div id=\"pg-28-0\"  class=\"panel-grid panel-no-style\" ><div id=\"pgc-28-0-0\"  class=\"panel-grid-cell\" ><div id=\"panel-28-0-0-0\" class=\"so-panel widget widget_sow-editor panel-first-child panel-last-child\" data-index=\"0\" ><div\n\t\t\t\n\t\t\tclass=\"so-widget-sow-editor so-widget-sow-editor-base\"\n\t\t\t\n\t\t>\n<div class=\"siteorigin-widget-tinymce textwidget\">\n\t<p style=\"text-align: center\"><strong>Programa<\/strong><\/p>\n<h4 style=\"text-align: center\"><strong>Martes 17 de mayo<\/strong><br \/>\nApertura: 11:00 hs.<\/h4>\n<h4 style=\"text-align: center\">Conferencia (11:30 a 12:30 hs.)<\/h4>\n<h4 style=\"text-align: center\"><strong>\"Lo que qued\u00f3 del mapa. Acerca de la desaparici\u00f3n del un objeto de estudio\"<\/strong><\/h4>\n<p style=\"text-align: center\">Dr. Pierre Gautreau (Universit\u00e9 Paris I - PRODIG)<\/p>\n<hr \/>\n<p style=\"text-align: center\">Almuerzo: 12:30 hs. a las 14:00 hs.<\/p>\n<p style=\"text-align: center\">Sesi\u00f3n del d\u00eda: 14:00 hs. a 18:00 hs.<br \/>\nComentarista: Graciela Favelukes y Guillermina Zanzottera<br \/>\nCoordinadora: Teresa Zweifel<\/p>\n<p style=\"text-align: center\"><strong>Participantes:<\/strong><br \/>\n<strong>Alejandra Monti (CONICET-UNR)<\/strong><br \/>\n<strong>Alejandra Vega (Universidad de Chile)<\/strong><br \/>\n<strong>Eugenia Molina (CONICET)<\/strong><br \/>\n<strong>Malena Mazzitelli Mastricchio (UNLP-CONICET) y Guillermina Zanzottera (IAA-UBA)<\/strong><br \/>\n<strong>Melisa Pesoa (Universitat Politecnica de Catalunya)<\/strong><br \/>\n<strong>Raquel Bressan (UNGS)<\/strong><br \/>\n<strong>Sebastian Malecki (CONICET)<\/strong><br \/>\n<strong>Silvia Docola (UNR)<\/strong><br \/>\n<strong>Mariana Canedo (CONICET)<\/strong><\/p>\n<hr \/>\n<h4 style=\"text-align: center\"><strong>Jueves 19 de mayo<\/strong><br \/>\nConferencia (11:30 a 12:30 hs.)<\/h4>\n<h4 style=\"text-align: center\">\"<b><span lang=\"ES-TRAD\" style=\"font-size: 13.0pt\">Variaciones en la producci\u00f3n y uso de la visi\u00f3n cenital <\/span><\/b><b><span lang=\"ES-TRAD\" style=\"font-size: 13.0pt\">como dispositivo en pr\u00e1cticas de construcci\u00f3n territorial\"<\/span><\/b><\/h4>\n<p style=\"text-align: center\">Dra. Ver\u00f3nica Hollman (CONICET-UBA)<\/p>\n<hr \/>\n<p style=\"text-align: center\">Almuerzo: 12:30 hs. a las 14:00 hs.<\/p>\n<p style=\"text-align: center\">Sesi\u00f3n del d\u00eda: 14:00 hs. a 18:00hs.<br \/>\nComentaristas: Malena Mazzitelli Mastricchio y Ana G\u00f3mez Pintus<br \/>\nCoordinador: Agust\u00edn Arosteguy<\/p>\n<p style=\"text-align: center\"><strong>Participantes:<\/strong><br \/>\n<strong>Ana S\u00e1nchez Trolliet (UNSAM-CONICET)<\/strong><br \/>\n<strong>Eliane Kuvasney (Geografia, ILATIT, UNILA)<\/strong><br \/>\n<strong>Fernanda Padovesi (Universidade de S\u00e3o Paulo)<\/strong><br \/>\n<strong>Lorena Vecslir (CONICET- UBA)<\/strong><br \/>\n<strong>Lucas Dombroski (CONICET-UNGS)<\/strong><br \/>\n<strong>Mariano Gruschetsky (UNLa\/UNLP\/UNSAM)<\/strong><br \/>\n<strong>Jos\u00e9 Rosas (Pontificia Universidad Cat\u00f3lica de Chile)<\/strong><br \/>\n<strong>Virginia Bonicatto (CONICET-HITEPAC) y Catalina Fara (CONICET)<\/strong><\/p>\n<h4 style=\"text-align: center\"><em>Conferencia abierta 18:30 hs.<\/em><\/h4>\n<h4 style=\"text-align: center\"><strong>\"Modernizaci\u00f3n en Santiago de Chile en la segunda mutad del siglo XIX\"<\/strong><\/h4>\n<p style=\"text-align: center\"><em>Dr. Jos\u00e9 Rosas Vera\u00a0<\/em>(Pontificia Universidad Cat\u00f3lica de Chile)<\/p>\n<hr \/>\n<h4 style=\"text-align: center\"><strong>viernes 20 de mayo<\/strong><br \/>\nConferencia (11:30 a 12:30 hs)<\/h4>\n<h4 style=\"text-align: center\"><strong>\"Escalas. Objetos y representaciones\"<\/strong><\/h4>\n<p style=\"text-align: center\">Dra. Alicia Novick (UNGS-UBA)<\/p>\n<hr \/>\n<p style=\"text-align: center\">Almuerzo: 12:30 hs. a las 14:00 hs.<\/p>\n<p style=\"text-align: center\">Sesi\u00f3n del d\u00eda: 14:00 hs a 18:00 hs.<br \/>\nComentarista: Fernando Aliata (CONICET-HITEPAC)<br \/>\nCoordinador: Esteban Salizzi (CONICET)<\/p>\n<p style=\"text-align: center\"><strong>Participantes:<\/strong><br \/>\n<strong>Valeria Gruschetsky (UNQ-CONICET)<\/strong><br \/>\n<strong>Anah\u00ed Ballent (CONICET-UNQ)<\/strong><br \/>\n<strong>Melina Piglia (CONICET-UNMdP)<\/strong><br \/>\n<strong>Santiago Urrutia (UBA)<\/strong><br \/>\n<strong>Fernanda Barcos (CONICET-FAHCE-UNLP)<\/strong><br \/>\n<strong>Sol Lanteri (Universidad de Alcal\u00e1\/CONICET-UBA)<\/strong><br \/>\n<strong>Fernando D\u00edaz Terreno (UNC)<\/strong><br \/>\n<strong>Cierre del Workshop a cargo de la organizaci\u00f3n<\/strong><br \/>\n<strong>Brindis de cierre: 19:30 hs.<\/strong><\/p>\n<\/div>\n<\/div><\/div><\/div><\/div><div id=\"pg-28-1\"  class=\"panel-grid panel-no-style\" ><div id=\"pgc-28-1-0\"  class=\"panel-grid-cell panel-grid-cell-empty\" ><\/div><div id=\"pgc-28-1-1\"  class=\"panel-grid-cell panel-grid-cell-mobile-last\" ><div id=\"panel-28-1-1-0\" class=\"so-panel widget widget_sow-button panel-first-child panel-last-child\" data-index=\"1\" ><div\n\t\t\t\n\t\t\tclass=\"so-widget-sow-button so-widget-sow-button-atom-857739567c6a-28\"\n\t\t\t\n\t\t><div class=\"ow-button-base ow-button-align-center\"\n>\n\t\t\t<a\n\t\t\t\t\thref=\"http:\/\/congresos.unlp.edu.ar\/mapeoshitepac\/wp-content\/uploads\/sites\/47\/2022\/03\/Programa-largo-mapeos.pdf\"\n\t\t\t\t\tclass=\"sowb-button ow-icon-placement-left ow-button-hover\" target=\"_blank\" rel=\"noopener noreferrer\" download=\"\" \t>\n\t\t<span>\n\t\t\t<span class=\"sow-icon-fontawesome sow-far\" data-sow-icon=\"&#xf1c1;\"\n\t\tstyle=\"\" \n\t\taria-hidden=\"true\"><\/span>\n\t\t\tDescargar\t\t<\/span>\n\t\t\t<\/a>\n\t<\/div>\n<\/div><\/div><\/div><div id=\"pgc-28-1-2\"  class=\"panel-grid-cell panel-grid-cell-empty\" ><\/div><\/div><\/div>","protected":false},"excerpt":{"rendered":"<p>Programa Martes 17 de mayo Apertura: 11:00 hs. Conferencia (11:30 a 12:30 hs.) &#8220;Lo que qued\u00f3 del mapa. Acerca de la desaparici\u00f3n del un objeto de estudio&#8221; Dr. Pierre Gautreau (Universit\u00e9 Paris I &#8211; PRODIG) Almuerzo: 12:30 hs. a las 14:00 hs. Sesi\u00f3n del d\u00eda: 14:00 hs. a 18:00 hs. Comentarista: Graciela Favelukes y Guillermina [&hellip;]<\/p>\n","protected":false},"author":2,"featured_media":0,"parent":0,"menu_order":0,"comment_status":"closed","ping_status":"closed","template":"","meta":{"advgb_blocks_editor_width":"","advgb_blocks_columns_visual_guide":"","footnotes":""},"class_list":["post-28","page","type-page","status-publish","hentry","post"],"aioseo_notices":[],"coauthors":[],"author_meta":{"author_link":"https:\/\/congresos.unlp.edu.ar\/mapeoshitepac\/author\/congresos\/","display_name":"congresos"},"relative_dates":{"created":"Posted 4 a\u00f1os ago","modified":"Updated 4 a\u00f1os ago"},"absolute_dates":{"created":"Posted on 10 marzo, 2022","modified":"Updated on 23 mayo, 2022"},"absolute_dates_time":{"created":"Posted on 10 marzo, 2022 11:08 am","modified":"Updated on 23 mayo, 2022 6:18 pm"},"featured_img_caption":"","featured_img":false,"series_order":"","_links":{"self":[{"href":"https:\/\/congresos.unlp.edu.ar\/mapeoshitepac\/wp-json\/wp\/v2\/pages\/28","targetHints":{"allow":["GET"]}}],"collection":[{"href":"https:\/\/congresos.unlp.edu.ar\/mapeoshitepac\/wp-json\/wp\/v2\/pages"}],"about":[{"href":"https:\/\/congresos.unlp.edu.ar\/mapeoshitepac\/wp-json\/wp\/v2\/types\/page"}],"author":[{"embeddable":true,"href":"https:\/\/congresos.unlp.edu.ar\/mapeoshitepac\/wp-json\/wp\/v2\/users\/2"}],"replies":[{"embeddable":true,"href":"https:\/\/congresos.unlp.edu.ar\/mapeoshitepac\/wp-json\/wp\/v2\/comments?post=28"}],"version-history":[{"count":0,"href":"https:\/\/congresos.unlp.edu.ar\/mapeoshitepac\/wp-json\/wp\/v2\/pages\/28\/revisions"}],"wp:attachment":[{"href":"https:\/\/congresos.unlp.edu.ar\/mapeoshitepac\/wp-json\/wp\/v2\/media?parent=28"}],"curies":[{"name":"wp","href":"https:\/\/api.w.org\/{rel}","templated":true}]}}