{"id":80,"date":"2022-01-17T00:15:50","date_gmt":"2022-01-17T03:15:50","guid":{"rendered":"https:\/\/congresos.unlp.edu.ar\/lasove\/?page_id=80"},"modified":"2022-10-29T01:14:34","modified_gmt":"2022-10-29T04:14:34","slug":"programa","status":"publish","type":"page","link":"https:\/\/congresos.unlp.edu.ar\/lasove\/programa\/","title":{"rendered":"Programa"},"content":{"rendered":"<p><strong><a href=\"https:\/\/congresos.unlp.edu.ar\/lasove\/wp-content\/uploads\/sites\/45\/2022\/10\/EXTENDED-PROGRAM-LA-SOVE-2022-v9.pdf\">EXTENDED PROGRAM LA SOVE 2022<\/a><\/strong><\/p>\n<p><strong><span style=\"text-decoration: underline\">Cronograma de Actividades<\/span>:<\/strong><\/p>\n<p><img loading=\"lazy\" decoding=\"async\" class=\"alignnone wp-image-1220 size-full\" src=\"http:\/\/congresos.unlp.edu.ar\/lasove\/wp-content\/uploads\/sites\/45\/2022\/10\/Cronograma-final-2.png\" alt=\"\" width=\"1008\" height=\"654\" srcset=\"https:\/\/congresos.unlp.edu.ar\/lasove\/wp-content\/uploads\/sites\/45\/2022\/10\/Cronograma-final-2.png 1008w, https:\/\/congresos.unlp.edu.ar\/lasove\/wp-content\/uploads\/sites\/45\/2022\/10\/Cronograma-final-2-300x195.png 300w, https:\/\/congresos.unlp.edu.ar\/lasove\/wp-content\/uploads\/sites\/45\/2022\/10\/Cronograma-final-2-768x498.png 768w\" sizes=\"auto, (max-width: 1008px) 100vw, 1008px\" \/><\/p>\n<p><img loading=\"lazy\" decoding=\"async\" class=\"alignnone wp-image-1150 size-full\" src=\"http:\/\/congresos.unlp.edu.ar\/lasove\/wp-content\/uploads\/sites\/45\/2022\/09\/Referencias-1.png\" alt=\"\" width=\"1054\" height=\"599\" srcset=\"https:\/\/congresos.unlp.edu.ar\/lasove\/wp-content\/uploads\/sites\/45\/2022\/09\/Referencias-1.png 1054w, https:\/\/congresos.unlp.edu.ar\/lasove\/wp-content\/uploads\/sites\/45\/2022\/09\/Referencias-1-300x170.png 300w, https:\/\/congresos.unlp.edu.ar\/lasove\/wp-content\/uploads\/sites\/45\/2022\/09\/Referencias-1-1024x582.png 1024w, https:\/\/congresos.unlp.edu.ar\/lasove\/wp-content\/uploads\/sites\/45\/2022\/09\/Referencias-1-768x436.png 768w\" sizes=\"auto, (max-width: 1054px) 100vw, 1054px\" \/> <img loading=\"lazy\" decoding=\"async\" class=\"alignnone wp-image-1152 size-full\" src=\"http:\/\/congresos.unlp.edu.ar\/lasove\/wp-content\/uploads\/sites\/45\/2022\/09\/Referencias-2.png\" alt=\"\" width=\"1018\" height=\"380\" srcset=\"https:\/\/congresos.unlp.edu.ar\/lasove\/wp-content\/uploads\/sites\/45\/2022\/09\/Referencias-2.png 1018w, https:\/\/congresos.unlp.edu.ar\/lasove\/wp-content\/uploads\/sites\/45\/2022\/09\/Referencias-2-300x112.png 300w, https:\/\/congresos.unlp.edu.ar\/lasove\/wp-content\/uploads\/sites\/45\/2022\/09\/Referencias-2-768x287.png 768w\" sizes=\"auto, (max-width: 1018px) 100vw, 1018px\" \/><\/p>\n<p>El <strong>tema central<\/strong> del programa cient\u00edfico de LA SOVE 2022, <strong>\u201c<em>Control de enfermedades end\u00e9micas zoon\u00f3ticas y transmitidas por vectores, emergentes y reemergentes: Desaf\u00edos actuales en Latinoam\u00e9rica<\/em>\u201d<\/strong>, incluye las siguientes enfermedades desatendidas zoon\u00f3ticas y transmitidas por vectores (<strong>temas<\/strong>), de particular relevancia para nuestra regi\u00f3n Latinoamericana:<br \/>\n<strong>1) Chagas; <\/strong><br \/>\n<strong>2) Enfermedades transmitidas por mosquitos (dengue, malaria, fiebre amarilla, zika, chikungunya); <\/strong><br \/>\n<strong>3) Leishmaniasis; <\/strong><br \/>\n<strong>4) Enfermedades transmitidas por garrapatas (<em>Rickettsia<\/em>, <em>Ehrlichia<\/em>, <em>Borrelia<\/em>); <\/strong><br \/>\n<strong>5) Fiebres hemorr\u00e1gicas virales (hantavirus); <\/strong><br \/>\n<strong>6) Leptospirosis; <\/strong><br \/>\n<strong>7) Rabia; <\/strong><br \/>\n<strong>8) Hidatidosis \/ Equinococosis qu\u00edstica. <\/strong><\/p>\n<p>Tambi\u00e9n se incluyeron otros temas de particular inter\u00e9s regional:<\/p>\n<p><strong>9) Insectos vectores de enfermedades en plantas; <\/strong><\/p>\n<p><strong>10) Artr\u00f3podos vectores de enfermedades de importancia veterinaria;<\/strong><\/p>\n<p><strong>11) Insectos modificados gen\u00e9ticamente de uso pecuario;<br \/>\n<\/strong><\/p>\n<p><strong>12) Resistencia a pesticidas de uso en Salud P\u00fablica;<\/strong><\/p>\n<p><strong>13) Integrando Enfoques para el Control de Vectores; y<br \/>\n<\/strong><\/p>\n<p><strong>14) Desaf\u00edos y perspectivas para abordar algunas enfermedades desatendidas.<\/strong><strong>\u00a0<\/strong><\/p>\n<p>Estos temas se abordar\u00e1n desde <strong>enfoques<\/strong> diversos incluyendo:<\/p>\n<ol>\n<li><strong> El impacto de la pandemia COVID-19 y los incendios y fragmentaci\u00f3n del ambiente, sobre las enfermedades zoon\u00f3ticas y transmitidas por vectores; <\/strong><\/li>\n<li><strong> Biolog\u00eda y eco-epidemiolog\u00eda de vectores; <\/strong><\/li>\n<li><strong> Interacci\u00f3n pat\u00f3geno-vector; y <\/strong><\/li>\n<li><strong> Vigilancia y control de vectores incluyendo a) nuevas alternativas de vigilancia y control, y b) resistencia a insecticidas.<\/strong><\/li>\n<\/ol>\n","protected":false},"excerpt":{"rendered":"<p>EXTENDED PROGRAM LA SOVE 2022 Cronograma de Actividades: El tema central del programa cient\u00edfico de LA SOVE 2022, \u201cControl de enfermedades end\u00e9micas zoon\u00f3ticas y transmitidas por vectores, emergentes y reemergentes: Desaf\u00edos actuales en Latinoam\u00e9rica\u201d, incluye las siguientes enfermedades desatendidas zoon\u00f3ticas y transmitidas por vectores (temas), de particular relevancia para nuestra regi\u00f3n Latinoamericana: 1) Chagas; 2) [&hellip;]<\/p>\n","protected":false},"author":123,"featured_media":0,"parent":0,"menu_order":0,"comment_status":"closed","ping_status":"closed","template":"","meta":{"advgb_blocks_editor_width":"","advgb_blocks_columns_visual_guide":"","footnotes":""},"class_list":["post-80","page","type-page","status-publish","hentry","post"],"aioseo_notices":[],"coauthors":[],"author_meta":{"author_link":"https:\/\/congresos.unlp.edu.ar\/lasove\/author\/victoria\/","display_name":"victoria"},"relative_dates":{"created":"Publicado 4 a\u00f1os hace","modified":"Actualizado 3 a\u00f1os hace"},"absolute_dates":{"created":"Publicado el 17 enero, 2022","modified":"Actualizado el 29 octubre, 2022"},"absolute_dates_time":{"created":"Publicado el 17 enero, 2022 12:15 am","modified":"Actualizado el 29 octubre, 2022 1:14 am"},"featured_img_caption":"","featured_img":false,"series_order":"","_links":{"self":[{"href":"https:\/\/congresos.unlp.edu.ar\/lasove\/wp-json\/wp\/v2\/pages\/80","targetHints":{"allow":["GET"]}}],"collection":[{"href":"https:\/\/congresos.unlp.edu.ar\/lasove\/wp-json\/wp\/v2\/pages"}],"about":[{"href":"https:\/\/congresos.unlp.edu.ar\/lasove\/wp-json\/wp\/v2\/types\/page"}],"author":[{"embeddable":true,"href":"https:\/\/congresos.unlp.edu.ar\/lasove\/wp-json\/wp\/v2\/users\/123"}],"replies":[{"embeddable":true,"href":"https:\/\/congresos.unlp.edu.ar\/lasove\/wp-json\/wp\/v2\/comments?post=80"}],"version-history":[{"count":0,"href":"https:\/\/congresos.unlp.edu.ar\/lasove\/wp-json\/wp\/v2\/pages\/80\/revisions"}],"wp:attachment":[{"href":"https:\/\/congresos.unlp.edu.ar\/lasove\/wp-json\/wp\/v2\/media?parent=80"}],"curies":[{"name":"wp","href":"https:\/\/api.w.org\/{rel}","templated":true}]}}