{"id":8,"date":"2021-12-15T11:52:41","date_gmt":"2021-12-15T14:52:41","guid":{"rendered":"https:\/\/congresos.unlp.edu.ar\/lasove\/?page_id=8"},"modified":"2025-04-30T00:51:34","modified_gmt":"2025-04-30T03:51:34","slug":"inicio","status":"publish","type":"page","link":"https:\/\/congresos.unlp.edu.ar\/lasove\/","title":{"rendered":"Inicio"},"content":{"rendered":"<h1><span style=\"color: #993300\"><strong>\u00a1\u00a1\u00a1LA SOVE 2022 en n\u00fameros!!!<\/strong><\/span><\/h1>\n<p><img loading=\"lazy\" decoding=\"async\" class=\"alignnone wp-image-1309 size-full\" src=\"https:\/\/congresos.unlp.edu.ar\/lasove\/wp-content\/uploads\/sites\/45\/2025\/04\/Flyer_statistics_menor-calidad-scaled.jpg\" alt=\"\" width=\"2560\" height=\"1344\" srcset=\"https:\/\/congresos.unlp.edu.ar\/lasove\/wp-content\/uploads\/sites\/45\/2025\/04\/Flyer_statistics_menor-calidad-scaled.jpg 2560w, https:\/\/congresos.unlp.edu.ar\/lasove\/wp-content\/uploads\/sites\/45\/2025\/04\/Flyer_statistics_menor-calidad-300x157.jpg 300w, https:\/\/congresos.unlp.edu.ar\/lasove\/wp-content\/uploads\/sites\/45\/2025\/04\/Flyer_statistics_menor-calidad-1024x538.jpg 1024w, https:\/\/congresos.unlp.edu.ar\/lasove\/wp-content\/uploads\/sites\/45\/2025\/04\/Flyer_statistics_menor-calidad-768x403.jpg 768w, https:\/\/congresos.unlp.edu.ar\/lasove\/wp-content\/uploads\/sites\/45\/2025\/04\/Flyer_statistics_menor-calidad-1536x806.jpg 1536w, https:\/\/congresos.unlp.edu.ar\/lasove\/wp-content\/uploads\/sites\/45\/2025\/04\/Flyer_statistics_menor-calidad-2048x1075.jpg 2048w\" sizes=\"auto, (max-width: 2560px) 100vw, 2560px\" \/><\/p>\n<p>&nbsp;<\/p>\n<h3><a href=\"https:\/\/congresos.unlp.edu.ar\/lasove\/wp-content\/uploads\/sites\/45\/2022\/10\/Non-extended-Program_fv_color.pdf\">Programa Cient\u00edfico<\/a><\/h3>\n<h3><a href=\"https:\/\/congresos.unlp.edu.ar\/lasove\/wp-content\/uploads\/sites\/45\/2022\/10\/TT-Program_fv_color.pdf\">Programa Turbo Talks<\/a><\/h3>\n<h3><a href=\"https:\/\/congresos.unlp.edu.ar\/lasove\/wp-content\/uploads\/sites\/45\/2023\/03\/ABSTRACT-BOOK-LA-SOVE-2022_final-version.pdf\">LIBRO RESUMENES LA SOVE 2022_version ISBN<\/a><\/h3>\n<p><a href=\"https:\/\/congresos.unlp.edu.ar\/lasove\/wp-content\/uploads\/sites\/45\/2022\/10\/EXTENDED-PROGRAM-LA-SOVE-2022-v9.pdf\"><strong>EXTENDED PROGRAM LA SOVE 2022<\/strong><\/a><\/p>\n<h3 style=\"text-align: center\">II Congreso de la Sociedad Latinoamericana de Ecolog\u00eda de Vectores (<strong>LA SOVE 2022<\/strong>)<br \/>\n\u201cControl de enfermedades end\u00e9micas zoon\u00f3ticas y transmitidas por vectores, emergentes y reemergentes: Desaf\u00edos actuales en Latinoam\u00e9rica\u201d<\/h3>\n<h5 style=\"text-align: center\"><strong>29 de Octubre al 3 de Noviembre, 2022<\/strong><br \/>\nCentro de Posgrado y Convenciones \u2013 Edificio Karakachoff de la Universidad Nacional de La Plata (UNLP)<\/h5>\n<p>&nbsp;<\/p>\n","protected":false},"excerpt":{"rendered":"<p>\u00a1\u00a1\u00a1LA SOVE 2022 en n\u00fameros!!! &nbsp; Programa Cient\u00edfico Programa Turbo Talks LIBRO RESUMENES LA SOVE 2022_version ISBN EXTENDED PROGRAM LA SOVE 2022 II Congreso de la Sociedad Latinoamericana de Ecolog\u00eda de Vectores (LA SOVE 2022) \u201cControl de enfermedades end\u00e9micas zoon\u00f3ticas y transmitidas por vectores, emergentes y reemergentes: Desaf\u00edos actuales en Latinoam\u00e9rica\u201d 29 de Octubre al [&hellip;]<\/p>\n","protected":false},"author":2,"featured_media":0,"parent":0,"menu_order":0,"comment_status":"closed","ping_status":"closed","template":"","meta":{"advgb_blocks_editor_width":"","advgb_blocks_columns_visual_guide":"","footnotes":""},"class_list":["post-8","page","type-page","status-publish","hentry","post"],"aioseo_notices":[],"coauthors":[],"author_meta":{"author_link":"https:\/\/congresos.unlp.edu.ar\/lasove\/author\/congresos\/","display_name":"congresos"},"relative_dates":{"created":"Publicado 4 a\u00f1os hace","modified":"Actualizado 12 meses hace"},"absolute_dates":{"created":"Publicado el 15 diciembre, 2021","modified":"Actualizado el 30 abril, 2025"},"absolute_dates_time":{"created":"Publicado el 15 diciembre, 2021 11:52 am","modified":"Actualizado el 30 abril, 2025 12:51 am"},"featured_img_caption":"","featured_img":false,"series_order":"","_links":{"self":[{"href":"https:\/\/congresos.unlp.edu.ar\/lasove\/wp-json\/wp\/v2\/pages\/8","targetHints":{"allow":["GET"]}}],"collection":[{"href":"https:\/\/congresos.unlp.edu.ar\/lasove\/wp-json\/wp\/v2\/pages"}],"about":[{"href":"https:\/\/congresos.unlp.edu.ar\/lasove\/wp-json\/wp\/v2\/types\/page"}],"author":[{"embeddable":true,"href":"https:\/\/congresos.unlp.edu.ar\/lasove\/wp-json\/wp\/v2\/users\/2"}],"replies":[{"embeddable":true,"href":"https:\/\/congresos.unlp.edu.ar\/lasove\/wp-json\/wp\/v2\/comments?post=8"}],"version-history":[{"count":0,"href":"https:\/\/congresos.unlp.edu.ar\/lasove\/wp-json\/wp\/v2\/pages\/8\/revisions"}],"wp:attachment":[{"href":"https:\/\/congresos.unlp.edu.ar\/lasove\/wp-json\/wp\/v2\/media?parent=8"}],"curies":[{"name":"wp","href":"https:\/\/api.w.org\/{rel}","templated":true}]}}