{"id":70,"date":"2022-01-17T00:09:41","date_gmt":"2022-01-17T03:09:41","guid":{"rendered":"https:\/\/congresos.unlp.edu.ar\/lasove\/?page_id=70"},"modified":"2022-02-25T10:23:47","modified_gmt":"2022-02-25T13:23:47","slug":"comite-cientifico","status":"publish","type":"page","link":"https:\/\/congresos.unlp.edu.ar\/lasove\/comite-cientifico\/","title":{"rendered":"Comit\u00e9 Cient\u00edfico"},"content":{"rendered":"<table style=\"border: 0\" width=\"589\" cellspacing=\"0\" cellpadding=\"7\">\n<tbody>\n<tr>\n<td colspan=\"2\" valign=\"top\" width=\"573\"><span lang=\"es-AR\"><i>Presidente<\/i><\/span><\/td>\n<\/tr>\n<tr valign=\"top\">\n<td width=\"100\"><span lang=\"es-AR\">Oscar Daniel Salom\u00f3n<\/span><\/td>\n<td width=\"404\"><span lang=\"es-AR\">Instituto Nacional de Medicina Tropical-ANLIS Dr Carlos G Malbr\u00e1n <\/span><br \/>\n<span lang=\"es-AR\">CIC CONICET<\/span><\/td>\n<\/tr>\n<\/tbody>\n<\/table>\n<p>&nbsp;<\/p>\n<table style=\"border: 0\" width=\"589\" cellspacing=\"0\" cellpadding=\"7\">\n<tbody>\n<tr>\n<td colspan=\"2\" valign=\"top\" width=\"573\"><span lang=\"es-AR\"><i>Sub-Comit\u00e9 Chagas<br \/>\n<\/i><\/span><\/td>\n<\/tr>\n<tr valign=\"top\">\n<td width=\"100\"><span lang=\"es-AR\">Antonieta Rojas de Arias<\/span><\/td>\n<td width=\"404\"><span lang=\"es-AR\">Centro para el Desarrollo de la Investigaci\u00f3n Cient\u00edfica<\/span><br \/>\n<span lang=\"es-AR\">Paraguay<\/span><\/td>\n<\/tr>\n<\/tbody>\n<\/table>\n<table style=\"border: 0\" width=\"589\" cellspacing=\"0\" cellpadding=\"7\">\n<tbody>\n<tr valign=\"top\">\n<td width=\"100\">Carla Cecere<\/td>\n<td width=\"404\">Laboratorio Eco-Epidemiolog\u00eda<br \/>\nDepartamento Ecolog\u00eda, Gen\u00e9tica y Evoluci\u00f3n (EGE)<br \/>\nInstituto de Ecolog\u00eda, Gen\u00e9tica y Evoluci\u00f3n de Buenos Aires (IEGEBA)<br \/>\nFacultad de Ciencias Exactas y Naturales (FCEN)<br \/>\nUniversidad de Buenos Aires (UBA)<\/td>\n<\/tr>\n<\/tbody>\n<\/table>\n<p>&nbsp;<\/p>\n<table style=\"border: 0\" width=\"589\" cellspacing=\"0\" cellpadding=\"7\">\n<tbody>\n<tr>\n<td colspan=\"2\" valign=\"top\" width=\"573\"><span lang=\"es-AR\"><i>Sub-Comit\u00e9 Enfermedades transmitidas por mosquitos<br \/>\n<\/i><\/span><\/td>\n<\/tr>\n<tr valign=\"top\">\n<td width=\"100\"><span lang=\"es-AR\">Raquel M. Gleiser<\/span><\/td>\n<td width=\"404\"><span lang=\"es-AR\">Prof. Asociada a\/c<\/span><br \/>\n<span lang=\"es-AR\">C\u00e1tedra de Ecolog\u00eda<\/span><br \/>\n<span lang=\"es-AR\">FCEFyN, Universidad Nacional de C\u00f3rdoba<\/span><br \/>\n<span lang=\"es-AR\">Inv. Principal CONICET<\/span><br \/>\n<span lang=\"es-AR\">CREAN-IMBIV (UNC-CONICET)<\/span><br \/>\n<span lang=\"es-AR\">Argentina<\/span><\/p>\n<\/td>\n<\/tr>\n<tr valign=\"top\">\n<td width=\"100\"><span lang=\"es-AR\">Nicol\u00e1s Schweigmann<\/span><\/td>\n<td width=\"404\"><span lang=\"es-AR\">Universidad de Buenos Aires (UBA)<\/span><br \/>\n<span lang=\"es-AR\">Argentina<\/span><\/p>\n<\/td>\n<\/tr>\n<tr valign=\"top\">\n<td width=\"100\"><span lang=\"es-AR\">Paulo Pimenta<\/span><\/td>\n<td width=\"404\"><span lang=\"es-AR\">Senior Researcher 1A &#8211; CNPq<\/span><br \/>\n<span lang=\"es-AR\">National Council for Scientific and Technological Development<\/span><br \/>\n<span lang=\"es-AR\">Deputy Editor &#8211; PLoS Neglected Tropical Diseases<\/span><br \/>\n<span lang=\"es-AR\">Senior Professor\/Researcher<\/span><br \/>\n<span lang=\"es-AR\">Tropical Medicine Foundation Heitor Vieira Dourado &#8211; Amazonas<\/span><br \/>\n<span lang=\"es-AR\">Head of Laboratory of Medical Entomology <\/span><br \/>\n<span lang=\"es-AR\">Instituto de Pesquisas Ren\u00e9 Rachou, FIOCRUZ &#8211; Minas Gerais<\/span><br \/>\n<span lang=\"es-AR\">General Director, Society of Vector Ecology, Brazilian\/Latin Region<\/span><br \/>\n<span lang=\"es-AR\">Board Director of the World Mosquito Control Association<\/span><br \/>\n<span lang=\"es-AR\">Team Leader of the Medical Entomology Research Group\/CNPq <\/span><br \/>\n<span lang=\"es-AR\">Brasil<\/span><\/p>\n<\/td>\n<\/tr>\n<tr valign=\"top\">\n<td width=\"100\"><span lang=\"es-AR\">Ima Braga<\/span><\/td>\n<td width=\"404\"><span lang=\"es-AR\">Presidente da Rede Latino-americana de Control de Vetores (RELCOV)<\/span><br \/>\n<span lang=\"es-AR\">Brasil<\/span>\n<\/td>\n<\/tr>\n<\/tbody>\n<\/table>\n<p>&nbsp;<\/p>\n<table style=\"border: 0\" width=\"589\" cellspacing=\"0\" cellpadding=\"7\">\n<tbody>\n<tr>\n<td colspan=\"2\" valign=\"top\" width=\"573\"><span lang=\"es-AR\"><i>Sub-Comit\u00e9 Leishmaniasis<br \/>\n<\/i><\/span><\/td>\n<\/tr>\n<tr valign=\"top\">\n<td width=\"100\"><span lang=\"es-AR\">Gabriela Quintana<\/span><\/td>\n<td width=\"404\"><span lang=\"es-AR\">Instituto Nacional de Medicina Tropical (INMeT)<\/span><br \/>\n<span lang=\"es-AR\">(Sede Tucum\u00e1n), ANLIS, Malbran, MSN \/ CONICET<\/span><br \/>\n<span lang=\"es-AR\">Instituto Superior de Entomolog\u00eda, FCN e IML, UNT<\/span><br \/>\n<span lang=\"es-AR\">Argentina<\/span><\/p>\n<\/td>\n<\/tr>\n<tr valign=\"top\">\n<td width=\"100\"><span lang=\"es-AR\">Anayansi Valderrama Cumbrera<\/span><\/td>\n<td width=\"404\"><span lang=\"es-AR\">Investigadora en Salud Senior III<\/span><br \/>\n<span lang=\"es-AR\">Jefa encargada <\/span><br \/>\n<span lang=\"es-AR\">Departamento de Investigaciones en Entomolog\u00eda M\u00e9dica<\/span><br \/>\n<span lang=\"es-AR\">Instituto Conmemorativo Gorgas de Estudios de la Salud <\/span><br \/>\n<span lang=\"es-AR\">Panam\u00e1<\/span><\/td>\n<\/tr>\n<\/tbody>\n<\/table>\n<p>&nbsp;<\/p>\n<table style=\"border: 0\" width=\"589\" cellspacing=\"0\" cellpadding=\"7\">\n<tbody>\n<tr>\n<td colspan=\"2\" valign=\"top\" width=\"573\"><span lang=\"es-AR\"><i>Sub-Comit\u00e9 Enfermedades Transmitidas por Garrapatas<\/i><\/span><i><\/i><\/td>\n<\/tr>\n<tr valign=\"top\">\n<td width=\"100\"><span lang=\"es-AR\">Marcela Lareschi<\/span><\/td>\n<td width=\"404\">Investigadora<span lang=\"es-AR\"> Independiente CONICET<\/span><br \/>\n<span lang=\"es-AR\">Centro de Estudios Parasitol\u00f3gicos y de Vectores<\/span><br \/>\n<span lang=\"es-AR\">CEPAVE (CONICET CCT-La Plata-UNLP) <\/span><br \/>\n<span lang=\"es-AR\">Argentina<\/span><\/p>\n<\/td>\n<\/tr>\n<tr valign=\"top\">\n<td width=\"100\"><span lang=\"es-AR\">Jos\u00e9 M Venzal Bianchi<\/span><\/td>\n<td width=\"404\"><span lang=\"es-AR\">Profesor Agregado<\/span><br \/>\n<span lang=\"es-AR\">Laboratorio de Vectores y enfermedades transmitidas<\/span><br \/>\n<span lang=\"es-AR\">Departamento de Ciencias Biol\u00f3gicas<\/span><br \/>\n<span lang=\"es-AR\">CENUR Litoral Norte &#8211; Salto<\/span><br \/>\n<span lang=\"es-AR\">Universidad de la Rep\u00fablica (UDELAR)<\/span><br \/>\n<span lang=\"es-AR\">Uruguay<\/span><\/td>\n<\/tr>\n<\/tbody>\n<\/table>\n<p>&nbsp;<\/p>\n<table style=\"border: 0\" width=\"589\" cellspacing=\"0\" cellpadding=\"7\">\n<tbody>\n<tr>\n<td colspan=\"2\" valign=\"top\" width=\"573\"><span lang=\"es-AR\"><i>Sub-Comit\u00e9 Fiebres hemorr\u00e1gicas virales (Hantavirus)<br \/>\n<\/i><\/span><\/td>\n<\/tr>\n<tr valign=\"top\">\n<td width=\"100\"><span lang=\"es-AR\">Isabel G\u00f3mez Villafa\u00f1e<\/span><\/td>\n<td width=\"404\">Investigadora Independiente CONICET<br \/>\nLab. Ecolog\u00eda de Poblaciones<br \/>\nEGE-IEGEBA (Conicet-UBA)<br \/>\nUniversidad de Buenos Aires (UBA)<br \/>\n<span lang=\"es-AR\">Argentina<\/span><\/p>\n<\/td>\n<\/tr>\n<tr valign=\"top\">\n<td width=\"100\"><span lang=\"es-AR\">Fernando Torres-P\u00e9rez<\/span><\/td>\n<td width=\"404\"><span lang=\"es-AR\">Instituto de Biolog\u00eda<\/span><br \/>\n<span lang=\"es-AR\">Pontificia Universidad Cat\u00f3lica de Valpara\u00edso <\/span><br \/>\n<span lang=\"es-AR\">Chile<\/span><\/td>\n<\/tr>\n<\/tbody>\n<\/table>\n<p>&nbsp;<\/p>\n<table style=\"border: 0\" width=\"589\" cellspacing=\"0\" cellpadding=\"7\">\n<tbody>\n<tr>\n<td colspan=\"2\" valign=\"top\" width=\"573\"><span lang=\"es-AR\"><i>Sub-Comit\u00e9 Leptospirosis<br \/>\n<\/i><\/span><\/td>\n<\/tr>\n<tr valign=\"top\">\n<td width=\"100\"><span lang=\"es-AR\">Mar\u00eda Andrea Previtali<\/span><\/td>\n<td width=\"404\"><span lang=\"es-AR\">Investigadora CONICET<\/span><br \/>\n<span lang=\"es-AR\">Prof. Depto. Cs. Naturales &#8211; FHUC<\/span><br \/>\n<span lang=\"es-AR\">Universidad Nacional del Litoral (UNL)<\/span><br \/>\n<span lang=\"es-AR\">Argentina<\/span><\/p>\n<\/td>\n<\/tr>\n<tr valign=\"top\">\n<td width=\"100\"><span lang=\"es-AR\">Ver\u00f3nica Barrag\u00e1n<\/span><\/td>\n<td width=\"404\"><span lang=\"es-AR\">Profesora &#8211; Investigadora<br \/>\n<\/span><span lang=\"ES-AR\">Instituto de Microbiolog\u00eda-USFQ<\/span><span lang=\"es-AR\">Colegio de Ciencias Biol\u00f3gicas y Ambientales<br \/>\n<\/span><span lang=\"es-AR\">Universidad San Francisco de Quito<\/span><span lang=\"es-AR\">Ecuador<\/span><\/td>\n<\/tr>\n<\/tbody>\n<\/table>\n<p>&nbsp;<\/p>\n<table style=\"border: 0\" width=\"589\" cellspacing=\"0\" cellpadding=\"7\">\n<tbody>\n<tr>\n<td colspan=\"2\" valign=\"top\" width=\"573\"><span lang=\"es-AR\"><i>Sub-Comit\u00e9 Rabia<br \/>\n<\/i><\/span><\/td>\n<\/tr>\n<tr valign=\"top\">\n<td width=\"100\"><span lang=\"es-AR\">Daniel Cisterna<\/span><\/td>\n<td width=\"404\"><span lang=\"es-AR\">Servicio de Neurovirosis<\/span><br \/>\n<span lang=\"es-AR\">INEI-ANLIS Dr. Carlos G. Malbran <\/span><br \/>\n<span lang=\"es-AR\">Argentina<\/span><\/p>\n<\/td>\n<\/tr>\n<tr valign=\"top\">\n<td width=\"100\"><span lang=\"es-AR\">Nidia Ar\u00e9chiga-Ceballos<\/span><\/td>\n<td width=\"404\"><span lang=\"es-AR\">Encargada del Laboratorio de Rabia<\/span><br \/>\n<span lang=\"es-AR\">Instituto de Diagn\u00f3stico y Referencia Epidemiol\u00f3gicos<\/span><br \/>\n<span lang=\"es-AR\">M\u00e9jico<\/span><\/td>\n<\/tr>\n<\/tbody>\n<\/table>\n<p>&nbsp;<\/p>\n<table style=\"border: 0\" width=\"589\" cellspacing=\"0\" cellpadding=\"7\">\n<tbody>\n<tr>\n<td colspan=\"2\" valign=\"top\" width=\"573\"><span lang=\"es-AR\"><i>Sub-Comit\u00e9 Hidatidosis \/ Equinococosis qu\u00edstica<\/i><\/span><\/td>\n<\/tr>\n<tr valign=\"top\">\n<td width=\"100\"><span lang=\"es-AR\">Edmundo Larrieu<\/span><\/td>\n<td width=\"404\"><span lang=\"es-AR\">Profesor Consulto Universidad Nacional de La Pampa (UNLPAM)<\/span><br \/>\n<span lang=\"es-AR\">Vicepresidente Asociaci\u00f3n Internacional Hidatidolog\u00eda<\/span><br \/>\n<span lang=\"es-AR\">Argentina<\/span><\/p>\n<\/td>\n<\/tr>\n<tr valign=\"top\">\n<td width=\"100\"><span lang=\"es-AR\">C\u00e9sar M. Gavidia Chuc\u00e1n<\/span><\/td>\n<td width=\"404\"><span lang=\"es-AR\">Director Unidad de Posgrado<\/span><br \/>\nProfesor Principal<br \/>\n<span lang=\"es-AR\">Facultad de Medicina Veterinaria &#8211; Universidad Mayor de San Marcos (UNMSM)<\/span><br \/>\n<span lang=\"es-AR\">Per\u00fa<\/span><\/td>\n<\/tr>\n<\/tbody>\n<\/table>\n","protected":false},"excerpt":{"rendered":"<p>Presidente Oscar Daniel Salom\u00f3n Instituto Nacional de Medicina Tropical-ANLIS Dr Carlos G Malbr\u00e1n CIC CONICET &nbsp; Sub-Comit\u00e9 Chagas Antonieta Rojas de Arias Centro para el Desarrollo de la Investigaci\u00f3n Cient\u00edfica Paraguay Carla Cecere Laboratorio Eco-Epidemiolog\u00eda Departamento Ecolog\u00eda, Gen\u00e9tica y Evoluci\u00f3n (EGE) Instituto de Ecolog\u00eda, Gen\u00e9tica y Evoluci\u00f3n de Buenos Aires (IEGEBA) Facultad de Ciencias Exactas [&hellip;]<\/p>\n","protected":false},"author":123,"featured_media":0,"parent":0,"menu_order":0,"comment_status":"closed","ping_status":"closed","template":"","meta":{"advgb_blocks_editor_width":"","advgb_blocks_columns_visual_guide":"","footnotes":""},"class_list":["post-70","page","type-page","status-publish","hentry","post"],"aioseo_notices":[],"coauthors":[],"author_meta":{"author_link":"https:\/\/congresos.unlp.edu.ar\/lasove\/author\/victoria\/","display_name":"victoria"},"relative_dates":{"created":"Publicado 4 a\u00f1os hace","modified":"Actualizado 4 a\u00f1os hace"},"absolute_dates":{"created":"Publicado el 17 enero, 2022","modified":"Actualizado el 25 febrero, 2022"},"absolute_dates_time":{"created":"Publicado el 17 enero, 2022 12:09 am","modified":"Actualizado el 25 febrero, 2022 10:23 am"},"featured_img_caption":"","featured_img":false,"series_order":"","_links":{"self":[{"href":"https:\/\/congresos.unlp.edu.ar\/lasove\/wp-json\/wp\/v2\/pages\/70","targetHints":{"allow":["GET"]}}],"collection":[{"href":"https:\/\/congresos.unlp.edu.ar\/lasove\/wp-json\/wp\/v2\/pages"}],"about":[{"href":"https:\/\/congresos.unlp.edu.ar\/lasove\/wp-json\/wp\/v2\/types\/page"}],"author":[{"embeddable":true,"href":"https:\/\/congresos.unlp.edu.ar\/lasove\/wp-json\/wp\/v2\/users\/123"}],"replies":[{"embeddable":true,"href":"https:\/\/congresos.unlp.edu.ar\/lasove\/wp-json\/wp\/v2\/comments?post=70"}],"version-history":[{"count":0,"href":"https:\/\/congresos.unlp.edu.ar\/lasove\/wp-json\/wp\/v2\/pages\/70\/revisions"}],"wp:attachment":[{"href":"https:\/\/congresos.unlp.edu.ar\/lasove\/wp-json\/wp\/v2\/media?parent=70"}],"curies":[{"name":"wp","href":"https:\/\/api.w.org\/{rel}","templated":true}]}}