{"id":67,"date":"2022-01-17T00:02:54","date_gmt":"2022-01-17T03:02:54","guid":{"rendered":"https:\/\/congresos.unlp.edu.ar\/lasove\/?page_id=67"},"modified":"2024-05-07T10:42:11","modified_gmt":"2024-05-07T13:42:11","slug":"comite-organizador","status":"publish","type":"page","link":"https:\/\/congresos.unlp.edu.ar\/lasove\/comite-organizador\/","title":{"rendered":"Comit\u00e9 Organizador"},"content":{"rendered":"<div id=\"pl-67\"  class=\"panel-layout\" ><div id=\"pg-67-0\"  class=\"panel-grid panel-no-style\" ><div id=\"pgc-67-0-0\"  class=\"panel-grid-cell\" ><div id=\"panel-67-0-0-0\" class=\"so-panel widget panel-first-child\" data-index=\"0\" ><\/div><div id=\"panel-67-0-0-1\" class=\"so-panel widget panel-last-child\" data-index=\"1\" ><\/div><\/div><\/div><div id=\"pg-67-1\"  class=\"panel-grid panel-no-style\" ><div id=\"pgc-67-1-0\"  class=\"panel-grid-cell\" ><div id=\"panel-67-1-0-0\" class=\"so-panel widget widget_media_image panel-first-child panel-last-child\" data-index=\"2\" ><img loading=\"lazy\" decoding=\"async\" width=\"300\" height=\"300\" src=\"https:\/\/congresos.unlp.edu.ar\/lasove\/wp-content\/uploads\/sites\/45\/2022\/04\/christina_mccarthy-300x300.jpg\" class=\"image wp-image-468  attachment-medium size-medium\" alt=\"\" style=\"max-width: 100%; height: auto;\" srcset=\"https:\/\/congresos.unlp.edu.ar\/lasove\/wp-content\/uploads\/sites\/45\/2022\/04\/christina_mccarthy-300x300.jpg 300w, https:\/\/congresos.unlp.edu.ar\/lasove\/wp-content\/uploads\/sites\/45\/2022\/04\/christina_mccarthy-150x150.jpg 150w, https:\/\/congresos.unlp.edu.ar\/lasove\/wp-content\/uploads\/sites\/45\/2022\/04\/christina_mccarthy-768x768.jpg 768w, https:\/\/congresos.unlp.edu.ar\/lasove\/wp-content\/uploads\/sites\/45\/2022\/04\/christina_mccarthy.jpg 960w\" sizes=\"auto, (max-width: 300px) 100vw, 300px\" \/><\/div><\/div><div id=\"pgc-67-1-1\"  class=\"panel-grid-cell\" ><div id=\"panel-67-1-1-0\" class=\"so-panel widget widget_text panel-first-child panel-last-child\" data-index=\"3\" ><h3 class=\"widget-title\">Christina Beryl McCarthy &#8211; PRESIDENTA<\/h3>\t\t\t<div class=\"textwidget\"><p>Investigadora Adjunta CONICET<\/p>\n<p>Docente Investigadora Categor\u00eda II<\/p>\n<p>Investigadora Responsable del Laboratorio Metagen\u00f3mica de Microorganismos, Centro Regional de Estudios Gen\u00f3micos (CREG), Facultad de Ciencias Exactas, Universidad Nacional de La Plata (UNLP)<\/p>\n<p>Licenciada en Biolog\u00eda (orientaci\u00f3n Zoolog\u00eda), FCNyM, UNLP<\/p>\n<p>Doctora de la Facultad de Ciencias Exactas (UNLP)<\/p>\n<p>Visiting Fellow (Pacific Agri-Food Research Centre, Agriculture and Agri-Food Canada, Canada)<\/p>\n<p>Argentina<\/p>\n<\/div>\n\t\t<\/div><\/div><\/div><div id=\"pg-67-2\"  class=\"panel-grid panel-no-style\" ><div id=\"pgc-67-2-0\"  class=\"panel-grid-cell\" ><div id=\"panel-67-2-0-0\" class=\"so-panel widget panel-first-child\" data-index=\"4\" ><\/div><div id=\"panel-67-2-0-1\" class=\"so-panel widget panel-last-child\" data-index=\"5\" ><\/div><\/div><\/div><div id=\"pg-67-3\"  class=\"panel-grid panel-no-style\" ><div id=\"pgc-67-3-0\"  class=\"panel-grid-cell\" ><div id=\"panel-67-3-0-0\" class=\"so-panel widget widget_media_image panel-first-child panel-last-child\" data-index=\"6\" ><img loading=\"lazy\" decoding=\"async\" width=\"300\" height=\"300\" src=\"https:\/\/congresos.unlp.edu.ar\/lasove\/wp-content\/uploads\/sites\/45\/2022\/04\/maria_jose_villalobos-300x300.jpg\" class=\"image wp-image-470  attachment-medium size-medium\" alt=\"\" style=\"max-width: 100%; height: auto;\" srcset=\"https:\/\/congresos.unlp.edu.ar\/lasove\/wp-content\/uploads\/sites\/45\/2022\/04\/maria_jose_villalobos-300x300.jpg 300w, https:\/\/congresos.unlp.edu.ar\/lasove\/wp-content\/uploads\/sites\/45\/2022\/04\/maria_jose_villalobos-150x150.jpg 150w, https:\/\/congresos.unlp.edu.ar\/lasove\/wp-content\/uploads\/sites\/45\/2022\/04\/maria_jose_villalobos-768x768.jpg 768w, https:\/\/congresos.unlp.edu.ar\/lasove\/wp-content\/uploads\/sites\/45\/2022\/04\/maria_jose_villalobos.jpg 960w\" sizes=\"auto, (max-width: 300px) 100vw, 300px\" \/><\/div><\/div><div id=\"pgc-67-3-1\"  class=\"panel-grid-cell\" ><div id=\"panel-67-3-1-0\" class=\"so-panel widget widget_text panel-first-child panel-last-child\" data-index=\"7\" ><h3 class=\"widget-title\">Mar\u00eda Jos\u00e9 Villalobos Sambucaro &#8211; \u00c1REA TESORER\u00cdA Y SECRETAR\u00cdA<\/h3>\t\t\t<div class=\"textwidget\"><p>Investigadora Asistente CONICET<\/p>\n<p>Docente de la c\u00e1tedra de Histolog\u00eda y Embriolog\u00eda Animal (Facultad de Ciencias Naturales y Museo, UNLP)<\/p>\n<p>Doctora en Ciencias Naturales, Licenciada en Biolog\u00eda orientaci\u00f3n Zoolog\u00eda de la Facultad de Ciencias Naturales y Museo (FCNyM), UNLP<\/p>\n<p>Becaria de la comisi\u00f3n Fullbright de estancia corta de Investigaci\u00f3n en la Universidad Internacional de Florida de los Estados Unidos<\/p>\n<p>Argentina<\/p>\n<\/div>\n\t\t<\/div><\/div><\/div><div id=\"pg-67-4\"  class=\"panel-grid panel-no-style\" ><div id=\"pgc-67-4-0\"  class=\"panel-grid-cell\" ><div id=\"panel-67-4-0-0\" class=\"so-panel widget panel-first-child\" data-index=\"8\" ><\/div><div id=\"panel-67-4-0-1\" class=\"so-panel widget panel-last-child\" data-index=\"9\" ><\/div><\/div><\/div><div id=\"pg-67-5\"  class=\"panel-grid panel-no-style\" ><div id=\"pgc-67-5-0\"  class=\"panel-grid-cell\" ><div id=\"panel-67-5-0-0\" class=\"so-panel widget widget_media_image panel-first-child panel-last-child\" data-index=\"10\" ><img loading=\"lazy\" decoding=\"async\" width=\"300\" height=\"300\" src=\"https:\/\/congresos.unlp.edu.ar\/lasove\/wp-content\/uploads\/sites\/45\/2022\/06\/Giglio_Matias-300x300.jpeg\" class=\"image wp-image-869  attachment-medium size-medium\" alt=\"\" style=\"max-width: 100%; height: auto;\" srcset=\"https:\/\/congresos.unlp.edu.ar\/lasove\/wp-content\/uploads\/sites\/45\/2022\/06\/Giglio_Matias-300x300.jpeg 300w, https:\/\/congresos.unlp.edu.ar\/lasove\/wp-content\/uploads\/sites\/45\/2022\/06\/Giglio_Matias-150x150.jpeg 150w, https:\/\/congresos.unlp.edu.ar\/lasove\/wp-content\/uploads\/sites\/45\/2022\/06\/Giglio_Matias-768x768.jpeg 768w, https:\/\/congresos.unlp.edu.ar\/lasove\/wp-content\/uploads\/sites\/45\/2022\/06\/Giglio_Matias.jpeg 960w\" sizes=\"auto, (max-width: 300px) 100vw, 300px\" \/><\/div><\/div><div id=\"pgc-67-5-1\"  class=\"panel-grid-cell\" ><div id=\"panel-67-5-1-0\" class=\"so-panel widget widget_text panel-first-child panel-last-child\" data-index=\"11\" ><h3 class=\"widget-title\">Mat\u00edas Leonel Giglio &#8211; \u00c1REA SECRETAR\u00cdA Y DIFUSI\u00d3N<\/h3>\t\t\t<div class=\"textwidget\"><p>Investigador Postdoctoral, Department of Biology, University of Utah, UT, USA.<\/p>\n<p>Investigador Postdoctoral (CONICET), Instituto de Investigaciones Bioqu\u00edmicas de La Plata, INIBIOLP, Argentina.<\/p>\n<p>Doctor en Ciencias Naturales, Licenciado en Biolog\u00eda orientaci\u00f3n Zoolog\u00eda, FCNyM, UNLP.<\/p>\n<p>Becario de Fundaci\u00f3n Fullbright, estancia corta de investigaci\u00f3n University of Madison-Wisconsin, Madison, WI, USA.<\/p>\n<p>USA<\/p>\n<\/div>\n\t\t<\/div><\/div><\/div><div id=\"pg-67-6\"  class=\"panel-grid panel-no-style\" ><div id=\"pgc-67-6-0\"  class=\"panel-grid-cell\" ><div id=\"panel-67-6-0-0\" class=\"so-panel widget panel-first-child\" data-index=\"12\" ><\/div><div id=\"panel-67-6-0-1\" class=\"so-panel widget panel-last-child\" data-index=\"13\" ><\/div><\/div><\/div><div id=\"pg-67-7\"  class=\"panel-grid panel-no-style\" ><div id=\"pgc-67-7-0\"  class=\"panel-grid-cell\" ><div id=\"panel-67-7-0-0\" class=\"so-panel widget widget_media_image panel-first-child panel-last-child\" data-index=\"14\" ><img loading=\"lazy\" decoding=\"async\" width=\"300\" height=\"300\" src=\"https:\/\/congresos.unlp.edu.ar\/lasove\/wp-content\/uploads\/sites\/45\/2022\/04\/maria_eugenia_cano-300x300.jpg\" class=\"image wp-image-478  attachment-medium size-medium\" alt=\"\" style=\"max-width: 100%; height: auto;\" srcset=\"https:\/\/congresos.unlp.edu.ar\/lasove\/wp-content\/uploads\/sites\/45\/2022\/04\/maria_eugenia_cano-300x300.jpg 300w, https:\/\/congresos.unlp.edu.ar\/lasove\/wp-content\/uploads\/sites\/45\/2022\/04\/maria_eugenia_cano-150x150.jpg 150w, https:\/\/congresos.unlp.edu.ar\/lasove\/wp-content\/uploads\/sites\/45\/2022\/04\/maria_eugenia_cano-768x768.jpg 768w, https:\/\/congresos.unlp.edu.ar\/lasove\/wp-content\/uploads\/sites\/45\/2022\/04\/maria_eugenia_cano.jpg 960w\" sizes=\"auto, (max-width: 300px) 100vw, 300px\" \/><\/div><\/div><div id=\"pgc-67-7-1\"  class=\"panel-grid-cell\" ><div id=\"panel-67-7-1-0\" class=\"so-panel widget widget_text panel-first-child panel-last-child\" data-index=\"15\" ><h3 class=\"widget-title\">Mar\u00eda Eugenia Cano &#8211; \u00c1REA SECRETAR\u00cdA Y DIFUSI\u00d3N<\/h3>\t\t\t<div class=\"textwidget\"><p>Licenciada en Biolog\u00eda (Orientaci\u00f3n Ecolog\u00eda y Bot\u00e1nica), FCNyM, UNLP<\/p>\n<p>Estudiante de Doctorado en Ciencias Naturales, FCNyM, UNLP<\/p>\n<p>Becaria Doctoral CONICET en el Centro de Estudios Parasitol\u00f3gicos y de Vectores (CEPAVE)<\/p>\n<p>Argentina<\/p>\n<\/div>\n\t\t<\/div><\/div><\/div><div id=\"pg-67-8\"  class=\"panel-grid panel-no-style\" ><div id=\"pgc-67-8-0\"  class=\"panel-grid-cell\" ><div id=\"panel-67-8-0-0\" class=\"so-panel widget panel-first-child\" data-index=\"16\" ><\/div><div id=\"panel-67-8-0-1\" class=\"so-panel widget panel-last-child\" data-index=\"17\" ><\/div><\/div><\/div><div id=\"pg-67-9\"  class=\"panel-grid panel-no-style\" ><div id=\"pgc-67-9-0\"  class=\"panel-grid-cell\" ><div id=\"panel-67-9-0-0\" class=\"so-panel widget widget_media_image panel-first-child panel-last-child\" data-index=\"18\" ><img loading=\"lazy\" decoding=\"async\" width=\"300\" height=\"300\" src=\"https:\/\/congresos.unlp.edu.ar\/lasove\/wp-content\/uploads\/sites\/45\/2022\/06\/Genchi-Garcia-ML-foto-300x300.jpg\" class=\"image wp-image-867  attachment-medium size-medium\" alt=\"\" style=\"max-width: 100%; height: auto;\" srcset=\"https:\/\/congresos.unlp.edu.ar\/lasove\/wp-content\/uploads\/sites\/45\/2022\/06\/Genchi-Garcia-ML-foto-300x300.jpg 300w, https:\/\/congresos.unlp.edu.ar\/lasove\/wp-content\/uploads\/sites\/45\/2022\/06\/Genchi-Garcia-ML-foto-150x150.jpg 150w, https:\/\/congresos.unlp.edu.ar\/lasove\/wp-content\/uploads\/sites\/45\/2022\/06\/Genchi-Garcia-ML-foto-768x768.jpg 768w, https:\/\/congresos.unlp.edu.ar\/lasove\/wp-content\/uploads\/sites\/45\/2022\/06\/Genchi-Garcia-ML-foto.jpg 960w\" sizes=\"auto, (max-width: 300px) 100vw, 300px\" \/><\/div><\/div><div id=\"pgc-67-9-1\"  class=\"panel-grid-cell\" ><div id=\"panel-67-9-1-0\" class=\"so-panel widget widget_text panel-first-child panel-last-child\" data-index=\"19\" ><h3 class=\"widget-title\">Mar\u00eda Laura Genchi Garc\u00eda &#8211; \u00c1REA PRESUPUESTOS Y DIFUSI\u00d3N<\/h3>\t\t\t<div class=\"textwidget\"><p>Lic. en Biolog\u00eda orientaci\u00f3n Zoolog\u00eda FCNyM &#8211; UNLP<\/p>\n<p>Ayudante diplomada c\u00e1tedra Zoolog\u00eda Invertebrados II FCNyM &#8211; UNLP<\/p>\n<p>Estudiante de doctorado FCNyM &#8211; UNLP<\/p>\n<p>Becaria doctoral CONICET &#8211; IMBICE<\/p>\n<p>Argentina<\/p>\n<\/div>\n\t\t<\/div><\/div><\/div><div id=\"pg-67-10\"  class=\"panel-grid panel-no-style\" ><div id=\"pgc-67-10-0\"  class=\"panel-grid-cell\" ><div id=\"panel-67-10-0-0\" class=\"so-panel widget panel-first-child\" data-index=\"20\" ><\/div><div id=\"panel-67-10-0-1\" class=\"so-panel widget panel-last-child\" data-index=\"21\" ><\/div><\/div><\/div><div id=\"pg-67-11\"  class=\"panel-grid panel-no-style\" ><div id=\"pgc-67-11-0\"  class=\"panel-grid-cell\" ><div id=\"panel-67-11-0-0\" class=\"so-panel widget widget_media_image panel-first-child panel-last-child\" data-index=\"22\" ><img loading=\"lazy\" decoding=\"async\" width=\"300\" height=\"300\" src=\"https:\/\/congresos.unlp.edu.ar\/lasove\/wp-content\/uploads\/sites\/45\/2022\/10\/Caro-Giglio-300x300.jpeg\" class=\"image wp-image-1206  attachment-medium size-medium\" alt=\"\" style=\"max-width: 100%; height: auto;\" srcset=\"https:\/\/congresos.unlp.edu.ar\/lasove\/wp-content\/uploads\/sites\/45\/2022\/10\/Caro-Giglio-300x300.jpeg 300w, https:\/\/congresos.unlp.edu.ar\/lasove\/wp-content\/uploads\/sites\/45\/2022\/10\/Caro-Giglio-150x150.jpeg 150w, https:\/\/congresos.unlp.edu.ar\/lasove\/wp-content\/uploads\/sites\/45\/2022\/10\/Caro-Giglio-768x768.jpeg 768w, https:\/\/congresos.unlp.edu.ar\/lasove\/wp-content\/uploads\/sites\/45\/2022\/10\/Caro-Giglio.jpeg 960w\" sizes=\"auto, (max-width: 300px) 100vw, 300px\" \/><\/div><\/div><div id=\"pgc-67-11-1\"  class=\"panel-grid-cell\" ><div id=\"panel-67-11-1-0\" class=\"so-panel widget widget_text panel-first-child panel-last-child\" data-index=\"23\" ><h3 class=\"widget-title\">Carolina Naiqu\u00e9n Giglio &#8211; \u00c1REA TRANSMISI\u00d3N, AUDIOVISUALES, Y COLABORADORXS<\/h3>\t\t\t<div class=\"textwidget\"><p>Estudiante de Medicina<\/p>\n<p>Facultad de Ciencias M\u00e9dicas \u2013 UNLP<\/p>\n<p>Argentina<\/p>\n<\/div>\n\t\t<\/div><\/div><\/div><div id=\"pg-67-12\"  class=\"panel-grid panel-no-style\" ><div id=\"pgc-67-12-0\"  class=\"panel-grid-cell\" ><div id=\"panel-67-12-0-0\" class=\"so-panel widget panel-first-child\" data-index=\"24\" ><\/div><div id=\"panel-67-12-0-1\" class=\"so-panel widget panel-last-child\" data-index=\"25\" ><\/div><\/div><\/div><div id=\"pg-67-13\"  class=\"panel-grid panel-no-style\" ><div id=\"pgc-67-13-0\"  class=\"panel-grid-cell\" ><div id=\"panel-67-13-0-0\" class=\"so-panel widget widget_media_image panel-first-child panel-last-child\" data-index=\"26\" ><img loading=\"lazy\" decoding=\"async\" width=\"300\" height=\"300\" src=\"https:\/\/congresos.unlp.edu.ar\/lasove\/wp-content\/uploads\/sites\/45\/2022\/04\/maria_victoria_micieli-300x300.jpg\" class=\"image wp-image-476  attachment-medium size-medium\" alt=\"\" style=\"max-width: 100%; height: auto;\" srcset=\"https:\/\/congresos.unlp.edu.ar\/lasove\/wp-content\/uploads\/sites\/45\/2022\/04\/maria_victoria_micieli-300x300.jpg 300w, https:\/\/congresos.unlp.edu.ar\/lasove\/wp-content\/uploads\/sites\/45\/2022\/04\/maria_victoria_micieli-150x150.jpg 150w, https:\/\/congresos.unlp.edu.ar\/lasove\/wp-content\/uploads\/sites\/45\/2022\/04\/maria_victoria_micieli-768x768.jpg 768w, https:\/\/congresos.unlp.edu.ar\/lasove\/wp-content\/uploads\/sites\/45\/2022\/04\/maria_victoria_micieli.jpg 960w\" sizes=\"auto, (max-width: 300px) 100vw, 300px\" \/><\/div><\/div><div id=\"pgc-67-13-1\"  class=\"panel-grid-cell\" ><div id=\"panel-67-13-1-0\" class=\"so-panel widget widget_text panel-first-child panel-last-child\" data-index=\"27\" ><h3 class=\"widget-title\">Mar\u00eda Victoria Micieli<\/h3>\t\t\t<div class=\"textwidget\"><p>Licenciada en Biolog\u00eda (Orientaci\u00f3n Zoolog\u00eda) y doctora en Ciencias Naturales, Facultad de Ciencias Naturales y Museo (FCNyM, UNLP).<\/p>\n<p>Estancia en USDA\/ARS Medical and Veterinary Entomology Research Laboratory en Gainesville, Florida, USA, 1995.<\/p>\n<p>Beca externa Postdoctoral cofinanciada Fullbright-CONICET para investigadores, Wadsworth Center, New York, USA, 2012.<\/p>\n<p>Docente en la C\u00e1tedra de Artr\u00f3podos de Inter\u00e9s M\u00e9dico y Veterinario, FCNyM, UNLP.<\/p>\n<p>Investigadora Independiente del CONICET.<\/p>\n<p>Directora del Centro de Estudios Parasitol\u00f3gicos y de Vectores (CEPAVE).<\/p>\n<p>Argentina<\/p>\n<\/div>\n\t\t<\/div><\/div><\/div><div id=\"pg-67-14\"  class=\"panel-grid panel-no-style\" ><div id=\"pgc-67-14-0\"  class=\"panel-grid-cell\" ><div id=\"panel-67-14-0-0\" class=\"so-panel widget panel-first-child\" data-index=\"28\" ><\/div><div id=\"panel-67-14-0-1\" class=\"so-panel widget panel-last-child\" data-index=\"29\" ><\/div><\/div><\/div><div id=\"pg-67-15\"  class=\"panel-grid panel-no-style\" ><div id=\"pgc-67-15-0\"  class=\"panel-grid-cell\" ><div id=\"panel-67-15-0-0\" class=\"so-panel widget widget_media_image panel-first-child panel-last-child\" data-index=\"30\" ><img loading=\"lazy\" decoding=\"async\" width=\"300\" height=\"300\" src=\"https:\/\/congresos.unlp.edu.ar\/lasove\/wp-content\/uploads\/sites\/45\/2022\/06\/Graciela-Santillan-300x300.jpeg\" class=\"image wp-image-865  attachment-medium size-medium\" alt=\"\" style=\"max-width: 100%; height: auto;\" srcset=\"https:\/\/congresos.unlp.edu.ar\/lasove\/wp-content\/uploads\/sites\/45\/2022\/06\/Graciela-Santillan-300x300.jpeg 300w, https:\/\/congresos.unlp.edu.ar\/lasove\/wp-content\/uploads\/sites\/45\/2022\/06\/Graciela-Santillan-150x150.jpeg 150w, https:\/\/congresos.unlp.edu.ar\/lasove\/wp-content\/uploads\/sites\/45\/2022\/06\/Graciela-Santillan-768x768.jpeg 768w, https:\/\/congresos.unlp.edu.ar\/lasove\/wp-content\/uploads\/sites\/45\/2022\/06\/Graciela-Santillan.jpeg 960w\" sizes=\"auto, (max-width: 300px) 100vw, 300px\" \/><\/div><\/div><div id=\"pgc-67-15-1\"  class=\"panel-grid-cell\" ><div id=\"panel-67-15-1-0\" class=\"so-panel widget widget_text panel-first-child panel-last-child\" data-index=\"31\" ><h3 class=\"widget-title\">Graciela Santill\u00e1n<\/h3>\t\t\t<div class=\"textwidget\"><p>Ex-Jefa del Departamento de Parasitolog\u00eda del Instituto Nacional de Enfermedades Infecciosas (ANLIS Carlos G. Malbr\u00e1n)<\/p>\n<p>Coordinadora de la Subcomisi\u00f3n de Parasitolog\u00eda de la Sociedad Argentina de Bacteriolog\u00eda<\/p>\n<p>Tesorera de la Asociaci\u00f3n de Hidatidolog\u00eda<\/p>\n<p>Presidenta de la Asociaci\u00f3n Argentina de Zoonosis<\/p>\n<p>Doctora en Bioqu\u00edmica (UBA)<\/p>\n<p>Magister en Salud P\u00fablica y Microbiolog\u00eda Molecular<\/p>\n<p>Argentina<\/p>\n<\/div>\n\t\t<\/div><\/div><\/div><div id=\"pg-67-16\"  class=\"panel-grid panel-no-style\" ><div id=\"pgc-67-16-0\"  class=\"panel-grid-cell\" ><div id=\"panel-67-16-0-0\" class=\"so-panel widget panel-first-child\" data-index=\"32\" ><\/div><div id=\"panel-67-16-0-1\" class=\"so-panel widget panel-last-child\" data-index=\"33\" ><\/div><\/div><\/div><div id=\"pg-67-17\"  class=\"panel-grid panel-no-style\" ><div id=\"pgc-67-17-0\"  class=\"panel-grid-cell\" ><div id=\"panel-67-17-0-0\" class=\"so-panel widget widget_media_image panel-first-child panel-last-child\" data-index=\"34\" ><img loading=\"lazy\" decoding=\"async\" width=\"300\" height=\"300\" src=\"https:\/\/congresos.unlp.edu.ar\/lasove\/wp-content\/uploads\/sites\/45\/2022\/06\/marcos_javier_butti-300x300.jpeg\" class=\"image wp-image-933  attachment-medium size-medium\" alt=\"\" style=\"max-width: 100%; height: auto;\" srcset=\"https:\/\/congresos.unlp.edu.ar\/lasove\/wp-content\/uploads\/sites\/45\/2022\/06\/marcos_javier_butti-300x300.jpeg 300w, https:\/\/congresos.unlp.edu.ar\/lasove\/wp-content\/uploads\/sites\/45\/2022\/06\/marcos_javier_butti-150x150.jpeg 150w, https:\/\/congresos.unlp.edu.ar\/lasove\/wp-content\/uploads\/sites\/45\/2022\/06\/marcos_javier_butti-768x768.jpeg 768w, https:\/\/congresos.unlp.edu.ar\/lasove\/wp-content\/uploads\/sites\/45\/2022\/06\/marcos_javier_butti.jpeg 960w\" sizes=\"auto, (max-width: 300px) 100vw, 300px\" \/><\/div><\/div><div id=\"pgc-67-17-1\"  class=\"panel-grid-cell\" ><div id=\"panel-67-17-1-0\" class=\"so-panel widget widget_text panel-first-child panel-last-child\" data-index=\"35\" ><h3 class=\"widget-title\">Marcos Javier Butti<\/h3>\t\t\t<div class=\"textwidget\"><p>Personal t\u00e9cnico en el Laboratorio de Parasitosis Humanas y Zoonosis Parasitarias. Fac. de Cs. Veterinarias, Universidad Nacional de La Plata.<\/p>\n<p>Docente Curso de Parasitolog\u00eda Comparada (Carrera de Microbiolog\u00eda Cl\u00ednica e Industria UNLP).<\/p>\n<p>Docente del curso electivo \u201cModelizaci\u00f3n aplicable a las zoonosis parasitarias\u201d. (Carrera de Veterinaria. FCV UNLP)<\/p>\n<p>Miembro de la comisi\u00f3n Directiva de la Asociaci\u00f3n Parasitol\u00f3gica Argentina.<\/p>\n<p>Miembro de la subcomisi\u00f3n de parasitolog\u00eda cl\u00ednica, Sociedad Argentina de Bacteriolog\u00eda, Micolog\u00eda y Parasitolog\u00eda Cl\u00ednica (SADEBAC).<\/p>\n<p>Argentina<\/p>\n<\/div>\n\t\t<\/div><\/div><\/div><\/div>","protected":false},"excerpt":{"rendered":"<p>Investigadora Adjunta CONICET Docente Investigadora Categor\u00eda II Investigadora Responsable del Laboratorio Metagen\u00f3mica de Microorganismos, Centro Regional de Estudios Gen\u00f3micos (CREG), Facultad de Ciencias Exactas, Universidad Nacional de La Plata (UNLP) Licenciada en Biolog\u00eda (orientaci\u00f3n Zoolog\u00eda), FCNyM, UNLP Doctora de la Facultad de Ciencias Exactas (UNLP) Visiting Fellow (Pacific Agri-Food Research Centre, Agriculture and Agri-Food Canada, [&hellip;]<\/p>\n","protected":false},"author":123,"featured_media":0,"parent":0,"menu_order":0,"comment_status":"closed","ping_status":"closed","template":"","meta":{"advgb_blocks_editor_width":"","advgb_blocks_columns_visual_guide":"","footnotes":""},"class_list":["post-67","page","type-page","status-publish","hentry","post"],"aioseo_notices":[],"coauthors":[],"author_meta":{"author_link":"https:\/\/congresos.unlp.edu.ar\/lasove\/author\/victoria\/","display_name":"victoria"},"relative_dates":{"created":"Publicado 4 a\u00f1os hace","modified":"Actualizado 2 a\u00f1os hace"},"absolute_dates":{"created":"Publicado el 17 enero, 2022","modified":"Actualizado el 7 mayo, 2024"},"absolute_dates_time":{"created":"Publicado el 17 enero, 2022 12:02 am","modified":"Actualizado el 7 mayo, 2024 10:42 am"},"featured_img_caption":"","featured_img":false,"series_order":"","_links":{"self":[{"href":"https:\/\/congresos.unlp.edu.ar\/lasove\/wp-json\/wp\/v2\/pages\/67","targetHints":{"allow":["GET"]}}],"collection":[{"href":"https:\/\/congresos.unlp.edu.ar\/lasove\/wp-json\/wp\/v2\/pages"}],"about":[{"href":"https:\/\/congresos.unlp.edu.ar\/lasove\/wp-json\/wp\/v2\/types\/page"}],"author":[{"embeddable":true,"href":"https:\/\/congresos.unlp.edu.ar\/lasove\/wp-json\/wp\/v2\/users\/123"}],"replies":[{"embeddable":true,"href":"https:\/\/congresos.unlp.edu.ar\/lasove\/wp-json\/wp\/v2\/comments?post=67"}],"version-history":[{"count":0,"href":"https:\/\/congresos.unlp.edu.ar\/lasove\/wp-json\/wp\/v2\/pages\/67\/revisions"}],"wp:attachment":[{"href":"https:\/\/congresos.unlp.edu.ar\/lasove\/wp-json\/wp\/v2\/media?parent=67"}],"curies":[{"name":"wp","href":"https:\/\/api.w.org\/{rel}","templated":true}]}}