{"id":62,"date":"2022-01-16T23:55:10","date_gmt":"2022-01-17T02:55:10","guid":{"rendered":"https:\/\/congresos.unlp.edu.ar\/lasove\/?page_id=62"},"modified":"2022-01-16T23:55:10","modified_gmt":"2022-01-17T02:55:10","slug":"vision-de-genero","status":"publish","type":"page","link":"https:\/\/congresos.unlp.edu.ar\/lasove\/vision-de-genero\/","title":{"rendered":"Visi\u00f3n de g\u00e9nero"},"content":{"rendered":"<p><span lang=\"es-AR\">El Comit\u00e9 Organizador ha incorporado para este Congreso una <\/span><span lang=\"es-AR\"><b>visi\u00f3n de g\u00e9nero<\/b><\/span><span lang=\"es-AR\"> comprometida con la equidad, asegurando la presencia de <\/span><span lang=\"es-AR\"><b>al menos un 30% de mujeres en todas las actividades asociadas al congreso<\/b><\/span><span lang=\"es-AR\">, incluyendo la propia conformaci\u00f3n del Comit\u00e9 Cient\u00edfico, la coordinaci\u00f3n y exposici\u00f3n en las conferencias, simposios y <\/span><span lang=\"es-AR\"><i>posters<\/i><\/span><span lang=\"es-AR\">, y los reconocimientos a trayectorias cient\u00edficas y otros, seg\u00fan la normativa rectora del Ministerio de Ciencia y T\u00e9cnica de la Argentina y de la ONU.<\/span><\/p>\n","protected":false},"excerpt":{"rendered":"<p>El Comit\u00e9 Organizador ha incorporado para este Congreso una visi\u00f3n de g\u00e9nero comprometida con la equidad, asegurando la presencia de al menos un 30% de mujeres en todas las actividades asociadas al congreso, incluyendo la propia conformaci\u00f3n del Comit\u00e9 Cient\u00edfico, la coordinaci\u00f3n y exposici\u00f3n en las conferencias, simposios y posters, y los reconocimientos a trayectorias [&hellip;]<\/p>\n","protected":false},"author":123,"featured_media":0,"parent":0,"menu_order":0,"comment_status":"closed","ping_status":"closed","template":"","meta":{"advgb_blocks_editor_width":"","advgb_blocks_columns_visual_guide":"","footnotes":""},"class_list":["post-62","page","type-page","status-publish","hentry","post"],"aioseo_notices":[],"coauthors":[],"author_meta":{"author_link":"https:\/\/congresos.unlp.edu.ar\/lasove\/author\/victoria\/","display_name":"victoria"},"relative_dates":{"created":"Publicado 4 a\u00f1os hace","modified":"Actualizado 4 a\u00f1os hace"},"absolute_dates":{"created":"Publicado el 16 enero, 2022","modified":"Actualizado el 16 enero, 2022"},"absolute_dates_time":{"created":"Publicado el 16 enero, 2022 11:55 pm","modified":"Actualizado el 16 enero, 2022 11:55 pm"},"featured_img_caption":"","featured_img":false,"series_order":"","_links":{"self":[{"href":"https:\/\/congresos.unlp.edu.ar\/lasove\/wp-json\/wp\/v2\/pages\/62","targetHints":{"allow":["GET"]}}],"collection":[{"href":"https:\/\/congresos.unlp.edu.ar\/lasove\/wp-json\/wp\/v2\/pages"}],"about":[{"href":"https:\/\/congresos.unlp.edu.ar\/lasove\/wp-json\/wp\/v2\/types\/page"}],"author":[{"embeddable":true,"href":"https:\/\/congresos.unlp.edu.ar\/lasove\/wp-json\/wp\/v2\/users\/123"}],"replies":[{"embeddable":true,"href":"https:\/\/congresos.unlp.edu.ar\/lasove\/wp-json\/wp\/v2\/comments?post=62"}],"version-history":[{"count":0,"href":"https:\/\/congresos.unlp.edu.ar\/lasove\/wp-json\/wp\/v2\/pages\/62\/revisions"}],"wp:attachment":[{"href":"https:\/\/congresos.unlp.edu.ar\/lasove\/wp-json\/wp\/v2\/media?parent=62"}],"curies":[{"name":"wp","href":"https:\/\/api.w.org\/{rel}","templated":true}]}}