{"id":613,"date":"2022-05-30T09:53:41","date_gmt":"2022-05-30T12:53:41","guid":{"rendered":"https:\/\/congresos.unlp.edu.ar\/lasove\/?page_id=613"},"modified":"2022-10-26T14:56:51","modified_gmt":"2022-10-26T17:56:51","slug":"salida-de-campo","status":"publish","type":"page","link":"https:\/\/congresos.unlp.edu.ar\/lasove\/salida-de-campo\/","title":{"rendered":"Salida de campo"},"content":{"rendered":"<p>\u00a1\u00a1Estimadas y estimados participantes de LA SOVE 2022!!<\/p>\n<p>Nos complace compartirles los <strong>datos actualizados<\/strong> de nuestra salida de campo el d\u00eda <strong>domingo 30 de Octubre<\/strong>. Visitaremos <strong>dos sitios<\/strong> de importancia ecol\u00f3gica local.<\/p>\n<p>La <strong>Reserva Eco \u00c1rea de Avellaneda<\/strong>:<\/p>\n<div style=\"width: 352px;\" class=\"wp-video\"><!--[if lt IE 9]><script>document.createElement('video');<\/script><![endif]-->\n<video class=\"wp-video-shortcode\" id=\"video-613-1\" width=\"352\" height=\"640\" preload=\"metadata\" controls=\"controls\"><source type=\"video\/mp4\" src=\"http:\/\/congresos.unlp.edu.ar\/lasove\/wp-content\/uploads\/sites\/45\/2022\/08\/Ecoarea-Avellaneda.mp4?_=1\" \/><a href=\"http:\/\/congresos.unlp.edu.ar\/lasove\/wp-content\/uploads\/sites\/45\/2022\/08\/Ecoarea-Avellaneda.mp4\">http:\/\/congresos.unlp.edu.ar\/lasove\/wp-content\/uploads\/sites\/45\/2022\/08\/Ecoarea-Avellaneda.mp4<\/a><\/video><\/div>\n<p>&nbsp;<\/p>\n<p>Y el <strong>Complejo Ambiental Villa Dom\u00ednico:<\/strong><\/p>\n<div style=\"width: 352px;\" class=\"wp-video\"><video class=\"wp-video-shortcode\" id=\"video-613-2\" width=\"352\" height=\"640\" preload=\"metadata\" controls=\"controls\"><source type=\"video\/mp4\" src=\"http:\/\/congresos.unlp.edu.ar\/lasove\/wp-content\/uploads\/sites\/45\/2022\/08\/CEAMSE-Villa-Dominico1.mp4?_=2\" \/><a href=\"http:\/\/congresos.unlp.edu.ar\/lasove\/wp-content\/uploads\/sites\/45\/2022\/08\/CEAMSE-Villa-Dominico1.mp4\">http:\/\/congresos.unlp.edu.ar\/lasove\/wp-content\/uploads\/sites\/45\/2022\/08\/CEAMSE-Villa-Dominico1.mp4<\/a><\/video><\/div>\n<p>Nos dirigiremos a estas reservas en autobuses privados (facilitados por nosotros), que saldr\u00e1n el d\u00eda domingo 30 de octubre a las 9 de la ma\u00f1ana desde el Centro de Posgrado y Convenciones.<\/p>\n<p>La salida va a consistir en una caminata de baja dificultad de aproximadamente 2 km.<\/p>\n<hr \/>\n<p><strong><u>\u00a1\u00a1\u00a1IMPORTANTE!!!<\/u><\/strong><\/p>\n<p><strong>&#8211; Saldremos a las 9 am desde la puerta del Centro de Covenciones &#8211; Edificio Karakachoff (48 e\/ 6 y 7)<\/strong>.<\/p>\n<p>&#8211; El <strong>almuerzo<\/strong> <strong>NO est\u00e1 inclu\u00eddo<\/strong> en la salida, por lo que les sugerimos llevar una vianda para el mediod\u00eda.<\/p>\n<p><strong>&#8211; Nosotros estaremos proveyendo agua<\/strong> <strong>(IMPORTANTE llevar el vaso del congreso) y <em>snacks<\/em> para media ma\u00f1ana y media tarde<\/strong>.<\/p>\n<p>&#8211; Nos encontraremos en las reservas hasta las 16 hs. aproximadamente y luego retornaremos al punto de partida.<\/p>\n<hr \/>\n<p>Aqu\u00ed les dejamos el <strong><a href=\"https:\/\/docs.google.com\/forms\/d\/e\/1FAIpQLSe0-9mc2rz04apQa6mXuLDoQ97uZwsvT4iANhvkgoAYMgdokA\/viewform?usp=sf_link\">link al formulario de actividades opcionales<\/a><\/strong> que tambi\u00e9n les enviamos por correo electr\u00f3nico, para que lo <strong>completen<\/strong> <strong>antes del 30 de septiembre<\/strong>. <strong><u>Quienes no lo completen antes de esa fecha no podr\u00e1n ser considerados para esta actividad opcional<\/u><\/strong>, ya que necesitamos <strong>confirmar<\/strong> a qui\u00e9nes asistir\u00e1n para organizar la salida en cuanto al transporte necesario y el seguro con el que debe contar cada participante.<\/p>\n<p>Fecha de la Salida de Campo<strong>: domingo 30 de Octubre.<\/strong><\/p>\n<p>El motivo de esta salida de campo (una caracter\u00edstica distintiva de las reuniones de LA SOVE), es el de fomentar la comunicaci\u00f3n e intercambio entre los colegas, mientras descubrimos una belleza natural \u00fanica, el relicto m\u00e1s austral de las selvas en galer\u00eda que bordean el Paran\u00e1 y el Uruguay y sus afluentes, la <strong><em>Selva marginal o Bosque en Galer\u00eda<\/em><\/strong>. Esta asociaci\u00f3n denominada <em>Selva Marginal<\/em>, llamada as\u00ed dado que la vegetaci\u00f3n subtropical austral crece a la vera del r\u00edo y arroyos que desembocan en \u00e9l, destaca especies arb\u00f3reas como <em>Blepharocalyx salicifolius<\/em>, <em>Allophylus edulis<\/em>, <em>Ocotea acutifolia<\/em>, <em>Pouteria salicifolia<\/em> y <em>Lonchocarpus nitidus<\/em>, acompa\u00f1adas de numerosas especies trepadoras, ep\u00edfitas, hierbas y arbustos t\u00edpicos de las selvas del sur de Brasil y noreste de Argentina. Tanto la Eco\u00e1rea como el Complejo Ambiental, son uno de los pocos lugares donde se preserva la <em>Selva Marginal<\/em> o <em>Bosque en Galer\u00eda<\/em>.<\/p>\n<hr \/>\n<p><strong>RECOMENDACIONES:<\/strong><\/p>\n<p>-sugerimos vestir ropa c\u00f3moda, en octubre &#8211; noviembre en la zona ya hace calor, entre 25 y 30\u00baC, pero no olviden llevar abrigo porque a la orilla del r\u00edo suele soplar viento.<\/p>\n<p>-llevar calzado c\u00f3modo, gorra, anteojos de sol<\/p>\n<p>&#8211; REPELENTE y PROTECTOR SOLAR.<\/p>\n<p>&#8211; Agua, equipo de mate, alg\u00fan snack.<\/p>\n<p>&#8211; opcional y para quienes deseen, pueden llevar binoculares y c\u00e1maras de fotos.<\/p>\n<p>&nbsp;<\/p>\n<p><strong>\u00a1Esperamos que les guste esta salida de campo tanto como a nosotros!<\/strong><\/p>\n","protected":false},"excerpt":{"rendered":"<p>\u00a1\u00a1Estimadas y estimados participantes de LA SOVE 2022!! Nos complace compartirles los datos actualizados de nuestra salida de campo el d\u00eda domingo 30 de Octubre. Visitaremos dos sitios de importancia ecol\u00f3gica local. La Reserva Eco \u00c1rea de Avellaneda: &nbsp; Y el Complejo Ambiental Villa Dom\u00ednico: Nos dirigiremos a estas reservas en autobuses privados (facilitados por [&hellip;]<\/p>\n","protected":false},"author":121,"featured_media":0,"parent":0,"menu_order":0,"comment_status":"closed","ping_status":"closed","template":"","meta":{"advgb_blocks_editor_width":"","advgb_blocks_columns_visual_guide":"","footnotes":""},"class_list":["post-613","page","type-page","status-publish","hentry","post"],"aioseo_notices":[],"coauthors":[],"author_meta":{"author_link":"https:\/\/congresos.unlp.edu.ar\/lasove\/author\/cmccarthy\/","display_name":"cmccarthy"},"relative_dates":{"created":"Publicado 4 a\u00f1os hace","modified":"Actualizado 3 a\u00f1os hace"},"absolute_dates":{"created":"Publicado el 30 mayo, 2022","modified":"Actualizado el 26 octubre, 2022"},"absolute_dates_time":{"created":"Publicado el 30 mayo, 2022 9:53 am","modified":"Actualizado el 26 octubre, 2022 2:56 pm"},"featured_img_caption":"","featured_img":false,"series_order":"","_links":{"self":[{"href":"https:\/\/congresos.unlp.edu.ar\/lasove\/wp-json\/wp\/v2\/pages\/613","targetHints":{"allow":["GET"]}}],"collection":[{"href":"https:\/\/congresos.unlp.edu.ar\/lasove\/wp-json\/wp\/v2\/pages"}],"about":[{"href":"https:\/\/congresos.unlp.edu.ar\/lasove\/wp-json\/wp\/v2\/types\/page"}],"author":[{"embeddable":true,"href":"https:\/\/congresos.unlp.edu.ar\/lasove\/wp-json\/wp\/v2\/users\/121"}],"replies":[{"embeddable":true,"href":"https:\/\/congresos.unlp.edu.ar\/lasove\/wp-json\/wp\/v2\/comments?post=613"}],"version-history":[{"count":0,"href":"https:\/\/congresos.unlp.edu.ar\/lasove\/wp-json\/wp\/v2\/pages\/613\/revisions"}],"wp:attachment":[{"href":"https:\/\/congresos.unlp.edu.ar\/lasove\/wp-json\/wp\/v2\/media?parent=613"}],"curies":[{"name":"wp","href":"https:\/\/api.w.org\/{rel}","templated":true}]}}