{"id":58,"date":"2022-01-16T23:52:53","date_gmt":"2022-01-17T02:52:53","guid":{"rendered":"https:\/\/congresos.unlp.edu.ar\/lasove\/?page_id=58"},"modified":"2022-05-06T16:46:16","modified_gmt":"2022-05-06T19:46:16","slug":"bienvenida","status":"publish","type":"page","link":"https:\/\/congresos.unlp.edu.ar\/lasove\/bienvenida\/","title":{"rendered":"Bienvenida"},"content":{"rendered":"<p>Estimadas\/os colegas<\/p>\n<p>Me complace invitarles al <strong>2do Congreso de la Sociedad Latinoamericana de Ecolog\u00eda de Vectores (LA SOVE 2022)<\/strong>. La reuni\u00f3n <strong>se realizar\u00e1 en la ciudad de La Plata<\/strong>, capital de la provincia de Buenos Aires (Argentina), <strong>del 29 de Octubre al 3 de Noviembre, 2022<\/strong>), y se llevar\u00e1 a cabo <strong>en el Centro de Posgrado y Convenciones \u2013 Edificio Karakachoff<\/strong> de la Universidad Nacional de La Plata (UNLP).<\/p>\n<p>El programa cient\u00edfico incluye enfermedades desatendidas zoon\u00f3ticas y transmitidas por vectores, incluidas (pero no limitadas a) enfermedades transmitidas por mosquitos, Chagas, leishmaniasis, enfermedades transmitidas por garrapatas, fiebres hemorr\u00e1gicas virales, rabia y leptospirosis. Estas enfermedades afectan especialmente la salud de nuestro pueblo latinoamericano y la econom\u00eda de nuestros pa\u00edses. Sumado a esto, el calentamiento global, los incendios forestales, la fragmentaci\u00f3n del h\u00e1bitat, los viajes internacionales y, por \u00faltimo, pero no menos importante, la actual pandemia de COVID-19, est\u00e1n afectando el establecimiento de vectores en nuevas regiones y la aparici\u00f3n de epidemias, aunque todav\u00eda no sabemos en qu\u00e9 medida. Nuestro objetivo es compartir los \u00faltimos avances en investigaci\u00f3n y el estado de situaci\u00f3n para cada una de estas enfermedades y aspectos.<\/p>\n<p>El Comit\u00e9 Cient\u00edfico est\u00e1 integrado por prestigiosas cient\u00edficas y cient\u00edficos de diferentes pa\u00edses latinoamericanos (Argentina, Brasil, Chile, Ecuador, M\u00e9xico, Panam\u00e1, Paraguay, Per\u00fa, Uruguay), y el congreso constar\u00e1 de simposios, mesas redondas, conferencias y un viaje de campo a la selva marginal. En resumen, una plataforma y un entorno en el que estudiantes, cient\u00edficas y cient\u00edficos j\u00f3venes y <em>senior<\/em>, profesionales sanitarios y formuladores de pol\u00edticas podr\u00e1n debatir y deliberar libremente sobre cuestiones de inter\u00e9s com\u00fan. Tenemos grandes expectativas para este segundo encuentro de LA SOVE, ya que ser\u00e1 la consolidaci\u00f3n de una asociaci\u00f3n entre responsables de pol\u00edticas de zoonosis, t\u00e9cnicas, t\u00e9cnicos, cient\u00edficas, cient\u00edficos, y estudiantes de diferentes pa\u00edses de Am\u00e9rica Latina. Es muy necesario iniciar di\u00e1logos propicios a forjar colaboraciones y agudizar el enfoque para reducir la carga de estas enfermedades desatendidas, y no nos cabe duda que durante este congreso se cristalizar\u00e1n iniciativas de colaboraci\u00f3n internacional entre las y los participantes de Am\u00e9rica Latina y otros continentes. Finalmente, contribuir a la eliminaci\u00f3n de enfermedades zoon\u00f3ticas y transmitidas por vectores y al control sostenible de vectores, es el foco principal de esta y futuras reuniones de LA SOVE.<\/p>\n<p>\u00a1Sinceramente espero que puedan participar de LA SOVE 2022!<\/p>\n<p>&nbsp;<\/p>\n<p>Dra. Christina B. McCarthy<\/p>\n<p>Presidenta LA SOVE 2022<\/p>\n","protected":false},"excerpt":{"rendered":"<p>Estimadas\/os colegas Me complace invitarles al 2do Congreso de la Sociedad Latinoamericana de Ecolog\u00eda de Vectores (LA SOVE 2022). La reuni\u00f3n se realizar\u00e1 en la ciudad de La Plata, capital de la provincia de Buenos Aires (Argentina), del 29 de Octubre al 3 de Noviembre, 2022), y se llevar\u00e1 a cabo en el Centro de [&hellip;]<\/p>\n","protected":false},"author":123,"featured_media":0,"parent":0,"menu_order":0,"comment_status":"closed","ping_status":"closed","template":"","meta":{"advgb_blocks_editor_width":"","advgb_blocks_columns_visual_guide":"","footnotes":""},"class_list":["post-58","page","type-page","status-publish","hentry","post"],"aioseo_notices":[],"coauthors":[],"author_meta":{"author_link":"https:\/\/congresos.unlp.edu.ar\/lasove\/author\/victoria\/","display_name":"victoria"},"relative_dates":{"created":"Publicado 4 a\u00f1os hace","modified":"Actualizado 4 a\u00f1os hace"},"absolute_dates":{"created":"Publicado el 16 enero, 2022","modified":"Actualizado el 6 mayo, 2022"},"absolute_dates_time":{"created":"Publicado el 16 enero, 2022 11:52 pm","modified":"Actualizado el 6 mayo, 2022 4:46 pm"},"featured_img_caption":"","featured_img":false,"series_order":"","_links":{"self":[{"href":"https:\/\/congresos.unlp.edu.ar\/lasove\/wp-json\/wp\/v2\/pages\/58","targetHints":{"allow":["GET"]}}],"collection":[{"href":"https:\/\/congresos.unlp.edu.ar\/lasove\/wp-json\/wp\/v2\/pages"}],"about":[{"href":"https:\/\/congresos.unlp.edu.ar\/lasove\/wp-json\/wp\/v2\/types\/page"}],"author":[{"embeddable":true,"href":"https:\/\/congresos.unlp.edu.ar\/lasove\/wp-json\/wp\/v2\/users\/123"}],"replies":[{"embeddable":true,"href":"https:\/\/congresos.unlp.edu.ar\/lasove\/wp-json\/wp\/v2\/comments?post=58"}],"version-history":[{"count":0,"href":"https:\/\/congresos.unlp.edu.ar\/lasove\/wp-json\/wp\/v2\/pages\/58\/revisions"}],"wp:attachment":[{"href":"https:\/\/congresos.unlp.edu.ar\/lasove\/wp-json\/wp\/v2\/media?parent=58"}],"curies":[{"name":"wp","href":"https:\/\/api.w.org\/{rel}","templated":true}]}}