{"id":544,"date":"2022-05-09T08:55:47","date_gmt":"2022-05-09T11:55:47","guid":{"rendered":"https:\/\/congresos.unlp.edu.ar\/lasove\/?page_id=544"},"modified":"2022-11-02T08:09:26","modified_gmt":"2022-11-02T11:09:26","slug":"comite-consultivo-local","status":"publish","type":"page","link":"https:\/\/congresos.unlp.edu.ar\/lasove\/comite-consultivo-local\/","title":{"rendered":"Comit\u00e9 Consultivo Local"},"content":{"rendered":"<p>Jorge Ronderos<\/p>\n<p>UNLP, Argentina<\/p>\n<p>&nbsp;<\/p>\n<p>Natalia Casas<\/p>\n<p>Direcci\u00f3n Nacional de Control de Enfermedades Transmisibles, Ministerio de Salud, Argentina<\/p>\n<p>&nbsp;<\/p>\n<p>Ana Laura Carbajal De La Fuente<\/p>\n<p>CONICET, CeNDIE, Argentina<\/p>\n<p>&nbsp;<\/p>\n<p>Nilda E. Radman<\/p>\n<p>M\u00e9dica Veterinaria y Bacteri\u00f3loga Cl\u00ednica e Industrial<\/p>\n<p>Especialista en Parasitolog\u00eda Humana y Animal<\/p>\n<p>Profesora Titular<\/p>\n<p>Laboratorio de Par\u00e1sitos Humanos y Zoonosis Parasitarias (LaPaHuZo)<\/p>\n<p>Facultad de Ciencias Veterinarias (UNLP)<\/p>\n<p>&nbsp;<\/p>\n<p>Franca Mastrantonio Pedrina<\/p>\n<p>Facultad de Ciencias Veterinarias (UNLP)<\/p>\n<p>&nbsp;<\/p>\n<p>Silvina Goenaga<\/p>\n<p>Instituto Nacional de Enfermedades Virales Humanas, UNNOBA, Argentina<\/p>\n<p>&nbsp;<\/p>\n<p>Agust\u00edn Rolandelli<\/p>\n<p>University of Maryland School of Medicine, USA<\/p>\n<p>&nbsp;<\/p>\n","protected":false},"excerpt":{"rendered":"<p>Jorge Ronderos UNLP, Argentina &nbsp; Natalia Casas Direcci\u00f3n Nacional de Control de Enfermedades Transmisibles, Ministerio de Salud, Argentina &nbsp; Ana Laura Carbajal De La Fuente CONICET, CeNDIE, Argentina &nbsp; Nilda E. Radman M\u00e9dica Veterinaria y Bacteri\u00f3loga Cl\u00ednica e Industrial Especialista en Parasitolog\u00eda Humana y Animal Profesora Titular Laboratorio de Par\u00e1sitos Humanos y Zoonosis Parasitarias (LaPaHuZo) [&hellip;]<\/p>\n","protected":false},"author":121,"featured_media":0,"parent":0,"menu_order":0,"comment_status":"closed","ping_status":"closed","template":"","meta":{"advgb_blocks_editor_width":"","advgb_blocks_columns_visual_guide":"","footnotes":""},"class_list":["post-544","page","type-page","status-publish","hentry","post"],"aioseo_notices":[],"coauthors":[],"author_meta":{"author_link":"https:\/\/congresos.unlp.edu.ar\/lasove\/author\/cmccarthy\/","display_name":"cmccarthy"},"relative_dates":{"created":"Publicado 4 a\u00f1os hace","modified":"Actualizado 3 a\u00f1os hace"},"absolute_dates":{"created":"Publicado el 9 mayo, 2022","modified":"Actualizado el 2 noviembre, 2022"},"absolute_dates_time":{"created":"Publicado el 9 mayo, 2022 8:55 am","modified":"Actualizado el 2 noviembre, 2022 8:09 am"},"featured_img_caption":"","featured_img":false,"series_order":"","_links":{"self":[{"href":"https:\/\/congresos.unlp.edu.ar\/lasove\/wp-json\/wp\/v2\/pages\/544","targetHints":{"allow":["GET"]}}],"collection":[{"href":"https:\/\/congresos.unlp.edu.ar\/lasove\/wp-json\/wp\/v2\/pages"}],"about":[{"href":"https:\/\/congresos.unlp.edu.ar\/lasove\/wp-json\/wp\/v2\/types\/page"}],"author":[{"embeddable":true,"href":"https:\/\/congresos.unlp.edu.ar\/lasove\/wp-json\/wp\/v2\/users\/121"}],"replies":[{"embeddable":true,"href":"https:\/\/congresos.unlp.edu.ar\/lasove\/wp-json\/wp\/v2\/comments?post=544"}],"version-history":[{"count":0,"href":"https:\/\/congresos.unlp.edu.ar\/lasove\/wp-json\/wp\/v2\/pages\/544\/revisions"}],"wp:attachment":[{"href":"https:\/\/congresos.unlp.edu.ar\/lasove\/wp-json\/wp\/v2\/media?parent=544"}],"curies":[{"name":"wp","href":"https:\/\/api.w.org\/{rel}","templated":true}]}}