{"id":199,"date":"2022-02-25T10:15:31","date_gmt":"2022-02-25T13:15:31","guid":{"rendered":"https:\/\/congresos.unlp.edu.ar\/lasove\/?page_id=199"},"modified":"2022-03-01T12:29:05","modified_gmt":"2022-03-01T15:29:05","slug":"scientific-committee","status":"publish","type":"page","link":"https:\/\/congresos.unlp.edu.ar\/lasove\/scientific-committee\/?lang=en","title":{"rendered":"Scientific Committee"},"content":{"rendered":"<table style=\"border: 0\" width=\"589\" cellspacing=\"0\" cellpadding=\"7\">\n<tbody>\n<tr>\n<td colspan=\"2\" valign=\"top\" width=\"573\"><span lang=\"en-GB\"><i>Chair<\/i><\/span><\/td>\n<\/tr>\n<tr valign=\"top\">\n<td width=\"100\"><span lang=\"en-GB\">Oscar Daniel Salom\u00f3n<\/span><\/td>\n<td width=\"404\"><span lang=\"en-GB\">Instituto Nacional de Medicina Tropical-ANLIS Dr Carlos G Malbr\u00e1n <\/span><br \/>\n<span lang=\"en-GB\">CIC CONICET<\/span><\/td>\n<\/tr>\n<\/tbody>\n<\/table>\n<p>&nbsp;<\/p>\n<table style=\"border: 0\" width=\"589\" cellspacing=\"0\" cellpadding=\"7\">\n<tbody>\n<tr>\n<td colspan=\"2\" valign=\"top\" width=\"573\"><span lang=\"en-GB\"><i>Chagas Sub-Committee<br \/>\n<\/i><\/span><\/td>\n<\/tr>\n<tr valign=\"top\">\n<td width=\"100\"><span lang=\"en-GB\">Antonieta Rojas de Arias<\/span><\/td>\n<td width=\"404\"><span lang=\"en-GB\">Centro para el Desarrollo de la Investigaci\u00f3n Cient\u00edfica<\/span><br \/>\n<span lang=\"en-GB\">Paraguay<\/span><\/td>\n<\/tr>\n<\/tbody>\n<\/table>\n<table style=\"border: 0\" width=\"589\" cellspacing=\"0\" cellpadding=\"7\">\n<tbody>\n<tr valign=\"top\">\n<td width=\"100\">Carla Cecere<\/td>\n<td width=\"404\">Laboratorio Eco-Epidemiolog\u00eda<br \/>\nDepartamento Ecolog\u00eda, Gen\u00e9tica y Evoluci\u00f3n (EGE)<br \/>\nInstituto de Ecolog\u00eda, Gen\u00e9tica y Evoluci\u00f3n de Buenos Aires (IEGEBA)<br \/>\nFacultad de Ciencias Exactas y Naturales (FCEN)<br \/>\nUniversidad de Buenos Aires (UBA)<\/td>\n<\/tr>\n<\/tbody>\n<\/table>\n<p>&nbsp;<\/p>\n<table style=\"border: 0\" width=\"589\" cellspacing=\"0\" cellpadding=\"7\">\n<tbody>\n<tr>\n<td colspan=\"2\" valign=\"top\" width=\"573\"><span lang=\"en-GB\"><i>Mosquito-borne Diseases Sub-Committee<br \/>\n<\/i><\/span><\/td>\n<\/tr>\n<tr valign=\"top\">\n<td width=\"100\"><span lang=\"en-GB\">Raquel M. Gleiser<\/span><\/td>\n<td width=\"404\"><span lang=\"en-GB\">Prof. Asociada a\/c<\/span><br \/>\n<span lang=\"en-GB\">C\u00e1tedra de Ecolog\u00eda<\/span><br \/>\n<span lang=\"en-GB\">FCEFyN, Universidad Nacional de C\u00f3rdoba<\/span><br \/>\n<span lang=\"en-GB\">Inv. Principal CONICET<\/span><br \/>\n<span lang=\"en-GB\">CREAN-IMBIV (UNC-CONICET)<\/span><br \/>\n<span lang=\"en-GB\">Argentina<\/span><\/p>\n<\/td>\n<\/tr>\n<tr valign=\"top\">\n<td width=\"100\"><span lang=\"en-GB\">Nicol\u00e1s Schweigmann<\/span><\/td>\n<td width=\"404\"><span lang=\"en-GB\">Universidad de Buenos Aires (UBA)<\/span><br \/>\n<span lang=\"en-GB\">Argentina<\/span><\/p>\n<\/td>\n<\/tr>\n<tr valign=\"top\">\n<td width=\"100\"><span lang=\"en-GB\">Paulo Pimenta<\/span><\/td>\n<td width=\"404\"><span lang=\"en-GB\">Senior Researcher 1A &#8211; CNPq<\/span><br \/>\n<span lang=\"en-GB\">National Council for Scientific and Technological Development<\/span><br \/>\n<span lang=\"en-GB\">Deputy Editor &#8211; PLoS Neglected Tropical Diseases<\/span><br \/>\n<span lang=\"en-GB\">Senior Professor\/Researcher<\/span><br \/>\n<span lang=\"en-GB\">Tropical Medicine Foundation Heitor Vieira Dourado &#8211; Amazonas<\/span><br \/>\n<span lang=\"en-GB\">Head of Laboratory of Medical Entomology <\/span><br \/>\n<span lang=\"en-GB\">Instituto de Pesquisas Ren\u00e9 Rachou, FIOCRUZ &#8211; Minas Gerais<\/span><br \/>\n<span lang=\"en-GB\">General Director, Society of Vector Ecology, Brazilian\/Latin Region<\/span><br \/>\n<span lang=\"en-GB\">Board Director of the World Mosquito Control Association<\/span><br \/>\n<span lang=\"en-GB\">Team Leader of the Medical Entomology Research Group\/CNPq <\/span><br \/>\n<span lang=\"en-GB\">Brasil<\/span><\/p>\n<\/td>\n<\/tr>\n<tr valign=\"top\">\n<td width=\"100\"><span lang=\"en-GB\">Ima Braga<\/span><\/td>\n<td width=\"404\"><span lang=\"en-GB\">Presidente da Rede Latino-americana de Control de Vetores (RELCOV)<\/span><br \/>\n<span lang=\"en-GB\">Brasil<\/span>\n<\/td>\n<\/tr>\n<\/tbody>\n<\/table>\n<p>&nbsp;<\/p>\n<table style=\"border: 0\" width=\"589\" cellspacing=\"0\" cellpadding=\"7\">\n<tbody>\n<tr>\n<td colspan=\"2\" valign=\"top\" width=\"573\"><span lang=\"en-GB\"><i>Leishmaniasis Sub-Committee<br \/>\n<\/i><\/span><\/td>\n<\/tr>\n<tr valign=\"top\">\n<td width=\"100\"><span lang=\"en-GB\">Gabriela Quintana<\/span><\/td>\n<td width=\"404\"><span lang=\"en-GB\">Instituto Nacional de Medicina Tropical (INMeT)<\/span><br \/>\n<span lang=\"en-GB\">(Sede Tucum\u00e1n), ANLIS, Malbran, MSN \/ CONICET<\/span><br \/>\n<span lang=\"en-GB\">Instituto Superior de Entomolog\u00eda, FCN e IML, UNT<\/span><br \/>\n<span lang=\"en-GB\">Argentina<\/span><\/p>\n<\/td>\n<\/tr>\n<tr valign=\"top\">\n<td width=\"100\"><span lang=\"en-GB\">Anayansi Valderrama Cumbrera<\/span><\/td>\n<td width=\"404\"><span lang=\"en-GB\">Investigadora en Salud Senior III<\/span><br \/>\n<span lang=\"en-GB\">Jefa encargada <\/span><br \/>\n<span lang=\"en-GB\">Departamento de Investigaciones en Entomolog\u00eda M\u00e9dica<\/span><br \/>\n<span lang=\"en-GB\">Instituto Conmemorativo Gorgas de Estudios de la Salud <\/span><br \/>\n<span lang=\"en-GB\">Panam\u00e1<\/span><\/td>\n<\/tr>\n<\/tbody>\n<\/table>\n<p>&nbsp;<\/p>\n<table style=\"border: 0\" width=\"589\" cellspacing=\"0\" cellpadding=\"7\">\n<tbody>\n<tr>\n<td colspan=\"2\" valign=\"top\" width=\"573\"><span lang=\"en-GB\"><i>Tick-borne Diseases Sub-Committee<\/i><\/span><i><\/i><\/td>\n<\/tr>\n<tr valign=\"top\">\n<td width=\"100\"><span lang=\"en-GB\">Marcela Lareschi<\/span><\/td>\n<td width=\"404\">Investigadora<span lang=\"en-GB\"> Independiente CONICET<\/span><br \/>\n<span lang=\"en-GB\">Centro de Estudios Parasitol\u00f3gicos y de Vectores<\/span><br \/>\n<span lang=\"en-GB\">CEPAVE (CONICET CCT-La Plata-UNLP) <\/span><br \/>\n<span lang=\"en-GB\">Argentina<\/span><\/p>\n<\/td>\n<\/tr>\n<tr valign=\"top\">\n<td width=\"100\"><span lang=\"en-GB\">Jos\u00e9 M Venzal Bianchi<\/span><\/td>\n<td width=\"404\"><span lang=\"en-GB\">Profesor Agregado<\/span><br \/>\n<span lang=\"en-GB\">Laboratorio de Vectores y enfermedades transmitidas<\/span><br \/>\n<span lang=\"en-GB\">Departamento de Ciencias Biol\u00f3gicas<\/span><br \/>\n<span lang=\"en-GB\">CENUR Litoral Norte &#8211; Salto<\/span><br \/>\n<span lang=\"en-GB\">Universidad de la Rep\u00fablica (UDELAR)<\/span><br \/>\n<span lang=\"en-GB\">Uruguay<\/span><\/td>\n<\/tr>\n<\/tbody>\n<\/table>\n<p>&nbsp;<\/p>\n<table style=\"border: 0\" width=\"589\" cellspacing=\"0\" cellpadding=\"7\">\n<tbody>\n<tr>\n<td colspan=\"2\" valign=\"top\" width=\"573\"><span lang=\"en-GB\"><i>Viral Haemorrhagic Fevers (Hantavirus) Sub-Committee<br \/>\n<\/i><\/span><\/td>\n<\/tr>\n<tr valign=\"top\">\n<td width=\"100\"><span lang=\"en-GB\">Isabel G\u00f3mez Villafa\u00f1e<\/span><\/td>\n<td width=\"404\">Investigadora Independiente CONICET<br \/>\nLab. Ecolog\u00eda de Poblaciones<br \/>\nEGE-IEGEBA (Conicet-UBA)<br \/>\nUniversidad de Buenos Aires (UBA)<br \/>\n<span lang=\"en-GB\">Argentina<\/span><\/p>\n<\/td>\n<\/tr>\n<tr valign=\"top\">\n<td width=\"100\"><span lang=\"en-GB\">Fernando Torres-P\u00e9rez<\/span><\/td>\n<td width=\"404\"><span lang=\"en-GB\">Instituto de Biolog\u00eda<\/span><br \/>\n<span lang=\"en-GB\">Pontificia Universidad Cat\u00f3lica de Valpara\u00edso <\/span><br \/>\n<span lang=\"en-GB\">Chile<\/span><\/td>\n<\/tr>\n<\/tbody>\n<\/table>\n<p>&nbsp;<\/p>\n<table style=\"border: 0\" width=\"589\" cellspacing=\"0\" cellpadding=\"7\">\n<tbody>\n<tr>\n<td colspan=\"2\" valign=\"top\" width=\"573\"><span lang=\"en-GB\"><i>Leptospirosis Sub-Committee<br \/>\n<\/i><\/span><\/td>\n<\/tr>\n<tr valign=\"top\">\n<td width=\"100\"><span lang=\"en-GB\">Mar\u00eda Andrea Previtali<\/span><\/td>\n<td width=\"404\"><span lang=\"en-GB\">Investigadora CONICET<\/span><br \/>\n<span lang=\"en-GB\">Prof. Depto. Cs. Naturales &#8211; FHUC<\/span><br \/>\n<span lang=\"en-GB\">Universidad Nacional del Litoral (UNL)<\/span><br \/>\n<span lang=\"en-GB\">Argentina<\/span><\/p>\n<\/td>\n<\/tr>\n<tr valign=\"top\">\n<td width=\"100\"><span lang=\"en-GB\">Ver\u00f3nica Barrag\u00e1n<\/span><\/td>\n<td width=\"404\"><span lang=\"en-GB\">Profesora &#8211; Investigadora<br \/>\n<\/span><span lang=\"en-GB\">Instituto de Microbiolog\u00eda-USFQ<\/span><span lang=\"en-GB\">Colegio de Ciencias Biol\u00f3gicas y Ambientales<br \/>\n<\/span><span lang=\"en-GB\">Universidad San Francisco de Quito<\/span><span lang=\"en-GB\">Ecuador<\/span><\/td>\n<\/tr>\n<\/tbody>\n<\/table>\n<p>&nbsp;<\/p>\n<table style=\"border: 0\" width=\"589\" cellspacing=\"0\" cellpadding=\"7\">\n<tbody>\n<tr>\n<td colspan=\"2\" valign=\"top\" width=\"573\"><span lang=\"en-GB\"><i>Rabies Sub-Committee<br \/>\n<\/i><\/span><\/td>\n<\/tr>\n<tr valign=\"top\">\n<td width=\"100\"><span lang=\"en-GB\">Daniel Cisterna<\/span><\/td>\n<td width=\"404\"><span lang=\"en-GB\">Servicio de Neurovirosis<\/span><br \/>\n<span lang=\"en-GB\">INEI-ANLIS Dr. Carlos G. Malbran <\/span><br \/>\n<span lang=\"en-GB\">Argentina<\/span><\/p>\n<\/td>\n<\/tr>\n<tr valign=\"top\">\n<td width=\"100\"><span lang=\"en-GB\">Nidia Ar\u00e9chiga-Ceballos<\/span><\/td>\n<td width=\"404\"><span lang=\"en-GB\">Encargada del Laboratorio de Rabia<\/span><br \/>\n<span lang=\"en-GB\">Instituto de Diagn\u00f3stico y Referencia Epidemiol\u00f3gicos<\/span><br \/>\n<span lang=\"en-GB\">M\u00e9jico<\/span><\/td>\n<\/tr>\n<\/tbody>\n<\/table>\n<p>&nbsp;<\/p>\n<table style=\"border: 0\" width=\"589\" cellspacing=\"0\" cellpadding=\"7\">\n<tbody>\n<tr>\n<td colspan=\"2\" valign=\"top\" width=\"573\"><span lang=\"en-GB\"><i>Hydatidosis \/ Cystic Echinococcosis Sub-Committee<br \/>\n<\/i><\/span><\/td>\n<\/tr>\n<tr valign=\"top\">\n<td width=\"100\"><span lang=\"en-GB\">Edmundo Larrieu<\/span><\/td>\n<td width=\"404\"><span lang=\"en-GB\">Profesor Consulto Universidad Nacional de La Pampa (UNLPAM)<\/span><br \/>\n<span lang=\"en-GB\">Vicepresidente Asociaci\u00f3n Internacional Hidatidolog\u00eda<\/span><br \/>\n<span lang=\"en-GB\">Argentina<\/span><\/p>\n<\/td>\n<\/tr>\n<tr valign=\"top\">\n<td width=\"100\"><span lang=\"en-GB\">C\u00e9sar M. Gavidia Chuc\u00e1n<\/span><\/td>\n<td width=\"404\"><span lang=\"en-GB\">Director Unidad de Posgrado<\/span><br \/>\nProfesor Principal<br \/>\n<span lang=\"en-GB\">Facultad de Medicina Veterinaria &#8211; Universidad Mayor de San Marcos (UNMSM)<\/span><br \/>\n<span lang=\"en-GB\">Per\u00fa<\/span><\/td>\n<\/tr>\n<\/tbody>\n<\/table>\n","protected":false},"excerpt":{"rendered":"<p>Chair Oscar Daniel Salom\u00f3n Instituto Nacional de Medicina Tropical-ANLIS Dr Carlos G Malbr\u00e1n CIC CONICET &nbsp; Chagas Sub-Committee Antonieta Rojas de Arias Centro para el Desarrollo de la Investigaci\u00f3n Cient\u00edfica Paraguay Carla Cecere Laboratorio Eco-Epidemiolog\u00eda Departamento Ecolog\u00eda, Gen\u00e9tica y Evoluci\u00f3n (EGE) Instituto de Ecolog\u00eda, Gen\u00e9tica y Evoluci\u00f3n de Buenos Aires (IEGEBA) Facultad de Ciencias Exactas [&hellip;]<\/p>\n","protected":false},"author":123,"featured_media":0,"parent":0,"menu_order":0,"comment_status":"closed","ping_status":"closed","template":"","meta":{"advgb_blocks_editor_width":"","advgb_blocks_columns_visual_guide":"","footnotes":""},"class_list":["post-199","page","type-page","status-publish","hentry","post"],"aioseo_notices":[],"coauthors":[],"author_meta":{"author_link":"https:\/\/congresos.unlp.edu.ar\/lasove\/author\/victoria\/","display_name":"victoria"},"relative_dates":{"created":"Publicado 4 a\u00f1os hace","modified":"Actualizado 4 a\u00f1os hace"},"absolute_dates":{"created":"Publicado el 25 febrero, 2022","modified":"Actualizado el 1 marzo, 2022"},"absolute_dates_time":{"created":"Publicado el 25 febrero, 2022 10:15 am","modified":"Actualizado el 1 marzo, 2022 12:29 pm"},"featured_img_caption":"","featured_img":false,"series_order":"","_links":{"self":[{"href":"https:\/\/congresos.unlp.edu.ar\/lasove\/wp-json\/wp\/v2\/pages\/199","targetHints":{"allow":["GET"]}}],"collection":[{"href":"https:\/\/congresos.unlp.edu.ar\/lasove\/wp-json\/wp\/v2\/pages"}],"about":[{"href":"https:\/\/congresos.unlp.edu.ar\/lasove\/wp-json\/wp\/v2\/types\/page"}],"author":[{"embeddable":true,"href":"https:\/\/congresos.unlp.edu.ar\/lasove\/wp-json\/wp\/v2\/users\/123"}],"replies":[{"embeddable":true,"href":"https:\/\/congresos.unlp.edu.ar\/lasove\/wp-json\/wp\/v2\/comments?post=199"}],"version-history":[{"count":0,"href":"https:\/\/congresos.unlp.edu.ar\/lasove\/wp-json\/wp\/v2\/pages\/199\/revisions"}],"wp:attachment":[{"href":"https:\/\/congresos.unlp.edu.ar\/lasove\/wp-json\/wp\/v2\/media?parent=199"}],"curies":[{"name":"wp","href":"https:\/\/api.w.org\/{rel}","templated":true}]}}