{"id":142,"date":"2022-02-01T21:00:55","date_gmt":"2022-02-02T00:00:55","guid":{"rendered":"https:\/\/congresos.unlp.edu.ar\/lasove\/?page_id=142"},"modified":"2022-10-18T15:58:31","modified_gmt":"2022-10-18T18:58:31","slug":"presentacion-de-resumenes","status":"publish","type":"page","link":"https:\/\/congresos.unlp.edu.ar\/lasove\/presentacion-de-resumenes\/","title":{"rendered":"Env\u00edo de Res\u00famenes"},"content":{"rendered":"<p><strong>Fecha de inicio de recepci\u00f3n de res\u00famenes: 15\/02\/2022<\/strong><\/p>\n<p><strong>Fecha l\u00edmite de recepci\u00f3n de res\u00famenes: 22\/07\/2022<\/strong><\/p>\n<p><strong>Se deber\u00e1 enviar el resumen <u>luego de inscribirse al congreso<\/u><\/strong> y s\u00f3lo puede hacerlo la\/el autor que ser\u00e1 la\/el expositor del trabajo.<\/p>\n<p><strong>Una vez confeccionado el resumen, enviarlo por correo electr\u00f3nico junto con el comprobante de pago (o exenci\u00f3n o invitaci\u00f3n) a <a href=\"mailto:lasove2022@gmail.com\">lasove2022@gmail.com<\/a><\/strong>.<\/p>\n<p><strong><u>En el asunto del correo deber\u00e1 indicar el tema, enfoque, nombre y apellido de la siguiente manera<\/u><\/strong>: n\u00famero del tema (n\u00famero del 1 al 10, ver m\u00e1s abajo), gui\u00f3n bajo, n\u00famero del enfoque (1. a 4., ver m\u00e1s abajo), gui\u00f3n bajo, el apellido de la\/el presentador, gui\u00f3n bajo, y sus nombres completos. Por ejemplo, 1_3_P\u00e9rez_Ana Bel\u00e9n, corresponde al trabajo enviado para el tema 1 -Chagas-, enfoque 3 -Interacci\u00f3n pat\u00f3geno-vector-, por P\u00e9rez Ana Bel\u00e9n.<\/p>\n<p>Si la\/el mismo autor env\u00eda m\u00e1s de un resumen como primer autor\/a (<strong>m\u00e1ximo 2 res\u00famenes por autor inscripto<\/strong>), esto se debe indicar en el asunto despu\u00e9s del nombre y de un gui\u00f3n bajo con el n\u00famero que corresponda. Por ejemplo, 1_3_P\u00e9rez_Ana Bel\u00e9n_2 indica que esta autora ha adjuntado 2 res\u00famenes.<\/p>\n<p>Los res\u00famenes ser\u00e1n evaluados por pares designados por el Comit\u00e9 Cient\u00edfico. En caso de necesitar modificaciones para su aceptaci\u00f3n, las\/os autores dispondr\u00e1n de <strong><em>tres<\/em> (3) d\u00edas h\u00e1biles<\/strong> luego de la fecha del env\u00edo del resumen revisado para enviar la versi\u00f3n corregida para su reevaluaci\u00f3n. Una vez que el resumen del trabajo haya sido aceptado, no podr\u00e1 ser modificado.<\/p>\n<p>Los res\u00famenes aceptados ser\u00e1n publicados en el Libro de Res\u00famenes del II Congreso de la Sociedad Latinoamericana de Ecolog\u00eda de Vectores, en formato digital.<\/p>\n<p>El <strong>tema central<\/strong> del programa cient\u00edfico de LA SOVE 2022, <strong>\u201c<em>Control de enfermedades end\u00e9micas zoon\u00f3ticas y transmitidas por vectores, emergentes y reemergentes: Desaf\u00edos actuales en Latinoam\u00e9rica<\/em>\u201d<\/strong>, incluye las siguientes enfermedades desatendidas zoon\u00f3ticas y transmitidas por vectores (<strong>temas<\/strong>), de particular relevancia para nuestra regi\u00f3n Latinoamericana:<\/p>\n<p><strong>1) Chagas; <\/strong><\/p>\n<p><strong>2) Enfermedades transmitidas por mosquitos (dengue, malaria, fiebre amarilla, zika, chikungunya); <\/strong><\/p>\n<p><strong>3) Leishmaniasis; <\/strong><\/p>\n<p><strong>4) Enfermedades transmitidas por garrapatas (<em>Rickettsia<\/em>, <em>Ehrlichia<\/em>, <em>Borrelia<\/em>); <\/strong><\/p>\n<p><strong>5) Fiebres hemorr\u00e1gicas virales (hantavirus); <\/strong><\/p>\n<p><strong>6) Leptospirosis; <\/strong><\/p>\n<p><strong>7) Rabia; <\/strong><\/p>\n<p><strong>8) Hidatidosis. <\/strong><\/p>\n<p>Tambi\u00e9n se incluyeron otros temas de particular inter\u00e9s regional:<\/p>\n<p><strong>9) Insectos vectores de enfermedades en plantas; <\/strong><\/p>\n<p><strong>10) Artr\u00f3podos vectores de enfermedades de importancia veterinaria;<\/strong><\/p>\n<p><strong>11) Insectos modificados gen\u00e9ticamente de uso pecuario;<br \/>\n<\/strong><\/p>\n<p><strong>12) Resistencia a pesticidas de uso en Salud P\u00fablica;<\/strong><\/p>\n<p><strong>13) Integrando Enfoques para el Control de Vectores; y<br \/>\n<\/strong><\/p>\n<p><strong>14) Desaf\u00edos y perspectivas para abordar algunas enfermedades desatendidas.<\/strong><\/p>\n<p>&nbsp;<\/p>\n<p>Los temas 1) al 12) se abordar\u00e1n desde <strong>enfoques<\/strong> diversos incluyendo:<\/p>\n<ol>\n<li><strong> El impacto de la pandemia COVID-19 y los incendios y fragmentaci\u00f3n del ambiente, sobre las enfermedades zoon\u00f3ticas y transmitidas por vectores; <\/strong><\/li>\n<li><strong> Biolog\u00eda y eco-epidemiolog\u00eda de vectores; <\/strong><\/li>\n<li><strong> Interacci\u00f3n pat\u00f3geno-vector; y <\/strong><\/li>\n<li><strong> Vigilancia y control de vectores incluyendo a) nuevas alternativas de vigilancia y control, y b) resistencia a insecticidas.<\/strong><\/li>\n<\/ol>\n<p>Los autores deber\u00e1n indicar el <strong>tema (1 a 10)<\/strong> y el <strong>enfoque<\/strong> elegido <strong>(1. a 4.)<\/strong> para cada resumen. El Comit\u00e9 Cient\u00edfico podr\u00e1 cambiar el enfoque de los res\u00famenes en funci\u00f3n del programa, lo cual se notificar\u00e1 con antelaci\u00f3n suficiente.<\/p>\n<p>&nbsp;<\/p>\n<p><strong><em><u>TURBO TALKS<\/u><\/em><\/strong><strong><u> (Presentaciones Orales Cortas)<\/u><\/strong><strong>:<\/strong><\/p>\n<p><strong>La modalidad para presentar los res\u00famenes <u>aceptados<\/u> ser\u00e1 mediante <em>turbo talks<\/em> (presentaciones orales cortas). <\/strong><\/p>\n<p>Para ello, cada autor debe preparar un video breve (<strong>m\u00e1ximo 5 minutos<\/strong>) en el que explicar\u00e1 (esto es, <em>hablar\u00e1 sobre<\/em>) su trabajo utilizando diapositivas. Cada trabajo (video) debe ser preparado con antelaci\u00f3n al inicio del Congreso (luego indicaremos la fecha l\u00edmite) ya que se subir\u00e1 a la nube y estar\u00e1 disponible para las\/los inscriptos al Congreso (exclusivamente) una vez iniciado el mismo y por toda su duraci\u00f3n.<\/p>\n<p>Aquellas\/os autoras\/es <em><strong>que asistan presencialmente<\/strong><\/em>, tendr\u00e1n un d\u00eda y horario asignados para presentar su trabajo en base al video enviado (<strong>tiempo<\/strong> <strong>m\u00e1ximo 5 minutos<\/strong>) y, al finalizar las presentaciones de esa sesi\u00f3n, habr\u00e1 un espacio de intercambio y preguntas con el p\u00fablico, tanto presencial como virtual, de 10-15 minutos.<\/p>\n<p>Los videos de las <em>turbo talks<\/em> subidos a la nube ser\u00e1n ordenados por tema, y cada video tendr\u00e1 la opci\u00f3n para que las\/los oyentes hagan comentarios y\/o preguntas a las\/los autores.<\/p>\n<p><strong>En los videos se podr\u00e1 hablar en Castellano\/Portugu\u00e9s\/Ingl\u00e9s, pero las presentaciones deber\u00e1n escribirse en idioma ingl\u00e9s y en lo posible subtitularse (en ingl\u00e9s). <\/strong><\/p>\n<p>El video se realizar\u00e1 con los programas habituales para preparar presentaciones visuales (como Power Point, Prezi, etc.).<\/p>\n<p>&nbsp;<\/p>\n<p><strong><em>FORMATO DE RES\u00daMENES <\/em><\/strong><\/p>\n<p><span lang=\"es-AR\"><i>Descargar y utilizar esta <a href=\"https:\/\/congresos.unlp.edu.ar\/lasove\/wp-content\/uploads\/sites\/45\/2022\/05\/Template-abstract-LA-SOVE-2022-2.docx\">PLANTILLA<\/a><\/i><\/span><span lang=\"es-AR\"><i>; disponible s\u00f3lo en ingl\u00e9s.<\/i><\/span><\/p>\n<p><strong><em>Una vez confeccionado el resumen, enviarlo por correo electr\u00f3nico junto con el comprobante de pago (o exenci\u00f3n o invitaci\u00f3n) a <a href=\"mailto:lasove2022@gmail.com\">lasove2022@gmail.com<\/a><\/em><\/strong><em>. <\/em><\/p>\n<p><strong><em><u>En el asunto del correo deber\u00e1 indicar el tema, enfoque, nombre y apellido de la siguiente manera<\/u><\/em><\/strong><em>: n\u00famero del tema (n\u00famero del 1 al 10), gui\u00f3n bajo, n\u00famero del enfoque (1. a 4.), gui\u00f3n bajo, el apellido de la\/el presentador, gui\u00f3n bajo, y sus nombres completos. <\/em><em>Por ejemplo, 1_3_<\/em><em>P\u00e9rez_Ana Bel\u00e9n, corresponde al trabajo enviado para el tema 1 -Chagas-, enfoque 3 -Interacci\u00f3n pat\u00f3geno-vector-, por P\u00e9rez Ana Bel\u00e9n<\/em><em>.<\/em><\/p>\n<p><em>Si la\/el mismo autor env\u00eda m\u00e1s de un resumen como primer autor\/a (<strong>m\u00e1ximo 2 res\u00famenes por autor inscripto<\/strong>), esto se debe indicar en el asunto despu\u00e9s del nombre y de un gui\u00f3n bajo con el n\u00famero que corresponda. <\/em><em>Por ejemplo, 1_3_P\u00e9rez_Ana Bel\u00e9n_2 indica que esta autora ha adjuntado 2 res\u00famenes. <\/em><\/p>\n<ul>\n<li><span lang=\"es-AR\">Los res\u00famenes deber\u00e1n ser confeccionados en un archivo de Word (*.doc; *docx), en hoja A4, en sentido vertical, dejando m\u00e1rgenes de 2,5 cm. <strong>El resumen completo (t\u00edtulo, autores, afiliaciones y cuerpo del resumen) no deber\u00e1 superar las 500 palabras y debe ser redactado en ingl\u00e9s<\/strong>. <\/span><\/li>\n<li><span lang=\"es-AR\">El nombre del archivo deber\u00e1 estar iniciado por el n\u00famero del tema (n\u00famero del 1 al 10), gui\u00f3n bajo, n\u00famero del enfoque (1. a 4.), gui\u00f3n bajo, el apellido el apellido de la\/el presentador, gui\u00f3n bajo, y las iniciales de su nombre. Por ejemplo, 1_3_<\/span><span lang=\"es-AR\">P\u00e9rez_AB.doc (trabajo enviado para el tema 1 -Chagas-, enfoque 3 &#8211;<\/span><span lang=\"es-AR\">Interacci\u00f3n pat\u00f3geno-vector-<\/span><span lang=\"es-AR\">, por P\u00e9rez Ana Bel\u00e9n). Si la\/el mismo autor env\u00eda m\u00e1s de un resumen como primer autor\/a, debe diferenciar los archivos utilizando n\u00fameros consecutivos despu\u00e9s del nombre y de un gui\u00f3n bajo. Por ejemplo, 1_3_P\u00e9rez_AB_1.doc y 1_3_P\u00e9rez_AB_2.doc<\/span><\/li>\n<li><span lang=\"es-AR\">El resumen deber\u00e1 contener (en el siguiente orden): <\/span><\/li>\n<\/ul>\n<p style=\"padding-left: 40px\"><span lang=\"es-AR\"><u>T\u00edtulo<\/u><\/span><span lang=\"es-AR\"> (Arial 12, negrita): Debe estar centrado, con un m\u00e1ximo de 2 renglones, y \u00fanicamente la primera letra de la primera palabra en may\u00fascula (excepto que se mencione un g\u00e9nero o especie). Los t\u00edtulos que incluyan nombres de g\u00e9nero o especie no deben mencionar a los autores. Los nombres cient\u00edficos deben ir en cursiva. <\/span><\/p>\n<p style=\"padding-left: 40px\"><span lang=\"es-AR\"><u>Autores<\/u><\/span><span lang=\"es-AR\"> (Arial 11, subrayando la\/el autor que presentar\u00e1 el trabajo): El apellido debe indicarse en may\u00fasculas, seguido del nombre y la inicial del segundo nombre despu\u00e9s de una coma. Por ejemplo, P\u00c9REZ, Ana B. No justificar el texto.<\/span><\/p>\n<p style=\"padding-left: 40px\"><span lang=\"es-AR\"><u>Afiliaci\u00f3n<\/u><\/span><span lang=\"es-AR\"> (Arial 10): Indicar mediante super\u00edndices el lugar de trabajo de las\/los autores, usando n\u00fameros consecutivos para diferentes lugares de trabajo. Incluir el correo electr\u00f3nico de la\/el expositor del trabajo. No justificar el texto.<\/span><\/p>\n<p style=\"padding-left: 40px\"><span lang=\"es-AR\"><u>Cuerpo del resumen<\/u><\/span><span lang=\"es-AR\"> (Arial 11): En un solo p\u00e1rrafo, con interlineado simple y sin sangr\u00edas. No justificar el texto. En su desarrollo, el texto deber\u00e1 incluir: introducci\u00f3n, objetivos, materiales y m\u00e9todos, resultados y discusi\u00f3n\/conclusiones del trabajo. <\/span><\/p>\n<p style=\"padding-left: 40px\"><span lang=\"es-AR\">El resumen no debe contener subt\u00edtulos, cuadros, tablas, figuras, ni citas bibliogr\u00e1ficas. Evitar el uso de s\u00edmbolos poco usuales y abreviaturas innecesarias. <\/span><\/p>\n<p><strong>IMPORTANTE: los res\u00famenes que no cumplan con este formato NO ser\u00e1n evaluados<\/strong>.<\/p>\n","protected":false},"excerpt":{"rendered":"<p>Fecha de inicio de recepci\u00f3n de res\u00famenes: 15\/02\/2022 Fecha l\u00edmite de recepci\u00f3n de res\u00famenes: 22\/07\/2022 Se deber\u00e1 enviar el resumen luego de inscribirse al congreso y s\u00f3lo puede hacerlo la\/el autor que ser\u00e1 la\/el expositor del trabajo. Una vez confeccionado el resumen, enviarlo por correo electr\u00f3nico junto con el comprobante de pago (o exenci\u00f3n o [&hellip;]<\/p>\n","protected":false},"author":123,"featured_media":0,"parent":0,"menu_order":0,"comment_status":"closed","ping_status":"closed","template":"","meta":{"advgb_blocks_editor_width":"","advgb_blocks_columns_visual_guide":"","footnotes":""},"class_list":["post-142","page","type-page","status-publish","hentry","post"],"aioseo_notices":[],"coauthors":[],"author_meta":{"author_link":"https:\/\/congresos.unlp.edu.ar\/lasove\/author\/victoria\/","display_name":"victoria"},"relative_dates":{"created":"Publicado 4 a\u00f1os hace","modified":"Actualizado 3 a\u00f1os hace"},"absolute_dates":{"created":"Publicado el 1 febrero, 2022","modified":"Actualizado el 18 octubre, 2022"},"absolute_dates_time":{"created":"Publicado el 1 febrero, 2022 9:00 pm","modified":"Actualizado el 18 octubre, 2022 3:58 pm"},"featured_img_caption":"","featured_img":false,"series_order":"","_links":{"self":[{"href":"https:\/\/congresos.unlp.edu.ar\/lasove\/wp-json\/wp\/v2\/pages\/142","targetHints":{"allow":["GET"]}}],"collection":[{"href":"https:\/\/congresos.unlp.edu.ar\/lasove\/wp-json\/wp\/v2\/pages"}],"about":[{"href":"https:\/\/congresos.unlp.edu.ar\/lasove\/wp-json\/wp\/v2\/types\/page"}],"author":[{"embeddable":true,"href":"https:\/\/congresos.unlp.edu.ar\/lasove\/wp-json\/wp\/v2\/users\/123"}],"replies":[{"embeddable":true,"href":"https:\/\/congresos.unlp.edu.ar\/lasove\/wp-json\/wp\/v2\/comments?post=142"}],"version-history":[{"count":0,"href":"https:\/\/congresos.unlp.edu.ar\/lasove\/wp-json\/wp\/v2\/pages\/142\/revisions"}],"wp:attachment":[{"href":"https:\/\/congresos.unlp.edu.ar\/lasove\/wp-json\/wp\/v2\/media?parent=142"}],"curies":[{"name":"wp","href":"https:\/\/api.w.org\/{rel}","templated":true}]}}