{"id":134,"date":"2022-02-01T20:53:15","date_gmt":"2022-02-01T23:53:15","guid":{"rendered":"https:\/\/congresos.unlp.edu.ar\/lasove\/?page_id=134"},"modified":"2022-09-15T16:13:49","modified_gmt":"2022-09-15T19:13:49","slug":"aranceles-y-modalidad-de-pago","status":"publish","type":"page","link":"https:\/\/congresos.unlp.edu.ar\/lasove\/aranceles-y-modalidad-de-pago\/","title":{"rendered":"Aranceles y Modalidad de Pago"},"content":{"rendered":"<p><span lang=\"es-AR\"><b>ARANCELES*<\/b><\/span><\/p>\n<p>* La inscripci\u00f3n cubre:<\/p>\n<p>&#8211; <span style=\"text-decoration: underline\">Los materiales del congreso<\/span>: tag identificatorio en hoja plantable, el bolso del congreso, una taza t\u00e9rmica de 500 ml, el cronograma impreso en hoja plantable, el programa impreso en hojas eco-sustentables (100% fibra de ca\u00f1a de az\u00facar), un pad de cart\u00f3n prensado con sujeta papel.<\/p>\n<p>&#8211; <span style=\"text-decoration: underline\">Infusiones durante todas las jornadas (en el edificio)<\/span>: agua fr\u00eda\/caliente, t\u00e9, caf\u00e9, yerba (saquitos y suelta), az\u00facar, edulcorante, agitadores y cucharas de bamboo.<\/p>\n<p>&#8211; <em>Coffee breaks<\/em>.<\/p>\n<p>&#8211; Recepci\u00f3n de bienvenida.<\/p>\n<p>&#8211; <span style=\"text-decoration: underline\">Salida de campo<\/span>: transporte y seguro (para quien no cuente con cobertura propia).<\/p>\n<p>&nbsp;<\/p>\n<table style=\"border: 0\" cellspacing=\"0\" cellpadding=\"1\">\n<tbody>\n<tr>\n<td width=\"159\"><\/td>\n<td valign=\"top\" width=\"142\"><\/td>\n<td width=\"140\"><span lang=\"es-AR\"><b>15\/02\/2022 &#8211; 22\/07\/2022<\/b><\/span><\/td>\n<td width=\"141\"><span lang=\"es-AR\"><b>16\/07\/2022 &#8211; 29\/10\/2022<\/b><\/span><\/td>\n<\/tr>\n<tr>\n<td style=\"background: #bfbfbf\" bgcolor=\"#bfbfbf\" width=\"159\"><span lang=\"es-AR\"><b>PRESENCIAL<\/b><\/span><\/td>\n<td style=\"background: #bfbfbf\" valign=\"top\" bgcolor=\"#bfbfbf\" width=\"142\"><\/td>\n<td style=\"background: #bfbfbf\" bgcolor=\"#bfbfbf\" width=\"140\"><\/td>\n<td style=\"background: #bfbfbf\" bgcolor=\"#bfbfbf\" width=\"141\"><\/td>\n<\/tr>\n<tr>\n<td rowspan=\"3\" valign=\"top\" width=\"159\"><span lang=\"es-AR\"><b>Estudiantes (Grado, Postgrado, Postdoctorado) <\/b><\/span><\/td>\n<td valign=\"top\" width=\"142\"><span lang=\"es-AR\"><b>*Locales (nacionales)<\/b><\/span><\/td>\n<td width=\"140\"><span lang=\"es-AR\">ARS$ 2000<\/span><\/td>\n<td width=\"141\"><span lang=\"es-AR\">ARS$ 2600<\/span><\/td>\n<\/tr>\n<tr>\n<td valign=\"top\" width=\"142\"><span lang=\"es-AR\"><b>Latinoamericanos no locales (LA)<\/b><\/span><\/td>\n<td valign=\"top\" width=\"140\"><span lang=\"es-AR\">US$ 50<\/span><\/td>\n<td valign=\"top\" width=\"141\"><span lang=\"es-AR\">US$ 65<\/span><\/td>\n<\/tr>\n<tr>\n<td valign=\"top\" width=\"142\"><span lang=\"es-AR\"><b>Extranjeros no LA<\/b><\/span><\/td>\n<td width=\"140\"><span lang=\"es-AR\">US$ 200<\/span><\/td>\n<td width=\"141\"><span lang=\"es-AR\">US$ 260<\/span><\/td>\n<\/tr>\n<tr>\n<td width=\"159\"><span lang=\"es-AR\"><b>Investigadores y Profesionales <\/b><\/span><\/td>\n<td valign=\"top\" width=\"142\"><span lang=\"es-AR\"><b>Locales (nacionales)<\/b><\/span><\/td>\n<td valign=\"top\" width=\"140\"><span lang=\"es-AR\">ARS$ 5000<\/span><\/td>\n<td valign=\"top\" width=\"141\"><span lang=\"es-AR\">ARS$ 6500<\/span><\/td>\n<\/tr>\n<tr>\n<td width=\"159\"><\/td>\n<td valign=\"top\" width=\"142\"><span lang=\"es-AR\"><b>LA<\/b><\/span><\/td>\n<td width=\"140\"><span lang=\"es-AR\">US$ 150<\/span><\/td>\n<td width=\"141\"><span lang=\"es-AR\">US$ 195<\/span><\/td>\n<\/tr>\n<tr>\n<td width=\"159\"><\/td>\n<td valign=\"top\" width=\"142\"><span lang=\"es-AR\"><b>Extranjeros no LA<\/b><\/span><\/td>\n<td width=\"140\"><span lang=\"es-AR\">US$ 400<\/span><\/td>\n<td width=\"141\"><span lang=\"es-AR\">US$ 520<\/span><\/td>\n<\/tr>\n<tr>\n<td style=\"background: #bfbfbf\" bgcolor=\"#bfbfbf\" width=\"159\"><span lang=\"es-AR\"><b>ONLINE<\/b><\/span><\/td>\n<td style=\"background: #bfbfbf\" valign=\"top\" bgcolor=\"#bfbfbf\" width=\"142\"><\/td>\n<td style=\"background: #bfbfbf\" bgcolor=\"#bfbfbf\" width=\"140\"><\/td>\n<td style=\"background: #bfbfbf\" bgcolor=\"#bfbfbf\" width=\"141\"><\/td>\n<\/tr>\n<tr>\n<td width=\"159\" height=\"33\"><span lang=\"es-AR\"><b>Estudiantes (Grado, Postgrado, Postdoctorado)<\/b><\/span><\/td>\n<td valign=\"top\" width=\"142\"><span lang=\"es-AR\"><b>Locales (nacionales)<\/b><\/span><\/td>\n<td valign=\"top\" width=\"140\"><span lang=\"es-AR\">ARS$ 1400<\/span><\/td>\n<td valign=\"top\" width=\"141\"><span lang=\"es-AR\">ARS$ 1820<\/span><\/td>\n<\/tr>\n<tr>\n<td width=\"159\"><\/td>\n<td valign=\"top\" width=\"142\"><span lang=\"es-AR\"><b>LA<\/b><\/span><\/td>\n<td width=\"140\"><span lang=\"es-AR\">US$ 35<\/span><\/td>\n<td width=\"141\"><span lang=\"es-AR\">US$ 50<\/span><\/td>\n<\/tr>\n<tr>\n<td width=\"159\"><\/td>\n<td valign=\"top\" width=\"142\"><span lang=\"es-AR\"><b>Extranjeros no LA<\/b><\/span><\/td>\n<td width=\"140\"><span lang=\"es-AR\">US$ 140<\/span><\/td>\n<td width=\"141\"><span lang=\"es-AR\">US$ 190<\/span><\/td>\n<\/tr>\n<tr>\n<td width=\"159\" height=\"20\"><span lang=\"es-AR\"><b>Investigadores y Profesionales <\/b><\/span><\/td>\n<td valign=\"top\" width=\"142\"><span lang=\"es-AR\"><b>Locales (nacionales)<\/b><\/span><\/td>\n<td valign=\"top\" width=\"140\"><span lang=\"es-AR\">ARS$ 3500<\/span><\/td>\n<td valign=\"top\" width=\"141\"><span lang=\"es-AR\">ARS$ 4550<\/span><\/td>\n<\/tr>\n<tr>\n<td width=\"159\"><\/td>\n<td valign=\"top\" width=\"142\"><span lang=\"es-AR\"><b>LA<\/b><\/span><\/td>\n<td width=\"140\"><span lang=\"es-AR\">US$ 110<\/span><\/td>\n<td width=\"141\"><span lang=\"es-AR\">US$ 150<\/span><\/td>\n<\/tr>\n<tr>\n<td width=\"159\"><\/td>\n<td valign=\"top\" width=\"142\"><span lang=\"es-AR\"><b>Extranjeros no LA<\/b><\/span><\/td>\n<td width=\"140\"><span lang=\"es-AR\">US$ 300<\/span><\/td>\n<td width=\"141\"><span lang=\"es-AR\">US$ 400<\/span><\/td>\n<\/tr>\n<\/tbody>\n<\/table>\n<p><span lang=\"es-AR\"><u>Referencia<\/u><\/span><span lang=\"es-AR\">:<\/span><\/p>\n<p><span lang=\"es-AR\">ARS$ = pesos argentinos<\/span><\/p>\n<p><span lang=\"es-AR\">US$ = d\u00f3lares estadounidenses<\/span><\/p>\n<p>&nbsp;<\/p>\n<p><strong>*<span style=\"text-decoration: underline\">INVITACI\u00d3N A PARTICIPAR COMO COLABORADORAS\/ES<\/span><\/strong><\/p>\n<p>Entendemos que para las y los estudiantes (de grado, doctorado, postdoctorado, residentes) es importante contar con una herramienta de apoyo econ\u00f3mico para poder asistir al congreso. Por otro lado, para que un congreso se desarrolle armoniosamente, con efectividad y eficiencia, se requieren varias personas para colaborar con distintas tareas. Dado que no contamos con fondos suficientes para becar estudiantes, ofrecemos la posibilidad de que las y los <strong>estudiantes locales<\/strong> puedan sumarse como colaboradores, si es que desean hacerlo responsablemente. El triple prop\u00f3sito es que:<\/p>\n<p>1) las y los estudiantes cuenten con un apoyo econ\u00f3mico, ya que se les bonificar\u00e1 el importe de la inscripci\u00f3n;<\/p>\n<p>2) sumen antecedentes acad\u00e9micos (y experiencia) ya que, de colaborar de manera responsable con las tareas asignadas durante el evento por cuatro (4) d\u00edas (u ocho turnos) como m\u00ednimo, se les emitir\u00e1 un certificado de colaborador\/a, y<\/p>\n<p>3) las actividades de LA SOVE 2022 se lleven a cabo eficaz y armoniosamente.<\/p>\n<p>La raz\u00f3n por la que <strong>esta posibilidad est\u00e1 abierta para estudiantes locales exclusivamente<\/strong> es que la coordinaci\u00f3n, organizaci\u00f3n y preparaci\u00f3n de las diferentes tareas requiere que se comience a trabajar previo al inicio del congreso, y para varias de las tareas se necesita presencialidad con antelaci\u00f3n al comienzo del evento.<\/p>\n<p>Algunas de las tareas a cubrir se mencionan en el <a href=\"https:\/\/docs.google.com\/forms\/d\/e\/1FAIpQLSc-FpT1xOJ0sDyXJIZCMEURa4fOhy5ku32NmrEWr1reXv61dw\/viewform\">Formulario para colaboradoras\/es<\/a><\/p>\n<p><span lang=\"es-AR\">Si te interesa ser colaborador\/a, <\/span><span lang=\"es-AR\"><u><b>ANTES DE INSCRIBIRTE AL CONGRESO<\/b><\/u><\/span><span lang=\"es-AR\"> complet\u00e1 el<\/span><span lang=\"es-AR\"> <strong><a href=\"https:\/\/docs.google.com\/forms\/d\/e\/1FAIpQLSc-FpT1xOJ0sDyXJIZCMEURa4fOhy5ku32NmrEWr1reXv61dw\/viewform\" target=\"_blank\" rel=\"noopener\">FORMULARIO PARA COLABORADORES<\/a><\/strong><\/span><span lang=\"es-AR\">. <\/span><span lang=\"es-AR\">Una vez que lo hayas enviado, \u00e9ste ser\u00e1 evaluado por el Comit\u00e9 Organizador y, si correspondiere, a la brevedad se te enviar\u00e1 un certificado de exenci\u00f3n para que adjuntes cuando completes el formulario de inscripci\u00f3n. <\/span><\/p>\n<p><span lang=\"es-AR\">El certificado de colaborador\/a se emitir\u00e1, si correspondiere, una vez finalizado el congreso.<\/span><\/p>\n<p>\u00a1Esperamos que quieran sumarse a LA SOVE 2022 como colaboradoras y colaboradores!<\/p>\n<p>&nbsp;<\/p>\n<p><span lang=\"es-AR\"><b>MODALIDAD DE PAGO<\/b><\/span><\/p>\n<p>Los fondos de LA SOVE 2022 est\u00e1n siendo administrados por la FUNDACI\u00d3N DE LA FACULTAD DE INGENIER\u00cdA (UNLP).<\/p>\n<p><span lang=\"es-AR\"><u><b>Participantes locales (nacionales)<\/b><\/u><\/span><span lang=\"es-AR\"><b>: <\/b><\/span><\/p>\n<p><span lang=\"es-AR\">El pago de inscripci\u00f3n se har\u00e1 a trav\u00e9s de transferencia bancaria a la siguiente cuenta:<\/span><\/p>\n<p><span lang=\"es-AR\">TITULAR FUNDACION DE LA FACULTAD DE INGENIERIA<\/span><\/p>\n<p><span lang=\"es-AR\">CUIT 30-67798003-2<\/span><\/p>\n<p><span lang=\"es-AR\">BANCO MACRO <\/span><\/p>\n<p><span lang=\"es-AR\">Cta. Cte. N\u00ba 3-530-0941249045-4<\/span><\/p>\n<p><span lang=\"es-AR\">CBU 2850530530094124904541<\/span><\/p>\n<p>&nbsp;<\/p>\n<p><span lang=\"es-AR\"><u><b>Participantes extranjeros latinoamericanos no locales (LA) y no LA<\/b><\/u><\/span><span lang=\"es-AR\"><b>:<\/b><\/span><\/p>\n<p><span lang=\"es-AR\"><u><b>OPCI\u00d3N 1<\/b><\/u><\/span><span lang=\"es-AR\"><b>:<\/b><\/span><\/p>\n<p><span lang=\"es-AR\"><b>Con tarjeta de cr\u00e9dito<\/b><\/span><span lang=\"es-AR\"> (<\/span><span lang=\"es-AR\"><b>NO se cobra comisi\u00f3n<\/b><\/span><span lang=\"es-AR\">). <\/span><\/p>\n<p><span lang=\"es-AR\">Luego de completar el formulario de inscripci\u00f3n, se le enviar\u00e1 un correo electr\u00f3nico con el link de pago. <\/span><\/p>\n<p><span lang=\"en-GB\"><span style=\"text-decoration: underline\">IMPORTANTE<\/span>: <strong>el link de pago no se genera autom\u00e1ticamente<\/strong>, as\u00ed que habr\u00e1 una demora hasta que lo reciba (hasta 72 horas). Mientras espera el link, NO SE VUELVA A INSCRIBIR, por favor espere a recibirlo!\u00a0 <\/span><\/p>\n<p><span lang=\"es-AR\"><b>Luego de abonar con tarjeta de cr\u00e9dito, responda a ese correo con copia a <a href=\"mailto:lasove2022.tesoreria@gmail.com\">lasove2022.tesoreria@gmail.com<\/a><\/b><\/span><span style=\"color: #0563c1\"><span style=\"color: #000000\"><span lang=\"es-AR\">, <\/span><\/span><\/span><span lang=\"es-AR\">ADJUNTANDO EL COMPROBANTE DE PAGO E <\/span>INDICANDO <span lang=\"es-AR\">SU NOMBRE Y APELLIDO.<\/span><\/p>\n<p>&nbsp;<\/p>\n<p><span lang=\"es-AR\"><u><b>OPCI\u00d3N 2<\/b><\/u><\/span><span lang=\"es-AR\"><b>: <\/b><\/span><\/p>\n<p><span lang=\"es-AR\"><b>Por transferencia bancaria<\/b><\/span><span lang=\"es-AR\"> a la siguiente cuenta (<\/span><span lang=\"es-AR\"><b>se cobra comisi\u00f3n<\/b><\/span><span lang=\"es-AR\">, ver abajo):<\/span><\/p>\n<p><span lang=\"es-AR\">Beneficiario: FUNDACI\u00d3N DE LA FACULTAD DE INGENIER\u00cdA<\/span><\/p>\n<p><span lang=\"es-AR\">Domicilio beneficiario: Calle 1 N\u00ba 732, La Plata, CP 1900<\/span><\/p>\n<p><span lang=\"es-AR\">CUIT: 30-67798003-2<\/span><\/p>\n<p><span lang=\"es-AR\">BANCO MACRO S.A.<\/span><\/p>\n<p><span lang=\"es-AR\">N\u00famero de cuenta: 248309517480244<\/span><\/p>\n<p><span lang=\"es-AR\">SWIFT: BOSUARBA<\/span><\/p>\n<p><span lang=\"es-AR\">Domicilio Banco: Calle 7 N\u00ba 1221, La Plata, CP 1900<\/span><\/p>\n<p><span lang=\"es-AR\"><b>NOTA<\/b><\/span><span lang=\"es-AR\">: si se elige esta opci\u00f3n, al precio de la inscripci\u00f3n se debe adicionar la comisi\u00f3n que cobra el banco, <\/span><span lang=\"es-AR\"><b>U$S 42,35 finales<\/b><\/span><span lang=\"es-AR\"> (d\u00f3lares cuarenta y dos con treinta y cinco centavos).<\/span><\/p>\n<p><em>Por ejemplo, Investigadores y Profesionales LA que se est\u00e1n inscribiendo para participar de manera online antes del 16 de Julio 2022 deber\u00e1n transferir US$ 110 + US$ 42,35 = <u>US$ 152,35<\/u>.<\/em><\/p>\n<p>&nbsp;<\/p>\n<p><span lang=\"es-AR\">IMPORTANTE: Recuerde descargar el comprobante para adjuntar en la planilla de inscripci\u00f3n.<\/span><\/p>\n<p><span lang=\"es-AR\"><b>ATENCI\u00d3N:<\/b><\/span> <span lang=\"es-AR\"><b>Para hacer efectiva la inscripci\u00f3n al evento<\/b><\/span><span lang=\"es-AR\">, es necesario que las\/los participantes completen el <\/span><span lang=\"es-AR\"><strong><a href=\"https:\/\/docs.google.com\/forms\/d\/e\/1FAIpQLSeCGg_Jbe-RYj6Gz25cP_Y8V5o_FPU-w95Z86vAC--6IwCp2A\/viewform\" target=\"_blank\" rel=\"noopener\">FORMULARIO DE INSCRIPCI\u00d3N<\/a><\/strong><\/span><span lang=\"es-AR\"><b>\u00a0y adjunten el comprobante de pago<\/b><\/span><span lang=\"es-AR\">. <\/span><\/p>\n<p>&nbsp;<\/p>\n<p><span lang=\"es-AR\"><u>Pol\u00edtica de reembolso<\/u><\/span><\/p>\n<p><span lang=\"es-AR\">Las cancelaciones o cambios de modalidad (presencial a virtual) NO ser\u00e1n reembolsables. Sin embargo, la inscripci\u00f3n puede transferirse a otro participante de la misma categor\u00eda, sin cargo, hasta el 15 de septiembre de 2022. Para ello, la transferencia de la inscripci\u00f3n debe solicitarse <em>antes del 15 de Septiembre<\/em> por correo electr\u00f3nico a <a href=\"mailto:lasove2022.tesoreria@gmail.com\">lasove2022.tesoreria@gmail.com<\/a> Y debe ser aprobada por el Comit\u00e9 Organizador.<\/span><\/p>\n<p><span lang=\"es-AR\">Por cualquier otra consulta contactarse con <a href=\"mailto:lasove2022.tesoreria@gmail.com\">lasove2022.tesoreria@gmail.com<\/a> <\/span><\/p>\n<p>&nbsp;<\/p>\n","protected":false},"excerpt":{"rendered":"<p>ARANCELES* * La inscripci\u00f3n cubre: &#8211; Los materiales del congreso: tag identificatorio en hoja plantable, el bolso del congreso, una taza t\u00e9rmica de 500 ml, el cronograma impreso en hoja plantable, el programa impreso en hojas eco-sustentables (100% fibra de ca\u00f1a de az\u00facar), un pad de cart\u00f3n prensado con sujeta papel. &#8211; Infusiones durante todas [&hellip;]<\/p>\n","protected":false},"author":123,"featured_media":0,"parent":0,"menu_order":0,"comment_status":"closed","ping_status":"closed","template":"","meta":{"advgb_blocks_editor_width":"","advgb_blocks_columns_visual_guide":"","footnotes":""},"class_list":["post-134","page","type-page","status-publish","hentry","post"],"aioseo_notices":[],"coauthors":[],"author_meta":{"author_link":"https:\/\/congresos.unlp.edu.ar\/lasove\/author\/victoria\/","display_name":"victoria"},"relative_dates":{"created":"Publicado 4 a\u00f1os hace","modified":"Actualizado 4 a\u00f1os hace"},"absolute_dates":{"created":"Publicado el 1 febrero, 2022","modified":"Actualizado el 15 septiembre, 2022"},"absolute_dates_time":{"created":"Publicado el 1 febrero, 2022 8:53 pm","modified":"Actualizado el 15 septiembre, 2022 4:13 pm"},"featured_img_caption":"","featured_img":false,"series_order":"","_links":{"self":[{"href":"https:\/\/congresos.unlp.edu.ar\/lasove\/wp-json\/wp\/v2\/pages\/134","targetHints":{"allow":["GET"]}}],"collection":[{"href":"https:\/\/congresos.unlp.edu.ar\/lasove\/wp-json\/wp\/v2\/pages"}],"about":[{"href":"https:\/\/congresos.unlp.edu.ar\/lasove\/wp-json\/wp\/v2\/types\/page"}],"author":[{"embeddable":true,"href":"https:\/\/congresos.unlp.edu.ar\/lasove\/wp-json\/wp\/v2\/users\/123"}],"replies":[{"embeddable":true,"href":"https:\/\/congresos.unlp.edu.ar\/lasove\/wp-json\/wp\/v2\/comments?post=134"}],"version-history":[{"count":0,"href":"https:\/\/congresos.unlp.edu.ar\/lasove\/wp-json\/wp\/v2\/pages\/134\/revisions"}],"wp:attachment":[{"href":"https:\/\/congresos.unlp.edu.ar\/lasove\/wp-json\/wp\/v2\/media?parent=134"}],"curies":[{"name":"wp","href":"https:\/\/api.w.org\/{rel}","templated":true}]}}