{"id":17,"date":"2025-11-20T11:42:49","date_gmt":"2025-11-20T14:42:49","guid":{"rendered":"https:\/\/congresos.unlp.edu.ar\/lacame2026\/?page_id=17"},"modified":"2026-04-30T22:04:31","modified_gmt":"2026-05-01T01:04:31","slug":"school","status":"publish","type":"page","link":"https:\/\/congresos.unlp.edu.ar\/lacame2026\/school\/","title":{"rendered":"School"},"content":{"rendered":"<div id=\"pl-17\"  class=\"panel-layout\" ><div id=\"pg-17-0\"  class=\"panel-grid panel-no-style\" ><div id=\"pgc-17-0-0\"  class=\"panel-grid-cell\" ><div id=\"panel-17-0-0-0\" class=\"so-panel widget widget_sow-editor panel-first-child\" data-index=\"0\" ><div\n\t\t\t\n\t\t\tclass=\"so-widget-sow-editor so-widget-sow-editor-base\"\n\t\t\t\n\t\t>\n<div class=\"siteorigin-widget-tinymce textwidget\">\n\t<h4><img loading=\"lazy\" decoding=\"async\" class=\" wp-image-179 alignright\" src=\"http:\/\/congresos.unlp.edu.ar\/lacame2026\/wp-content\/uploads\/sites\/104\/2026\/04\/Logo_ELAEM-270x300.png\" alt=\"\" width=\"270\" height=\"300\" srcset=\"https:\/\/congresos.unlp.edu.ar\/lacame2026\/wp-content\/uploads\/sites\/104\/2026\/04\/Logo_ELAEM-270x300.png 270w, https:\/\/congresos.unlp.edu.ar\/lacame2026\/wp-content\/uploads\/sites\/104\/2026\/04\/Logo_ELAEM.png 547w\" sizes=\"auto, (max-width: 270px) 100vw, 270px\" \/>En el marco de la <i>XIX Latin American Conference on the Applications of the M\u00f6ssbauer Effect <\/i>(LACAME) se realizar\u00e1 la Escuela Latinoamericana de Espectroscop\u00eda M\u00f6ssbauer (ELAEM), siendo una actividad formativa orientada a brindar una introducci\u00f3n a los fundamentos y aplicaciones de esta t\u00e9cnica.<\/h4>\n<h4>La escuela est\u00e1 dirigida a estudiantes de grado y posgrado, becarias\/os e investigadoras\/es de distintas \u00e1reas de la ciencia que deseen iniciarse en el uso de la espectroscop\u00eda M\u00f6ssbauer, incluyendo el an\u00e1lisis y la interpretaci\u00f3n de los resultados.<\/h4>\n<h4>Durante el curso se abordar\u00e1n los principios f\u00edsicos del efecto M\u00f6ssbauer la informaci\u00f3n que puede extraerse (los par\u00e1metros hiperfinos) y su interpretaci\u00f3n, la instrumentaci\u00f3n que forma parte de\u00a0 los espectr\u00f3metros, los modos de adquisici\u00f3n de datos y algunos m\u00e9todos de an\u00e1lisis espectral. Asimismo, se presentar\u00e1n ejemplos de aplicaci\u00f3n en materiales magn\u00e9ticos, compuestos de hierro, nanopart\u00edculas y compositos.<\/h4>\n<h4>La escuela se desarrollar\u00e1 en dos etapas complementarias. En primer lugar, se ofrecer\u00e1\u00a0 una fase virtual de ocho clases te\u00f3ricas semanales, de aproximadamente 2 hs de duraci\u00f3n, orientada a la introducci\u00f3n conceptual y al entrenamiento en el an\u00e1lisis de espectros. Posteriormente, se realizar\u00e1 una fase presencial en el Instituto de F\u00edsica La Plata (IFLP), en articulaci\u00f3n con el LACAME. Durante esta instancia se llevar\u00e1n a cabo pr\u00e1cticas experimentales y talleres de discusi\u00f3n de resultados.<\/h4>\n<h4>La inscripci\u00f3n a la escuela se abrir\u00e1 pr\u00f3ximamente. Se publicar\u00e1 en esta p\u00e1gina web la informaci\u00f3n detallada sobre el proceso de inscripci\u00f3n, fechas y cupos disponibles.<\/h4>\n<p>\u00a0<\/p>\n<\/div>\n<\/div><\/div><div id=\"panel-17-0-0-1\" class=\"widget_text so-panel widget widget_custom_html\" data-index=\"1\" ><div class=\"textwidget custom-html-widget\"><details style=\"border: 2px solid #cc0000;border-radius: 8px;padding: 10px;margin: 10px 0;background-color: #fff\">\n  <summary style=\"font-size: 18px;font-weight: bold;color: #cc0000;cursor: pointer\">\n    \u25b6 Clase 1: Fundamentos f\u00edsicos del efecto M\u00f6ssbauer: Cinthia Ramos, 3 de septiembre - 15:00 h\n  <\/summary>\n  <div style=\"padding: 15px 10px 5px 10px;font-size: 15px;color: #333\">\n    <p> 1. Introducci\u00f3n y contexto hist\u00f3rico<\/p>\n    <p> 2. Principios f\u00edsicos <\/p>\n    <p> 3. Aspectos nucleares relevantes<\/p>\n  <\/div>\n<\/details>\n<\/div><\/div><div id=\"panel-17-0-0-2\" class=\"widget_text so-panel widget widget_custom_html\" data-index=\"2\" ><div class=\"textwidget custom-html-widget\"><details style=\"border: 2px solid #cc0000;border-radius: 8px;padding: 10px;margin: 10px 0;background-color: #fff\">\n  <summary style=\"font-size: 18px;font-weight: bold;color: #cc0000;cursor: pointer\">\n    \u25b6 Clase 2: Espectroscop\u00eda M\u00f6ssbauer: par\u00e1metros y teor\u00eda: Edson Passamani, 10 de septiembre - 15:00 h\n  <\/summary>\n  <div style=\"padding: 15px 10px 5px 10px;font-size: 15px;color: #333\">\n    <p> 1. Corrimiento isom\u00e9rico (IS)<\/p>\n\t\t<p> 2. Desdoblamiento cuadrupolar (QS)<\/p>\n    <p> 3. Interaccion magnetica (HF) <\/p>\n    <p> 4. An\u00e1lisis de espectros simples<\/p>\n  <\/div>\n<\/details>\n<\/div><\/div><div id=\"panel-17-0-0-3\" class=\"widget_text so-panel widget widget_custom_html\" data-index=\"3\" ><div class=\"textwidget custom-html-widget\"><details style=\"border: 2px solid #cc0000;border-radius: 8px;padding: 10px;margin: 10px 0;background-color: #fff\">\n  <summary style=\"font-size: 18px;font-weight: bold;color: #cc0000;cursor: pointer\">\n    \u25b6 Clase 3: Instrumentaci\u00f3n y adquisici\u00f3n de espectros: Alejandro Veiga, 17 de septiembre - 17:00 h\n  <\/summary>\n  <div style=\"padding: 15px 10px 5px 10px;font-size: 15px;color: #333\">\n    <p> 1. Fuente \u03b3 y transiciones relevantes<\/p>\n\t\t<p> 2. Espectr\u00f3metro M\u00f6ssbauer<\/p>\n    <p> 3. Procesamiento de datos <\/p>\n  <\/div>\n<\/details>\n<\/div><\/div><div id=\"panel-17-0-0-4\" class=\"widget_text so-panel widget widget_custom_html\" data-index=\"4\" ><div class=\"textwidget custom-html-widget\"><details style=\"border: 2px solid #cc0000;border-radius: 8px;padding: 10px;margin: 10px 0;background-color: #fff\">\n  <summary style=\"font-size: 18px;font-weight: bold;color: #cc0000;cursor: pointer\">\n    \u25b6 Clase 4: Espectroscop\u00eda M\u00f6ssbauer a velocidad constante: Francisco S\u00e1nchez, 24 de septiembre - 17:00 h\n  <\/summary>\n  <div style=\"padding: 15px 10px 5px 10px;font-size: 15px;color: #333\">\n    <p> 1. Fundamentos del modo de velocidad constante<\/p>\n\t\t<p> 2. Dise\u00f1o experimental<\/p>\n    <p> 3. Adquisici\u00f3n y an\u00e1lisis de datos <\/p>\n\t\t<p> 4. Ejemplo de aplicaci\u00f3n <\/p>\n  <\/div>\n<\/details>\n<\/div><\/div><div id=\"panel-17-0-0-5\" class=\"widget_text so-panel widget widget_custom_html\" data-index=\"5\" ><div class=\"textwidget custom-html-widget\"><details style=\"border: 2px solid #cc0000;border-radius: 8px;padding: 10px;margin: 10px 0;background-color: #fff\">\n  <summary style=\"font-size: 18px;font-weight: bold;color: #cc0000;cursor: pointer\">\n    \u25b6 Clase 5: Espectroscop\u00eda M\u00f6ssbauer en nanopart\u00edculas y sistemas superparamagn\u00e9ticos: Jean Marc Greneche, 1 de octubre - 10:00 h\n  <\/summary>\n  <div style=\"padding: 15px 10px 5px 10px;font-size: 15px;color: #333\">\n    <p> 1. Introducci\u00f3n al superparamagnetismo<\/p>\n\t\t<p> 2. Implicancias en espectroscop\u00eda M\u00f6ssbauer del regimen superparamagn\u00e9tico<\/p>\n    <p> 3. An\u00e1lisis de espectros de sistemas de nanopart\u00edculas<\/p>\n  <\/div>\n<\/details>\n<\/div><\/div><div id=\"panel-17-0-0-6\" class=\"widget_text so-panel widget widget_custom_html\" data-index=\"6\" ><div class=\"textwidget custom-html-widget\"><details style=\"border: 2px solid #cc0000;border-radius: 8px;padding: 10px;margin: 10px 0;background-color: #fff\">\n  <summary style=\"font-size: 18px;font-weight: bold;color: #cc0000;cursor: pointer\">\n    \u25b6 Clase 6: Aplicaciones del efecto M\u00f6ssbauer en estudios ambientales: Luciana Montes, 8 de octubre - 17:00 h\n  <\/summary>\n  <div style=\"padding: 15px 10px 5px 10px;font-size: 15px;font-weight: bold;color: #333\">\n    <p> 1. Caracterizaci\u00f3n de matrices ambientales naturales: suelos, arenas, arcillas, algas, sedimentos. Relevancia de la espectroscop\u00eda M\u00f6ssbauer<\/p>\n\t\t<p> 2. Caracterizaci\u00f3n de materiales adsorbentes de contaminantes<\/p>\n    <p> 3. S\u00edntesis y caracterizaci\u00f3n de materiales adsorbentes modificados con \u00f3xidos de Fe<\/p>\n\t\t<p> 4. Efecto del material soporte en las caracter\u00edsticas de los \u00f3xidos de Fe formados y en la capacidad de adsorci\u00f3n de contaminantes<\/p>\n  <\/div>\n<\/details>\n<\/div><\/div><div id=\"panel-17-0-0-7\" class=\"widget_text so-panel widget widget_custom_html\" data-index=\"7\" ><div class=\"textwidget custom-html-widget\"><details style=\"border: 2px solid #cc0000;border-radius: 8px;padding: 10px;margin: 10px 0;background-color: #fff\">\n  <summary style=\"font-size: 18px;font-weight: bold;color: #cc0000;cursor: pointer\">\n    \u25b6 Clase 7: Dispersi\u00f3n Nuclear Resonante y fuentes M\u00f6ssbauer Sincrot\u00f3n: Dimitros Bessas, 15 de octubre - 15:00 h\n  <\/summary>\n  <div style=\"padding: 15px 10px 5px 10px;font-size: 15px;font-weight: bold;color: #333\">\n    <p> 1. Introducci\u00f3n a la dispersi\u00f3n nuclear resonante y su relaci\u00f3n con el efecto M\u00f6ssbauer.<\/p>\n\t\t<p> 2. Principios del Nuclear Forward Scattering (NFS) como t\u00e9cnica en dominio temporal utilizando radiaci\u00f3n sincritr\u00f3n.<\/p>\n    <p> 3. Fuentes M\u00f6ssbauer de sincrotr\u00f3n (Synchrotron M\u00f6ssbauer Source, SMS): concepto, generaci\u00f3n de radiaci\u00f3n monocrom\u00e1tica resonante y caracter\u00edsticas principales. <\/p>\n\t\t<p> 4. Comparaci\u00f3n con la espectroscop\u00eda M\u00f6ssbauer convencional en dominio de energ\u00eda (fuentes radiactivas).<\/p>\n\t\t<p> 5. An\u00e1lisis de las se\u00f1ales caracter\u00edsticas: espectros de absorci\u00f3n vs. decaimientos temporales con \u201cquantum beats\u201d.<\/p>\n\t\t<p> 6. Relaci\u00f3n entre los enfoques en dominio temporal y energ\u00e9tico mediante transformadas de Fourier.<\/p>\n\t\t<p> 7. Ventajas, limitaciones y aplicaciones en el estudio de interacciones hiperfinas y procesos din\u00e1micos.<\/p>\n  <\/div>\n<\/details>\n<\/div><\/div><div id=\"panel-17-0-0-8\" class=\"widget_text so-panel widget widget_custom_html panel-last-child\" data-index=\"8\" ><div class=\"textwidget custom-html-widget\"><details style=\"border: 2px solid #cc0000;border-radius: 8px;padding: 10px;margin: 10px 0;background-color: #fff\">\n  <summary style=\"font-size: 18px;font-weight: bold;color: #cc0000;cursor: pointer\">\n    \u25b6 Clase 8: C\u00e1lculo de par\u00e1metros hiperfinos mediante teor\u00eda de la funcional densidad. Comparaci\u00f3n con experimentos: Leonardo Errico, 22 de octubre - 17:00 h\n  <\/summary>\n  <div style=\"padding: 15px 10px 5px 10px;font-size: 15px;font-weight: bold;color: #333\">\n    <p> 1. Teor\u00eda del funcional de la densidad.<\/p>\n\t\t<p> 2. Aproximaci\u00f3n de Born-Oppenheimer. El problema de la correlaci\u00f3n e intercambio.<\/p>\n    <p> 3. Las Ecuaciones de Kohn y Sham. Resolviendo las ecuaciones: ondas planas, ondas planas linearizadas, potenciales completos y pseudopotenciales. <\/p>\n\t\t<p> 4. El m\u00e9todo full-potential linearized augmented plane wave (FP-LAPW).<\/p>\n\t\t<p> 5. Propiedades estructurales, electr\u00f3nicas, y magn\u00e9ticas. Minimizaci\u00f3n estructural, fuerzas, momentos magn\u00e9ticos, propiedades hiperfinas (corrimiento isom\u00e9rico, gradiente de campo el\u00e9ctrico, campo hiperfino).<\/p>\n\t\t<p> 6. Teor\u00eda versus experimentos de espectroscop\u00eda M\u00f6ssbauer. Ejemplos en \u00f3xidos y sistemas met\u00e1licos.<\/p>\n  <\/div>\n<\/details>\n<\/div><\/div><\/div><\/div><\/div>","protected":false},"excerpt":{"rendered":"<p>En el marco de la XIX Latin American Conference on the Applications of the M\u00f6ssbauer Effect (LACAME) se realizar\u00e1 la Escuela Latinoamericana de Espectroscop\u00eda M\u00f6ssbauer (ELAEM), siendo una actividad formativa orientada a brindar una introducci\u00f3n a los fundamentos y aplicaciones de esta t\u00e9cnica.La escuela est\u00e1 dirigida a estudiantes de grado y posgrado, becarias\/os e investigadoras\/es [&hellip;]<\/p>\n","protected":false},"author":2,"featured_media":0,"parent":0,"menu_order":0,"comment_status":"closed","ping_status":"closed","template":"","meta":{"advgb_blocks_editor_width":"","advgb_blocks_columns_visual_guide":"","footnotes":""},"class_list":["post-17","page","type-page","status-publish","hentry","post"],"aioseo_notices":[],"coauthors":[],"author_meta":{"author_link":"https:\/\/congresos.unlp.edu.ar\/lacame2026\/author\/congresos\/","display_name":"congresos"},"relative_dates":{"created":"Posted 5 months ago","modified":"Updated 1 day ago"},"absolute_dates":{"created":"Posted on 20 November, 2025","modified":"Updated on 30 April, 2026"},"absolute_dates_time":{"created":"Posted on 20 November, 2025 11:42 am","modified":"Updated on 30 April, 2026 10:04 pm"},"featured_img_caption":"","featured_img":false,"series_order":"","_links":{"self":[{"href":"https:\/\/congresos.unlp.edu.ar\/lacame2026\/wp-json\/wp\/v2\/pages\/17","targetHints":{"allow":["GET"]}}],"collection":[{"href":"https:\/\/congresos.unlp.edu.ar\/lacame2026\/wp-json\/wp\/v2\/pages"}],"about":[{"href":"https:\/\/congresos.unlp.edu.ar\/lacame2026\/wp-json\/wp\/v2\/types\/page"}],"author":[{"embeddable":true,"href":"https:\/\/congresos.unlp.edu.ar\/lacame2026\/wp-json\/wp\/v2\/users\/2"}],"replies":[{"embeddable":true,"href":"https:\/\/congresos.unlp.edu.ar\/lacame2026\/wp-json\/wp\/v2\/comments?post=17"}],"version-history":[{"count":0,"href":"https:\/\/congresos.unlp.edu.ar\/lacame2026\/wp-json\/wp\/v2\/pages\/17\/revisions"}],"wp:attachment":[{"href":"https:\/\/congresos.unlp.edu.ar\/lacame2026\/wp-json\/wp\/v2\/media?parent=17"}],"curies":[{"name":"wp","href":"https:\/\/api.w.org\/{rel}","templated":true}]}}