{"id":15,"date":"2025-11-20T11:42:49","date_gmt":"2025-11-20T14:42:49","guid":{"rendered":"https:\/\/congresos.unlp.edu.ar\/lacame2026\/?page_id=15"},"modified":"2026-04-30T11:29:41","modified_gmt":"2026-04-30T14:29:41","slug":"commitee","status":"publish","type":"page","link":"https:\/\/congresos.unlp.edu.ar\/lacame2026\/commitee\/","title":{"rendered":"Committee"},"content":{"rendered":"<h1><strong>Organizing Committee<\/strong><\/h1>\n<ul>\n<li><span style=\"color: #3366ff\">Pasquevich, Gustavo (Chair, Instituto de F\u00edsica La Plata IFLP &#8211; CONICET, Universidad Nacional de La Plata UNLP)<\/span><\/li>\n<li><span style=\"color: #3366ff\">Montes, Mar\u00eda Luciana (Chair, Instituto de F\u00edsica La Plata IFLP &#8211; CONICET, Universidad Nacional de La Plata UNLP)<\/span><\/li>\n<li><span style=\"color: #3366ff\">Damonte, Virginia (Instituto de F\u00edsica La Plata IFLP &#8211; CONICET, UNLP)<\/span><\/li>\n<li><span style=\"color: #3366ff\">Gil Rebaza, Arles\u00a0(Instituto de F\u00edsica La Plata IFLP &#8211; CONICET, Universidad Nacional de La Plata UNLP)<\/span><\/li>\n<li><span style=\"color: #3366ff\">Lavorato, Gabriel (Instituto de Investigaciones Fisicoqu\u00edmicas Te\u00f3ricas y Aplicadas INIFTA &#8211; CONICET, Universidad Nacional de La Plata UNLP)<\/span><\/li>\n<li><span style=\"color: #3366ff\">Marchetti, Gustavo (CINDECA-CONICET, Departamento de Qu\u00edmica, Facultad de Cuencias Exactas, Universidad Nacional de La Plata UNLP)<\/span><\/li>\n<li><span style=\"color: #3366ff\">Mendoza Z\u00e9lis, Pedro\u00a0(Instituto de F\u00edsica La Plata IFLP &#8211; CONICET, Universidad Nacional de La Plata UNLP)<\/span><\/li>\n<li><span style=\"color: #3366ff\">Meyer, Marcos (Instituto de F\u00edsica La Plata IFLP &#8211; CONICET, Universidad Nacional de La Plata UNLP)<\/span><\/li>\n<li><span style=\"color: #3366ff\">Orozco Henao, Juan (Instituto de Investigaciones Fisicoqu\u00edmicas Te\u00f3ricas y Aplicadas INIFTA &#8211; CONICET, Universidad Nacional de La Plata UNLP)<\/span><\/li>\n<li><span style=\"color: #3366ff\">Pampillo, Laura (Laboratorio de S\u00f3lidos Amorfos (LSA), FI-UBA, INTECIN, FIUBA-CONICET)<\/span><\/li>\n<li><span style=\"color: #3366ff\">Ramos, Cinthia (Departamento de F\u00edsica de la Materia Condensada, GIyA-CAC-CNEA, Instituto de Nanociencia y Nanotecnolog\u00eda (INN), CNEA-CONICET)<\/span><\/li>\n<li><span style=\"color: #3366ff\">Rodr\u00edguez Torres, Claudia (Instituto de F\u00edsica La Plata IFLP &#8211; CONICET, Universidad Nacional de La Plata UNLP)<\/span><\/li>\n<li><span style=\"color: #3366ff\">Saccone, Fabio (Departamento de F\u00edsica, FI-UBA, YPF Tecnolog\u00eda S.A.)<\/span><\/li>\n<li><span style=\"color: #3366ff\">S\u00e1nchez, Francisco (Instituto de F\u00edsica La Plata IFLP &#8211; CONICET, Universidad Nacional de La Plata UNLP)<\/span><\/li>\n<li><span style=\"color: #3366ff\">Sives, Flavio (Instituto de F\u00edsica La Plata IFLP &#8211; CONICET, Universidad Nacional de La Plata UNLP)<\/span><\/li>\n<li><span style=\"color: #3366ff\">Veiga, Alejandro (Instituto de Investigaciones en Electr\u00f3nica, Control y Procesamiento de Se\u00f1ales LEICI &#8211; CONICET, Universidad Nacional de La Plata UNLP)<\/span><\/li>\n<\/ul>\n<h1><strong>Scientific Committee<\/strong><\/h1>\n<ul>\n<li><span style=\"color: #3366ff\">Ramos, Cinthia (Departamento de F\u00edsica de la Materia Condensada, GIyA-CAC-CNEA, Instituto de Nanociencia y Nanotecnolog\u00eda (INN), CNEA-CONICET, Argentina \ud83c\udde6\ud83c\uddf7)<\/span><\/li>\n<li><span style=\"color: #3366ff\">Stewart, Silvana (Universidad Nacional de La Plata UNLP, Argentina \ud83c\udde6\ud83c\uddf7)<\/span><\/li>\n<li><span style=\"color: #3366ff\">Baggio Saitovitch, Elisa (Centro Brasileiro de Pesquisas Fisicas CBPF \/MCTI, Brasil \ud83c\udde7\ud83c\uddf7)<\/span><\/li>\n<li><span style=\"color: #3366ff\">Passamani Caetano, Edson (Universidade Federal de Esp\u00edrito Santo UFES, Brasil \ud83c\udde7\ud83c\uddf7)<\/span><\/li>\n<li><span style=\"color: #3366ff\">Pizarro Arriagada, Carmen (Facultad de Qu\u00edmica y Biolog\u00eda, Universidad de Santiago de Chile, Chile \ud83c\udde8\ud83c\uddf1)<\/span><\/li>\n<li><span style=\"color: #3366ff\">Barrero Meneses, C\u00e9sar (Facultad de Ciencias Exactas y Naturales, Universidad de Antioquia, UdeA, Medellin, Colombia \ud83c\udde8\ud83c\uddf4)<\/span><\/li>\n<li><span style=\"color: #3366ff\">Mun\u00e9var Cagigas, Juli\u00e1n (Departamento de F\u00edsica, Facultad de Ciencias Naturales y Exactas, Universidad del Valle, Colombia \ud83c\udde8\ud83c\uddf4)<\/span><\/li>\n<li><span style=\"color: #3366ff\">Cabral Prieto, Agust\u00edn (Instituto Nacional de Investigaciones Nucleares, M\u00e9xico \ud83c\uddf2\ud83c\uddfd)<\/span><\/li>\n<li><span style=\"color: #3366ff\">Ja\u00e9n, Juan Antonio (Facultad de Ciencias Naturales, Exactas y Tecnolog\u00eda, Universidad de Panam\u00e1, Panam\u00e1 \ud83c\uddf5\ud83c\udde6)<\/span><\/li>\n<li><span style=\"color: #3366ff\">Pe\u00f1a Rodr\u00edguez, Victor (Per\u00fa \ud83c\uddf5\ud83c\uddea)<\/span><\/li>\n<li><span style=\"color: #3366ff\">Ramos Guivar, Juan Adri\u00e1n (Grupo de Investigaci\u00f3n NANOTECH, Facultad de Ciencias F\u00edsicas, Universidad Nacional Mayor de San Marcos, Lima, Per\u00fa \ud83c\uddf5\ud83c\uddea)<\/span><\/li>\n<\/ul>\n","protected":false},"excerpt":{"rendered":"<p>Organizing Committee Pasquevich, Gustavo (Chair, Instituto de F\u00edsica La Plata IFLP &#8211; CONICET, Universidad Nacional de La Plata UNLP) Montes, Mar\u00eda Luciana (Chair, Instituto de F\u00edsica La Plata IFLP &#8211; CONICET, Universidad Nacional de La Plata UNLP) Damonte, Virginia (Instituto de F\u00edsica La Plata IFLP &#8211; CONICET, UNLP) Gil Rebaza, Arles\u00a0(Instituto de F\u00edsica La Plata [&hellip;]<\/p>\n","protected":false},"author":2,"featured_media":0,"parent":0,"menu_order":0,"comment_status":"closed","ping_status":"closed","template":"","meta":{"advgb_blocks_editor_width":"","advgb_blocks_columns_visual_guide":"","footnotes":""},"class_list":["post-15","page","type-page","status-publish","hentry","post"],"aioseo_notices":[],"coauthors":[],"author_meta":{"author_link":"https:\/\/congresos.unlp.edu.ar\/lacame2026\/author\/congresos\/","display_name":"congresos"},"relative_dates":{"created":"Posted 5 months ago","modified":"Updated 1 day ago"},"absolute_dates":{"created":"Posted on 20 November, 2025","modified":"Updated on 30 April, 2026"},"absolute_dates_time":{"created":"Posted on 20 November, 2025 11:42 am","modified":"Updated on 30 April, 2026 11:29 am"},"featured_img_caption":"","featured_img":false,"series_order":"","_links":{"self":[{"href":"https:\/\/congresos.unlp.edu.ar\/lacame2026\/wp-json\/wp\/v2\/pages\/15","targetHints":{"allow":["GET"]}}],"collection":[{"href":"https:\/\/congresos.unlp.edu.ar\/lacame2026\/wp-json\/wp\/v2\/pages"}],"about":[{"href":"https:\/\/congresos.unlp.edu.ar\/lacame2026\/wp-json\/wp\/v2\/types\/page"}],"author":[{"embeddable":true,"href":"https:\/\/congresos.unlp.edu.ar\/lacame2026\/wp-json\/wp\/v2\/users\/2"}],"replies":[{"embeddable":true,"href":"https:\/\/congresos.unlp.edu.ar\/lacame2026\/wp-json\/wp\/v2\/comments?post=15"}],"version-history":[{"count":0,"href":"https:\/\/congresos.unlp.edu.ar\/lacame2026\/wp-json\/wp\/v2\/pages\/15\/revisions"}],"wp:attachment":[{"href":"https:\/\/congresos.unlp.edu.ar\/lacame2026\/wp-json\/wp\/v2\/media?parent=15"}],"curies":[{"name":"wp","href":"https:\/\/api.w.org\/{rel}","templated":true}]}}