{"id":782,"date":"2024-10-08T12:15:33","date_gmt":"2024-10-08T15:15:33","guid":{"rendered":"https:\/\/congresos.unlp.edu.ar\/jqi\/?page_id=782"},"modified":"2024-10-09T12:14:32","modified_gmt":"2024-10-09T15:14:32","slug":"valeria-palermo","status":"publish","type":"page","link":"https:\/\/congresos.unlp.edu.ar\/jqi\/valeria-palermo\/","title":{"rendered":""},"content":{"rendered":"<div id=\"pl-782\"  class=\"panel-layout\" ><div id=\"pg-782-0\"  class=\"panel-grid panel-no-style\" ><div id=\"pgc-782-0-0\"  class=\"panel-grid-cell panel-grid-cell-mobile-last\" ><div id=\"panel-782-0-0-0\" class=\"so-panel widget widget_sow-button panel-first-child panel-last-child\" data-index=\"0\" ><div\n\t\t\t\n\t\t\tclass=\"so-widget-sow-button so-widget-sow-button-flat-36e22cfc6189-782\"\n\t\t\t\n\t\t><div class=\"ow-button-base ow-button-align-center\"\n>\n\t\t\t<a\n\t\t\t\t\thref=\"https:\/\/congresos.unlp.edu.ar\/jqi\/conferencistas\/\"\n\t\t\t\t\tclass=\"sowb-button ow-icon-placement-left ow-button-hover\" \t>\n\t\t<span>\n\t\t\t<span class=\"sow-icon-fontawesome sow-far\" data-sow-icon=\"&#xf359;\"\n\t\tstyle=\"color: #dd3333\" \n\t\taria-hidden=\"true\"><\/span>\n\t\t\tVolver a Conferencistas\t\t<\/span>\n\t\t\t<\/a>\n\t<\/div>\n<\/div><\/div><\/div><div id=\"pgc-782-0-1\"  class=\"panel-grid-cell panel-grid-cell-empty\" ><\/div><\/div><div id=\"pg-782-1\"  class=\"panel-grid panel-no-style\" ><div id=\"pgc-782-1-0\"  class=\"panel-grid-cell\" ><div id=\"panel-782-1-0-0\" class=\"so-panel widget widget_sow-image panel-first-child panel-last-child\" data-index=\"1\" ><div\n\t\t\t\n\t\t\tclass=\"so-widget-sow-image so-widget-sow-image-default-1cd76a98e0df-782\"\n\t\t\t\n\t\t>\n<div class=\"sow-image-container\">\n\t\t<img \n\tsrc=\"https:\/\/congresos.unlp.edu.ar\/jqi\/wp-content\/uploads\/sites\/55\/2024\/10\/VPalermo.png\" width=\"942\" height=\"942\" srcset=\"https:\/\/congresos.unlp.edu.ar\/jqi\/wp-content\/uploads\/sites\/55\/2024\/10\/VPalermo.png 942w, https:\/\/congresos.unlp.edu.ar\/jqi\/wp-content\/uploads\/sites\/55\/2024\/10\/VPalermo-300x300.png 300w, https:\/\/congresos.unlp.edu.ar\/jqi\/wp-content\/uploads\/sites\/55\/2024\/10\/VPalermo-150x150.png 150w, https:\/\/congresos.unlp.edu.ar\/jqi\/wp-content\/uploads\/sites\/55\/2024\/10\/VPalermo-768x768.png 768w\" sizes=\"(max-width: 942px) 100vw, 942px\" title=\"Valeria Palermo\" alt=\"\" \t\tclass=\"so-widget-image\"\/>\n\t<\/div>\n\n<\/div><\/div><\/div><div id=\"pgc-782-1-1\"  class=\"panel-grid-cell\" ><div id=\"panel-782-1-1-0\" class=\"so-panel widget widget_sow-editor panel-first-child panel-last-child\" data-index=\"2\" ><div\n\t\t\t\n\t\t\tclass=\"so-widget-sow-editor so-widget-sow-editor-base\"\n\t\t\t\n\t\t>\n<div class=\"siteorigin-widget-tinymce textwidget\">\n\t<h3>Valeria Palermo<\/h3>\n<p>Investigadora Adjunta CONICET en CINDECA (UNLP - CONICET - CIC)<br \/>\nProf. Adjunta. Qu\u00edmica Org\u00e1nica - Fac. Cs. Exactas- UNLP<\/p>\n<p>&nbsp;<\/p>\n<p><strong>TITULO:<\/strong><\/p>\n<p><em><strong>\"S\u00edntesis org\u00e1nica ecoeficiente mediante el uso de catalizadores s\u00f3lidos\"<\/strong><\/em><\/p>\n<p>&nbsp;<\/p>\n<\/div>\n<\/div><\/div><\/div><\/div><div id=\"pg-782-2\"  class=\"panel-grid panel-no-style\" ><div id=\"pgc-782-2-0\"  class=\"panel-grid-cell panel-grid-cell-empty\" ><\/div><div id=\"pgc-782-2-1\"  class=\"panel-grid-cell\" ><div id=\"panel-782-2-1-0\" class=\"so-panel widget widget_sow-button panel-first-child panel-last-child\" data-index=\"3\" ><div\n\t\t\t\n\t\t\tclass=\"so-widget-sow-button so-widget-sow-button-flat-36e22cfc6189-782\"\n\t\t\t\n\t\t><div class=\"ow-button-base ow-button-align-center\"\n>\n\t\t\t<a\n\t\t\t\t\thref=\"https:\/\/congresos.unlp.edu.ar\/jqi\/wp-content\/uploads\/sites\/55\/2024\/10\/VIJQI_2024_VPalermo.pdf\"\n\t\t\t\t\tclass=\"sowb-button ow-icon-placement-left ow-button-hover\" target=\"_blank\" rel=\"noopener noreferrer\" download=\"\" \t>\n\t\t<span>\n\t\t\t<span class=\"sow-icon-fontawesome sow-far\" data-sow-icon=\"&#xf1c1;\"\n\t\tstyle=\"color: #dd3333\" \n\t\taria-hidden=\"true\"><\/span>\n\t\t\tDescargar resumen\t\t<\/span>\n\t\t\t<\/a>\n\t<\/div>\n<\/div><\/div><\/div><\/div><\/div>","protected":false},"excerpt":{"rendered":"<p>Valeria Palermo Investigadora Adjunta CONICET en CINDECA (UNLP &#8211; CONICET &#8211; CIC) Prof. Adjunta. Qu\u00edmica Org\u00e1nica &#8211; Fac. Cs. Exactas- UNLP &nbsp; TITULO: &#8220;S\u00edntesis org\u00e1nica ecoeficiente mediante el uso de catalizadores s\u00f3lidos&#8221; &nbsp;<\/p>\n","protected":false},"author":146,"featured_media":0,"parent":0,"menu_order":0,"comment_status":"closed","ping_status":"closed","template":"","meta":{"advgb_blocks_editor_width":"","advgb_blocks_columns_visual_guide":"","footnotes":""},"class_list":["post-782","page","type-page","status-publish","hentry","post"],"aioseo_notices":[],"coauthors":[],"author_meta":{"author_link":"https:\/\/congresos.unlp.edu.ar\/jqi\/author\/leoalonso\/","display_name":"leoalonso"},"relative_dates":{"created":"Posted 1 year ago","modified":"Updated 1 year ago"},"absolute_dates":{"created":"Posted on 8 October, 2024","modified":"Updated on 9 October, 2024"},"absolute_dates_time":{"created":"Posted on 8 October, 2024 12:15 pm","modified":"Updated on 9 October, 2024 12:14 pm"},"featured_img_caption":"","featured_img":false,"series_order":"","_links":{"self":[{"href":"https:\/\/congresos.unlp.edu.ar\/jqi\/wp-json\/wp\/v2\/pages\/782","targetHints":{"allow":["GET"]}}],"collection":[{"href":"https:\/\/congresos.unlp.edu.ar\/jqi\/wp-json\/wp\/v2\/pages"}],"about":[{"href":"https:\/\/congresos.unlp.edu.ar\/jqi\/wp-json\/wp\/v2\/types\/page"}],"author":[{"embeddable":true,"href":"https:\/\/congresos.unlp.edu.ar\/jqi\/wp-json\/wp\/v2\/users\/146"}],"replies":[{"embeddable":true,"href":"https:\/\/congresos.unlp.edu.ar\/jqi\/wp-json\/wp\/v2\/comments?post=782"}],"version-history":[{"count":0,"href":"https:\/\/congresos.unlp.edu.ar\/jqi\/wp-json\/wp\/v2\/pages\/782\/revisions"}],"wp:attachment":[{"href":"https:\/\/congresos.unlp.edu.ar\/jqi\/wp-json\/wp\/v2\/media?parent=782"}],"curies":[{"name":"wp","href":"https:\/\/api.w.org\/{rel}","templated":true}]}}