{"id":765,"date":"2024-10-04T12:17:49","date_gmt":"2024-10-04T15:17:49","guid":{"rendered":"https:\/\/congresos.unlp.edu.ar\/jqi\/?page_id=765"},"modified":"2024-10-08T12:18:45","modified_gmt":"2024-10-08T15:18:45","slug":"carolinawaiman","status":"publish","type":"page","link":"https:\/\/congresos.unlp.edu.ar\/jqi\/carolinawaiman\/","title":{"rendered":""},"content":{"rendered":"<div id=\"pl-765\"  class=\"panel-layout\" ><div id=\"pg-765-0\"  class=\"panel-grid panel-no-style\" ><div id=\"pgc-765-0-0\"  class=\"panel-grid-cell panel-grid-cell-mobile-last\" ><div id=\"panel-765-0-0-0\" class=\"so-panel widget widget_sow-button panel-first-child panel-last-child\" data-index=\"0\" ><div\n\t\t\t\n\t\t\tclass=\"so-widget-sow-button so-widget-sow-button-flat-36e22cfc6189-765\"\n\t\t\t\n\t\t><div class=\"ow-button-base ow-button-align-center\"\n>\n\t\t\t<a\n\t\t\t\t\thref=\"https:\/\/congresos.unlp.edu.ar\/jqi\/conferencistas\/\"\n\t\t\t\t\tclass=\"sowb-button ow-icon-placement-left ow-button-hover\" \t>\n\t\t<span>\n\t\t\t<span class=\"sow-icon-fontawesome sow-far\" data-sow-icon=\"&#xf359;\"\n\t\tstyle=\"color: #dd3333\" \n\t\taria-hidden=\"true\"><\/span>\n\t\t\tVolver a conferencistas\t\t<\/span>\n\t\t\t<\/a>\n\t<\/div>\n<\/div><\/div><\/div><div id=\"pgc-765-0-1\"  class=\"panel-grid-cell panel-grid-cell-empty\" ><\/div><\/div><div id=\"pg-765-1\"  class=\"panel-grid panel-no-style\" ><div id=\"pgc-765-1-0\"  class=\"panel-grid-cell\" ><div id=\"panel-765-1-0-0\" class=\"so-panel widget widget_sow-image panel-first-child panel-last-child\" data-index=\"1\" ><div\n\t\t\t\n\t\t\tclass=\"so-widget-sow-image so-widget-sow-image-default-32bd162bdc90-765\"\n\t\t\t\n\t\t>\n<div class=\"sow-image-container\">\n\t\t<img \n\tsrc=\"https:\/\/congresos.unlp.edu.ar\/jqi\/wp-content\/uploads\/sites\/55\/2024\/10\/CWaiman.png\" width=\"535\" height=\"660\" srcset=\"https:\/\/congresos.unlp.edu.ar\/jqi\/wp-content\/uploads\/sites\/55\/2024\/10\/CWaiman.png 535w, https:\/\/congresos.unlp.edu.ar\/jqi\/wp-content\/uploads\/sites\/55\/2024\/10\/CWaiman-243x300.png 243w\" sizes=\"(max-width: 535px) 100vw, 535px\" title=\"Carolina Waiman\" alt=\"\" \t\tclass=\"so-widget-image\"\/>\n\t<\/div>\n\n<\/div><\/div><\/div><div id=\"pgc-765-1-1\"  class=\"panel-grid-cell\" ><div id=\"panel-765-1-1-0\" class=\"so-panel widget widget_sow-editor panel-first-child panel-last-child\" data-index=\"2\" ><div\n\t\t\t\n\t\t\tclass=\"so-widget-sow-editor so-widget-sow-editor-base\"\n\t\t\t\n\t\t>\n<div class=\"siteorigin-widget-tinymce textwidget\">\n\t<h3>Carolina Waiman<\/h3>\n<p>Prof. Adjunta UNS \/ Inv. Adjunta CONICET<\/p>\n<p>INQUISUR \u2013 Departamento de Qu\u00edmica UNS<\/p>\n<p>&nbsp;<\/p>\n<p><strong>TITULO: <\/strong><\/p>\n<p><strong><em>\"Compositos formados por s\u00f3lidos inorg\u00e1nicos y alginato para fotogeneraci\u00f3n de EROs y detecci\u00f3n de contaminantes\"<\/em><\/strong><\/p>\n<\/div>\n<\/div><\/div><\/div><\/div><div id=\"pg-765-2\"  class=\"panel-grid panel-no-style\" ><div id=\"pgc-765-2-0\"  class=\"panel-grid-cell panel-grid-cell-empty\" ><\/div><div id=\"pgc-765-2-1\"  class=\"panel-grid-cell\" ><div id=\"panel-765-2-1-0\" class=\"so-panel widget widget_sow-button panel-first-child panel-last-child\" data-index=\"3\" ><div\n\t\t\t\n\t\t\tclass=\"so-widget-sow-button so-widget-sow-button-flat-36e22cfc6189-765\"\n\t\t\t\n\t\t><div class=\"ow-button-base ow-button-align-center\"\n>\n\t\t\t<a\n\t\t\t\t\thref=\"https:\/\/congresos.unlp.edu.ar\/jqi\/wp-content\/uploads\/sites\/55\/2024\/10\/VIJQI_2024_CWaiman.pdf\"\n\t\t\t\t\tclass=\"sowb-button ow-icon-placement-left ow-button-hover\" target=\"_blank\" rel=\"noopener noreferrer\" download=\"\" \t>\n\t\t<span>\n\t\t\t<span class=\"sow-icon-fontawesome sow-far\" data-sow-icon=\"&#xf1c1;\"\n\t\tstyle=\"color: #dd3333\" \n\t\taria-hidden=\"true\"><\/span>\n\t\t\tDescargar resumen\t\t<\/span>\n\t\t\t<\/a>\n\t<\/div>\n<\/div><\/div><\/div><\/div><\/div>","protected":false},"excerpt":{"rendered":"<p>Carolina Waiman Prof. Adjunta UNS \/ Inv. Adjunta CONICET INQUISUR \u2013 Departamento de Qu\u00edmica UNS &nbsp; TITULO: &#8220;Compositos formados por s\u00f3lidos inorg\u00e1nicos y alginato para fotogeneraci\u00f3n de EROs y detecci\u00f3n de contaminantes&#8221;<\/p>\n","protected":false},"author":146,"featured_media":0,"parent":0,"menu_order":0,"comment_status":"closed","ping_status":"closed","template":"","meta":{"advgb_blocks_editor_width":"","advgb_blocks_columns_visual_guide":"","footnotes":""},"class_list":["post-765","page","type-page","status-publish","hentry","post"],"aioseo_notices":[],"coauthors":[],"author_meta":{"author_link":"https:\/\/congresos.unlp.edu.ar\/jqi\/author\/leoalonso\/","display_name":"leoalonso"},"relative_dates":{"created":"Posted 1 year ago","modified":"Updated 1 year ago"},"absolute_dates":{"created":"Posted on 4 October, 2024","modified":"Updated on 8 October, 2024"},"absolute_dates_time":{"created":"Posted on 4 October, 2024 12:17 pm","modified":"Updated on 8 October, 2024 12:18 pm"},"featured_img_caption":"","featured_img":false,"series_order":"","_links":{"self":[{"href":"https:\/\/congresos.unlp.edu.ar\/jqi\/wp-json\/wp\/v2\/pages\/765","targetHints":{"allow":["GET"]}}],"collection":[{"href":"https:\/\/congresos.unlp.edu.ar\/jqi\/wp-json\/wp\/v2\/pages"}],"about":[{"href":"https:\/\/congresos.unlp.edu.ar\/jqi\/wp-json\/wp\/v2\/types\/page"}],"author":[{"embeddable":true,"href":"https:\/\/congresos.unlp.edu.ar\/jqi\/wp-json\/wp\/v2\/users\/146"}],"replies":[{"embeddable":true,"href":"https:\/\/congresos.unlp.edu.ar\/jqi\/wp-json\/wp\/v2\/comments?post=765"}],"version-history":[{"count":0,"href":"https:\/\/congresos.unlp.edu.ar\/jqi\/wp-json\/wp\/v2\/pages\/765\/revisions"}],"wp:attachment":[{"href":"https:\/\/congresos.unlp.edu.ar\/jqi\/wp-json\/wp\/v2\/media?parent=765"}],"curies":[{"name":"wp","href":"https:\/\/api.w.org\/{rel}","templated":true}]}}