{"id":582,"date":"2024-08-29T15:32:53","date_gmt":"2024-08-29T18:32:53","guid":{"rendered":"https:\/\/congresos.unlp.edu.ar\/jqi\/?page_id=582"},"modified":"2024-09-25T14:03:22","modified_gmt":"2024-09-25T17:03:22","slug":"gustavo-ruiz","status":"publish","type":"page","link":"https:\/\/congresos.unlp.edu.ar\/jqi\/gustavo-ruiz\/","title":{"rendered":""},"content":{"rendered":"<div id=\"pl-582\"  class=\"panel-layout\" ><div id=\"pg-582-0\"  class=\"panel-grid panel-no-style\" ><div id=\"pgc-582-0-0\"  class=\"panel-grid-cell panel-grid-cell-mobile-last\" ><div id=\"panel-582-0-0-0\" class=\"so-panel widget widget_sow-button panel-first-child panel-last-child\" data-index=\"0\" ><div\n\t\t\t\n\t\t\tclass=\"so-widget-sow-button so-widget-sow-button-flat-36e22cfc6189-582\"\n\t\t\t\n\t\t><div class=\"ow-button-base ow-button-align-center\"\n>\n\t\t\t<a\n\t\t\t\t\thref=\"https:\/\/congresos.unlp.edu.ar\/jqi\/conferencistas\/\"\n\t\t\t\t\tclass=\"sowb-button ow-icon-placement-left ow-button-hover\" \t>\n\t\t<span>\n\t\t\t<span class=\"sow-icon-fontawesome sow-far\" data-sow-icon=\"&#xf359;\"\n\t\tstyle=\"color: #dd3333\" \n\t\taria-hidden=\"true\"><\/span>\n\t\t\tVolver a Conferencistas\t\t<\/span>\n\t\t\t<\/a>\n\t<\/div>\n<\/div><\/div><\/div><div id=\"pgc-582-0-1\"  class=\"panel-grid-cell panel-grid-cell-empty\" ><\/div><\/div><div id=\"pg-582-1\"  class=\"panel-grid panel-no-style\" ><div id=\"pgc-582-1-0\"  class=\"panel-grid-cell\" ><div id=\"panel-582-1-0-0\" class=\"so-panel widget widget_sow-image panel-first-child panel-last-child\" data-index=\"1\" ><div class=\"panel-widget-style panel-widget-style-for-582-1-0-0\" ><div\n\t\t\t\n\t\t\tclass=\"so-widget-sow-image so-widget-sow-image-default-15be6fc1a39e-582\"\n\t\t\t\n\t\t>\n<div class=\"sow-image-container\">\n\t\t<img \n\tsrc=\"https:\/\/congresos.unlp.edu.ar\/jqi\/wp-content\/uploads\/sites\/55\/2024\/08\/Gustavo_T_Ruiz.jpg\" width=\"446\" height=\"447\" srcset=\"https:\/\/congresos.unlp.edu.ar\/jqi\/wp-content\/uploads\/sites\/55\/2024\/08\/Gustavo_T_Ruiz.jpg 446w, https:\/\/congresos.unlp.edu.ar\/jqi\/wp-content\/uploads\/sites\/55\/2024\/08\/Gustavo_T_Ruiz-300x300.jpg 300w, https:\/\/congresos.unlp.edu.ar\/jqi\/wp-content\/uploads\/sites\/55\/2024\/08\/Gustavo_T_Ruiz-150x150.jpg 150w\" sizes=\"(max-width: 446px) 100vw, 446px\" title=\"Gustavo T. Ruiz\" alt=\"\" \t\tclass=\"so-widget-image\"\/>\n\t<\/div>\n\n<\/div><\/div><\/div><\/div><div id=\"pgc-582-1-1\"  class=\"panel-grid-cell\" ><div id=\"panel-582-1-1-0\" class=\"so-panel widget widget_sow-editor panel-first-child\" data-index=\"2\" ><div\n\t\t\t\n\t\t\tclass=\"so-widget-sow-editor so-widget-sow-editor-base\"\n\t\t\t\n\t\t>\n<div class=\"siteorigin-widget-tinymce textwidget\">\n\t<h3>Gustavo T. Ruiz<\/h3>\n<p>Investigador Independiente de CONICET, Instituto de Investigaciones F\u00edsico-Qu\u00edmicas Te\u00f3ricas y Aplicadas<br \/>\nProfesor Adjunto del Departamento de Qu\u00edmica, Facultad de Ciencias Exactas, Universidad Nacional de la Plata<\/p>\n<p>&nbsp;<\/p>\n<p>&nbsp;<\/p>\n<\/div>\n<\/div><\/div><div id=\"panel-582-1-1-1\" class=\"so-panel widget widget_sow-editor panel-last-child\" data-index=\"3\" ><div\n\t\t\t\n\t\t\tclass=\"so-widget-sow-editor so-widget-sow-editor-base\"\n\t\t\t\n\t\t>\n<div class=\"siteorigin-widget-tinymce textwidget\">\n\t<p>TITULO:<\/p>\n<p><em><strong>\"COMPLEJOS TRICARBON\u00cdLICOS DE RENIO(I): PROPIEDADES FOTOQU\u00cdMICAS Y APLICACIONES\"<\/strong><\/em><\/p>\n<p>&nbsp;<\/p>\n<p>&nbsp;<\/p>\n<p>&nbsp;<\/p>\n<\/div>\n<\/div><\/div><\/div><\/div><div id=\"pg-582-2\"  class=\"panel-grid panel-no-style\" ><div id=\"pgc-582-2-0\"  class=\"panel-grid-cell panel-grid-cell-empty\" ><\/div><div id=\"pgc-582-2-1\"  class=\"panel-grid-cell\" ><div id=\"panel-582-2-1-0\" class=\"so-panel widget widget_sow-button panel-first-child panel-last-child\" data-index=\"4\" ><div\n\t\t\t\n\t\t\tclass=\"so-widget-sow-button so-widget-sow-button-flat-36e22cfc6189-582\"\n\t\t\t\n\t\t><div class=\"ow-button-base ow-button-align-center\"\n>\n\t\t\t<a\n\t\t\t\t\thref=\"https:\/\/congresos.unlp.edu.ar\/jqi\/wp-content\/uploads\/sites\/55\/2024\/09\/VIJQI_2024_G_T_RUIZ.pdf\"\n\t\t\t\t\tclass=\"sowb-button ow-icon-placement-left ow-button-hover\" target=\"_blank\" rel=\"noopener noreferrer\" download=\"\" \t>\n\t\t<span>\n\t\t\t<span class=\"sow-icon-fontawesome sow-far\" data-sow-icon=\"&#xf1c1;\"\n\t\tstyle=\"color: #dd3333\" \n\t\taria-hidden=\"true\"><\/span>\n\t\t\tDescargar Resumen\t\t<\/span>\n\t\t\t<\/a>\n\t<\/div>\n<\/div><\/div><\/div><\/div><\/div>","protected":false},"excerpt":{"rendered":"<p>Gustavo T. Ruiz Investigador Independiente de CONICET, Instituto de Investigaciones F\u00edsico-Qu\u00edmicas Te\u00f3ricas y Aplicadas Profesor Adjunto del Departamento de Qu\u00edmica, Facultad de Ciencias Exactas, Universidad Nacional de la Plata &nbsp; &nbsp; TITULO: &#8220;COMPLEJOS TRICARBON\u00cdLICOS DE RENIO(I): PROPIEDADES FOTOQU\u00cdMICAS Y APLICACIONES&#8221; &nbsp; &nbsp; &nbsp;<\/p>\n","protected":false},"author":146,"featured_media":0,"parent":0,"menu_order":0,"comment_status":"closed","ping_status":"closed","template":"","meta":{"advgb_blocks_editor_width":"","advgb_blocks_columns_visual_guide":"","footnotes":""},"class_list":["post-582","page","type-page","status-publish","hentry","post"],"aioseo_notices":[],"coauthors":[],"author_meta":{"author_link":"https:\/\/congresos.unlp.edu.ar\/jqi\/author\/leoalonso\/","display_name":"leoalonso"},"relative_dates":{"created":"Posted 2 years ago","modified":"Updated 2 years ago"},"absolute_dates":{"created":"Posted on 29 August, 2024","modified":"Updated on 25 September, 2024"},"absolute_dates_time":{"created":"Posted on 29 August, 2024 3:32 pm","modified":"Updated on 25 September, 2024 2:03 pm"},"featured_img_caption":"","featured_img":false,"series_order":"","_links":{"self":[{"href":"https:\/\/congresos.unlp.edu.ar\/jqi\/wp-json\/wp\/v2\/pages\/582","targetHints":{"allow":["GET"]}}],"collection":[{"href":"https:\/\/congresos.unlp.edu.ar\/jqi\/wp-json\/wp\/v2\/pages"}],"about":[{"href":"https:\/\/congresos.unlp.edu.ar\/jqi\/wp-json\/wp\/v2\/types\/page"}],"author":[{"embeddable":true,"href":"https:\/\/congresos.unlp.edu.ar\/jqi\/wp-json\/wp\/v2\/users\/146"}],"replies":[{"embeddable":true,"href":"https:\/\/congresos.unlp.edu.ar\/jqi\/wp-json\/wp\/v2\/comments?post=582"}],"version-history":[{"count":0,"href":"https:\/\/congresos.unlp.edu.ar\/jqi\/wp-json\/wp\/v2\/pages\/582\/revisions"}],"wp:attachment":[{"href":"https:\/\/congresos.unlp.edu.ar\/jqi\/wp-json\/wp\/v2\/media?parent=582"}],"curies":[{"name":"wp","href":"https:\/\/api.w.org\/{rel}","templated":true}]}}