{"id":578,"date":"2024-08-29T15:25:55","date_gmt":"2024-08-29T18:25:55","guid":{"rendered":"https:\/\/congresos.unlp.edu.ar\/jqi\/?page_id=578"},"modified":"2024-10-02T11:25:06","modified_gmt":"2024-10-02T14:25:06","slug":"dinorah-gambino","status":"publish","type":"page","link":"https:\/\/congresos.unlp.edu.ar\/jqi\/dinorah-gambino\/","title":{"rendered":""},"content":{"rendered":"<div id=\"pl-578\"  class=\"panel-layout\" ><div id=\"pg-578-0\"  class=\"panel-grid panel-no-style\" ><div id=\"pgc-578-0-0\"  class=\"panel-grid-cell panel-grid-cell-mobile-last\" ><div id=\"panel-578-0-0-0\" class=\"so-panel widget widget_sow-button panel-first-child panel-last-child\" data-index=\"0\" ><div\n\t\t\t\n\t\t\tclass=\"so-widget-sow-button so-widget-sow-button-flat-36e22cfc6189-578\"\n\t\t\t\n\t\t><div class=\"ow-button-base ow-button-align-center\"\n>\n\t\t\t<a\n\t\t\t\t\thref=\"https:\/\/congresos.unlp.edu.ar\/jqi\/conferencistas\/\"\n\t\t\t\t\tclass=\"sowb-button ow-icon-placement-left ow-button-hover\" \t>\n\t\t<span>\n\t\t\t<span class=\"sow-icon-fontawesome sow-far\" data-sow-icon=\"&#xf359;\"\n\t\tstyle=\"color: #dd3333\" \n\t\taria-hidden=\"true\"><\/span>\n\t\t\tVolver a Conferencistas\t\t<\/span>\n\t\t\t<\/a>\n\t<\/div>\n<\/div><\/div><\/div><div id=\"pgc-578-0-1\"  class=\"panel-grid-cell panel-grid-cell-empty\" ><\/div><\/div><div id=\"pg-578-1\"  class=\"panel-grid panel-no-style\" ><div id=\"pgc-578-1-0\"  class=\"panel-grid-cell\" ><div id=\"panel-578-1-0-0\" class=\"so-panel widget widget_sow-image panel-first-child panel-last-child\" data-index=\"1\" ><div\n\t\t\t\n\t\t\tclass=\"so-widget-sow-image so-widget-sow-image-default-15be6fc1a39e-578\"\n\t\t\t\n\t\t>\n<div class=\"sow-image-container\">\n\t\t<img \n\tsrc=\"https:\/\/congresos.unlp.edu.ar\/jqi\/wp-content\/uploads\/sites\/55\/2024\/08\/DinorahGambino.jpg\" width=\"316\" height=\"362\" srcset=\"https:\/\/congresos.unlp.edu.ar\/jqi\/wp-content\/uploads\/sites\/55\/2024\/08\/DinorahGambino.jpg 316w, https:\/\/congresos.unlp.edu.ar\/jqi\/wp-content\/uploads\/sites\/55\/2024\/08\/DinorahGambino-262x300.jpg 262w\" sizes=\"(max-width: 316px) 100vw, 316px\" title=\"Dinorah Gambino\" alt=\"\" \t\tclass=\"so-widget-image\"\/>\n\t<\/div>\n\n<\/div><\/div><\/div><div id=\"pgc-578-1-1\"  class=\"panel-grid-cell\" ><div id=\"panel-578-1-1-0\" class=\"so-panel widget widget_sow-editor panel-first-child\" data-index=\"2\" ><div\n\t\t\t\n\t\t\tclass=\"so-widget-sow-editor so-widget-sow-editor-base\"\n\t\t\t\n\t\t>\n<div class=\"siteorigin-widget-tinymce textwidget\">\n\t<h3><strong>Dinorah Gambino<\/strong><\/h3>\n<p>Doctora en Qu\u00edmica<br \/>\n\u00c1rea Qu\u00edmica Inorg\u00e1nica, Facultad de Qu\u00edmica, Universidad de la Rep\u00fablica, Uruguay<\/p>\n<p>&nbsp;<\/p>\n<p>&nbsp;<\/p>\n<\/div>\n<\/div><\/div><div id=\"panel-578-1-1-1\" class=\"so-panel widget widget_sow-editor panel-last-child\" data-index=\"3\" ><div\n\t\t\t\n\t\t\tclass=\"so-widget-sow-editor so-widget-sow-editor-base\"\n\t\t\t\n\t\t>\n<div class=\"siteorigin-widget-tinymce textwidget\">\n\t<p><strong>TITULO:<\/strong><\/p>\n<p><em><strong>\"DISE\u00d1O RACIONAL DE COMPUESTOS DE VANADIO COMO POTENCIALES AGENTES CONTRA PAR\u00c1SITOS TRIPANOSOM\u00c1TIDOS\"<\/strong><\/em><\/p>\n<p>&nbsp;<\/p>\n<\/div>\n<\/div><\/div><\/div><\/div><div id=\"pg-578-2\"  class=\"panel-grid panel-no-style\" ><div id=\"pgc-578-2-0\"  class=\"panel-grid-cell panel-grid-cell-empty\" ><\/div><div id=\"pgc-578-2-1\"  class=\"panel-grid-cell\" ><div id=\"panel-578-2-1-0\" class=\"so-panel widget widget_sow-button panel-first-child panel-last-child\" data-index=\"4\" ><div\n\t\t\t\n\t\t\tclass=\"so-widget-sow-button so-widget-sow-button-flat-36e22cfc6189-578\"\n\t\t\t\n\t\t><div class=\"ow-button-base ow-button-align-center\"\n>\n\t\t\t<a\n\t\t\t\t\thref=\"https:\/\/congresos.unlp.edu.ar\/jqi\/wp-content\/uploads\/sites\/55\/2024\/10\/VIJQI_2024_DGambino.pdf\"\n\t\t\t\t\tclass=\"sowb-button ow-icon-placement-left ow-button-hover\" target=\"_blank\" rel=\"noopener noreferrer\" download=\"\" \t>\n\t\t<span>\n\t\t\t<span class=\"sow-icon-fontawesome sow-far\" data-sow-icon=\"&#xf1c1;\"\n\t\tstyle=\"color: #dd3333\" \n\t\taria-hidden=\"true\"><\/span>\n\t\t\tDescargar resumen\t\t<\/span>\n\t\t\t<\/a>\n\t<\/div>\n<\/div><\/div><\/div><\/div><\/div>","protected":false},"excerpt":{"rendered":"<p>Dinorah Gambino Doctora en Qu\u00edmica \u00c1rea Qu\u00edmica Inorg\u00e1nica, Facultad de Qu\u00edmica, Universidad de la Rep\u00fablica, Uruguay &nbsp; &nbsp; TITULO: &#8220;DISE\u00d1O RACIONAL DE COMPUESTOS DE VANADIO COMO POTENCIALES AGENTES CONTRA PAR\u00c1SITOS TRIPANOSOM\u00c1TIDOS&#8221; &nbsp;<\/p>\n","protected":false},"author":146,"featured_media":0,"parent":0,"menu_order":0,"comment_status":"closed","ping_status":"closed","template":"","meta":{"advgb_blocks_editor_width":"","advgb_blocks_columns_visual_guide":"","footnotes":""},"class_list":["post-578","page","type-page","status-publish","hentry","post"],"aioseo_notices":[],"coauthors":[],"author_meta":{"author_link":"https:\/\/congresos.unlp.edu.ar\/jqi\/author\/leoalonso\/","display_name":"leoalonso"},"relative_dates":{"created":"Posted 2 years ago","modified":"Updated 2 years ago"},"absolute_dates":{"created":"Posted on 29 August, 2024","modified":"Updated on 2 October, 2024"},"absolute_dates_time":{"created":"Posted on 29 August, 2024 3:25 pm","modified":"Updated on 2 October, 2024 11:25 am"},"featured_img_caption":"","featured_img":false,"series_order":"","_links":{"self":[{"href":"https:\/\/congresos.unlp.edu.ar\/jqi\/wp-json\/wp\/v2\/pages\/578","targetHints":{"allow":["GET"]}}],"collection":[{"href":"https:\/\/congresos.unlp.edu.ar\/jqi\/wp-json\/wp\/v2\/pages"}],"about":[{"href":"https:\/\/congresos.unlp.edu.ar\/jqi\/wp-json\/wp\/v2\/types\/page"}],"author":[{"embeddable":true,"href":"https:\/\/congresos.unlp.edu.ar\/jqi\/wp-json\/wp\/v2\/users\/146"}],"replies":[{"embeddable":true,"href":"https:\/\/congresos.unlp.edu.ar\/jqi\/wp-json\/wp\/v2\/comments?post=578"}],"version-history":[{"count":0,"href":"https:\/\/congresos.unlp.edu.ar\/jqi\/wp-json\/wp\/v2\/pages\/578\/revisions"}],"wp:attachment":[{"href":"https:\/\/congresos.unlp.edu.ar\/jqi\/wp-json\/wp\/v2\/media?parent=578"}],"curies":[{"name":"wp","href":"https:\/\/api.w.org\/{rel}","templated":true}]}}