{"id":26,"date":"2022-05-27T14:06:58","date_gmt":"2022-05-27T17:06:58","guid":{"rendered":"https:\/\/congresos.unlp.edu.ar\/jqi\/?page_id=26"},"modified":"2025-12-26T14:49:37","modified_gmt":"2025-12-26T17:49:37","slug":"fechas-importantes","status":"publish","type":"page","link":"https:\/\/congresos.unlp.edu.ar\/jqi\/fechas-importantes\/","title":{"rendered":"Fechas importantes"},"content":{"rendered":"<p><strong>Inscripci\u00f3n:<\/strong> <span style=\"color: #3366ff\">Pr\u00f3ximamente<\/span><\/p>\n<p><strong>Recepci\u00f3n de res\u00famenes:<\/strong> <span style=\"color: #3366ff\">Pr\u00f3ximamente<\/span><\/p>\n","protected":false},"excerpt":{"rendered":"<p>Inscripci\u00f3n: Pr\u00f3ximamente Recepci\u00f3n de res\u00famenes: Pr\u00f3ximamente<\/p>\n","protected":false},"author":2,"featured_media":0,"parent":0,"menu_order":0,"comment_status":"closed","ping_status":"closed","template":"","meta":{"advgb_blocks_editor_width":"","advgb_blocks_columns_visual_guide":"","footnotes":""},"class_list":["post-26","page","type-page","status-publish","hentry","post"],"aioseo_notices":[],"coauthors":[],"author_meta":{"author_link":"https:\/\/congresos.unlp.edu.ar\/jqi\/author\/congresos\/","display_name":"congresos"},"relative_dates":{"created":"Posted 4 a\u00f1os ago","modified":"Updated 4 meses ago"},"absolute_dates":{"created":"Posted on 27 mayo, 2022","modified":"Updated on 26 diciembre, 2025"},"absolute_dates_time":{"created":"Posted on 27 mayo, 2022 2:06 pm","modified":"Updated on 26 diciembre, 2025 2:49 pm"},"featured_img_caption":"","featured_img":false,"series_order":"","_links":{"self":[{"href":"https:\/\/congresos.unlp.edu.ar\/jqi\/wp-json\/wp\/v2\/pages\/26","targetHints":{"allow":["GET"]}}],"collection":[{"href":"https:\/\/congresos.unlp.edu.ar\/jqi\/wp-json\/wp\/v2\/pages"}],"about":[{"href":"https:\/\/congresos.unlp.edu.ar\/jqi\/wp-json\/wp\/v2\/types\/page"}],"author":[{"embeddable":true,"href":"https:\/\/congresos.unlp.edu.ar\/jqi\/wp-json\/wp\/v2\/users\/2"}],"replies":[{"embeddable":true,"href":"https:\/\/congresos.unlp.edu.ar\/jqi\/wp-json\/wp\/v2\/comments?post=26"}],"version-history":[{"count":0,"href":"https:\/\/congresos.unlp.edu.ar\/jqi\/wp-json\/wp\/v2\/pages\/26\/revisions"}],"wp:attachment":[{"href":"https:\/\/congresos.unlp.edu.ar\/jqi\/wp-json\/wp\/v2\/media?parent=26"}],"curies":[{"name":"wp","href":"https:\/\/api.w.org\/{rel}","templated":true}]}}