{"id":103,"date":"2022-07-26T12:35:40","date_gmt":"2022-07-26T15:35:40","guid":{"rendered":"https:\/\/congresos.unlp.edu.ar\/jqi\/?page_id=103"},"modified":"2025-12-26T15:12:20","modified_gmt":"2025-12-26T18:12:20","slug":"envio-de-trabajos","status":"publish","type":"page","link":"https:\/\/congresos.unlp.edu.ar\/jqi\/envio-de-trabajos\/","title":{"rendered":"Env\u00edo de Trabajos"},"content":{"rendered":"<div id=\"pl-103\"  class=\"panel-layout\" ><div id=\"pg-103-0\"  class=\"panel-grid panel-no-style\" ><div id=\"pgc-103-0-0\"  class=\"panel-grid-cell\" ><div id=\"panel-103-0-0-0\" class=\"so-panel widget widget_sow-editor panel-first-child panel-last-child\" data-index=\"0\" ><div\n\t\t\t\n\t\t\tclass=\"so-widget-sow-editor so-widget-sow-editor-base\"\n\t\t\t\n\t\t>\n<div class=\"siteorigin-widget-tinymce textwidget\">\n\t<p>Los res\u00famenes enviados, deber\u00e1n seguir el formato de la\u00a0<a href=\"https:\/\/congresos.unlp.edu.ar\/jqi\/wp-content\/uploads\/sites\/55\/2024\/07\/Plantilla_Resumen_VIJQI_2024.docx\" target=\"_blank\" rel=\"nofollow noopener\">Plantilla para res\u00famenes<\/a><\/p>\n<p>Para el env\u00edo de trabajos, puede ver el <a href=\"http:\/\/congresos.unlp.edu.ar\/jqi\/wp-content\/uploads\/sites\/55\/2024\/04\/Instructivo_Autores.pdf\" target=\"_blank\" rel=\"nofollow noopener\">Tutorial para autores<\/a><\/p>\n<p>El P\u00f3ster ser\u00e1 en formato F\u00cdSICO (Papel), deber\u00e1 medir <strong>90 cm de ancho x 120 cm de altura<\/strong>. Asimismo, se publicar\u00e1n en este sitio en formato digital, por lo que deber\u00e1 enviar una versi\u00f3n (en .PDF), que no supere los 6 MB<\/p>\n<p>Para el env\u00edo de p\u00f3sters, por favor vea el <a href=\"http:\/\/congresos.unlp.edu.ar\/jqi\/wp-content\/uploads\/sites\/55\/2024\/04\/Instructivo_Autores-Poster.pdf\" target=\"_blank\" rel=\"nofollow noopener\">Instructivo para env\u00edo de P\u00f3ster<\/a><\/p>\n<\/div>\n<\/div><\/div><\/div><\/div><div id=\"pg-103-1\"  class=\"panel-grid panel-no-style\" ><div id=\"pgc-103-1-0\"  class=\"panel-grid-cell\" ><div id=\"panel-103-1-0-0\" class=\"so-panel widget widget_sow-editor panel-first-child panel-last-child\" data-index=\"1\" ><div\n\t\t\t\n\t\t\tclass=\"so-widget-sow-editor so-widget-sow-editor-base\"\n\t\t\t\n\t\t>\n<div class=\"siteorigin-widget-tinymce textwidget\">\n\t<pre><span style=\"color: #ff9900\"><strong>* A\u00fan no se define la fecha de recepci\u00f3n de res\u00famenes<\/strong><\/span><\/pre>\n<\/div>\n<\/div><\/div><\/div><\/div><\/div>","protected":false},"excerpt":{"rendered":"<p>Los res\u00famenes enviados, deber\u00e1n seguir el formato de la\u00a0Plantilla para res\u00famenes Para el env\u00edo de trabajos, puede ver el Tutorial para autores El P\u00f3ster ser\u00e1 en formato F\u00cdSICO (Papel), deber\u00e1 medir 90 cm de ancho x 120 cm de altura. Asimismo, se publicar\u00e1n en este sitio en formato digital, por lo que deber\u00e1 enviar una [&hellip;]<\/p>\n","protected":false},"author":146,"featured_media":0,"parent":0,"menu_order":0,"comment_status":"closed","ping_status":"closed","template":"","meta":{"advgb_blocks_editor_width":"","advgb_blocks_columns_visual_guide":"","footnotes":""},"class_list":["post-103","page","type-page","status-publish","hentry","post"],"aioseo_notices":[],"coauthors":[],"author_meta":{"author_link":"https:\/\/congresos.unlp.edu.ar\/jqi\/author\/leoalonso\/","display_name":"leoalonso"},"relative_dates":{"created":"Posted 4 a\u00f1os ago","modified":"Updated 4 meses ago"},"absolute_dates":{"created":"Posted on 26 julio, 2022","modified":"Updated on 26 diciembre, 2025"},"absolute_dates_time":{"created":"Posted on 26 julio, 2022 12:35 pm","modified":"Updated on 26 diciembre, 2025 3:12 pm"},"featured_img_caption":"","featured_img":false,"series_order":"","_links":{"self":[{"href":"https:\/\/congresos.unlp.edu.ar\/jqi\/wp-json\/wp\/v2\/pages\/103","targetHints":{"allow":["GET"]}}],"collection":[{"href":"https:\/\/congresos.unlp.edu.ar\/jqi\/wp-json\/wp\/v2\/pages"}],"about":[{"href":"https:\/\/congresos.unlp.edu.ar\/jqi\/wp-json\/wp\/v2\/types\/page"}],"author":[{"embeddable":true,"href":"https:\/\/congresos.unlp.edu.ar\/jqi\/wp-json\/wp\/v2\/users\/146"}],"replies":[{"embeddable":true,"href":"https:\/\/congresos.unlp.edu.ar\/jqi\/wp-json\/wp\/v2\/comments?post=103"}],"version-history":[{"count":0,"href":"https:\/\/congresos.unlp.edu.ar\/jqi\/wp-json\/wp\/v2\/pages\/103\/revisions"}],"wp:attachment":[{"href":"https:\/\/congresos.unlp.edu.ar\/jqi\/wp-json\/wp\/v2\/media?parent=103"}],"curies":[{"name":"wp","href":"https:\/\/api.w.org\/{rel}","templated":true}]}}