{"id":847,"date":"2024-08-15T00:16:35","date_gmt":"2024-08-15T03:16:35","guid":{"rendered":"https:\/\/congresos.unlp.edu.ar\/jpdup\/?page_id=847"},"modified":"2024-08-15T00:40:27","modified_gmt":"2024-08-15T03:40:27","slug":"talleres","status":"publish","type":"page","link":"https:\/\/congresos.unlp.edu.ar\/jpdup\/talleres\/","title":{"rendered":"Talleres"},"content":{"rendered":"<h4><strong>PRESENCIAL<\/strong><\/h4>\n<h4>Para participar de los talleres presenciales pueden inscribirse en el Formulario:<span class=\"html-span xdj266r x11i5rnm xat24cr x1mh8g0r xexx8yu x4uap5 x18d9i69 xkhd6sd x1hl2dhg x16tdsg8 x1vvkbs\"><a class=\"x1i10hfl xjbqb8w x1ejq31n xd10rxx x1sy0etr x17r0tee x972fbf xcfux6l x1qhh985 xm0m39n x9f619 x1ypdohk xt0psk2 xe8uvvx xdj266r x11i5rnm xat24cr x1mh8g0r xexx8yu x4uap5 x18d9i69 xkhd6sd x16tdsg8 x1hl2dhg xggy1nq x1a2a7pz x1sur9pj xkrqix3 x1fey0fg\" role=\"link\" href=\"https:\/\/forms.gle\/gxhufXV8VCv5twY37?fbclid=IwZXh0bgNhZW0CMTAAAR2vmMCOhtqrUgVBGzIfC3b5ECMb4Wu2yxCKeXpvlRcXGjm-b0BFRAASPOU_aem_7IfdC6b4rGM0DYcBLU6x-w\" target=\"_blank\" rel=\"nofollow noopener noreferrer\"> https:\/\/forms.gle\/gxhufXV8VCv5twY37<\/a><\/span> o asistir directamente al aula en la que se desarrolla cada uno, en el Edificio Karakachoff.<\/h4>\n<ul>\n<li>\n<h4><b>Taller \u201cProblematizar el lugar de la IA en los procesos de formaci\u00f3n desde las pol\u00edticas acad\u00e9micas de la Universidad\u201d<\/b> | Jueves 15\/8 a las 14 hs. | Aula 107 \u2013 Edificio Karakachoff<\/h4>\n<\/li>\n<\/ul>\n<p><img loading=\"lazy\" decoding=\"async\" class=\"aligncenter wp-image-871 size-large\" src=\"https:\/\/congresos.unlp.edu.ar\/jpdup\/wp-content\/uploads\/sites\/18\/2024\/08\/TALLERES-05-1024x1024.jpg\" alt=\"\" width=\"720\" height=\"720\" srcset=\"https:\/\/congresos.unlp.edu.ar\/jpdup\/wp-content\/uploads\/sites\/18\/2024\/08\/TALLERES-05-1024x1024.jpg 1024w, https:\/\/congresos.unlp.edu.ar\/jpdup\/wp-content\/uploads\/sites\/18\/2024\/08\/TALLERES-05-300x300.jpg 300w, https:\/\/congresos.unlp.edu.ar\/jpdup\/wp-content\/uploads\/sites\/18\/2024\/08\/TALLERES-05-150x150.jpg 150w, https:\/\/congresos.unlp.edu.ar\/jpdup\/wp-content\/uploads\/sites\/18\/2024\/08\/TALLERES-05-768x768.jpg 768w, https:\/\/congresos.unlp.edu.ar\/jpdup\/wp-content\/uploads\/sites\/18\/2024\/08\/TALLERES-05-1536x1536.jpg 1536w, https:\/\/congresos.unlp.edu.ar\/jpdup\/wp-content\/uploads\/sites\/18\/2024\/08\/TALLERES-05-2048x2048.jpg 2048w\" sizes=\"auto, (max-width: 720px) 100vw, 720px\" \/><\/p>\n<p>&nbsp;<\/p>\n<ul>\n<li>\n<h4><b>Taller \u201cCuerpos docentes. En torno al espacio, el movimiento, la palabra y las relaciones pedag\u00f3gicas\u201d | <\/b>Jueves 15\/8 a las 14 hs. | Aula 108 \u2013 Edificio Karakachoff<\/h4>\n<\/li>\n<\/ul>\n<p><img loading=\"lazy\" decoding=\"async\" class=\"aligncenter wp-image-869 size-large\" src=\"https:\/\/congresos.unlp.edu.ar\/jpdup\/wp-content\/uploads\/sites\/18\/2024\/08\/Taller-Cuerpos-docentes-1024x1024.jpg\" alt=\"\" width=\"720\" height=\"720\" srcset=\"https:\/\/congresos.unlp.edu.ar\/jpdup\/wp-content\/uploads\/sites\/18\/2024\/08\/Taller-Cuerpos-docentes-1024x1024.jpg 1024w, https:\/\/congresos.unlp.edu.ar\/jpdup\/wp-content\/uploads\/sites\/18\/2024\/08\/Taller-Cuerpos-docentes-300x300.jpg 300w, https:\/\/congresos.unlp.edu.ar\/jpdup\/wp-content\/uploads\/sites\/18\/2024\/08\/Taller-Cuerpos-docentes-150x150.jpg 150w, https:\/\/congresos.unlp.edu.ar\/jpdup\/wp-content\/uploads\/sites\/18\/2024\/08\/Taller-Cuerpos-docentes-768x768.jpg 768w, https:\/\/congresos.unlp.edu.ar\/jpdup\/wp-content\/uploads\/sites\/18\/2024\/08\/Taller-Cuerpos-docentes-1536x1536.jpg 1536w, https:\/\/congresos.unlp.edu.ar\/jpdup\/wp-content\/uploads\/sites\/18\/2024\/08\/Taller-Cuerpos-docentes-2048x2048.jpg 2048w\" sizes=\"auto, (max-width: 720px) 100vw, 720px\" \/><\/p>\n<p>&nbsp;<\/p>\n<ul>\n<li>\n<h4><b>Taller \u201cVeo, veo \u00bfme ves? Pr\u00e1cticas docentes y disidencias sexog\u00e9nericas en la Educaci\u00f3n Superior\u201d\u00a0 | <\/b>Viernes 16 de agosto a las 14:30 hs. | Aula 106 \u2013 Edificio Karakachoff<\/h4>\n<\/li>\n<\/ul>\n<p><img loading=\"lazy\" decoding=\"async\" class=\"aligncenter wp-image-870 size-large\" src=\"https:\/\/congresos.unlp.edu.ar\/jpdup\/wp-content\/uploads\/sites\/18\/2024\/08\/Taller-practicas-docentes-y-disidensias-sexogenericas-1024x1024.jpg\" alt=\"\" width=\"720\" height=\"720\" srcset=\"https:\/\/congresos.unlp.edu.ar\/jpdup\/wp-content\/uploads\/sites\/18\/2024\/08\/Taller-practicas-docentes-y-disidensias-sexogenericas-1024x1024.jpg 1024w, https:\/\/congresos.unlp.edu.ar\/jpdup\/wp-content\/uploads\/sites\/18\/2024\/08\/Taller-practicas-docentes-y-disidensias-sexogenericas-300x300.jpg 300w, https:\/\/congresos.unlp.edu.ar\/jpdup\/wp-content\/uploads\/sites\/18\/2024\/08\/Taller-practicas-docentes-y-disidensias-sexogenericas-150x150.jpg 150w, https:\/\/congresos.unlp.edu.ar\/jpdup\/wp-content\/uploads\/sites\/18\/2024\/08\/Taller-practicas-docentes-y-disidensias-sexogenericas-768x768.jpg 768w, https:\/\/congresos.unlp.edu.ar\/jpdup\/wp-content\/uploads\/sites\/18\/2024\/08\/Taller-practicas-docentes-y-disidensias-sexogenericas-1536x1536.jpg 1536w, https:\/\/congresos.unlp.edu.ar\/jpdup\/wp-content\/uploads\/sites\/18\/2024\/08\/Taller-practicas-docentes-y-disidensias-sexogenericas-2048x2048.jpg 2048w\" sizes=\"auto, (max-width: 720px) 100vw, 720px\" \/><\/p>\n<p>&nbsp;<\/p>\n<ul>\n<li>\n<h4><b>Taller de reflexi\u00f3n con los graduados de la EDU-UNLP: \u201cPr\u00e1cticas docentes en la Universidad: tensiones, desaf\u00edos actuales y transformaciones\u201d | <\/b>Lunes 19 de agosto \u2013 14 hs. | Aula 107 \u2013 Edificio Karakachoff<\/h4>\n<\/li>\n<\/ul>\n<p><img loading=\"lazy\" decoding=\"async\" class=\"aligncenter wp-image-872 size-large\" src=\"https:\/\/congresos.unlp.edu.ar\/jpdup\/wp-content\/uploads\/sites\/18\/2024\/08\/TALLERES-06-1024x1024.jpg\" alt=\"\" width=\"720\" height=\"720\" srcset=\"https:\/\/congresos.unlp.edu.ar\/jpdup\/wp-content\/uploads\/sites\/18\/2024\/08\/TALLERES-06-1024x1024.jpg 1024w, https:\/\/congresos.unlp.edu.ar\/jpdup\/wp-content\/uploads\/sites\/18\/2024\/08\/TALLERES-06-300x300.jpg 300w, https:\/\/congresos.unlp.edu.ar\/jpdup\/wp-content\/uploads\/sites\/18\/2024\/08\/TALLERES-06-150x150.jpg 150w, https:\/\/congresos.unlp.edu.ar\/jpdup\/wp-content\/uploads\/sites\/18\/2024\/08\/TALLERES-06-768x768.jpg 768w, https:\/\/congresos.unlp.edu.ar\/jpdup\/wp-content\/uploads\/sites\/18\/2024\/08\/TALLERES-06-1536x1536.jpg 1536w, https:\/\/congresos.unlp.edu.ar\/jpdup\/wp-content\/uploads\/sites\/18\/2024\/08\/TALLERES-06-2048x2048.jpg 2048w\" sizes=\"auto, (max-width: 720px) 100vw, 720px\" \/><\/p>\n<p>&nbsp;<\/p>\n<ul>\n<li>\n<h4><strong>Taller de carreras de Formaci\u00f3n Docente Universitaria | <\/strong>Jueves 14 hs. | Virtual<\/h4>\n<\/li>\n<\/ul>\n<ul>\n<li>\n<h4><b>Mesa de presentaci\u00f3n \u201cLa producci\u00f3n de conocimiento sobre la ense\u00f1anza universitaria desde las pr\u00e1cticas docentes\u201d | <\/b>Viernes 16\/8 a las 14 hs. | Aula 107 \u2013 Edificio Karakachoff<\/h4>\n<\/li>\n<\/ul>\n<p><img loading=\"lazy\" decoding=\"async\" class=\"aligncenter wp-image-868 size-large\" src=\"https:\/\/congresos.unlp.edu.ar\/jpdup\/wp-content\/uploads\/sites\/18\/2024\/08\/mesa-de-presentacion-de-publicaciones-1024x1024.jpg\" alt=\"\" width=\"720\" height=\"720\" srcset=\"https:\/\/congresos.unlp.edu.ar\/jpdup\/wp-content\/uploads\/sites\/18\/2024\/08\/mesa-de-presentacion-de-publicaciones-1024x1024.jpg 1024w, https:\/\/congresos.unlp.edu.ar\/jpdup\/wp-content\/uploads\/sites\/18\/2024\/08\/mesa-de-presentacion-de-publicaciones-300x300.jpg 300w, https:\/\/congresos.unlp.edu.ar\/jpdup\/wp-content\/uploads\/sites\/18\/2024\/08\/mesa-de-presentacion-de-publicaciones-150x150.jpg 150w, https:\/\/congresos.unlp.edu.ar\/jpdup\/wp-content\/uploads\/sites\/18\/2024\/08\/mesa-de-presentacion-de-publicaciones-768x768.jpg 768w, https:\/\/congresos.unlp.edu.ar\/jpdup\/wp-content\/uploads\/sites\/18\/2024\/08\/mesa-de-presentacion-de-publicaciones-1536x1536.jpg 1536w, https:\/\/congresos.unlp.edu.ar\/jpdup\/wp-content\/uploads\/sites\/18\/2024\/08\/mesa-de-presentacion-de-publicaciones-2048x2048.jpg 2048w\" sizes=\"auto, (max-width: 720px) 100vw, 720px\" \/><\/p>\n<ul>\n<li style=\"list-style-type: none\"><\/li>\n<\/ul>\n","protected":false},"excerpt":{"rendered":"<p>PRESENCIAL Para participar de los talleres presenciales pueden inscribirse en el Formulario: https:\/\/forms.gle\/gxhufXV8VCv5twY37 o asistir directamente al aula en la que se desarrolla cada uno, en el Edificio Karakachoff. Taller \u201cProblematizar el lugar de la IA en los procesos de formaci\u00f3n desde las pol\u00edticas acad\u00e9micas de la Universidad\u201d | Jueves 15\/8 a las 14 hs. [&hellip;]<\/p>\n","protected":false},"author":32,"featured_media":0,"parent":0,"menu_order":0,"comment_status":"closed","ping_status":"closed","template":"","meta":{"advgb_blocks_editor_width":"","advgb_blocks_columns_visual_guide":"","footnotes":""},"class_list":["post-847","page","type-page","status-publish","hentry","post"],"aioseo_notices":[],"coauthors":[],"author_meta":{"author_link":"https:\/\/congresos.unlp.edu.ar\/jpdup\/author\/lgallo\/","display_name":"lgallo"},"relative_dates":{"created":"Posted 2 a\u00f1os ago","modified":"Updated 2 a\u00f1os ago"},"absolute_dates":{"created":"Posted on 15 agosto, 2024","modified":"Updated on 15 agosto, 2024"},"absolute_dates_time":{"created":"Posted on 15 agosto, 2024 12:16 am","modified":"Updated on 15 agosto, 2024 12:40 am"},"featured_img_caption":"","featured_img":false,"series_order":"","_links":{"self":[{"href":"https:\/\/congresos.unlp.edu.ar\/jpdup\/wp-json\/wp\/v2\/pages\/847","targetHints":{"allow":["GET"]}}],"collection":[{"href":"https:\/\/congresos.unlp.edu.ar\/jpdup\/wp-json\/wp\/v2\/pages"}],"about":[{"href":"https:\/\/congresos.unlp.edu.ar\/jpdup\/wp-json\/wp\/v2\/types\/page"}],"author":[{"embeddable":true,"href":"https:\/\/congresos.unlp.edu.ar\/jpdup\/wp-json\/wp\/v2\/users\/32"}],"replies":[{"embeddable":true,"href":"https:\/\/congresos.unlp.edu.ar\/jpdup\/wp-json\/wp\/v2\/comments?post=847"}],"version-history":[{"count":0,"href":"https:\/\/congresos.unlp.edu.ar\/jpdup\/wp-json\/wp\/v2\/pages\/847\/revisions"}],"wp:attachment":[{"href":"https:\/\/congresos.unlp.edu.ar\/jpdup\/wp-json\/wp\/v2\/media?parent=847"}],"curies":[{"name":"wp","href":"https:\/\/api.w.org\/{rel}","templated":true}]}}