{"id":660,"date":"2022-09-24T00:31:50","date_gmt":"2022-09-24T03:31:50","guid":{"rendered":"https:\/\/congresos.unlp.edu.ar\/jpdup\/?page_id=660"},"modified":"2022-09-26T08:22:29","modified_gmt":"2022-09-26T11:22:29","slug":"mesas-de-trabajo","status":"publish","type":"page","link":"https:\/\/congresos.unlp.edu.ar\/jpdup\/mesas-de-trabajo\/","title":{"rendered":"Mesas de trabajo"},"content":{"rendered":"<h4>Consultar aqu\u00ed: <a href=\"https:\/\/drive.google.com\/drive\/folders\/1MIuo8_-BE-9GDW4oK6ZYYrmDpBv5z3pI?usp=sharing\">Trabajos aceptados y organizaci\u00f3n de las Mesas de intercambio por Ejes Tem\u00e1ticos<\/a><\/h4>\n<p><img loading=\"lazy\" decoding=\"async\" class=\"wp-image-728 size-large aligncenter\" src=\"https:\/\/congresos.unlp.edu.ar\/jpdup\/wp-content\/uploads\/sites\/18\/2022\/09\/1-1024x1024.jpg\" alt=\"\" width=\"720\" height=\"720\" srcset=\"https:\/\/congresos.unlp.edu.ar\/jpdup\/wp-content\/uploads\/sites\/18\/2022\/09\/1-1024x1024.jpg 1024w, https:\/\/congresos.unlp.edu.ar\/jpdup\/wp-content\/uploads\/sites\/18\/2022\/09\/1-300x300.jpg 300w, https:\/\/congresos.unlp.edu.ar\/jpdup\/wp-content\/uploads\/sites\/18\/2022\/09\/1-150x150.jpg 150w, https:\/\/congresos.unlp.edu.ar\/jpdup\/wp-content\/uploads\/sites\/18\/2022\/09\/1-768x768.jpg 768w, https:\/\/congresos.unlp.edu.ar\/jpdup\/wp-content\/uploads\/sites\/18\/2022\/09\/1-1536x1536.jpg 1536w, https:\/\/congresos.unlp.edu.ar\/jpdup\/wp-content\/uploads\/sites\/18\/2022\/09\/1.jpg 1667w\" sizes=\"auto, (max-width: 720px) 100vw, 720px\" \/> <img loading=\"lazy\" decoding=\"async\" class=\"wp-image-727 size-large aligncenter\" src=\"https:\/\/congresos.unlp.edu.ar\/jpdup\/wp-content\/uploads\/sites\/18\/2022\/09\/2-1024x1024.jpg\" alt=\"\" width=\"720\" height=\"720\" srcset=\"https:\/\/congresos.unlp.edu.ar\/jpdup\/wp-content\/uploads\/sites\/18\/2022\/09\/2-1024x1024.jpg 1024w, https:\/\/congresos.unlp.edu.ar\/jpdup\/wp-content\/uploads\/sites\/18\/2022\/09\/2-300x300.jpg 300w, https:\/\/congresos.unlp.edu.ar\/jpdup\/wp-content\/uploads\/sites\/18\/2022\/09\/2-150x150.jpg 150w, https:\/\/congresos.unlp.edu.ar\/jpdup\/wp-content\/uploads\/sites\/18\/2022\/09\/2-768x768.jpg 768w, https:\/\/congresos.unlp.edu.ar\/jpdup\/wp-content\/uploads\/sites\/18\/2022\/09\/2-1536x1536.jpg 1536w, https:\/\/congresos.unlp.edu.ar\/jpdup\/wp-content\/uploads\/sites\/18\/2022\/09\/2.jpg 1667w\" sizes=\"auto, (max-width: 720px) 100vw, 720px\" \/><\/p>\n","protected":false},"excerpt":{"rendered":"<p>Consultar aqu\u00ed: Trabajos aceptados y organizaci\u00f3n de las Mesas de intercambio por Ejes Tem\u00e1ticos<\/p>\n","protected":false},"author":32,"featured_media":0,"parent":0,"menu_order":0,"comment_status":"closed","ping_status":"closed","template":"","meta":{"advgb_blocks_editor_width":"","advgb_blocks_columns_visual_guide":"","footnotes":""},"class_list":["post-660","page","type-page","status-publish","hentry","post"],"aioseo_notices":[],"coauthors":[],"author_meta":{"author_link":"https:\/\/congresos.unlp.edu.ar\/jpdup\/author\/lgallo\/","display_name":"lgallo"},"relative_dates":{"created":"Posted 4 a\u00f1os ago","modified":"Updated 4 a\u00f1os ago"},"absolute_dates":{"created":"Posted on 24 septiembre, 2022","modified":"Updated on 26 septiembre, 2022"},"absolute_dates_time":{"created":"Posted on 24 septiembre, 2022 12:31 am","modified":"Updated on 26 septiembre, 2022 8:22 am"},"featured_img_caption":"","featured_img":false,"series_order":"","_links":{"self":[{"href":"https:\/\/congresos.unlp.edu.ar\/jpdup\/wp-json\/wp\/v2\/pages\/660","targetHints":{"allow":["GET"]}}],"collection":[{"href":"https:\/\/congresos.unlp.edu.ar\/jpdup\/wp-json\/wp\/v2\/pages"}],"about":[{"href":"https:\/\/congresos.unlp.edu.ar\/jpdup\/wp-json\/wp\/v2\/types\/page"}],"author":[{"embeddable":true,"href":"https:\/\/congresos.unlp.edu.ar\/jpdup\/wp-json\/wp\/v2\/users\/32"}],"replies":[{"embeddable":true,"href":"https:\/\/congresos.unlp.edu.ar\/jpdup\/wp-json\/wp\/v2\/comments?post=660"}],"version-history":[{"count":0,"href":"https:\/\/congresos.unlp.edu.ar\/jpdup\/wp-json\/wp\/v2\/pages\/660\/revisions"}],"wp:attachment":[{"href":"https:\/\/congresos.unlp.edu.ar\/jpdup\/wp-json\/wp\/v2\/media?parent=660"}],"curies":[{"name":"wp","href":"https:\/\/api.w.org\/{rel}","templated":true}]}}