{"id":63,"date":"2019-12-04T15:37:30","date_gmt":"2019-12-04T18:37:30","guid":{"rendered":"http:\/\/congresos.unlp.edu.ar\/jpdup\/?page_id=63"},"modified":"2026-04-28T16:53:21","modified_gmt":"2026-04-28T19:53:21","slug":"calendario","status":"publish","type":"page","link":"https:\/\/congresos.unlp.edu.ar\/jpdup\/calendario\/","title":{"rendered":"Calendario"},"content":{"rendered":"<h4><span style=\"font-weight: 400\">Inscripci\u00f3n:<\/span> <span style=\"font-weight: 400\">hasta la fecha del evento (10 de septiembre de 2026)<\/span><\/h4>\n<h4><span style=\"font-weight: 900;color: #000080\"><span style=\"color: #ffcc00\">\u203a\u203a<\/span> <\/span><a href=\"https:\/\/forms.gle\/Ev4qmT9k7S7nmo8X7\"><span style=\"font-weight: 400\">Formulario de inscripci\u00f3n<\/span><\/a><\/h4>\n<h4><span style=\"color: #000080\"><strong>Presentaci\u00f3n de trabajos completos: hasta el 21 de junio de 2026<\/strong><\/span><\/h4>\n<h4><span style=\"font-weight: 400\">Comunicaci\u00f3n de evaluaciones: <\/span><span style=\"font-weight: 400\">hasta el 7 de agosto de 2026<\/span><\/h4>\n<h4><span style=\"font-weight: 400\">Difusi\u00f3n del Programa y organizaci\u00f3n de mesas de discusi\u00f3n: <\/span><span style=\"font-weight: 400\">14 de agosto de 2026<\/span><\/h4>\n<h4><span style=\"color: #000080\"><span style=\"font-weight: 800\"><span style=\"color: #3366ff\">|<\/span> <\/span><b>ACTIVIDADES ACAD\u00c9MICAS PREVISTAS (no aranceladas)<\/b><\/span><\/h4>\n<h4><span style=\"font-weight: 900;color: #000080\"><span style=\"color: #ffcc00\">\u203a\u203a<\/span> \u00a0<\/span><span style=\"font-weight: 400\">Panel de apertura: 8 de septiembre de 2026 (modalidad presencial)<\/span><\/h4>\n<h4><span style=\"font-weight: 900;color: #000080\"><span style=\"color: #ffcc00\">\u203a\u203a<\/span> \u00a0<\/span><span style=\"font-weight: 400\">Conversatorios: 8 al 10 de septiembre de 2026 (transmisi\u00f3n en l\u00ednea por el <\/span><a href=\"https:\/\/www.youtube.com\/channel\/UCvpHQUIx9O85h9c6ZDSYfLQ\"><span style=\"font-weight: 400\">Canal de YouTube de las Jornadas<\/span><\/a><span style=\"font-weight: 400\">)<\/span><\/h4>\n<h4><span style=\"font-weight: 900;color: #000080\"><span style=\"color: #ffcc00\">\u203a\u203a<\/span> \u00a0<\/span><span style=\"font-weight: 400\">Mesas de discusi\u00f3n y puesta en com\u00fan de trabajos aprobados: 9 y 10 de septiembre de 2026 (modalidad virtual sincr\u00f3nica)<\/span><\/h4>\n","protected":false},"excerpt":{"rendered":"<p>Inscripci\u00f3n: hasta la fecha del evento (10 de septiembre de 2026) \u203a\u203a Formulario de inscripci\u00f3n Presentaci\u00f3n de trabajos completos: hasta el 21 de junio de 2026 Comunicaci\u00f3n de evaluaciones: hasta el 7 de agosto de 2026 Difusi\u00f3n del Programa y organizaci\u00f3n de mesas de discusi\u00f3n: 14 de agosto de 2026 | ACTIVIDADES ACAD\u00c9MICAS PREVISTAS (no [&hellip;]<\/p>\n","protected":false},"author":32,"featured_media":0,"parent":0,"menu_order":0,"comment_status":"closed","ping_status":"closed","template":"","meta":{"advgb_blocks_editor_width":"","advgb_blocks_columns_visual_guide":"","footnotes":""},"class_list":["post-63","page","type-page","status-publish","hentry","post"],"aioseo_notices":[],"coauthors":[],"author_meta":{"author_link":"https:\/\/congresos.unlp.edu.ar\/jpdup\/author\/lgallo\/","display_name":"Lucrecia Gallo"},"relative_dates":{"created":"Posted 6 a\u00f1os ago","modified":"Updated 7 d\u00edas ago"},"absolute_dates":{"created":"Posted on 4 diciembre, 2019","modified":"Updated on 28 abril, 2026"},"absolute_dates_time":{"created":"Posted on 4 diciembre, 2019 3:37 pm","modified":"Updated on 28 abril, 2026 4:53 pm"},"featured_img_caption":"","featured_img":false,"series_order":"","_links":{"self":[{"href":"https:\/\/congresos.unlp.edu.ar\/jpdup\/wp-json\/wp\/v2\/pages\/63","targetHints":{"allow":["GET"]}}],"collection":[{"href":"https:\/\/congresos.unlp.edu.ar\/jpdup\/wp-json\/wp\/v2\/pages"}],"about":[{"href":"https:\/\/congresos.unlp.edu.ar\/jpdup\/wp-json\/wp\/v2\/types\/page"}],"author":[{"embeddable":true,"href":"https:\/\/congresos.unlp.edu.ar\/jpdup\/wp-json\/wp\/v2\/users\/32"}],"replies":[{"embeddable":true,"href":"https:\/\/congresos.unlp.edu.ar\/jpdup\/wp-json\/wp\/v2\/comments?post=63"}],"version-history":[{"count":0,"href":"https:\/\/congresos.unlp.edu.ar\/jpdup\/wp-json\/wp\/v2\/pages\/63\/revisions"}],"wp:attachment":[{"href":"https:\/\/congresos.unlp.edu.ar\/jpdup\/wp-json\/wp\/v2\/media?parent=63"}],"curies":[{"name":"wp","href":"https:\/\/api.w.org\/{rel}","templated":true}]}}