{"id":56,"date":"2019-12-04T15:37:27","date_gmt":"2019-12-04T18:37:27","guid":{"rendered":"http:\/\/congresos.unlp.edu.ar\/jpdup\/?page_id=56"},"modified":"2026-04-28T16:52:39","modified_gmt":"2026-04-28T19:52:39","slug":"presentacion","status":"publish","type":"page","link":"https:\/\/congresos.unlp.edu.ar\/jpdup\/presentacion\/","title":{"rendered":"Presentaci\u00f3n"},"content":{"rendered":"<h4><span style=\"font-weight: 400\">Desde la Especializaci\u00f3n en Docencia Universitaria y la Direcci\u00f3n de Capacitaci\u00f3n y Docencia de la Secretar\u00eda de Asuntos Acad\u00e9micos de la Universidad Nacional de La Plata invitamos a participar de las <\/span><b>\u201c6\u00b0 Jornadas sobre las pr\u00e1cticas docentes en la Universidad P\u00fablica. Ense\u00f1ar hoy: <\/b><b><i>condiciones contextuales, decisiones pedag\u00f3gicas y derecho a la educaci\u00f3n<\/i><\/b><b>\u201d<\/b><span style=\"font-weight: 400\">, que se desarrollar\u00e1n de forma bimodal el 8, 9 y 10 de septiembre de 2026.<\/span><\/h4>\n<h4><span style=\"font-weight: 400\">Desde 2016 y con periodicidad bienal, las Jornadas sobre las pr\u00e1cticas docentes en la Universidad P\u00fablica se han consolidado como un espacio de encuentro, di\u00e1logo e intercambio entre equipos de ense\u00f1anza, investigadores\/as y gestores\/as, a trav\u00e9s de sus distintas ediciones (2016-2018-2020-2022-2024). Se trata de una pol\u00edtica institucional que la Universidad Nacional de La Plata sostiene como parte de su compromiso con la garant\u00eda del derecho a la educaci\u00f3n superior, entendiendo estas jornadas no s\u00f3lo como un evento acad\u00e9mico, sino tambi\u00e9n como un \u00e1mbito de construcci\u00f3n colectiva en torno a los desaf\u00edos de la universidad contempor\u00e1nea.<\/span><\/h4>\n<h4><span style=\"font-weight: 400\">En la actualidad, en contextos de pol\u00edticas de desjerarquizaci\u00f3n y desfinanciamiento, la universidad p\u00fablica argentina se encuentra convocada a reafirmar el valor de la producci\u00f3n y democratizaci\u00f3n del conocimiento, su compromiso social y su papel en la construcci\u00f3n de una agenda orientada al mejoramiento de la calidad de vida de la comunidad en que se inscribe. Asimismo, resulta central sostener el derecho a la educaci\u00f3n y fortalecer el acceso, la permanencia y el egreso, promoviendo trayectorias formativas diversas que ampl\u00eden su concreci\u00f3n efectiva.<\/span><\/h4>\n<h4><span style=\"font-weight: 400\">En este marco, la propuesta de esta edici\u00f3n pone el foco en la ense\u00f1anza como dimensi\u00f3n constitutiva de la vida universitaria. Nos interesa abrir un espacio de reflexi\u00f3n colectiva sobre las decisiones pedag\u00f3gicas que se construyen en las instituciones, las formas que asumen las propuestas curriculares y los modos en que estas se articulan con las condiciones contextuales y organizacionales que atraviesan a los procesos de formaci\u00f3n.<\/span><\/h4>\n<h4><span style=\"font-weight: 400\">Ense\u00f1ar hoy supone abordar escenarios complejos y cambiantes, que interpelan a la universidad en sus modos de organizar la ense\u00f1anza y acompa\u00f1ar las trayectorias estudiantiles. En este sentido, se vuelve necesario seguir produciendo colectivamente saberes pedag\u00f3gicos que permitan fortalecer las pr\u00e1cticas de formaci\u00f3n.<\/span><\/h4>\n<h4><span style=\"font-weight: 400\">Convocamos a compartir experiencias, interrogantes y producciones que permitan enriquecer la reflexi\u00f3n sobre la ense\u00f1anza en la universidad, en tanto pr\u00e1ctica situada que articula decisiones curriculares, din\u00e1micas institucionales y horizontes de formaci\u00f3n. Apostamos a pensar colectivamente estrategias que fortalezcan la ense\u00f1anza y contribuyan a sostener, en el presente, el derecho a la educaci\u00f3n superior.<\/span><\/h4>\n<h4><span style=\"color: #000080\"><span style=\"font-weight: 800;color: #3366ff\">|<\/span> <b>OBJETIVOS<\/b><\/span><\/h4>\n<h4><span style=\"font-weight: 900;color: #3366ff\"><span style=\"color: #ffcc00\">\u203a\u203a<\/span> <\/span><span style=\"font-weight: 400\">Generar un espacio de reflexi\u00f3n colectiva acerca de los desaf\u00edos que los escenarios actuales suponen para las pr\u00e1cticas docentes universitarias en las diversas dimensiones sustantivas que la configuran.<\/span><\/h4>\n<h4><span style=\"font-weight: 900;color: #3366ff\"><span style=\"color: #ffcc00\">\u203a\u203a<\/span> <\/span><span style=\"font-weight: 400\">Promover la puesta en com\u00fan y el intercambio de los estudios, propuestas y experiencias de trabajo que las y los docentes universitarios desarrollamos en la b\u00fasqueda de alternativas que dialoguen con estos procesos de transformaci\u00f3n.<\/span><\/h4>\n<h4><span style=\"color: #000080\"><span style=\"font-weight: 800\"><span style=\"color: #3366ff\">|<\/span> <\/span><b>DESTINATARIOS\/AS<\/b><\/span><\/h4>\n<h4><span style=\"font-weight: 400\">Docentes e investigadores\/as en Universidad y Educaci\u00f3n Superior.<\/span><\/h4>\n<h4><span style=\"color: #000080\"><span style=\"font-weight: 800;color: #3366ff\">| <\/span><span style=\"font-weight: 800\">ORGANIZAN\u00a0<\/span><\/span><\/h4>\n<h4><span style=\"font-weight: 400\">Especializaci\u00f3n en Docencia Universitaria y Direcci\u00f3n de Capacitaci\u00f3n y Docencia de la Secretar\u00eda de Asuntos Acad\u00e9micos de la Universidad Nacional de La Plata.<\/span><\/h4>\n","protected":false},"excerpt":{"rendered":"<p>Desde la Especializaci\u00f3n en Docencia Universitaria y la Direcci\u00f3n de Capacitaci\u00f3n y Docencia de la Secretar\u00eda de Asuntos Acad\u00e9micos de la Universidad Nacional de La Plata invitamos a participar de las \u201c6\u00b0 Jornadas sobre las pr\u00e1cticas docentes en la Universidad P\u00fablica. Ense\u00f1ar hoy: condiciones contextuales, decisiones pedag\u00f3gicas y derecho a la educaci\u00f3n\u201d, que se desarrollar\u00e1n [&hellip;]<\/p>\n","protected":false},"author":32,"featured_media":0,"parent":0,"menu_order":0,"comment_status":"closed","ping_status":"closed","template":"","meta":{"advgb_blocks_editor_width":"","advgb_blocks_columns_visual_guide":"","footnotes":""},"class_list":["post-56","page","type-page","status-publish","hentry","post"],"aioseo_notices":[],"coauthors":[],"author_meta":{"author_link":"https:\/\/congresos.unlp.edu.ar\/jpdup\/author\/lgallo\/","display_name":"Lucrecia Gallo"},"relative_dates":{"created":"Posted 6 a\u00f1os ago","modified":"Updated 7 d\u00edas ago"},"absolute_dates":{"created":"Posted on 4 diciembre, 2019","modified":"Updated on 28 abril, 2026"},"absolute_dates_time":{"created":"Posted on 4 diciembre, 2019 3:37 pm","modified":"Updated on 28 abril, 2026 4:52 pm"},"featured_img_caption":"","featured_img":false,"series_order":"","_links":{"self":[{"href":"https:\/\/congresos.unlp.edu.ar\/jpdup\/wp-json\/wp\/v2\/pages\/56","targetHints":{"allow":["GET"]}}],"collection":[{"href":"https:\/\/congresos.unlp.edu.ar\/jpdup\/wp-json\/wp\/v2\/pages"}],"about":[{"href":"https:\/\/congresos.unlp.edu.ar\/jpdup\/wp-json\/wp\/v2\/types\/page"}],"author":[{"embeddable":true,"href":"https:\/\/congresos.unlp.edu.ar\/jpdup\/wp-json\/wp\/v2\/users\/32"}],"replies":[{"embeddable":true,"href":"https:\/\/congresos.unlp.edu.ar\/jpdup\/wp-json\/wp\/v2\/comments?post=56"}],"version-history":[{"count":0,"href":"https:\/\/congresos.unlp.edu.ar\/jpdup\/wp-json\/wp\/v2\/pages\/56\/revisions"}],"wp:attachment":[{"href":"https:\/\/congresos.unlp.edu.ar\/jpdup\/wp-json\/wp\/v2\/media?parent=56"}],"curies":[{"name":"wp","href":"https:\/\/api.w.org\/{rel}","templated":true}]}}