{"id":394,"date":"2020-06-03T23:39:23","date_gmt":"2020-06-04T02:39:23","guid":{"rendered":"http:\/\/congresos.unlp.edu.ar\/jpdup\/?page_id=394"},"modified":"2020-07-17T21:44:02","modified_gmt":"2020-07-18T00:44:02","slug":"organizacion-y-modalidad-de-trabajo","status":"publish","type":"page","link":"https:\/\/congresos.unlp.edu.ar\/jpdup\/organizacion-y-modalidad-de-trabajo\/","title":{"rendered":"Organizaci\u00f3n de las mesas de trabajo y muros colaborativos"},"content":{"rendered":"<h5><strong>ORGANIZACI\u00d3N DE LAS MESAS Y MUROS DE TRABAJO COLABORATIVO\u00a0<\/strong><\/h5>\n<h5><strong>Eje 1. Trayectorias\u00a0<\/strong><\/h5>\n<h5>Mesa 1 A | Coordina Prof. Marcelo Arturi | <strong><a href=\"https:\/\/padlet.com\/jornadasdocentesunlp\/Eje1Mesa1A\" target=\"_blank\" rel=\"noopener noreferrer\">Mir\u00e1 el muro colaborativo aqu\u00ed<\/a><\/strong><\/h5>\n<h5>Mesa 1 B | Coordina Lic. Lucrecia Gallo | <strong><a href=\"https:\/\/padlet.com\/jornadasdocentesunlp\/Eje1Mesa1B\" target=\"_blank\" rel=\"noopener noreferrer\">Mir\u00e1 el muro colaborativo aqu\u00ed<\/a><\/strong><\/h5>\n<h5><\/h5>\n<h5><strong>Eje 2. Transformaciones\u00a0<\/strong><\/h5>\n<h5>Mesa Eje 2 | Coordina Esp. D\u00e9bora Arce | <strong><a href=\"https:\/\/padlet.com\/jornadasdocentesunlp\/MesaEje2\" target=\"_blank\" rel=\"noopener noreferrer\">Mir\u00e1 el muro colaborativo aqu\u00ed\u00a0<\/a><\/strong><\/h5>\n<h5><\/h5>\n<h5><strong>Eje 3. Afiliaci\u00f3n\u00a0<\/strong><\/h5>\n<h5>Mesa Eje 3 | Coordina Esp. Eva Mariani | <strong><a href=\"https:\/\/padlet.com\/jornadasdocentesunlp\/MesaEje3\" target=\"_blank\" rel=\"noopener noreferrer\">Mir\u00e1 el muro colaborativo aqu\u00ed\u00a0<\/a><\/strong><\/h5>\n<h5><\/h5>\n<h5><strong>Eje 4. Innovaciones\u00a0<\/strong><\/h5>\n<h5>Mesa 4 A | Coordina Mg.\u00a0 Ver\u00f3nica Mancini | <strong><a href=\"https:\/\/padlet.com\/jornadasdocentesUNLP2020\/Eje4Mesa4A\" target=\"_blank\" rel=\"noopener noreferrer\">Mir\u00e1 el muro colaborativo aqu\u00ed\u00a0<\/a><\/strong><\/h5>\n<h5>Mesa 4 B | Coordinan Lic. Mariana Lugones y Prof. Sof\u00eda Bugallo | <strong><a href=\"https:\/\/padlet.com\/jornadasdocentesUNLP2020\/Eje4Mesa4B\" target=\"_blank\" rel=\"noopener noreferrer\">Mir\u00e1 el muro colaborativo aqu\u00ed<\/a><\/strong><\/h5>\n<h5>Mesa 4 C | Coordina Prof. Soledad G\u00f3mez | <strong><a href=\"https:\/\/padlet.com\/jornadasdocentesUNLP2020\/Eje4Mesa4C\" target=\"_blank\" rel=\"noopener noreferrer\">Mir\u00e1 el muro colaborativo aqu\u00ed\u00a0<\/a><\/strong><\/h5>\n<h5><\/h5>\n<h5><strong>Eje 5. Docencias<\/strong><\/h5>\n<h5>Mesa 5 A | Coordina Prof. Ana Ungaro | <strong><a href=\"https:\/\/padlet.com\/jornadasdocentesUNLP2020\/Eje5Mesa5A\" target=\"_blank\" rel=\"noopener noreferrer\">Mir\u00e1 el muro colaborativo aqu\u00ed\u00a0<\/a><\/strong><\/h5>\n<h5>Mesa 5 B | Coordina Lic. Yesica Arenas | <a href=\"https:\/\/padlet.com\/jornadasdocentesUNLP2020\/Eje5Mesa5B\" target=\"_blank\" rel=\"noopener noreferrer\"><strong>Mir\u00e1 el muro colaborativo aqu\u00ed\u00a0<\/strong><\/a><\/h5>\n<h5><\/h5>\n<h5><strong>Eje 6. Curriculum<\/strong><\/h5>\n<h5>Mesa Eje 6 | Coordina Prof. Elisa Marchese | <strong><a href=\"https:\/\/padlet.com\/jornadasdocentesunlp\/MesaEje6\" target=\"_blank\" rel=\"noopener noreferrer\">Mir\u00e1 el muro colaborativo aqu\u00ed\u00a0<\/a><\/strong><\/h5>\n<h5><\/h5>\n<h5><strong>Eje 7. Transversalidades<\/strong><\/h5>\n<h5>Mesa Eje 7 | Coordina Dra. Pilar Cobe\u00f1as | <strong><a href=\"https:\/\/padlet.com\/jornadasUNLP2020\/MesaEje7\" target=\"_blank\" rel=\"noopener noreferrer\">Mir\u00e1 el muro colaborativo aqu\u00ed\u00a0<\/a><\/strong><\/h5>\n<h5><\/h5>\n<h5><strong>Eje 8. Integralidad<\/strong><\/h5>\n<h5>Mesa 8 A | Coordina Lic. \u00a0Ezequiel Mapelli |\u00a0<strong><a href=\"https:\/\/padlet.com\/jornadasUNLP2020\/Eje8Mesa8A\" target=\"_blank\" rel=\"noopener noreferrer\">Mir\u00e1 el muro colaborativo aqu\u00ed<\/a><\/strong><\/h5>\n<h5>Mesa 8 B | Coordina Lic. Jimena Espinoza |\u00a0<strong><a href=\"https:\/\/padlet.com\/jornadasUNLP2020\/Eje8Mesa8B\" target=\"_blank\" rel=\"noopener noreferrer\">Mir\u00e1 el muro colaborativo aqu\u00ed\u00a0<\/a><\/strong><\/h5>\n<p><img loading=\"lazy\" decoding=\"async\" class=\"aligncenter wp-image-448 size-full\" src=\"https:\/\/congresos.unlp.edu.ar\/jpdup\/wp-content\/uploads\/sites\/18\/2020\/06\/placa_face_mesas-scaled.jpg\" alt=\"\" width=\"2560\" height=\"975\" srcset=\"https:\/\/congresos.unlp.edu.ar\/jpdup\/wp-content\/uploads\/sites\/18\/2020\/06\/placa_face_mesas-scaled.jpg 2560w, https:\/\/congresos.unlp.edu.ar\/jpdup\/wp-content\/uploads\/sites\/18\/2020\/06\/placa_face_mesas-300x114.jpg 300w, https:\/\/congresos.unlp.edu.ar\/jpdup\/wp-content\/uploads\/sites\/18\/2020\/06\/placa_face_mesas-1024x390.jpg 1024w, https:\/\/congresos.unlp.edu.ar\/jpdup\/wp-content\/uploads\/sites\/18\/2020\/06\/placa_face_mesas-768x293.jpg 768w, https:\/\/congresos.unlp.edu.ar\/jpdup\/wp-content\/uploads\/sites\/18\/2020\/06\/placa_face_mesas-1536x585.jpg 1536w, https:\/\/congresos.unlp.edu.ar\/jpdup\/wp-content\/uploads\/sites\/18\/2020\/06\/placa_face_mesas-2048x780.jpg 2048w\" sizes=\"auto, (max-width: 2560px) 100vw, 2560px\" \/><\/p>\n<p><img loading=\"lazy\" decoding=\"async\" class=\"aligncenter wp-image-449 size-full\" src=\"https:\/\/congresos.unlp.edu.ar\/jpdup\/wp-content\/uploads\/sites\/18\/2020\/06\/placa_face_mesas_2-scaled.jpg\" alt=\"\" width=\"2560\" height=\"975\" srcset=\"https:\/\/congresos.unlp.edu.ar\/jpdup\/wp-content\/uploads\/sites\/18\/2020\/06\/placa_face_mesas_2-scaled.jpg 2560w, https:\/\/congresos.unlp.edu.ar\/jpdup\/wp-content\/uploads\/sites\/18\/2020\/06\/placa_face_mesas_2-300x114.jpg 300w, https:\/\/congresos.unlp.edu.ar\/jpdup\/wp-content\/uploads\/sites\/18\/2020\/06\/placa_face_mesas_2-1024x390.jpg 1024w, https:\/\/congresos.unlp.edu.ar\/jpdup\/wp-content\/uploads\/sites\/18\/2020\/06\/placa_face_mesas_2-768x293.jpg 768w, https:\/\/congresos.unlp.edu.ar\/jpdup\/wp-content\/uploads\/sites\/18\/2020\/06\/placa_face_mesas_2-1536x585.jpg 1536w, https:\/\/congresos.unlp.edu.ar\/jpdup\/wp-content\/uploads\/sites\/18\/2020\/06\/placa_face_mesas_2-2048x780.jpg 2048w\" sizes=\"auto, (max-width: 2560px) 100vw, 2560px\" \/><\/p>\n<p><a href=\"https:\/\/congresos.unlp.edu.ar\/jpdup\/wp-content\/uploads\/sites\/18\/2020\/06\/Tutorial-para-usar-Muro-colaborativo.pdf\">Tutorial para usar Muro colaborativo<\/a><\/p>\n","protected":false},"excerpt":{"rendered":"<p>ORGANIZACI\u00d3N DE LAS MESAS Y MUROS DE TRABAJO COLABORATIVO\u00a0 Eje 1. Trayectorias\u00a0 Mesa 1 A | Coordina Prof. Marcelo Arturi | Mir\u00e1 el muro colaborativo aqu\u00ed Mesa 1 B | Coordina Lic. Lucrecia Gallo | Mir\u00e1 el muro colaborativo aqu\u00ed Eje 2. Transformaciones\u00a0 Mesa Eje 2 | Coordina Esp. D\u00e9bora Arce | Mir\u00e1 el muro [&hellip;]<\/p>\n","protected":false},"author":32,"featured_media":0,"parent":0,"menu_order":0,"comment_status":"closed","ping_status":"closed","template":"","meta":{"advgb_blocks_editor_width":"","advgb_blocks_columns_visual_guide":"","footnotes":""},"class_list":["post-394","page","type-page","status-publish","hentry","post"],"aioseo_notices":[],"coauthors":[],"author_meta":{"author_link":"https:\/\/congresos.unlp.edu.ar\/jpdup\/author\/lgallo\/","display_name":"lgallo"},"relative_dates":{"created":"Posted 6 a\u00f1os ago","modified":"Updated 6 a\u00f1os ago"},"absolute_dates":{"created":"Posted on 3 junio, 2020","modified":"Updated on 17 julio, 2020"},"absolute_dates_time":{"created":"Posted on 3 junio, 2020 11:39 pm","modified":"Updated on 17 julio, 2020 9:44 pm"},"featured_img_caption":"","featured_img":false,"series_order":"","_links":{"self":[{"href":"https:\/\/congresos.unlp.edu.ar\/jpdup\/wp-json\/wp\/v2\/pages\/394","targetHints":{"allow":["GET"]}}],"collection":[{"href":"https:\/\/congresos.unlp.edu.ar\/jpdup\/wp-json\/wp\/v2\/pages"}],"about":[{"href":"https:\/\/congresos.unlp.edu.ar\/jpdup\/wp-json\/wp\/v2\/types\/page"}],"author":[{"embeddable":true,"href":"https:\/\/congresos.unlp.edu.ar\/jpdup\/wp-json\/wp\/v2\/users\/32"}],"replies":[{"embeddable":true,"href":"https:\/\/congresos.unlp.edu.ar\/jpdup\/wp-json\/wp\/v2\/comments?post=394"}],"version-history":[{"count":0,"href":"https:\/\/congresos.unlp.edu.ar\/jpdup\/wp-json\/wp\/v2\/pages\/394\/revisions"}],"wp:attachment":[{"href":"https:\/\/congresos.unlp.edu.ar\/jpdup\/wp-json\/wp\/v2\/media?parent=394"}],"curies":[{"name":"wp","href":"https:\/\/api.w.org\/{rel}","templated":true}]}}