{"id":24,"date":"2019-12-03T12:42:13","date_gmt":"2019-12-03T15:42:13","guid":{"rendered":"http:\/\/congresos.unlp.edu.ar\/jpdup\/?page_id=24"},"modified":"2024-02-22T13:10:11","modified_gmt":"2024-02-22T16:10:11","slug":"ejes-tematicos","status":"publish","type":"page","link":"https:\/\/congresos.unlp.edu.ar\/jpdup\/ejes-tematicos\/","title":{"rendered":"Ejes tem\u00e1ticos"},"content":{"rendered":"<h4><b>Eje 1. Trayectorias\u00a0<\/b><\/h4>\n<h4><span style=\"font-weight: 400\">Derecho a la Educaci\u00f3n Superior, pol\u00edticas institucionales y experiencias pedag\u00f3gico-did\u00e1cticas y\/o curriculares orientadas al fortalecimiento de las trayectorias estudiantiles en el ingreso y los primeros a\u00f1os, en la permanencia y el egreso. Experiencia estudiantil, transformaciones culturales y procesos de formaci\u00f3n en el escenario contempor\u00e1neo. Nuevas subjetividades, alfabetizaciones y relaciones con el conocimiento.<\/span><\/h4>\n<h4><b>Eje 2. Curriculum<\/b><\/h4>\n<h4><span style=\"font-weight: 400\">Reflexiones y desaf\u00edos contempor\u00e1neos para los proyectos curriculares de formaci\u00f3n universitaria. Nuevas experiencias y formatos curriculares en campos profesionales y saberes epocales emergentes. Desaf\u00edos de la formaci\u00f3n profesional ante las transformaciones del trabajo y el desarrollo cient\u00edfico-tecnol\u00f3gico. Las pr\u00e1cticas pre profesionales en el curriculum: sentidos formativos y experiencias en marcha. La dimensi\u00f3n de las relaciones teor\u00eda\/pr\u00e1ctica; interdisciplina, transdisciplina.\u00a0<\/span><\/h4>\n<h4><b>Eje 3. Ense\u00f1anzas<\/b><\/h4>\n<h4><span style=\"font-weight: 400\">Reconocimiento de horizontes de transformaci\u00f3n de la ense\u00f1anza universitaria en el escenario contempor\u00e1neo. Las pr\u00e1cticas de ense\u00f1anza frente a nuevas formas de circulaci\u00f3n y relaci\u00f3n con el conocimiento. Enfoques y construcciones did\u00e1cticas transformadoras en distintos campos de conocimiento. Identificaci\u00f3n de nudos problem\u00e1ticos y reconstrucci\u00f3n cr\u00edtica de las pr\u00e1cticas de evaluaci\u00f3n. Condiciones del trabajo docente, identidad y reconfiguraciones de la docencia universitaria.\u00a0<\/span><\/h4>\n<h4><b>Eje 4. Tecnicidades<\/b><\/h4>\n<h4><span style=\"font-weight: 400\">M\u00e1s all\u00e1 de lo instrumental: tecnolog\u00edas, comunicaci\u00f3n y educaci\u00f3n superior. Perspectivas y experiencias pedag\u00f3gicas en propuestas de ense\u00f1anza mediadas por TIC. Producci\u00f3n y dise\u00f1o de materiales y\/o recursos educativos. Creaci\u00f3n, implementaci\u00f3n y evaluaci\u00f3n. Aspectos pedag\u00f3gicos, tecnol\u00f3gicos y comunicacionales.\u00a0<\/span><\/h4>\n<h4><b>\u00a0Eje 5. Integralidad<\/b><\/h4>\n<h4><span style=\"font-weight: 400\">Universidad, territorio, organizaciones y sujetos. Participaci\u00f3n e interactoralidad. Pr\u00e1cticas socio comunitarias, formaci\u00f3n y di\u00e1logo de saberes. Nuevas formas de institucionalidad de la universidad en el territorio. Articulaci\u00f3n e integraci\u00f3n de las pr\u00e1cticas de docencia, investigaci\u00f3n y extensi\u00f3n. Proyectos y experiencias en marcha.<\/span><\/h4>\n<h4><b>Eje 6. Transversalidades<\/b><\/h4>\n<h4><span style=\"font-weight: 400\">Temas transversales y derechos en la Universidad: la perspectiva de g\u00e9nero en las instituciones, la ense\u00f1anza y el curriculum; el derecho a la educaci\u00f3n en perspectiva ampliada: discapacidad, interculturalidad, formaci\u00f3n de ciudadan\u00eda, DESCA (Derechos Humanos, Econ\u00f3micos, Sociales, Culturales y Ambientales).\u00a0<\/span><\/h4>\n","protected":false},"excerpt":{"rendered":"<p>Eje 1. Trayectorias\u00a0 Derecho a la Educaci\u00f3n Superior, pol\u00edticas institucionales y experiencias pedag\u00f3gico-did\u00e1cticas y\/o curriculares orientadas al fortalecimiento de las trayectorias estudiantiles en el ingreso y los primeros a\u00f1os, en la permanencia y el egreso. Experiencia estudiantil, transformaciones culturales y procesos de formaci\u00f3n en el escenario contempor\u00e1neo. Nuevas subjetividades, alfabetizaciones y relaciones con el conocimiento. [&hellip;]<\/p>\n","protected":false},"author":32,"featured_media":0,"parent":0,"menu_order":0,"comment_status":"closed","ping_status":"closed","template":"","meta":{"advgb_blocks_editor_width":"","advgb_blocks_columns_visual_guide":"","footnotes":""},"class_list":["post-24","page","type-page","status-publish","hentry","post"],"aioseo_notices":[],"coauthors":[],"author_meta":{"author_link":"https:\/\/congresos.unlp.edu.ar\/jpdup\/author\/lgallo\/","display_name":"lgallo"},"relative_dates":{"created":"Posted 6 a\u00f1os ago","modified":"Updated 2 a\u00f1os ago"},"absolute_dates":{"created":"Posted on 3 diciembre, 2019","modified":"Updated on 22 febrero, 2024"},"absolute_dates_time":{"created":"Posted on 3 diciembre, 2019 12:42 pm","modified":"Updated on 22 febrero, 2024 1:10 pm"},"featured_img_caption":"","featured_img":false,"series_order":"","_links":{"self":[{"href":"https:\/\/congresos.unlp.edu.ar\/jpdup\/wp-json\/wp\/v2\/pages\/24","targetHints":{"allow":["GET"]}}],"collection":[{"href":"https:\/\/congresos.unlp.edu.ar\/jpdup\/wp-json\/wp\/v2\/pages"}],"about":[{"href":"https:\/\/congresos.unlp.edu.ar\/jpdup\/wp-json\/wp\/v2\/types\/page"}],"author":[{"embeddable":true,"href":"https:\/\/congresos.unlp.edu.ar\/jpdup\/wp-json\/wp\/v2\/users\/32"}],"replies":[{"embeddable":true,"href":"https:\/\/congresos.unlp.edu.ar\/jpdup\/wp-json\/wp\/v2\/comments?post=24"}],"version-history":[{"count":0,"href":"https:\/\/congresos.unlp.edu.ar\/jpdup\/wp-json\/wp\/v2\/pages\/24\/revisions"}],"wp:attachment":[{"href":"https:\/\/congresos.unlp.edu.ar\/jpdup\/wp-json\/wp\/v2\/media?parent=24"}],"curies":[{"name":"wp","href":"https:\/\/api.w.org\/{rel}","templated":true}]}}