{"id":32,"date":"2020-11-11T16:14:24","date_gmt":"2020-11-11T19:14:24","guid":{"rendered":"http:\/\/congresos.unlp.edu.ar\/jornadasturismoycomunidades\/?page_id=32"},"modified":"2024-09-09T16:20:23","modified_gmt":"2024-09-09T19:20:23","slug":"aranceles-y-modalidades-de-pago","status":"publish","type":"page","link":"https:\/\/congresos.unlp.edu.ar\/jornadasturismoycomunidades\/aranceles-y-modalidades-de-pago\/","title":{"rendered":"Aranceles y modalidades de pago"},"content":{"rendered":"<div id=\"pl-32\"  class=\"panel-layout\" ><div id=\"pg-32-0\"  class=\"panel-grid panel-no-style\" ><div id=\"pgc-32-0-0\"  class=\"panel-grid-cell\" ><div id=\"panel-32-0-0-0\" class=\"so-panel widget widget_sow-editor panel-first-child panel-last-child\" data-index=\"0\" ><div\n\t\t\t\n\t\t\tclass=\"so-widget-sow-editor so-widget-sow-editor-base\"\n\t\t\t\n\t\t>\n<div class=\"siteorigin-widget-tinymce textwidget\">\n\t<p><span style=\"font-weight: 400\">Para participar de las Jornadas deber\u00e1n inscribirse a trav\u00e9s del formulario que encontrar\u00e1n al final de esta p\u00e1gina. Es indispensable tanto para quienes se asistentes tanto para participar de las Jornadas, como para presentar res\u00famenes de presentaciones acad\u00e9micas en formato escrito o res\u00famenes de presentaciones multimediales:\u00a0<\/span><\/p>\n<p><span style=\"font-weight: 400\">Una vez aceptado el resumen los y las autoras deber\u00e1n inscribirse a las jornadas. El resto puede hacerlo cuando lo considere. Los costos de inscripci\u00f3n son los siguientes de acuerdo a la modalidad elegida:\u00a0<\/span><\/p>\n<ul>\n<li><b>Modalidad presencial:\u00a0<\/b><\/li>\n<\/ul>\n<p><i>Docentes, Investigadores, Extensionistas y Graduadas\/os:<\/i><\/p>\n<ul>\n<li>Con ponencia: ARS 5000 hasta el 24\/09 (el pago es por autor y una \u00fanica vez para aquellos que tienen m\u00e1s de una ponencia).<\/li>\n<li>Con ponencia U$D 70,00 para personas que residen en el extranjero hasta el 24\/09.<\/li>\n<li>Asistentes presenciales que no presentan ponencia: ARS 5000 (se otorga certificado).<\/li>\n<\/ul>\n<p><i>Estudiantes de grado con o sin ponencias acad\u00e9mico-cient\u00edficas y miembros de organizaciones sociales<\/i>: <b>gratuito.<\/b><\/p>\n<p><i>Presentaciones en formatos multimediales<\/i>: <b>gratuito.<\/b><\/p>\n<ul>\n<li><b>Modalidad Virtual:\u00a0<\/b><\/li>\n<\/ul>\n<p><i>Docentes, Investigadores, Extensionistas y Graduades:<\/i><\/p>\n<ul>\n<li>Con ponencia: ARS 8000 hasta el 24\/09.<\/li>\n<li>Con ponencia: U$D 100,00 para personas que residen en el extranjero el 24\/09.<\/li>\n<li>Asistentes que no presentan ponencia: <b>gratuita <\/b>(no se otorga certificado en este caso).<\/li>\n<\/ul>\n<p><i>Estudiantes de grado con ponencias acad\u00e9mico-cient\u00edficas:<\/i><b> inscripci\u00f3n gratuita.<\/b><\/p>\n<p><i>Presentaciones en formatos multimediales: <\/i><b>inscripci\u00f3n<\/b> <b>gratuita.<\/b><\/p>\n<p>Hac\u00e9 click en el bot\u00f3n de pago que corresponde y abon\u00e1 mediante Mercado Pago:<\/p>\n<\/div>\n<\/div><\/div><\/div><\/div><div id=\"pg-32-1\"  class=\"panel-grid panel-no-style\" ><div id=\"pgc-32-1-0\"  class=\"panel-grid-cell\" ><div id=\"panel-32-1-0-0\" class=\"so-panel widget widget_sow-button panel-first-child panel-last-child\" data-index=\"1\" ><div\n\t\t\t\n\t\t\tclass=\"so-widget-sow-button so-widget-sow-button-flat-36e22cfc6189-32\"\n\t\t\t\n\t\t><div class=\"ow-button-base ow-button-align-center\"\n>\n\t\t\t<a\n\t\t\t\t\thref=\"https:\/\/mpago.la\/1kriMJL\"\n\t\t\t\t\tclass=\"sowb-button ow-icon-placement-top ow-button-hover\" target=\"_blank\" rel=\"noopener noreferrer\" \t>\n\t\t<span>\n\t\t\t<span class=\"sow-icon-fontawesome sow-far\" data-sow-icon=\"&#xf09d;\"\n\t\tstyle=\"\" \n\t\taria-hidden=\"true\"><\/span>\n\t\t\tModalidad Presencial - Personas residentes de Argentina. $5000.- hasta el 24\/09\/24\t\t<\/span>\n\t\t\t<\/a>\n\t<\/div>\n<\/div><\/div><\/div><div id=\"pgc-32-1-1\"  class=\"panel-grid-cell\" ><div id=\"panel-32-1-1-0\" class=\"so-panel widget widget_sow-button panel-first-child panel-last-child\" data-index=\"2\" ><div\n\t\t\t\n\t\t\tclass=\"so-widget-sow-button so-widget-sow-button-flat-36e22cfc6189-32\"\n\t\t\t\n\t\t><div class=\"ow-button-base ow-button-align-center\"\n>\n\t\t\t<a\n\t\t\t\t\thref=\"https:\/\/mpago.la\/1kriMJL\"\n\t\t\t\t\tclass=\"sowb-button ow-icon-placement-top ow-button-hover\" target=\"_blank\" rel=\"noopener noreferrer\" \t>\n\t\t<span>\n\t\t\t<span class=\"sow-icon-fontawesome sow-far\" data-sow-icon=\"&#xf09d;\"\n\t\tstyle=\"\" \n\t\taria-hidden=\"true\"><\/span>\n\t\t\tModalidad Presencial - Personas residentes de Argentina sin ponencia. $5000.- hasta el 29\/9\/24\t\t<\/span>\n\t\t\t<\/a>\n\t<\/div>\n<\/div><\/div><\/div><div id=\"pgc-32-1-2\"  class=\"panel-grid-cell\" ><div id=\"panel-32-1-2-0\" class=\"so-panel widget widget_sow-button panel-first-child panel-last-child\" data-index=\"3\" ><div\n\t\t\t\n\t\t\tclass=\"so-widget-sow-button so-widget-sow-button-flat-36e22cfc6189-32\"\n\t\t\t\n\t\t><div class=\"ow-button-base ow-button-align-center\"\n>\n\t\t\t<a\n\t\t\t\t\thref=\"https:\/\/mpago.la\/2yWZzA4\"\n\t\t\t\t\tclass=\"sowb-button ow-icon-placement-top ow-button-hover\" target=\"_blank\" rel=\"noopener noreferrer\" \t>\n\t\t<span>\n\t\t\t<span class=\"sow-icon-fontawesome sow-far\" data-sow-icon=\"&#xf09d;\"\n\t\tstyle=\"\" \n\t\taria-hidden=\"true\"><\/span>\n\t\t\tModalidad Presencial - Personas que residen en el extranjero. U$D 70.- Hasta el 24\/9\/2024\t\t<\/span>\n\t\t\t<\/a>\n\t<\/div>\n<\/div><\/div><\/div><\/div><div id=\"pg-32-2\"  class=\"panel-grid panel-no-style\" ><div id=\"pgc-32-2-0\"  class=\"panel-grid-cell\" ><div id=\"panel-32-2-0-0\" class=\"so-panel widget widget_sow-button panel-first-child panel-last-child\" data-index=\"4\" ><div\n\t\t\t\n\t\t\tclass=\"so-widget-sow-button so-widget-sow-button-flat-36e22cfc6189-32\"\n\t\t\t\n\t\t><div class=\"ow-button-base ow-button-align-center\"\n>\n\t\t\t<a\n\t\t\t\t\thref=\"https:\/\/mpago.la\/2H36Q2F\"\n\t\t\t\t\tclass=\"sowb-button ow-icon-placement-top ow-button-hover\" target=\"_blank\" rel=\"noopener noreferrer\" \t>\n\t\t<span>\n\t\t\t<span class=\"sow-icon-fontawesome sow-far\" data-sow-icon=\"&#xf09d;\"\n\t\tstyle=\"\" \n\t\taria-hidden=\"true\"><\/span>\n\t\t\tModalidad Virtual - Personas que residen en Argentina. $8000.- hasta el 24\/9\/2024\t\t<\/span>\n\t\t\t<\/a>\n\t<\/div>\n<\/div><\/div><\/div><div id=\"pgc-32-2-1\"  class=\"panel-grid-cell\" ><div id=\"panel-32-2-1-0\" class=\"so-panel widget widget_sow-button panel-first-child panel-last-child\" data-index=\"5\" ><div\n\t\t\t\n\t\t\tclass=\"so-widget-sow-button so-widget-sow-button-flat-36e22cfc6189-32\"\n\t\t\t\n\t\t><div class=\"ow-button-base ow-button-align-center\"\n>\n\t\t\t<a\n\t\t\t\t\thref=\"https:\/\/mpago.la\/1Vu1Yo9\"\n\t\t\t\t\tclass=\"sowb-button ow-icon-placement-top ow-button-hover\" target=\"_blank\" rel=\"noopener noreferrer\" \t>\n\t\t<span>\n\t\t\t<span class=\"sow-icon-fontawesome sow-far\" data-sow-icon=\"&#xf09d;\"\n\t\tstyle=\"\" \n\t\taria-hidden=\"true\"><\/span>\n\t\t\tModalidad Virtual - Personas que residen en el extranjero. U$D 100.- hasta el 24\/9\/2024\t\t<\/span>\n\t\t\t<\/a>\n\t<\/div>\n<\/div><\/div><\/div><\/div><div id=\"pg-32-3\"  class=\"panel-grid panel-no-style\" ><div id=\"pgc-32-3-0\"  class=\"panel-grid-cell\" ><div id=\"panel-32-3-0-0\" class=\"so-panel widget widget_sow-editor panel-first-child panel-last-child\" data-index=\"6\" ><div\n\t\t\t\n\t\t\tclass=\"so-widget-sow-editor so-widget-sow-editor-base\"\n\t\t\t\n\t\t>\n<div class=\"siteorigin-widget-tinymce textwidget\">\n\t<p>Para participar de las Jornadas deber\u00e1n inscribirse a trav\u00e9s del siguiente formulario web, tanto ponentes como para asistentes. Para inscribirse es necesario que, a quienes les corresponda, <strong>cuenten con el comprobante de pago para subirlo al formulario<\/strong>.<\/p>\n<\/div>\n<\/div><\/div><\/div><\/div><div id=\"pg-32-4\"  class=\"panel-grid panel-no-style\" ><div id=\"pgc-32-4-0\"  class=\"panel-grid-cell panel-grid-cell-empty\" ><\/div><div id=\"pgc-32-4-1\"  class=\"panel-grid-cell panel-grid-cell-mobile-last\" ><div id=\"panel-32-4-1-0\" class=\"so-panel widget widget_sow-button panel-first-child panel-last-child\" data-index=\"7\" ><div\n\t\t\t\n\t\t\tclass=\"so-widget-sow-button so-widget-sow-button-flat-36e22cfc6189-32\"\n\t\t\t\n\t\t><div class=\"ow-button-base ow-button-align-center\"\n>\n\t\t\t<a\n\t\t\t\t\thref=\"https:\/\/forms.gle\/NLJP678QDiK4UgwY9\"\n\t\t\t\t\tclass=\"sowb-button ow-icon-placement-top ow-button-hover\" target=\"_blank\" rel=\"noopener noreferrer\" \t>\n\t\t<span>\n\t\t\t<span class=\"sow-icon-fontawesome sow-far\" data-sow-icon=\"&#xf044;\"\n\t\tstyle=\"\" \n\t\taria-hidden=\"true\"><\/span>\n\t\t\tFormulario de Inscripci\u00f3n\t\t<\/span>\n\t\t\t<\/a>\n\t<\/div>\n<\/div><\/div><\/div><div id=\"pgc-32-4-2\"  class=\"panel-grid-cell panel-grid-cell-empty\" ><\/div><\/div><\/div>","protected":false},"excerpt":{"rendered":"<p>Para participar de las Jornadas deber\u00e1n inscribirse a trav\u00e9s del formulario que encontrar\u00e1n al final de esta p\u00e1gina. Es indispensable tanto para quienes se asistentes tanto para participar de las Jornadas, como para presentar res\u00famenes de presentaciones acad\u00e9micas en formato escrito o res\u00famenes de presentaciones multimediales:\u00a0 Una vez aceptado el resumen los y las autoras [&hellip;]<\/p>\n","protected":false},"author":2,"featured_media":0,"parent":0,"menu_order":0,"comment_status":"closed","ping_status":"closed","template":"","meta":{"advgb_blocks_editor_width":"","advgb_blocks_columns_visual_guide":"","footnotes":""},"class_list":["post-32","page","type-page","status-publish","hentry","post"],"aioseo_notices":[],"coauthors":[],"author_meta":{"author_link":"https:\/\/congresos.unlp.edu.ar\/jornadasturismoycomunidades\/author\/congresos\/","display_name":"congresos"},"relative_dates":{"created":"Posted 5 a\u00f1os ago","modified":"Updated 2 a\u00f1os ago"},"absolute_dates":{"created":"Posted on 11 noviembre, 2020","modified":"Updated on 9 septiembre, 2024"},"absolute_dates_time":{"created":"Posted on 11 noviembre, 2020 4:14 pm","modified":"Updated on 9 septiembre, 2024 4:20 pm"},"featured_img_caption":"","featured_img":false,"series_order":"","_links":{"self":[{"href":"https:\/\/congresos.unlp.edu.ar\/jornadasturismoycomunidades\/wp-json\/wp\/v2\/pages\/32","targetHints":{"allow":["GET"]}}],"collection":[{"href":"https:\/\/congresos.unlp.edu.ar\/jornadasturismoycomunidades\/wp-json\/wp\/v2\/pages"}],"about":[{"href":"https:\/\/congresos.unlp.edu.ar\/jornadasturismoycomunidades\/wp-json\/wp\/v2\/types\/page"}],"author":[{"embeddable":true,"href":"https:\/\/congresos.unlp.edu.ar\/jornadasturismoycomunidades\/wp-json\/wp\/v2\/users\/2"}],"replies":[{"embeddable":true,"href":"https:\/\/congresos.unlp.edu.ar\/jornadasturismoycomunidades\/wp-json\/wp\/v2\/comments?post=32"}],"version-history":[{"count":0,"href":"https:\/\/congresos.unlp.edu.ar\/jornadasturismoycomunidades\/wp-json\/wp\/v2\/pages\/32\/revisions"}],"wp:attachment":[{"href":"https:\/\/congresos.unlp.edu.ar\/jornadasturismoycomunidades\/wp-json\/wp\/v2\/media?parent=32"}],"curies":[{"name":"wp","href":"https:\/\/api.w.org\/{rel}","templated":true}]}}