{"id":278,"date":"2021-11-29T10:51:00","date_gmt":"2021-11-29T13:51:00","guid":{"rendered":"https:\/\/congresos.unlp.edu.ar\/jornadasmalvinasunlp\/?page_id=278"},"modified":"2025-11-13T16:27:19","modified_gmt":"2025-11-13T19:27:19","slug":"3-circular","status":"publish","type":"page","link":"https:\/\/congresos.unlp.edu.ar\/jornadasmalvinasunlp\/3-circular\/","title":{"rendered":"3\u00b0 circular"},"content":{"rendered":"<p style=\"text-align: center\"><strong>A 60 a\u00f1os de la Resoluci\u00f3n 2065 de las Naciones Unidas<\/strong><\/p>\n<p style=\"text-align: center\"><strong>\u00a0<\/strong><\/p>\n<p style=\"text-align: center\"><strong>V JORNADAS DE LA CUESTI\u00d3N MALVINAS EN LA UNIVERSIDAD NACIONAL DE LA PLATA<\/strong><\/p>\n<p style=\"text-align: center\">\n<p style=\"text-align: center\"><strong>11 y 12 de diciembre de 2025<\/strong><\/p>\n<p>&nbsp;<\/p>\n<p>&nbsp;<\/p>\n<p style=\"text-align: center\"><strong>TERCERA CIRCULAR<\/strong><\/p>\n<p>&nbsp;<\/p>\n<p><strong>Organizan:<\/strong><\/p>\n<p><strong>\u00a0<\/strong><\/p>\n<ul>\n<li>Equipo de Investigaci\u00f3n de la Cuesti\u00f3n Malvinas en el Instituto Malvinas de la Universidad Nacional de La<\/li>\n<\/ul>\n<p>&nbsp;<\/p>\n<ul>\n<li>Red de Investigadores de la Cuesti\u00f3n<\/li>\n<\/ul>\n<p>&nbsp;<\/p>\n<ul>\n<li>Colectivo de Estudios, Divulgaci\u00f3n e Investigaci\u00f3n de la Cuesti\u00f3n Malvinas en el Centro de Investigaciones Socio-Hist\u00f3ricas del Instituto de Investigaciones en Humanidades y Ciencias Sociales (UNLP-CONICET).<\/li>\n<\/ul>\n<p>&nbsp;<\/p>\n<p><strong>Fecha: <\/strong>11 y 12 de diciembre de 2025<\/p>\n<p>&nbsp;<\/p>\n<p><strong>Lugar de realizaci\u00f3n: <\/strong>Universidad Nacional de La Plata, <strong>Sede Karakachoff (calle 48 entre 6 y 7 N\u00b0 575)<\/strong><\/p>\n<p>&nbsp;<\/p>\n<p><strong>Modalidad: <\/strong>Presencial.<\/p>\n<p>&nbsp;<\/p>\n<p><strong>Arancel: <\/strong>Asistente $1.000 \u2013 Expositor\/a $10.000<\/p>\n<p>&nbsp;<\/p>\n<p><strong>Contacto: <\/strong><a href=\"mailto:jornadasmalvinasunlp@gmail.com\">jornadasmalvinasunlp@gmail.com.<\/a><\/p>\n<p>&nbsp;<\/p>\n<p><strong>Sitio Web<\/strong>: <a href=\"https:\/\/congresos.unlp.edu.ar\/jornadasmalvinasunlp\/\">https:\/\/congresos.unlp.edu.ar\/jornadasmalvinasunlp\/<\/a><\/p>\n<p>&nbsp;<\/p>\n<p><strong>PASOS PARA LA INSCRIPCI\u00d3N:<\/strong><\/p>\n<p><strong>\u00a0<\/strong>Pagar el arancel de \u201cAsistente\u201d o de \u201cExpositor\/a\u201d seg\u00fan corresponda.<\/p>\n<ul>\n<li>Asistente $1.000: <a href=\"https:\/\/mpago.la\/2xLaYvY\">https:\/\/mpago.la\/2xLaYvY<\/a><\/li>\n<li>Expositor\/a $10.000: <a href=\"https:\/\/mpago.la\/2kHZeD3\">https:\/\/mpago.la\/2kHZeD3<\/a><\/li>\n<li>Completar el siguiente formulario y adjuntar el comprobante de pago en el lugar asignado: <a href=\"https:\/\/docs.google.com\/forms\/d\/e\/1FAIpQLSd0VZwycBu8zeg34rncWh5i-wgE6NvmO6WerQyPMkxd9kKorQ\/viewform?usp=sharing&amp;ouid=112610787806509497406\">https:\/\/docs.google.com\/forms\/d\/e\/1FAIpQLSd0VZwycBu8zeg34rncWh5i-wgE6NvmO6WerQyPMkxd9kKorQ\/viewform?usp=sharing&amp;ouid=112610787806509497406<\/a><\/li>\n<\/ul>\n<p>&nbsp;<\/p>\n<p>&nbsp;<\/p>\n<p style=\"text-align: center\"><strong>CRONOGRAMA GENERAL<\/strong><\/p>\n<p><strong>\u00a0<\/strong><\/p>\n<p>&nbsp;<\/p>\n<p><strong>\u00a0<\/strong><\/p>\n<p><strong>JUEVES 11 DE DICIEMBRE<\/strong><\/p>\n<p><strong>\u00a0<\/strong><strong>\u00a0<\/strong><\/p>\n<ul>\n<li><strong> Inscripci\u00f3n (Aula \u2013204, segundo subsuelo).<\/strong><\/li>\n<\/ul>\n<p><strong>\u00a0<\/strong><\/p>\n<ul>\n<li><strong>11hs a 13hs: Panel de Apertura \u201cMonte Longdon: Radiograf\u00eda de una investigaci\u00f3n\u201d (Aula 205).<\/strong><\/li>\n<\/ul>\n<p><strong>\u00a0<\/strong><\/p>\n<ul>\n<li><strong>13hs a 14hs: Receso para el almuerzo.<\/strong><\/li>\n<\/ul>\n<p><strong>\u00a0<\/strong><\/p>\n<ul>\n<li><strong>14hs a 20hs: Funcionamiento de Mesas Tem\u00e1ticas.<\/strong><\/li>\n<\/ul>\n<p><strong>\u00a0<\/strong><strong>\u00a0<\/strong><\/p>\n<p>&nbsp;<\/p>\n<p><strong>VIERNES 12 DE DICIEMBRE<\/strong><\/p>\n<p>&nbsp;<\/p>\n<ul>\n<li><strong> Inscripci\u00f3n (Aula \u2013204, segundo subsuelo).<\/strong><\/li>\n<\/ul>\n<p><strong>\u00a0<\/strong><\/p>\n<ul>\n<li><strong>10hs a 13hs. Funcionamiento de Mesas Tem\u00e1ticas.<\/strong><\/li>\n<\/ul>\n<p><strong>\u00a0<\/strong><\/p>\n<ul>\n<li><strong>13hs a 14hs: Receso para el almuerzo.<\/strong><\/li>\n<\/ul>\n<p><strong>\u00a0<\/strong><\/p>\n<ul>\n<li><strong>14hs a 17hs: Funcionamiento de Mesas Tem\u00e1ticas.<\/strong><\/li>\n<\/ul>\n<p><strong>\u00a0<\/strong><\/p>\n<ul>\n<li><strong>17hs a 19.30hs: Panel de Cierre \u201cLa Cuesti\u00f3n Malvinas en la Argentina Bicontinental\u201d (Aula 205).<\/strong><\/li>\n<\/ul>\n<p><strong>\u00a0<\/strong><\/p>\n<p><strong>\u00a0<\/strong><\/p>\n<p><strong>\u00a0<\/strong><\/p>\n<p style=\"text-align: center\"><strong>CRONOGRAMA DE PRESENTACI\u00d3N DE TRABAJOS<\/strong><\/p>\n<p>&nbsp;<\/p>\n<p>&nbsp;<\/p>\n<p><strong>MESA 1. MALVINAS Y EDUCACI\u00d3N.<\/strong><\/p>\n<p>&nbsp;<\/p>\n<p><strong>Coordinadores: Fariday Cingolani y Federico Witkowski.<\/strong><\/p>\n<p><strong>Aula: -205 (segundo subsuelo)<\/strong><\/p>\n<p><strong>Funcionamiento: jueves 11<\/strong><\/p>\n<p>&nbsp;<\/p>\n<p><strong>Bloque \u00danico. De 16hs a 20hs.<\/strong><\/p>\n<p>&nbsp;<\/p>\n<ul>\n<li>Soledad Falco. <em>El Sector Ant\u00e1rtico Argentino en los manuales escolares: discursos sobre soberan\u00eda y ambiente.<\/em><\/li>\n<\/ul>\n<p>&nbsp;<\/p>\n<ul>\n<li>Paula Zaragoza y Sebasti\u00e1n D\u2019agrosa Okita. <em>Diplomacia p\u00fablica y soberan\u00eda bicontinental: la Diplomatura \u201cMalvinas, Ant\u00e1rtida y Atl\u00e1ntico Sur\u201d como herramienta estrat\u00e9gica de formaci\u00f3n y proyecci\u00f3n federal e internacional.<\/em><\/li>\n<\/ul>\n<p>&nbsp;<\/p>\n<ul>\n<li>Soledad Viladrich y Pablo Francisco Gullino. <em>Narrativas transmedia y construcci\u00f3n de memoria: el Museo Municipal Malvinas de Avellaneda.<\/em><\/li>\n<\/ul>\n<p>&nbsp;<\/p>\n<ul>\n<li>Alejandro Scomparin. <em>Plataforma educativa sobre la Cuesti\u00f3n Malvinas.<\/em><\/li>\n<\/ul>\n<p>&nbsp;<\/p>\n<ul>\n<li>Fariday Cingolani. <em>Memorias escolares de Malvinas: la ense\u00f1anza de la Cuesti\u00f3n Malvinas en escuelas secundarias de la Ciudad de La Plata.<\/em><\/li>\n<\/ul>\n<p>&nbsp;<\/p>\n<ul>\n<li>Alejandro Scomparin. <em>Apoyo espiritual durante la Guerra de Malvinas.<\/em><\/li>\n<\/ul>\n<p>&nbsp;<\/p>\n<p>&nbsp;<\/p>\n<p><strong>MESA 2. MALVINAS ENTRE LA HISTORIA LARGA Y LA GUERRA DEL ATL\u00c1NTICO SUR.<\/strong><\/p>\n<p>&nbsp;<\/p>\n<p><strong>Coordinadores: Juan Cisilino.<\/strong><\/p>\n<p><strong>Aula: -206 (segundo subsuelo)<\/strong><\/p>\n<p><strong>Funcionamiento: jueves 11<\/strong><\/p>\n<p>&nbsp;<\/p>\n<p><strong>Bloque \u00danico. De 14hs a 18hs.<\/strong><\/p>\n<p>&nbsp;<\/p>\n<ul>\n<li>Juan Natalizio. <em>Malvinas 1831: el ataque estadounidense y la ruptura del proyecto soberano del Atl\u00e1ntico Sur.<\/em><\/li>\n<\/ul>\n<p><em>\u00a0<\/em><\/p>\n<ul>\n<li>Francisco Novas. <em>35 a\u00f1os de incertidumbres \u00bfqu\u00e9 sucedi\u00f3 en el ambiente pol\u00edtico, diplom\u00e1tico y cultural entre 1849 y 1884 en torno al asunto Malvinas?<\/em><\/li>\n<\/ul>\n<p><em>\u00a0<\/em><\/p>\n<ul>\n<li>Paula Salguero. <em>Las Islas Georgias del Sur durante el conflicto de 1982. Una reconstrucci\u00f3n de los hechos y algunas problem\u00e1ticas posibles.<\/em><\/li>\n<\/ul>\n<p><em>\u00a0<\/em><\/p>\n<ul>\n<li>Pablo Bonavena. <em>Rese\u00f1a de \u00abDesembarco en las Georgias\u00bb de Felipe Celesia.<\/em><\/li>\n<\/ul>\n<p><em>\u00a0<\/em><\/p>\n<ul>\n<li>Paula Gago y Sof\u00eda Vitale. <em>\u00bfLectura preferente, negociada o de oposici\u00f3n? La recepci\u00f3n de la cobertura de la guerra de Malvinas en Humor Registrado (1982).<\/em><\/li>\n<\/ul>\n<p><em>\u00a0<\/em><\/p>\n<ul>\n<li>Luciana Bianco y M. Josefina Lamais\u00f3n. <em>El CONICET durante la Guerra de Malvinas: relaciones internacionales y becas externas (1982).<\/em><\/li>\n<\/ul>\n<p><em>\u00a0<\/em><\/p>\n<ul>\n<li>Alejo D\u00edaz. <em>El \u201cpunto culminante de la derrota\u201d argentina en la Guerra de Malvinas: un an\u00e1lisis estrat\u00e9gico \u2013 operacional.<\/em><\/li>\n<\/ul>\n<p><em>\u00a0<\/em><\/p>\n<ul>\n<li>Jorge Podest\u00e1. <em>Entre pumas y dragones nace una amistad de toda la vida. El regreso a casa de los guerreros terminado el Conflicto del Atl\u00e1ntico Sur.<\/em><\/li>\n<\/ul>\n<p><em>\u00a0<\/em><\/p>\n<p>&nbsp;<\/p>\n<p><strong>MESA 3. LA CAUSA MALVINAS, LA BICONTINENTALIDAD Y EL PENSAMIENTO NACIONAL.<\/strong><\/p>\n<p>&nbsp;<\/p>\n<p><strong>Coordinadores: Federico Witkowski, Facundo Lafit y Emanuel Correa.<\/strong><\/p>\n<p><strong>Aula: -204 (segundo subsuelo)<\/strong><\/p>\n<p><strong>Funcionamiento: viernes 12<\/strong><\/p>\n<p>&nbsp;<\/p>\n<p><strong>Bloque 1. De 10hs a 13hs.<\/strong><\/p>\n<p>&nbsp;<\/p>\n<ul>\n<li>Jos\u00e9 Ferico Witkowski. <em>La Junta de Recuperaci\u00f3n de las Malvinas. Una primera aproximaci\u00f3n (1939-1946).<\/em><\/li>\n<\/ul>\n<p><em>\u00a0<\/em><\/p>\n<ul>\n<li>Juan Nozzi. <em>Malvinas: Rozitchner &#8211; Gonz\u00e1lez, correspondencia de una cr\u00edtica pol\u00edtica.<\/em><\/li>\n<\/ul>\n<p>&nbsp;<\/p>\n<ul>\n<li>Juan Natalizio. <em>La guerra de Malvinas seg\u00fan Jorge Abelardo Ramos.<\/em><\/li>\n<\/ul>\n<p><em>\u00a0<\/em><\/p>\n<ul>\n<li>Mar\u00eda de los \u00c1ngeles L\u00f3pez Gordillo. <em>Malvinas: el nacionalismo en disputa en el campo intelectual argentino (2011-2015).<\/em><\/li>\n<\/ul>\n<p><em>\u00a0<\/em><\/p>\n<p><em>\u00a0<\/em><\/p>\n<p><strong>Bloque 2. De 14hs a 17hs.<\/strong><\/p>\n<p>&nbsp;<\/p>\n<ul>\n<li>Ariel Hartlich. <em>Rese\u00f1a del libro \u00abEl ojo austral: De Guam\u00e1n Poma de Ayala a Per\u00f3n, una historia de la geocultura del Sur de Nuestra Am\u00e9rica, centrada en Malvinas y la Ant\u00e1rtida Suramericana\u00bb.<\/em><\/li>\n<\/ul>\n<p>&nbsp;<\/p>\n<ul>\n<li>Juli\u00e1n Bilmes. <em>Proyecci\u00f3n austral y bicontinental, formaci\u00f3n territorial argentina y pensamiento nacional<\/em>.<\/li>\n<\/ul>\n<p>&nbsp;<\/p>\n<ul>\n<li>Hilario Patronelli y Sol Casta\u00f1eda. <em>Imaginarios cartogr\u00e1ficos y la construcci\u00f3n de la Argentina Bicontinental<\/em>.<\/li>\n<\/ul>\n<p>&nbsp;<\/p>\n<ul>\n<li>Delfina De Nicolo; Tob\u00edas Chavero; Juan Augusto Rattenbach; Mar\u00eda Laura Civale; Adilio Bareiro; Rodrigo Kataishi; Carolina Casagni Welsch. <em>Argentina, una naci\u00f3n en el mar: proyecci\u00f3n mar\u00edtima, soberan\u00eda y desarrollo.<\/em><\/li>\n<\/ul>\n<p>&nbsp;<\/p>\n<p>&nbsp;<\/p>\n<p><strong>MESA 4. LAS MARCAS DE LA POSGUERRA Y LA DISPUTA CULTURAL<\/strong><\/p>\n<p>&nbsp;<\/p>\n<p><strong>Coordinadores: Paula Salguero y Fariday Cingolani.<\/strong><\/p>\n<p><strong>Aula: -205 (segundo subsuelo)<\/strong><\/p>\n<p><strong>Funcionamiento: viernes 12<\/strong><\/p>\n<p>&nbsp;<\/p>\n<p><strong>Bloque 1. De 10hs a 13hs.<\/strong><\/p>\n<p>&nbsp;<\/p>\n<ul>\n<li>Sof\u00eda Vassallo. <em>Voces de Malvinas<\/em>: formaci\u00f3n, investigaci\u00f3n y cooperaci\u00f3n por la memoria y la soberan\u00eda.<\/li>\n<\/ul>\n<p><em>\u00a0<\/em><\/p>\n<ul>\n<li>Omar Alonso Camacho. <em>Un aporte para reconstruir la historia de la guerra del Atl\u00e1ntico Sur a trav\u00e9s del testimonio de los veteranos del sur mendocino. <\/em><\/li>\n<\/ul>\n<p><em>\u00a0<\/em><\/p>\n<ul>\n<li>Sof\u00eda Vassallo. <em>Tatuajes de los combatientes de 1982. Marcas autoinfligidas que se suman a las cicatrices del cuerpo y del alma, las actualizan y resignifican.<\/em><\/li>\n<\/ul>\n<p>&nbsp;<\/p>\n<ul>\n<li>Mar\u00eda del Valle Astudillo. <em>De la cultura a la trinchera: el Sapucay como pilar de la identidad argentina en Malvinas.<\/em><\/li>\n<\/ul>\n<p>&nbsp;<\/p>\n<ul>\n<li>Samanta Garc\u00eda Navarro; Alexander Greiner; Valentina Garc\u00eda Arroyo; Luciana Gonz\u00e1lez. <em>Perspectiva pericial: Malvinas argentinas.<\/em><\/li>\n<\/ul>\n<p><em>\u00a0<\/em><\/p>\n<p><strong>Bloque 2. De 14hs a 17hs.<\/strong><\/p>\n<p>&nbsp;<\/p>\n<ul>\n<li>Cecilia Figari, Mar\u00eda Isabel Campbell, Ver\u00f3nica Rende, Mara Wolansky. <em>Mujeres malvineras tejiendo redes de salud.<\/em><\/li>\n<\/ul>\n<p><em>\u00a0<\/em><\/p>\n<ul>\n<li>Marta Castellino. <em>Otra forma contar Malvinas: A prop\u00f3sito de \u00abDecisiones apresuradas\u00bb; una cr\u00f3nica de la Guerra de Malvinas a trav\u00e9s del rock nacional.<\/em><\/li>\n<\/ul>\n<p><em>\u00a0<\/em><\/p>\n<ul>\n<li>Ricardo Dubatti. <em>Espectros de Malvinas: el teatro y la imaginaci\u00f3n como veh\u00edculos para la posmemoria.<\/em><\/li>\n<\/ul>\n<p>&nbsp;<\/p>\n<ul>\n<li>Agust\u00edn Bellido y Guadalupe Burtre<em>. <\/em><em>Gimnasia y Malvinas: una identidad que une, potencia y moviliza.<\/em><\/li>\n<\/ul>\n<p>&nbsp;<\/p>\n<ul>\n<li>El\u00edas Cal\u00ed. <em>La lucha por el pasado entre cenotafios, murales y memoria: Espacios de homenaje a los ex combatientes y veteranos de guerra.<\/em><\/li>\n<\/ul>\n<p><em>\u00a0<\/em><\/p>\n<p><em>\u00a0<\/em><strong>MESA 5. PRODUCCIONES ESTUDIANTILES<\/strong><\/p>\n<p>&nbsp;<\/p>\n<p><strong>Coordinadores: Ana Asprea Sarin, Martina Biasotti y Lautaro Herrera.<\/strong><\/p>\n<p><strong>Aula: -206 (segundo subsuelo)<\/strong><\/p>\n<p><strong>Funcionamiento: viernes 12<\/strong><\/p>\n<p>&nbsp;<\/p>\n<p><strong>Bloque 1. De 10hs a 13hs.<\/strong><\/p>\n<p>&nbsp;<\/p>\n<ul>\n<li>Agust\u00edn Salvia. <em>Argentina frente a la revisi\u00f3n del Tratado Ant\u00e1rtico (2048) y la disputa por los recursos naturales.<\/em><\/li>\n<\/ul>\n<p>&nbsp;<\/p>\n<ul>\n<li>Nicol\u00e1s Francisco Caresani. <em>\u201cMalvinas s\u00ed, Proceso no\u201d <\/em>Por qu\u00e9 elegimos recordar la causa Malvinas.<\/li>\n<\/ul>\n<p>&nbsp;<\/p>\n<ul>\n<li>Milagros Ag\u00fcero. <em>\u00bfD\u00f3nde est\u00e1 el coraz\u00f3n de la Argentina? Reflexiones acerca de la fuerza pl\u00e1stica entre identidad y territorio a prop\u00f3sito de la \u2018\u2018Cuesti\u00f3n Malvinas\u2019\u2019<\/em>.<\/li>\n<\/ul>\n<p>&nbsp;<\/p>\n<ul>\n<li>Victoria Acebal y Agustina Martino. <em>Malvinas entre consensos y disputas: El Estado, los medios y la polarizaci\u00f3n politica (1992, 2002, 2012, 2022).<\/em><\/li>\n<\/ul>\n<p>&nbsp;<\/p>\n<ul>\n<li>Joaqu\u00edn Fidel I\u00f1\u00edguez. <em>Cuestiones geopol\u00edticas actuales de la Causa Malvinas<\/em>.<\/li>\n<\/ul>\n<p>&nbsp;<\/p>\n<table width=\"1092\">\n<tbody>\n<tr>\n<td width=\"1092\"><strong>Bloque 2. De 14hs a 17hs.<\/strong><\/td>\n<\/tr>\n<\/tbody>\n<\/table>\n<ul>\n<li>Micaela Florencia Flores, Fiorella Rodr\u00edguez, Leonel Spagnolo. <em>Voces de Malvinas: edici\u00f3n de micros para el Canal Encuentro y shorts para las redes.<\/em><\/li>\n<\/ul>\n<p><em>\u00a0<\/em><\/p>\n<ul>\n<li>Lautaro Alzamora, Mar\u00eda del Carmen Brets, Samuel Sosa, Evelyn Eliana Steinbag. <em>Las luchas de la posguerra: los combatientes, la vuelta al trabajo y sus organizaciones.<\/em><\/li>\n<\/ul>\n<p>&nbsp;<\/p>\n<ul>\n<li>Bruno Raingo. <em>El turismo como herramienta de poder blando en el sector ant\u00e1rtico argentino.<\/em><\/li>\n<\/ul>\n<p>&nbsp;<\/p>\n<ul>\n<li>Martina Biasotti y Rafael Defelitto. <em>Malvinas, soberan\u00eda y defensa nacional: la ense\u00f1anza de la historia como proyecto emancipador<\/em>.<\/li>\n<\/ul>\n<p>&nbsp;<\/p>\n<p>&nbsp;<\/p>\n<p><strong>MESA 6. LA CUESTI\u00d3N MALVINAS EN EL ESCENARIO ACTUAL.<\/strong><\/p>\n<p>&nbsp;<\/p>\n<p><strong>Coordinadores: Juli\u00e1n Bilmes, Agustina Hartwig, Hilario Patronelli y Rafael Defelito.<\/strong><\/p>\n<p><strong>Aula: -207 (segundo subsuelo)<\/strong><\/p>\n<p><strong>Funcionamiento: viernes 12<\/strong><\/p>\n<p>&nbsp;<\/p>\n<p><strong>Bloque 1. De 10hs a 13hs.<\/strong><\/p>\n<p>&nbsp;<\/p>\n<ul>\n<li>Juan Cisilino, Juli\u00e1n Bilmes, Hilario Patronelli. <em>La Cuesti\u00f3n Malvinas en la era Milei: declinaci\u00f3n de la soberan\u00eda y avance brit\u00e1nico-estadounidense.<\/em><\/li>\n<\/ul>\n<p><em>\u00a0<\/em><\/p>\n<ul>\n<li>Pablo Jacina y Betiana Gonzalez. <em>Claudicaci\u00f3n libertaria en la soberan\u00eda argentina sobre Malvinas: an\u00e1lisis preliminar sobre cinco de las acciones y omisiones del gobierno.<\/em><\/li>\n<\/ul>\n<p>&nbsp;<\/p>\n<ul>\n<li>Ludmila Mart\u00ednez y Soledad Falco. <em>Soberan\u00eda en la Ant\u00e1rtida: Comunicaci\u00f3n p\u00fablica de la ciencia y sat\u00e9lites en el escenario actual<\/em>.<\/li>\n<\/ul>\n<p>&nbsp;<\/p>\n<ul>\n<li>Oscar Mastropierro. <em>La econom\u00eda de las Islas Malvinas tras el brexit y la pandemia del Covid 19.<\/em><\/li>\n<\/ul>\n<p><em>\u00a0<\/em><\/p>\n<ul>\n<li>Susana Pereyra. <em>El poder infraestructural del Reino Unido en el Atl\u00e1ntico Sur. Estrategias comparadas.<\/em><\/li>\n<\/ul>\n<p>&nbsp;<\/p>\n<p><strong>Bloque 2. De 14hs a 17hs.<\/strong><\/p>\n<p>&nbsp;<\/p>\n<ul>\n<li>Mar\u00eda Clara Ralo Venditti. <em>El impacto de Tierra del Fuego en la construcci\u00f3n del inter\u00e9s nacional sobre Malvinas: paradiplomacia y geopol\u00edtica (1990-actualidad).<\/em><\/li>\n<\/ul>\n<p><em>\u00a0<\/em><\/p>\n<ul>\n<li>Yamila Villarreal. <em>La fractura del status quo vs. la inercia geopol\u00edtica: el caso de recuperaci\u00f3n de soberan\u00eda de Chagos en contraste con la persistencia del colonialismo en Malvinas en el s. XXI.<\/em><\/li>\n<\/ul>\n<p><em>\u00a0<\/em><\/p>\n<ul>\n<li>David Pizarro. <em>De la Desmalvinizaci\u00f3n a la Disuasi\u00f3n: Hacia una Reinversi\u00f3n Estrat\u00e9gica en las Fuerzas Armadas para la Defensa de la Soberan\u00eda en el Atl\u00e1ntico Sur.<\/em><\/li>\n<\/ul>\n<p>&nbsp;<\/p>\n<ul>\n<li>Mariana Altieri y Ezequiel Magnani. <em>Defensa revisionista: una pol\u00edtica pac\u00edfica y posible para recuperar las Islas Malvinas.<\/em><\/li>\n<\/ul>\n<p>&nbsp;<\/p>\n<p>&nbsp;<\/p>\n<p>&nbsp;<\/p>\n<p>&nbsp;<\/p>\n<p>&nbsp;<\/p>\n","protected":false},"excerpt":{"rendered":"<p>A 60 a\u00f1os de la Resoluci\u00f3n 2065 de las Naciones Unidas \u00a0 V JORNADAS DE LA CUESTI\u00d3N MALVINAS EN LA UNIVERSIDAD NACIONAL DE LA PLATA 11 y 12 de diciembre de 2025 &nbsp; &nbsp; TERCERA CIRCULAR &nbsp; Organizan: \u00a0 Equipo de Investigaci\u00f3n de la Cuesti\u00f3n Malvinas en el Instituto Malvinas de la Universidad Nacional de [&hellip;]<\/p>\n","protected":false},"author":91,"featured_media":0,"parent":0,"menu_order":0,"comment_status":"closed","ping_status":"closed","template":"","meta":{"advgb_blocks_editor_width":"","advgb_blocks_columns_visual_guide":"","footnotes":""},"class_list":["post-278","page","type-page","status-publish","hentry","post"],"aioseo_notices":[],"coauthors":[],"author_meta":{"author_link":"https:\/\/congresos.unlp.edu.ar\/jornadasmalvinasunlp\/author\/bottazziflorencia\/","display_name":"bottazziflorencia"},"relative_dates":{"created":"Publicado 4 a\u00f1os hace","modified":"Actualizado 6 meses hace"},"absolute_dates":{"created":"Publicado el 29 noviembre, 2021","modified":"Actualizado el 13 noviembre, 2025"},"absolute_dates_time":{"created":"Publicado el 29 noviembre, 2021 10:51 am","modified":"Actualizado el 13 noviembre, 2025 4:27 pm"},"featured_img_caption":"","featured_img":false,"series_order":"","_links":{"self":[{"href":"https:\/\/congresos.unlp.edu.ar\/jornadasmalvinasunlp\/wp-json\/wp\/v2\/pages\/278","targetHints":{"allow":["GET"]}}],"collection":[{"href":"https:\/\/congresos.unlp.edu.ar\/jornadasmalvinasunlp\/wp-json\/wp\/v2\/pages"}],"about":[{"href":"https:\/\/congresos.unlp.edu.ar\/jornadasmalvinasunlp\/wp-json\/wp\/v2\/types\/page"}],"author":[{"embeddable":true,"href":"https:\/\/congresos.unlp.edu.ar\/jornadasmalvinasunlp\/wp-json\/wp\/v2\/users\/91"}],"replies":[{"embeddable":true,"href":"https:\/\/congresos.unlp.edu.ar\/jornadasmalvinasunlp\/wp-json\/wp\/v2\/comments?post=278"}],"version-history":[{"count":0,"href":"https:\/\/congresos.unlp.edu.ar\/jornadasmalvinasunlp\/wp-json\/wp\/v2\/pages\/278\/revisions"}],"wp:attachment":[{"href":"https:\/\/congresos.unlp.edu.ar\/jornadasmalvinasunlp\/wp-json\/wp\/v2\/media?parent=278"}],"curies":[{"name":"wp","href":"https:\/\/api.w.org\/{rel}","templated":true}]}}