{"id":27,"date":"2021-04-05T11:42:39","date_gmt":"2021-04-05T14:42:39","guid":{"rendered":"https:\/\/congresos.unlp.edu.ar\/jornadasmalvinasunlp\/?page_id=27"},"modified":"2025-02-05T13:07:41","modified_gmt":"2025-02-05T16:07:41","slug":"edicma","status":"publish","type":"page","link":"https:\/\/congresos.unlp.edu.ar\/jornadasmalvinasunlp\/edicma\/","title":{"rendered":"\u00bfQui\u00e9nes somos?"},"content":{"rendered":"<hr \/>\n<p><span style=\"font-weight: 400\">Somos un equipo de investigadores e investigadoras que estudiamos distintas problem\u00e1ticas articuladas en la Cuesti\u00f3n Malvinas. Provenientes de distintas carreras, propiciamos abordajes disciplinares y transdisciplinares con el objetivo de contribuir al conocimiento sobre la Cuesti\u00f3n Malvinas y sus profundas implicancias pol\u00edticas y geopol\u00edticas, econ\u00f3micas y sociales, culturales y simb\u00f3licas, hist\u00f3ricas y actuales. De ese modo, pretendemos aportar a los debates acerca de nuestro pasado y a las pol\u00edticas estatales en pos de construir una perspectiva integral de soberan\u00eda. Consideramos que la Cuesti\u00f3n Malvinas es una \u201cmirilla\u201d para ver y comprender en qu\u00e9 pa\u00eds vivimos y en qu\u00e9 mundo nos movemos: se trata de uno de los grandes temas estrat\u00e9gicos al cual podemos aportar desde los \u00e1mbitos acad\u00e9micos.<\/span><\/p>\n<p><span style=\"font-weight: 400\">El Equipo se conform\u00f3 en 2015 a partir de la convocatoria a proyectos de investigaci\u00f3n \u201cMalvinas en la Universidad\u201d, impulsada por la Secretar\u00eda de Asuntos Relativos a las Islas Malvinas, Georgias del Sur, Sandwich del Sur y los Espacios Mar\u00edtimos Circundantes del Ministerio de Relaciones Exteriores y Culto de la Naci\u00f3n y el Ministerio de Educaci\u00f3n de la Naci\u00f3n a trav\u00e9s de la Subsecretar\u00eda de Gesti\u00f3n y Coordinaci\u00f3n de Pol\u00edticas Universitarias.\u00a0A lo largo de estos a\u00f1os, hemos apostado por el fortalecimiento de las l\u00edneas de investigaci\u00f3n a partir de la formaci\u00f3n colectiva y,\u00a0ante\u00a0la vacancia de espacios institucionales, hemos realizado actividades acad\u00e9micas y de divulgaci\u00f3n con el objetivo de contribuir a colocar la Cuesti\u00f3n Malvinas en el centro del debate acad\u00e9mico y social.<\/span><\/p>\n<p><span style=\"font-weight: 400\">Actualmente, estamos organizando las V Jornadas de la Cuesti\u00f3n Malvinas en la UNLP a realizarse los d\u00edas 11 y 12 de diciembre de 2025 en la Universidad Nacional de La Plata, junto a otras iniciativas acad\u00e9micas que daremos a conocer oportunamente. Si te interesa conocer m\u00e1s sobre nuestro trabajo o sumarte a nuestras actividades, pod\u00e9s escribirnos a <\/span><a href=\"mailto:edicma.malvinas@gmail.com\" target=\"_blank\" rel=\"noopener\"><span style=\"font-weight: 400\">edicma.malvinas@gmail.com<\/span><\/a> o seguirnos en nuestras redes sociales: Equipo de Investigaci\u00f3n Cuesti\u00f3n Malvinas &#8211; Edicma &#8211; UNLP (Facebook), edicma.lp (Instagram), @EdICMa1 (Twitter)<\/p>\n<hr \/>\n<p>&nbsp;<\/p>\n","protected":false},"excerpt":{"rendered":"<p>Somos un equipo de investigadores e investigadoras que estudiamos distintas problem\u00e1ticas articuladas en la Cuesti\u00f3n Malvinas. Provenientes de distintas carreras, propiciamos abordajes disciplinares y transdisciplinares con el objetivo de contribuir al conocimiento sobre la Cuesti\u00f3n Malvinas y sus profundas implicancias pol\u00edticas y geopol\u00edticas, econ\u00f3micas y sociales, culturales y simb\u00f3licas, hist\u00f3ricas y actuales. De ese modo, [&hellip;]<\/p>\n","protected":false},"author":2,"featured_media":0,"parent":0,"menu_order":0,"comment_status":"closed","ping_status":"closed","template":"","meta":{"advgb_blocks_editor_width":"","advgb_blocks_columns_visual_guide":"","footnotes":""},"class_list":["post-27","page","type-page","status-publish","hentry","post"],"aioseo_notices":[],"coauthors":[],"author_meta":{"author_link":"https:\/\/congresos.unlp.edu.ar\/jornadasmalvinasunlp\/author\/congresos\/","display_name":"congresos"},"relative_dates":{"created":"Publicado 5 a\u00f1os hace","modified":"Actualizado 1 a\u00f1o hace"},"absolute_dates":{"created":"Publicado el 5 abril, 2021","modified":"Actualizado el 5 febrero, 2025"},"absolute_dates_time":{"created":"Publicado el 5 abril, 2021 11:42 am","modified":"Actualizado el 5 febrero, 2025 1:07 pm"},"featured_img_caption":"","featured_img":false,"series_order":"","_links":{"self":[{"href":"https:\/\/congresos.unlp.edu.ar\/jornadasmalvinasunlp\/wp-json\/wp\/v2\/pages\/27","targetHints":{"allow":["GET"]}}],"collection":[{"href":"https:\/\/congresos.unlp.edu.ar\/jornadasmalvinasunlp\/wp-json\/wp\/v2\/pages"}],"about":[{"href":"https:\/\/congresos.unlp.edu.ar\/jornadasmalvinasunlp\/wp-json\/wp\/v2\/types\/page"}],"author":[{"embeddable":true,"href":"https:\/\/congresos.unlp.edu.ar\/jornadasmalvinasunlp\/wp-json\/wp\/v2\/users\/2"}],"replies":[{"embeddable":true,"href":"https:\/\/congresos.unlp.edu.ar\/jornadasmalvinasunlp\/wp-json\/wp\/v2\/comments?post=27"}],"version-history":[{"count":0,"href":"https:\/\/congresos.unlp.edu.ar\/jornadasmalvinasunlp\/wp-json\/wp\/v2\/pages\/27\/revisions"}],"wp:attachment":[{"href":"https:\/\/congresos.unlp.edu.ar\/jornadasmalvinasunlp\/wp-json\/wp\/v2\/media?parent=27"}],"curies":[{"name":"wp","href":"https:\/\/api.w.org\/{rel}","templated":true}]}}