{"id":25,"date":"2021-04-05T11:42:07","date_gmt":"2021-04-05T14:42:07","guid":{"rendered":"https:\/\/congresos.unlp.edu.ar\/jornadasmalvinasunlp\/?page_id=25"},"modified":"2025-02-03T12:29:26","modified_gmt":"2025-02-03T15:29:26","slug":"envios-de-trabajos","status":"publish","type":"page","link":"https:\/\/congresos.unlp.edu.ar\/jornadasmalvinasunlp\/envios-de-trabajos\/","title":{"rendered":"Env\u00edos de trabajos"},"content":{"rendered":"<hr \/>\n<p><span style=\"color: #3366ff\"><strong>Plazos de Entrega:<\/strong><\/span><\/p>\n<p>Los res\u00famenes ser\u00e1n recibidos hasta el <span style=\"color: #3366ff\"><strong>18 de julio de 2025<\/strong><\/span>.<\/p>\n<p>Las ponencias, informes de investigaci\u00f3n, comunicaciones, rese\u00f1as de libros y posters podr\u00e1n entregarse hasta el <span style=\"color: #000000\"><strong>17 de octubre de 2025<\/strong><\/span>.<\/p>\n<p><span style=\"color: #3366ff\"><strong><span style=\"color: #000000\">Todos los trabajos deber\u00e1n ser enviados a<\/span> jornadasmalvinasunlp@gmail.com<\/strong><\/span><\/p>\n<p>&nbsp;<\/p>\n<hr \/>\n<p><span style=\"color: #3366ff\"><strong>Pautas de Presentaci\u00f3n:<\/strong><\/span><\/p>\n<ul>\n<li><strong>Res\u00famenes<\/strong><br \/>\n&#8211; Tendr\u00e1n un m\u00e1ximo de 300 palabras.<br \/>\n&#8211; Deber\u00e1n especificar nombre y apellido del\/la autor\/a o autores\/as,<br \/>\npertenencia institucional y direcci\u00f3n de correo electr\u00f3nico.<br \/>\n&#8211; Formato: Word; tama\u00f1o de p\u00e1gina A4; m\u00e1rgenes 2,5cm; interlineado 1,5;<br \/>\nfuente Times New Roman; cuerpo 12.<br \/>\n&#8211; Nombre del archivo: <em>apellidodelprimerautor<\/em>RES<\/li>\n<\/ul>\n<p>&nbsp;<\/p>\n<ul>\n<li><strong>Ponencias<\/strong><br \/>\n&#8211; Tendr\u00e1n un m\u00ednimo de 8 p\u00e1ginas y un m\u00e1ximo de 30.<br \/>\n&#8211; Deber\u00e1n especificar nombre y apellido del\/la autor\/a o autores\/as,<br \/>\npertenencia institucional y direcci\u00f3n de correo electr\u00f3nico.<br \/>\n&#8211; Formato: Word; tama\u00f1o de p\u00e1gina A4; m\u00e1rgenes 2,5cm; interlineado 1,5;<br \/>\nfuente Times New Roman; cuerpo 12.<br \/>\n&#8211; Nombre del archivo: <em>apellidodelprimerautor<\/em>PON<\/li>\n<\/ul>\n<p>&nbsp;<\/p>\n<ul>\n<li><strong>Informes de investigaci\u00f3n<\/strong><br \/>\n&#8211; Tendr\u00e1n un m\u00ednimo de 8 p\u00e1ginas y un m\u00e1ximo de 30.<br \/>\n&#8211; Deber\u00e1n especificar nombre y apellido del\/la autor\/a o autores\/as,<br \/>\npertenencia institucional y direcci\u00f3n de correo electr\u00f3nico.<br \/>\n&#8211; Formato: Word; tama\u00f1o de p\u00e1gina A4; m\u00e1rgenes 2,5cm; interlineado 1,5;<br \/>\nfuente Times New Roman; cuerpo 12.<br \/>\n&#8211; Nombre del archivo: <em>apellidodelprimerautor<\/em>INF<\/li>\n<\/ul>\n<p>&nbsp;<\/p>\n<ul>\n<li><strong>Comunicaciones<\/strong><br \/>\n&#8211; Tendr\u00e1n un m\u00ednimo de 3 p\u00e1ginas y un m\u00e1ximo de 10.<br \/>\n&#8211; Deber\u00e1n especificar nombre y apellido del\/la autor\/a o autores\/as,<br \/>\npertenencia institucional y direcci\u00f3n de correo electr\u00f3nico.<br \/>\n&#8211; Formato: Word; tama\u00f1o de p\u00e1gina A4; m\u00e1rgenes 2,5cm; interlineado 1,5;<br \/>\nfuente Times New Roman; cuerpo 12.<br \/>\n&#8211; Nombre del archivo: <em>apellidodelprimerautor<\/em>COM<\/li>\n<\/ul>\n<p>&nbsp;<\/p>\n<ul>\n<li><strong>Rese\u00f1as de Libros<\/strong><br \/>\n&#8211; Tendr\u00e1n un m\u00ednimo de 2 p\u00e1ginas y un m\u00e1ximo de 5.<br \/>\n&#8211; Deber\u00e1n especificar nombre y apellido del\/la autor\/a o autores\/as,<br \/>\npertenencia institucional y direcci\u00f3n de correo electr\u00f3nico.<br \/>\n&#8211; Formato: Word; tama\u00f1o de p\u00e1gina A4; m\u00e1rgenes 2,5cm; interlineado 1,5;<br \/>\nfuente Times New Roman; cuerpo 12.<br \/>\n&#8211; Nombre del archivo: <em>apellidodelprimerautor<\/em>LIB<\/li>\n<\/ul>\n<p>&nbsp;<\/p>\n<ul>\n<li><strong>Posters<\/strong><br \/>\n&#8211; No hay limitaciones de tama\u00f1o ni de color y organizaci\u00f3n de los textos y las im\u00e1genes.<br \/>\n&#8211; Deber\u00e1n especificar t\u00edtulo, nombre y apellido del\/la autor\/a o autores\/as,<br \/>\npertenencia institucional, direcci\u00f3n de correo electr\u00f3nico y contar con<br \/>\nim\u00e1genes y textos que den cuenta de una investigaci\u00f3n, un proyecto, una<br \/>\nexperiencia, etc.<br \/>\n&#8211; Nombre del archivo: <em>apellidodelprimerautor<\/em>POS<\/li>\n<\/ul>\n<hr \/>\n<p>&nbsp;<\/p>\n","protected":false},"excerpt":{"rendered":"<p>Plazos de Entrega: Los res\u00famenes ser\u00e1n recibidos hasta el 18 de julio de 2025. Las ponencias, informes de investigaci\u00f3n, comunicaciones, rese\u00f1as de libros y posters podr\u00e1n entregarse hasta el 17 de octubre de 2025. Todos los trabajos deber\u00e1n ser enviados a jornadasmalvinasunlp@gmail.com &nbsp; Pautas de Presentaci\u00f3n: Res\u00famenes &#8211; Tendr\u00e1n un m\u00e1ximo de 300 palabras. &#8211; [&hellip;]<\/p>\n","protected":false},"author":2,"featured_media":0,"parent":0,"menu_order":0,"comment_status":"closed","ping_status":"closed","template":"","meta":{"advgb_blocks_editor_width":"","advgb_blocks_columns_visual_guide":"","footnotes":""},"class_list":["post-25","page","type-page","status-publish","hentry","post"],"aioseo_notices":[],"coauthors":[],"author_meta":{"author_link":"https:\/\/congresos.unlp.edu.ar\/jornadasmalvinasunlp\/author\/congresos\/","display_name":"congresos"},"relative_dates":{"created":"Publicado 5 a\u00f1os hace","modified":"Actualizado 1 a\u00f1o hace"},"absolute_dates":{"created":"Publicado el 5 abril, 2021","modified":"Actualizado el 3 febrero, 2025"},"absolute_dates_time":{"created":"Publicado el 5 abril, 2021 11:42 am","modified":"Actualizado el 3 febrero, 2025 12:29 pm"},"featured_img_caption":"","featured_img":false,"series_order":"","_links":{"self":[{"href":"https:\/\/congresos.unlp.edu.ar\/jornadasmalvinasunlp\/wp-json\/wp\/v2\/pages\/25","targetHints":{"allow":["GET"]}}],"collection":[{"href":"https:\/\/congresos.unlp.edu.ar\/jornadasmalvinasunlp\/wp-json\/wp\/v2\/pages"}],"about":[{"href":"https:\/\/congresos.unlp.edu.ar\/jornadasmalvinasunlp\/wp-json\/wp\/v2\/types\/page"}],"author":[{"embeddable":true,"href":"https:\/\/congresos.unlp.edu.ar\/jornadasmalvinasunlp\/wp-json\/wp\/v2\/users\/2"}],"replies":[{"embeddable":true,"href":"https:\/\/congresos.unlp.edu.ar\/jornadasmalvinasunlp\/wp-json\/wp\/v2\/comments?post=25"}],"version-history":[{"count":0,"href":"https:\/\/congresos.unlp.edu.ar\/jornadasmalvinasunlp\/wp-json\/wp\/v2\/pages\/25\/revisions"}],"wp:attachment":[{"href":"https:\/\/congresos.unlp.edu.ar\/jornadasmalvinasunlp\/wp-json\/wp\/v2\/media?parent=25"}],"curies":[{"name":"wp","href":"https:\/\/api.w.org\/{rel}","templated":true}]}}