{"id":207,"date":"2021-07-10T15:55:16","date_gmt":"2021-07-10T18:55:16","guid":{"rendered":"https:\/\/congresos.unlp.edu.ar\/jornadasmalvinasunlp\/?page_id=207"},"modified":"2023-03-15T16:17:16","modified_gmt":"2023-03-15T19:17:16","slug":"redicma","status":"publish","type":"page","link":"https:\/\/congresos.unlp.edu.ar\/jornadasmalvinasunlp\/redicma\/","title":{"rendered":"Investigadores"},"content":{"rendered":"<p><b>Listado de investigadores\/investigadoras de RedICMa<\/b><\/p>\n<ul>\n<li><b><span style=\"color: #3366ff\">Luciano Alderete<\/span>. <\/b><span style=\"font-weight: 400\">Profesor de ense\u00f1anza media y superior en Historia (Filosof\u00eda y Letras, UBA). Maestrando en Historia Argentina y Latinoamericana. Tema: Reflexiones en torno a los enfoques historiogr\u00e1ficos de la historia reciente sobre la Cuesti\u00f3n Malvinas.<\/span><\/li>\n<li><span style=\"color: #3366ff\"><b>Emiliano Aguirre Guevara<\/b><\/span><span style=\"font-weight: 400\">. Profesor de Historia (FFyL &#8211; UBA). Maestrando en Relaciones Internacionales (IRI &#8211; JURSOC &#8211; UNLP). Temas: Relaciones interamericanas de la Argentina en torno a Malvinas.<\/span><\/li>\n<li><span style=\"color: #3366ff\"><b>Ulises Balza<\/b><\/span><span style=\"font-weight: 400\">. Bi\u00f3logo (UBA). Becario Doctoral de CONICET. Tema: Ecolog\u00eda y conservaci\u00f3n del carancho austral (Phalcoboenus australis), especie que s\u00f3lo se distribuye en Malvinas y el archipi\u00e9lago fueguino.<\/span><\/li>\n<li><span style=\"color: #3366ff\"><b>Fernando Barrena<\/b><\/span><span style=\"font-weight: 400\">. Profesorado en Letras (FaHCE-UNLP). Ayudante en Producci\u00f3n de Textos (FDA-UNLP) y Ayudante en Semi\u00f3tica (Artes Visuales-UNA). Tema: representaciones sobre Malvinas en la cultura y en el imaginario social.<\/span><\/li>\n<li><strong><span style=\"color: #3366ff\">Mar\u00eda Ayel\u00e9n Bayerque<\/span><\/strong>. Profesora en Letras (UNMdP) y Especialista Superior en Escritura y Literatura (INFoD). Maestranda en Letras Hisp\u00e1nicas. Becaria de investigaci\u00f3n de tipo B (Celehis, UNMdP). Integra el Grupo de Investigaciones en Educaci\u00f3n y Lenguaje (UNMdP) y el equipo editorial de <i>Catalejos. Revista sobre lectura, formaci\u00f3n de lectores y literatura para ni\u00f1o<\/i>s. Docente de Pr\u00e1cticas del Lenguaje y de Literatura en el nivel medio. Tema: Modos de leer Malvinas en materiales educativos y literatura destinada a la infancia y a j\u00f3venes.<\/li>\n<li><b><span style=\"color: #3366ff\">Marcela Ben\u00edtez<\/span>. <\/b>Lic en Historia, Profesora de Historia, Posgrado en Historia Reciente, Especializaci\u00f3n en Investigaci\u00f3n Educativa, Especializaci\u00f3n en Pedagog\u00eda Social, Especializaci\u00f3n en Entornos Virtuales, Especializaci\u00f3n en Nuevas Infancias y Juventudes. Tema: Cuesti\u00f3n Malvinas como categor\u00eda conceptual de an\u00e1lisis en el proceso de ense\u00f1anza y aprendizaje de alumnos de nivel secundario<\/li>\n<li><span style=\"color: #3366ff\"><strong>Lilian Berardi<\/strong><\/span>. Licenciada y Doctoranda en Relaciones Internacionales (Universidad Nacional de Rosario), Becaria CONICET, Profesora de grado universitario por la UNR. Integrante del Observatorio de Pol\u00edtica Exterior Argentina, del Grupo de Estudios sobre Malvinas (ambos de la UNR), de la RedAPPE, y de RedICMa. Tema: Cuesti\u00f3n Malvinas, actores privados, cuestiones econ\u00f3micas, Atl\u00e1ntico Sur y Ant\u00e1rtida.<\/li>\n<li><span style=\"color: #3366ff\"><b>Juli\u00e1n Bilmes<\/b><\/span><span style=\"font-weight: 400\">. Lic. en Sociolog\u00eda y Doctor en Cs. Sociales (FaHCE-UNLP). Becario doctoral CONICET. Tema: Implicancias del Brexit y la transici\u00f3n geopol\u00edtica mundial sobre la Cuesti\u00f3n Malvinas; la Iniciativa Pampa Azul y su rol para la proyecci\u00f3n mar\u00edtima y bicontinental argentina.<br \/>\n<\/span><\/li>\n<li><span style=\"color: #3366ff\"><b>Florencia Bottazzi<\/b><\/span><span style=\"font-weight: 400\">. Profesora en Letras (FaHCE-UNLP). Ayudante Diplomada en \u201cIntroducci\u00f3n a los estudios del lenguaje y la comunicaci\u00f3n\u201d (FaHCE-UNLP). Tema: las representaciones discursivas de la Guerra de Malvinas en los materiales escolares.<\/span><\/li>\n<li><span style=\"color: #3366ff\"><b>Luciana Caresani<\/b><\/span><span style=\"font-weight: 400\">. Licenciada y Profesora en Artes (UBA). Becaria Interna Doctoral (CONICET) e integrante del Laboratorio de Investigaci\u00f3n en Ciencias Humanas (UNSAM). Maestr\u00eda en la UNSAM y Doctorado en la UBA. Tema: los v\u00ednculos entre archivos, representaci\u00f3n y memoria en el cine y otras producciones art\u00edsticas sobre la guerra de Malvinas.\u00a0<\/span><\/li>\n<li><span style=\"color: #3366ff\"><b>Fariday Cingolani<\/b><\/span><span style=\"font-weight: 400\">. Profesora de Sociolog\u00eda (FAHCE-UNLP). Maestranda en Historia y Memoria (FAHCE-UNLP). Ayudante diplomada en Sociolog\u00eda General (FPsi-UNLP).\u00a0Tema: Historia y politicidad de las organizaciones de excombatientes de Malvinas. La construcci\u00f3n de memorias e identidades. Historia y memorias locales.<\/span><\/li>\n<li><span style=\"color: #3366ff\"><b>Juan Manuel Cisilino<\/b><\/span><span style=\"font-weight: 400\">. Profesor de Sociolog\u00eda (FaHCE-UNLP). Doctorando en Ciencias Sociales (UNLP).\u00a0 Becario doctoral Conicet. Ayudante diplomado en Sociolog\u00eda General (FaHCE-UNLP). Temas: representaciones sobre Malvinas en la cultura y en el imaginario social; debates en el seno de los ex combatientes; representaciones en las visiones geopoliticas de discursos oficiales.<\/span><\/li>\n<li><span style=\"color: #3366ff\"><strong>Laura Codaro<\/strong><span style=\"color: #333333\">. Profesora en Letras, Profesora en Lengua y Literatura Francesas y Mgt. en Historia y Memoria (FaHCE). Tema: La ense\u00f1anza y la formaci\u00f3n docente en torno a la Cuesti\u00f3n Malvinas.<\/span><\/span><\/li>\n<li><b><span style=\"color: #3366ff\">Graciela Dos Santos<\/span>. <\/b><span style=\"font-weight: 400\">Profesora en Letras (Universidad Nacional de Lomas Zamora). Tema: las potencialidades del teatro para \u201cmalvinizar\u201d en la escuela secundaria.<\/span><\/li>\n<li><span style=\"color: #3366ff\"><b>Ricardo Dubatti<\/b><\/span><span style=\"font-weight: 400\">. Licenciado en Artes Combinadas (Facultad de Filosof\u00eda y Letras, UBA). Doctorando en Historia y Teor\u00eda del Arte (UBA), con beca Conicet. Tema: representaciones de la Guerra de Malvinas en el teatro argentino (1982-2007).<\/span><\/li>\n<li><b><span style=\"color: #3366ff\">Yamina Dutto Cirer<\/span>. <\/b><span style=\"font-weight: 400\">Profesora y Licenciada en Historia (Universidad Nacional de Comahue). Doctoranda en Historia (UNComahue). Tema: representaciones sociales, imaginario colectivo, nacionalismo y Malvinas, medios de comunicaci\u00f3n, historia reciente-regional.<\/span><\/li>\n<li><span style=\"color: #3366ff\"><b>Federico Esquiroz<\/b><\/span><span style=\"font-weight: 400\">. Estudiante del Profesorado de Geograf\u00eda e Historia (Fahce-UNLP) Maestrando en Pol\u00edticas de desarrollo (Fahce-UNLP). Tema: pesca ilegal y disputas geopol\u00edticas por los recursos naturales en el Atl\u00e1ntico Sur.<\/span><\/li>\n<li><span style=\"color: #3366ff\"><b>Agustina Felizia<\/b><\/span><span style=\"font-weight: 400\">. Licenciada en Relaciones Internacionales (UNR). Tema: Malvinas, Ant\u00e1rtida, Atl\u00e1ntico Sur.\u00a0<\/span><\/li>\n<li><span style=\"color: #3366ff\"><b>Manuela Garc\u00eda Larocca<\/b><\/span><span style=\"font-weight: 400\">. Profesora de Sociolog\u00eda (FaHCE-UNLP). Tema: La Cuesti\u00f3n Malvinas durante el macrismo.<\/span><\/li>\n<li><b><span style=\"color: #3366ff\">Victoria Garc\u00eda Mart\u00edn<\/span>. <\/b><span style=\"font-weight: 400\">Profesora en Historia (FaHCE-UNLP). Cursando Diplomatura en Historia y Ciencias Sociales de FLACSO. Tema: Ciudadan\u00eda y Soberan\u00eda, su ejercicio y su ense\u00f1anza. El tratamiento de la Cuesti\u00f3n Malvinas. Nacionalismo y Soberan\u00eda en el contexto de globalizaci\u00f3n.<\/span><\/li>\n<li><span style=\"color: #3366ff\"><b>Santiago Garriga<\/b><\/span><span style=\"font-weight: 400\">. Profesor y Licenciado en Sociolog\u00eda (FaHCE-UNLP). Doctorando en Ciencias de la Educaci\u00f3n. Becario doctoral Conicet. Ayudante diplomado en Introducci\u00f3n al Proceso Intelectual (Facultad de Ciencias M\u00e9dicas), Ayudante en Sistemas educativos y pol\u00edticas comparadas (Maestr\u00eda de Educaci\u00f3n), Profesor en el Curso Introductorio\u00a0 (Sociolog\u00eda-FaHCE-UNLP).\u00a0Tema: la guerra de Malvinas en los medios de comunicaci\u00f3n.<\/span><\/li>\n<li><b><span style=\"color: #3366ff\">Pablo Gullino<\/span>. <\/b><span style=\"font-weight: 400\">Licenciado en Comunicaci\u00f3n (UNGS), Mag\u00edster en Dise\u00f1o Comunicacional (UBA). Doctorando en Artes (UNA). Tema: representaciones sobre la guerra de Malvinas.<\/span><\/li>\n<li><b><span style=\"color: #3366ff\">Mart\u00edn Lucero<\/span>. <\/b>Profesor de Historia IES N\u00b01 \u00abAlicia Moreau de Justo\u00bb (CABA). Licenciando en Historia (UNTREF).<\/li>\n<li><b><span style=\"color: #3366ff\">Alicia Maciel<\/span>. <\/b><span style=\"font-weight: 400\">Docente en Secundaria. Estudiante del Profesorado de Historia en ISFD N\u00b0 79 y estudiante de la Licencia en Ciencias de la Educaci\u00f3n (UNS).<\/span><\/li>\n<li><span style=\"color: #3366ff\"><b>Laura Martel Barcia<\/b><\/span><span style=\"font-weight: 400\">. Licenciada en Relaciones Internacionales (U. de Belgrano); Mag\u00edster en Administraci\u00f3n de Empresas (U. de Belgrano); Doctorando en Ciencias Sociales (UNGS). Tema: Construcci\u00f3n parental por filiaci\u00f3n paterna de hijos de militares ca\u00eddos en combate en la Guerra de Malvinas a partir de la ausencia de cotidianeidad.<\/span><\/li>\n<li><span style=\"color: #3366ff\"><b>Noelia Martino<\/b><\/span><span style=\"font-weight: 400\">. Licenciada en Letras Modernas\u00a0(UNC). Ayudante de C\u00e1tedra ad honorem en la C\u00e1tedra de Literatura de Habla Francesa (UNC), JTP en Escuela de Aviaci\u00f3n Militar, Jefa de Divisi\u00f3n Planificaci\u00f3n y Programaci\u00f3n de la Secretar\u00eda de Investigaci\u00f3n del Cuerpo de Cadetes de la Escuela de Aviaci\u00f3n Militar, Investigadora auxiliar en el Proyecto de Investigaci\u00f3n \u00abSoberan\u00eda de la memoria. El territorio de la memoria en el testimonio de Suboficiales de la Fuerza A\u00e9rea Argentina. Veteranos de la Guerra de Malvinas tripulantes y desplegados en el Teatro de Operaciones Islas Malvinas\u00bb (UNDEF).<\/span><\/li>\n<li><span style=\"color: #3366ff\"><strong>Pablo Melara<\/strong><\/span>. Profesor en Historia y licenciado en Historia (UNMdP). Maestrando en Historia (UNMdP). Es autor de Malvinas: Sentir la Guerra (2011, Mar del Plata, Su\u00e1rez).<\/li>\n<li><span style=\"color: #3366ff\"><b>Enzo Menestrina<\/b><\/span><span style=\"font-weight: 400\">. <\/span><span style=\"font-weight: 400\">Profesorado y Licenciatura en Letras (UNLP).\u00a0 Tema: testimonios de ex combatientes y archivos personales; Malvinas y g\u00e9nero; y memorias divergentes en la producci\u00f3n literaria argentina sobre Malvinas 2007-2018; Malvinas y g\u00e9nero).<\/span><\/li>\n<li><strong><span style=\"color: #3366ff\">Santiago Ezequiel Montes<\/span><\/strong>: Profesor de Historia (FHyA &#8211; UNR). Director de Derechos Humanos y Pluralismo Cultural de la Facultad de Humanidades y Artes UNR. Miembro del Programa de Investigaci\u00f3n y Extensi\u00f3n Universitaria Malvinas y el Atl\u00e1ntico Sur. Tema: Prensa y medios de comunicaci\u00f3n durante la guerra de Malvinas.<\/li>\n<li><span style=\"color: #3366ff\"><b>Federico Ortega<\/b><\/span><span style=\"font-weight: 400\">. Profesor en Historia y estudiante del Profesorado de Geograf\u00eda (FaHCE-UNLP). Maestrando en Pol\u00edticas de Desarrollo (UNLP). Tema: pesca ilegal y disputas geopol\u00edticas por los recursos naturales en el Atl\u00e1ntico Sur.<\/span><\/li>\n<li><span style=\"color: #3366ff\"><b>Karin Otero<\/b><\/span><span style=\"font-weight: 400\">. Profesora en Historia (FFyL &#8211; UBA) y Magister en Educaci\u00f3n (UNER). Docente adjunta en la UNTDF en: Historia Social Argentina (ICSE) e Historia Americana (IDEI). Tema: Historia reciente de Tierra del Fuego, Malvinas y su ense\u00f1anza en el nivel secundario. Integro c\u00e1tedra libre Malvinas (UNTDF).<\/span><\/li>\n<li><span style=\"color: #3366ff\"><strong>Luisina Palomba<\/strong><\/span>. Estudiante del Profesorado en Letras en la Universidad Nacional de Mar del Plata. Participante de los grupos de investigaci\u00f3n GIHOR y GIEEC. Tema: C\u00f3mo llevar Malvinas al aula y la investigaci\u00f3n en la adolescencia.<\/li>\n<li><span style=\"color: #3366ff\"><b>Sebasti\u00e1n Paris<\/b><\/span><span style=\"font-weight: 400\">. Profesor de Historia (FFyL-UBA). Maestrando en Historia Argentina y Latinoamericana (UBA). Docente en el nivel medio. Tema: Malvinas en la comunidad educativa de Mor\u00f3n. Memorias escolares, construcci\u00f3n de sentidos y transmisi\u00f3n. Malvinizaci\u00f3n, desmalvinizaci\u00f3n y remalvinizaci\u00f3n (1982-2020).<\/span><\/li>\n<li><span style=\"color: #3366ff\"><b>Hilario Patronelli<\/b><\/span><span style=\"font-weight: 400\">. <\/span><span style=\"font-weight: 400\">Profesor en Geograf\u00eda (FaHCE &#8211; UNLP). Maestrando en Pol\u00edticas de Desarrollo (FaHCE &#8211; UNLP). Profesor ayudante diplomado de la c\u00e1tedra de Geograf\u00eda de Asia, \u00c1frica y Ocean\u00eda (FaHCE &#8211; UNLP). Integrante del proyecto de investigaci\u00f3n \u201cEl atl\u00e1ntico sur y sus relaciones con otras regiones de inter\u00e9s geopol\u00edtico mundial. Estudios de casos frente a las actuales tendencias hegem\u00f3nicas\u201d (CIG \u2013 IdIHCS &#8211; UNLP). Estudios vinculados a la Geograf\u00eda Pol\u00edtica y a las regiones del Atl\u00e1ntico Sur, \u00c1frica y Asia. Tema: Geopol\u00edtica, recursos naturales, cartograf\u00eda e identidad en la Cuesti\u00f3n Malvinas.<\/span><\/li>\n<li><span style=\"color: #3366ff\"><b>Eugenia Pereyra<\/b><\/span>. \u00a0Profesora de Historia (UNC) y estudiante avanzada de la Licenciatura en Historia (UNC). Tema: Malvinas y Educaci\u00f3n.<br \/>\n<b><\/b><\/li>\n<li><b><span style=\"color: #3366ff\">Cristian Pollack<\/span>. <\/b><span style=\"font-weight: 400\">Profesor y asesor internacionalista. Tesista en Licenciatura en Relaciones Internacionales (FCH-UNCEN). Tema: importancia estrat\u00e9gica del Atl\u00e1ntico Sur, militarizaci\u00f3n y riesgos de su proyecci\u00f3n hacia la Ant\u00e1rtida en el siglo XXI.<\/span><\/li>\n<li><b><b><span style=\"color: #3366ff\">Jimena Quaranta<\/span>.<\/b><\/b> Profesora de Historia (Facultad de Humanidades y Ciencias. Universidad Nacional del Litoral).<\/li>\n<li><span style=\"color: #3366ff\"><b>Ana Clara Reinhadt<\/b><\/span>. Dise\u00f1o Industrial (FDA-UNLP). Tema: La pertenencia nacional en el imaginario de los objetos de dise\u00f1o industrial durante la Guerra de Malvinas y la actualidad.<br \/>\n<b><\/b><\/li>\n<li><b><span style=\"color: #3366ff\">Esteban Rodr\u00edguez<\/span>. <\/b><span style=\"font-weight: 400\">Profesor en Historia y Licenciado en Educaci\u00f3n. Docente-Investigador de la UNTdF y Coordinador de la C\u00e1tedra Libre de Malvinas. Tema: poblaci\u00f3n civil durante el conflicto de R\u00edo Grande.<\/span><\/li>\n<li><b><span style=\"color: #3366ff\">Mar\u00eda de los Milagros Rodr\u00edguez de Ilzarbe<\/span>. <\/b><span style=\"font-weight: 400\">Profesora de Educaci\u00f3n Secundaria en Historia. Estudiante de Licenciatura en Historia (UNICEN). Tema: las pr\u00e1cticas art\u00edsticas y culturales desarrolladas durante la Guerra de Malvinas en Bah\u00eda Blanca.<\/span><\/li>\n<li><b><span style=\"color: #3366ff\">Gonzalo Roza<\/span>. <\/b>Licenciado en Relaciones Internacionales (Universidad Siglo 21 de C\u00f3rdoba), diplomado en Gesti\u00f3n de Emprendimientos. Tema: Pol\u00edtica Exterior Argentina y Cuesti\u00f3n Malvinas.<\/li>\n<li><strong><span style=\"color: #3366ff\">Bruno Rossi Pizzi<\/span><\/strong>. Licenciado en Relaciones Internacionales (UNR). Miembro del Grupo de Estudios sobre Malvinas de la Facultad de Ciencia Pol\u00edtica y Relaciones Internacionales de la Universidad Nacional de Rosario y docente adscripto a la c\u00e1tedra de Derecho Consular y Diplom\u00e1tico en la misma casa de estudios. Tema: Cuesti\u00f3n Malvinas desde la pol\u00edtica exterior argentina y su vinculaci\u00f3n con el resto de Latinoam\u00e9rica &#8211; Geopol\u00edtica<\/li>\n<li><span style=\"color: #3366ff\"><b>Dar\u00edo Saavedra<\/b><\/span>. Estudiante del Profesorado y Licenciatura de Geograf\u00eda e Historia (FaHCE-UNLP). Maestrando en Pol\u00edticas de desarrollo (Fahce-UNLP). Tema: pesca ilegal y disputas geopol\u00edticas por los recursos naturales en el Atl\u00e1ntico Sur.<\/li>\n<li><b><span style=\"color: #3366ff\">Anah\u00ed Salaverria<\/span>. <\/b>Profesora de Historia (UNMDP) , docente en nivel medio. Tema: la Did\u00e1ctica y ense\u00f1anza de la Historia desde una perspectiva de G\u00e9nero.<\/li>\n<li><strong><span style=\"color: #3366ff\">Florencia Suriani<\/span><\/strong>: Profesorado y Licenciatura en Letras (UNMDP), adscripta en docencia e investigaci\u00f3n (Facultad de Humanidades &#8211; UNMDP). Tema:\u00a0 Abordaje de Malvinas en el aula a trav\u00e9s de la historia oral.<\/li>\n<li><b><span style=\"color: #3366ff\">Exequiel Svetliza<\/span>. <\/b>Doctor en Letras (UNC), docente de la c\u00e1tedra de Literatura Argentina I (UNT) y periodista. Tema: las formas de representaci\u00f3n de la guerra de Malvinas en la literatura y el cine argentino; testimonios de ex combatientes de Malvinas tucumanos.<\/li>\n<li><b><b><span style=\"color: #3366ff\">Virginia Urquizu<\/span>. <\/b><\/b>Profesora media y superior en Ciencias Antropol\u00f3gicas. (FFyL-UBA). Integrante del Equipo Argentino de Antropolog\u00eda Forense. Tema: Memoria, historia, activismo e identificaciones.<\/li>\n<\/ul>\n","protected":false},"excerpt":{"rendered":"<p>Listado de investigadores\/investigadoras de RedICMa Luciano Alderete. Profesor de ense\u00f1anza media y superior en Historia (Filosof\u00eda y Letras, UBA). Maestrando en Historia Argentina y Latinoamericana. Tema: Reflexiones en torno a los enfoques historiogr\u00e1ficos de la historia reciente sobre la Cuesti\u00f3n Malvinas. Emiliano Aguirre Guevara. Profesor de Historia (FFyL &#8211; UBA). Maestrando en Relaciones Internacionales (IRI [&hellip;]<\/p>\n","protected":false},"author":91,"featured_media":0,"parent":0,"menu_order":0,"comment_status":"closed","ping_status":"closed","template":"","meta":{"advgb_blocks_editor_width":"","advgb_blocks_columns_visual_guide":"","footnotes":""},"class_list":["post-207","page","type-page","status-publish","hentry","post"],"aioseo_notices":[],"coauthors":[],"author_meta":{"author_link":"https:\/\/congresos.unlp.edu.ar\/jornadasmalvinasunlp\/author\/bottazziflorencia\/","display_name":"bottazziflorencia"},"relative_dates":{"created":"Publicado 5 a\u00f1os hace","modified":"Actualizado 3 a\u00f1os hace"},"absolute_dates":{"created":"Publicado el 10 julio, 2021","modified":"Actualizado el 15 marzo, 2023"},"absolute_dates_time":{"created":"Publicado el 10 julio, 2021 3:55 pm","modified":"Actualizado el 15 marzo, 2023 4:17 pm"},"featured_img_caption":"","featured_img":false,"series_order":"","_links":{"self":[{"href":"https:\/\/congresos.unlp.edu.ar\/jornadasmalvinasunlp\/wp-json\/wp\/v2\/pages\/207","targetHints":{"allow":["GET"]}}],"collection":[{"href":"https:\/\/congresos.unlp.edu.ar\/jornadasmalvinasunlp\/wp-json\/wp\/v2\/pages"}],"about":[{"href":"https:\/\/congresos.unlp.edu.ar\/jornadasmalvinasunlp\/wp-json\/wp\/v2\/types\/page"}],"author":[{"embeddable":true,"href":"https:\/\/congresos.unlp.edu.ar\/jornadasmalvinasunlp\/wp-json\/wp\/v2\/users\/91"}],"replies":[{"embeddable":true,"href":"https:\/\/congresos.unlp.edu.ar\/jornadasmalvinasunlp\/wp-json\/wp\/v2\/comments?post=207"}],"version-history":[{"count":0,"href":"https:\/\/congresos.unlp.edu.ar\/jornadasmalvinasunlp\/wp-json\/wp\/v2\/pages\/207\/revisions"}],"wp:attachment":[{"href":"https:\/\/congresos.unlp.edu.ar\/jornadasmalvinasunlp\/wp-json\/wp\/v2\/media?parent=207"}],"curies":[{"name":"wp","href":"https:\/\/api.w.org\/{rel}","templated":true}]}}