{"id":198,"date":"2021-07-10T15:37:00","date_gmt":"2021-07-10T18:37:00","guid":{"rendered":"https:\/\/congresos.unlp.edu.ar\/jornadasmalvinasunlp\/?page_id=198"},"modified":"2023-03-21T23:30:30","modified_gmt":"2023-03-22T02:30:30","slug":"integrantes-2","status":"publish","type":"page","link":"https:\/\/congresos.unlp.edu.ar\/jornadasmalvinasunlp\/integrantes-2\/","title":{"rendered":"Integrantes"},"content":{"rendered":"<ul>\n<li><span style=\"color: #3366ff\">Barrena, Fernando Ra\u00fal<\/span>: Profesorado en Letras (FaHCE-UNLP). Editor adjunto de la Revista Malvinas en Cuesti\u00f3n (UNLP-UNTDF). Ayudante en Producci\u00f3n de Textos (FDA-UNLP) y Ayudante en Semi\u00f3tica (Artes Visuales-UNA).<\/li>\n<li><span style=\"color: #3366ff\">Bilmes, Juli\u00e1n<\/span>: Licenciado en Sociolog\u00eda y Doctor en Ciencias Sociales (FaHCE-UNLP). Becario Doctoral de CONICET (IdIHCS-UNLP). Coordinador del \u00c1rea \u201cPol\u00edticas Soberanas\u201d de RedICMa. Editor adjunto de la Revista Malvinas en Cuesti\u00f3n (UNLP-UNTDF). Integrante de los Proyectos de Investigaci\u00f3n \u201cEl Atl\u00e1ntico Sur y sus relaciones con otras regiones de inter\u00e9s geopol\u00edtico mundial. Estudios de casos frente a las actuales tendencias hegem\u00f3nicas\u201d (IdIHCS-UNLP) y \u00abOportunidades y desaf\u00edos de Tierra del Fuego: capacidades tecnol\u00f3gicas, diversificaci\u00f3n productiva y pol\u00edticas p\u00fablicas\u00bb (UNTDF). Ayudante Diplomado en \u201cSociolog\u00eda General\u201d (FaHCE-UNLP).<\/li>\n<li><span style=\"color: #3366ff\">Bottazzi, Florencia Ivana<\/span>: Profesora en Letras y Doctoranda en Letras (FaHCE-UNLP). Becaria Doctoral de CONICET (IdIHCS-UNLP). Editora t\u00e9cnica de la Revista Malvinas en Cuesti\u00f3n (UNLP-UNTDF). Ayudante Diplomada en Introducci\u00f3n a los Estudios del Lenguaje y la Comunicaci\u00f3n (Para Lenguas Modernas) (FaHCE-UNLP). Responsable de Contenido, Campa\u00f1as y Capacitaciones docentes en la Direcci\u00f3n de Prevenci\u00f3n en Adicciones de la Secretar\u00eda de Salud de la UNLP. Coordinadora del \u00c1rea \u201cHistoria y Memoria\u201d de RedICMa. Integrante del Proyecto de investigaci\u00f3n \u201cConfiguraciones discursivas en g\u00e9neros editoriales con destinatario infantil y juvenil\u201d (UBA).<\/li>\n<li><span style=\"color: #3366ff\">Cingolani, Fariday<\/span>: Profesora en Sociolog\u00eda (UNLP). Maestranda en Historia y Memoria (FAHCE-UNLP). Coordinadora del \u00c1rea \u201cHistoria y Memoria\u201d de RedICMa. Editora t\u00e9cnica de la Revista Malvinas en Cuesti\u00f3n (UNLP-UNTDF). Ayudante Diplomada en Sociolog\u00eda General (FPsi-UNLP).<\/li>\n<li><span style=\"color: #3366ff\">Cisilino Blanco, Juan Manuel<\/span>: Director de EdICMa (Equipo de Investigaci\u00f3n de la Cuesti\u00f3n Malvinas) (Instituto Malvinas-UNLP). Coordinador General de RedICMa (Red de Investigadores de la Cuesti\u00f3n Malvinas). Editor responsable de la Revista Malvinas en Cuesti\u00f3n (UNLP-UNTDF). Coordinador del Colectivo de Estudios, Divulgaci\u00f3n e Investigaci\u00f3n de la Cuesti\u00f3n Malvinas (IdIHCS-UNLP\/CONICET). Profesor en Sociolog\u00eda y Doctor en Ciencias Sociales (FaHCE-UNLP). Becario Doctoral de CONICET (IdIHCS-UNLP). Ayudante Diplomado en \u201cSociolog\u00eda General\u201d (FaHCE-UNLP).<\/li>\n<li><span style=\"color: #3366ff\">Codaro, Laura<\/span>: Profesora en Letras y Profesora en Lengua y Literatura Francesas (FaHCE-UNLP). Mag\u00edster en Historia y Memoria (UNLP). Editora t\u00e9cnica de la Revista Malvinas en Cuesti\u00f3n (UNLP-UNTDF). Integrante del Proyecto de Investigaci\u00f3n \u00abViolencia, literatura y memoria en el campo literario latinoamericano II\u00bb (IdIHCS-UNLP)<\/li>\n<li><span style=\"color: #3366ff\">Garc\u00eda Larocca, Mar\u00eda Manuela<\/span>: Profesora en Sociolog\u00eda (FaHCE-UNLP). Mediadora comunitaria en el \u00c1rea de Gesti\u00f3n y Resoluci\u00f3n de Conflictos de la Defensor\u00eda del Pueblo de la Provincia de Buenos Aires.<\/li>\n<li><span style=\"color: #3366ff\">Garc\u00eda Martin, Mar\u00eda Victoria<\/span>. Profesora en Historia (FaHCE-UNLP). Docente en nivel secundario (Prov. de Buenos Aires y Preuniversitario).<\/li>\n<li><span style=\"color: #3366ff\">Garriga Olmo, Santiago<\/span>: Profesor y Licenciado en Sociolog\u00eda (FaHCE-UNLP). Doctorando en Ciencias de la Educaci\u00f3n. Becario Doctoral de CONICET (IdIHCS-UNLP). Ayudante Diplomado en Introducci\u00f3n al Proceso Intelectual (Facultad de Ciencias M\u00e9dicas-UNLP), Ayudante en Sistemas educativos y pol\u00edticas comparadas (Maestr\u00eda de Educaci\u00f3n-UNLP).<\/li>\n<li><span style=\"color: #3366ff\">Menestrina, Enzo<\/span>: Profesor y Licenciado en Letras (FaHCE-UNLP). Becario\/Tesista en el Proyecto de Investigaci\u00f3n \u00abViolencia, literatura y memoria en el campo literario latinoamericano II\u00bb (IdIHCS-UNLP).<\/li>\n<li><span style=\"color: #3366ff\">Ortega, Federico Ezequiel<\/span>: Profesor en Historia y estudiante del Profesorado de Geograf\u00eda (FaHCE-UNLP). Maestrando en Pol\u00edticas de Desarrollo (UNLP). Integrante del Proyecto de Investigaci\u00f3n \u201cEl Atl\u00e1ntico Sur y sus relaciones con otras regiones de inter\u00e9s geopol\u00edtico mundial. Estudios de casos frente a las actuales tendencias hegem\u00f3nicas\u201d (IdIHCS-UNLP) y del Observatorio Malvinas de la Universidad Nacional de Lan\u00fas.<\/li>\n<li><span style=\"color: #3366ff\">Patronelli, Hilario Gabriel<\/span>: Profesor en Geograf\u00eda (FaHCE-UNLP). Maestrando en Pol\u00edticas de Desarrollo (FaHCE-UNLP). Coordinador del \u00c1rea \u201cPol\u00edticas Soberanas\u201d de RedICMa. Editor t\u00e9cnico de la Revista Malvinas en Cuesti\u00f3n (UNLP-UNTDF). Integrante del Proyecto de Investigaci\u00f3n \u201cEl Atl\u00e1ntico Sur y sus relaciones con otras regiones de inter\u00e9s geopol\u00edtico mundial. Estudios de casos frente a las actuales tendencias hegem\u00f3nicas\u201d (IdIHCS-UNLP). Ayudante Diplomado en Geograf\u00eda de Asia, \u00c1frica y Ocean\u00eda (FaHCE-UNLP) y Ayudante Diplomado con funciones en la Secretar\u00eda del Departamento de Geograf\u00eda (FaHCE-UNLP).<\/li>\n<\/ul>\n","protected":false},"excerpt":{"rendered":"<p>Barrena, Fernando Ra\u00fal: Profesorado en Letras (FaHCE-UNLP). Editor adjunto de la Revista Malvinas en Cuesti\u00f3n (UNLP-UNTDF). Ayudante en Producci\u00f3n de Textos (FDA-UNLP) y Ayudante en Semi\u00f3tica (Artes Visuales-UNA). Bilmes, Juli\u00e1n: Licenciado en Sociolog\u00eda y Doctor en Ciencias Sociales (FaHCE-UNLP). Becario Doctoral de CONICET (IdIHCS-UNLP). Coordinador del \u00c1rea \u201cPol\u00edticas Soberanas\u201d de RedICMa. Editor adjunto de la [&hellip;]<\/p>\n","protected":false},"author":91,"featured_media":0,"parent":0,"menu_order":0,"comment_status":"closed","ping_status":"closed","template":"","meta":{"advgb_blocks_editor_width":"","advgb_blocks_columns_visual_guide":"","footnotes":""},"class_list":["post-198","page","type-page","status-publish","hentry","post"],"aioseo_notices":[],"coauthors":[],"author_meta":{"author_link":"https:\/\/congresos.unlp.edu.ar\/jornadasmalvinasunlp\/author\/bottazziflorencia\/","display_name":"bottazziflorencia"},"relative_dates":{"created":"Publicado 5 a\u00f1os hace","modified":"Actualizado 3 a\u00f1os hace"},"absolute_dates":{"created":"Publicado el 10 julio, 2021","modified":"Actualizado el 21 marzo, 2023"},"absolute_dates_time":{"created":"Publicado el 10 julio, 2021 3:37 pm","modified":"Actualizado el 21 marzo, 2023 11:30 pm"},"featured_img_caption":"","featured_img":false,"series_order":"","_links":{"self":[{"href":"https:\/\/congresos.unlp.edu.ar\/jornadasmalvinasunlp\/wp-json\/wp\/v2\/pages\/198","targetHints":{"allow":["GET"]}}],"collection":[{"href":"https:\/\/congresos.unlp.edu.ar\/jornadasmalvinasunlp\/wp-json\/wp\/v2\/pages"}],"about":[{"href":"https:\/\/congresos.unlp.edu.ar\/jornadasmalvinasunlp\/wp-json\/wp\/v2\/types\/page"}],"author":[{"embeddable":true,"href":"https:\/\/congresos.unlp.edu.ar\/jornadasmalvinasunlp\/wp-json\/wp\/v2\/users\/91"}],"replies":[{"embeddable":true,"href":"https:\/\/congresos.unlp.edu.ar\/jornadasmalvinasunlp\/wp-json\/wp\/v2\/comments?post=198"}],"version-history":[{"count":0,"href":"https:\/\/congresos.unlp.edu.ar\/jornadasmalvinasunlp\/wp-json\/wp\/v2\/pages\/198\/revisions"}],"wp:attachment":[{"href":"https:\/\/congresos.unlp.edu.ar\/jornadasmalvinasunlp\/wp-json\/wp\/v2\/media?parent=198"}],"curies":[{"name":"wp","href":"https:\/\/api.w.org\/{rel}","templated":true}]}}