{"id":17,"date":"2021-04-05T11:39:52","date_gmt":"2021-04-05T14:39:52","guid":{"rendered":"https:\/\/congresos.unlp.edu.ar\/jornadasmalvinasunlp\/?page_id=17"},"modified":"2025-02-05T13:17:39","modified_gmt":"2025-02-05T16:17:39","slug":"presentacion","status":"publish","type":"page","link":"https:\/\/congresos.unlp.edu.ar\/jornadasmalvinasunlp\/presentacion\/","title":{"rendered":"Presentaci\u00f3n"},"content":{"rendered":"<hr \/>\n<p style=\"text-align: left\">Las Jornadas de la Cuesti\u00f3n Malvinas en la Universidad Nacional de La Plata constituyen un congreso acad\u00e9mico bienal dedicado enteramente a la Cuesti\u00f3n Malvinas, Ant\u00e1rtida y Atl\u00e1ntico Sur.<\/p>\n<p style=\"text-align: left\">En este marco, concebimos a la Cuesti\u00f3n Malvinas como un v\u00e9rtice articulador de una multiplicidad de problemas de investigaci\u00f3n que pueden abordarse desde diferentes disciplinas y perspectivas, atendiendo a los distintos ejes que la atraviesan y a sus implicancias pol\u00edticas y geopol\u00edticas, econ\u00f3micas y sociales, culturales y simb\u00f3licas, hist\u00f3ricas y actuales, entre otras. Bajo esa mirada, las Jornadas promueven una convocatoria amplia y diversa en cuanto a temas, perspectivas y problem\u00e1ticas, dando cuenta de la Cuesti\u00f3n Malvinas en toda su complejidad.<\/p>\n<p style=\"text-align: left\">Desde 2017, cada dos a\u00f1os, el Equipo de Investigaci\u00f3n de la Cuesti\u00f3n Malvinas (Instituto Malvinas &#8211; UNLP), junto a la Red de Investigadores de la Cuesti\u00f3n Malvinas, invita a investigadores e investigadoras de todo el pa\u00eds para la presentaci\u00f3n de sus aportes en esta instancia de intercambio y de debate acad\u00e9mico.<\/p>\n<p style=\"text-align: left\">El 11 y 12 de diciembre de 2025 se realizar\u00e1n las V Jornadas de la Cuesti\u00f3n Malvinas en la Universidad Nacional de La Plata. A lo largo de dos d\u00edas, se desarrollar\u00e1 la presentaci\u00f3n de trabajos acad\u00e9micos en mesas tem\u00e1ticas y se realizar\u00e1n paneles con especialistas.<\/p>\n<p style=\"text-align: left\">Para participar, se deben seguir las instrucciones consignadas en esta p\u00e1gina y en las circulares enviadas oportunamente. Ante cualquier consulta, comunicarse a jornadasmalvinasunlp@gmail.com<\/p>\n<hr \/>\n<p>&nbsp;<\/p>\n","protected":false},"excerpt":{"rendered":"<p>Las Jornadas de la Cuesti\u00f3n Malvinas en la Universidad Nacional de La Plata constituyen un congreso acad\u00e9mico bienal dedicado enteramente a la Cuesti\u00f3n Malvinas, Ant\u00e1rtida y Atl\u00e1ntico Sur. En este marco, concebimos a la Cuesti\u00f3n Malvinas como un v\u00e9rtice articulador de una multiplicidad de problemas de investigaci\u00f3n que pueden abordarse desde diferentes disciplinas y perspectivas, [&hellip;]<\/p>\n","protected":false},"author":2,"featured_media":0,"parent":0,"menu_order":0,"comment_status":"closed","ping_status":"closed","template":"","meta":{"advgb_blocks_editor_width":"","advgb_blocks_columns_visual_guide":"","footnotes":""},"class_list":["post-17","page","type-page","status-publish","hentry","post"],"aioseo_notices":[],"coauthors":[],"author_meta":{"author_link":"https:\/\/congresos.unlp.edu.ar\/jornadasmalvinasunlp\/author\/congresos\/","display_name":"congresos"},"relative_dates":{"created":"Publicado 5 a\u00f1os hace","modified":"Actualizado 1 a\u00f1o hace"},"absolute_dates":{"created":"Publicado el 5 abril, 2021","modified":"Actualizado el 5 febrero, 2025"},"absolute_dates_time":{"created":"Publicado el 5 abril, 2021 11:39 am","modified":"Actualizado el 5 febrero, 2025 1:17 pm"},"featured_img_caption":"","featured_img":false,"series_order":"","_links":{"self":[{"href":"https:\/\/congresos.unlp.edu.ar\/jornadasmalvinasunlp\/wp-json\/wp\/v2\/pages\/17","targetHints":{"allow":["GET"]}}],"collection":[{"href":"https:\/\/congresos.unlp.edu.ar\/jornadasmalvinasunlp\/wp-json\/wp\/v2\/pages"}],"about":[{"href":"https:\/\/congresos.unlp.edu.ar\/jornadasmalvinasunlp\/wp-json\/wp\/v2\/types\/page"}],"author":[{"embeddable":true,"href":"https:\/\/congresos.unlp.edu.ar\/jornadasmalvinasunlp\/wp-json\/wp\/v2\/users\/2"}],"replies":[{"embeddable":true,"href":"https:\/\/congresos.unlp.edu.ar\/jornadasmalvinasunlp\/wp-json\/wp\/v2\/comments?post=17"}],"version-history":[{"count":0,"href":"https:\/\/congresos.unlp.edu.ar\/jornadasmalvinasunlp\/wp-json\/wp\/v2\/pages\/17\/revisions"}],"wp:attachment":[{"href":"https:\/\/congresos.unlp.edu.ar\/jornadasmalvinasunlp\/wp-json\/wp\/v2\/media?parent=17"}],"curies":[{"name":"wp","href":"https:\/\/api.w.org\/{rel}","templated":true}]}}