{"id":144,"date":"2021-05-11T10:43:36","date_gmt":"2021-05-11T13:43:36","guid":{"rendered":"https:\/\/congresos.unlp.edu.ar\/jornadasmalvinasunlp\/?page_id=144"},"modified":"2021-09-10T16:57:33","modified_gmt":"2021-09-10T19:57:33","slug":"talleres-debate","status":"publish","type":"page","link":"https:\/\/congresos.unlp.edu.ar\/jornadasmalvinasunlp\/talleres-debate\/","title":{"rendered":"Talleres-Debate"},"content":{"rendered":"<p style=\"text-align: center\"><img loading=\"lazy\" decoding=\"async\" class=\"aligncenter wp-image-184 size-large\" src=\"http:\/\/congresos.unlp.edu.ar\/jornadasmalvinasunlp\/wp-content\/uploads\/sites\/32\/2021\/07\/Flyer-Taller-Debate-Malvinas-en-las-aulas-Malvinas-en-la-cultura-1021x1024.jpg\" alt=\"\" width=\"720\" height=\"722\" srcset=\"https:\/\/congresos.unlp.edu.ar\/jornadasmalvinasunlp\/wp-content\/uploads\/sites\/32\/2021\/07\/Flyer-Taller-Debate-Malvinas-en-las-aulas-Malvinas-en-la-cultura-1021x1024.jpg 1021w, https:\/\/congresos.unlp.edu.ar\/jornadasmalvinasunlp\/wp-content\/uploads\/sites\/32\/2021\/07\/Flyer-Taller-Debate-Malvinas-en-las-aulas-Malvinas-en-la-cultura-300x300.jpg 300w, https:\/\/congresos.unlp.edu.ar\/jornadasmalvinasunlp\/wp-content\/uploads\/sites\/32\/2021\/07\/Flyer-Taller-Debate-Malvinas-en-las-aulas-Malvinas-en-la-cultura-150x150.jpg 150w, https:\/\/congresos.unlp.edu.ar\/jornadasmalvinasunlp\/wp-content\/uploads\/sites\/32\/2021\/07\/Flyer-Taller-Debate-Malvinas-en-las-aulas-Malvinas-en-la-cultura-768x771.jpg 768w, https:\/\/congresos.unlp.edu.ar\/jornadasmalvinasunlp\/wp-content\/uploads\/sites\/32\/2021\/07\/Flyer-Taller-Debate-Malvinas-en-las-aulas-Malvinas-en-la-cultura.jpg 1176w\" sizes=\"auto, (max-width: 720px) 100vw, 720px\" \/><a href=\"http:\/\/congresos.unlp.edu.ar\/jornadasmalvinasunlp\/wp-content\/uploads\/sites\/32\/2021\/07\/Documento-del-Taller-Debate-Malvias-en-las-aulas-Malvinas-en-la-cultura.pdf\">Documento del Taller-Debate Malvinas en las aulas, Malvinas en la cultura<\/a><\/p>\n<p>&nbsp;<\/p>\n<p style=\"text-align: center\"><img loading=\"lazy\" decoding=\"async\" class=\"aligncenter wp-image-185 size-large\" src=\"http:\/\/congresos.unlp.edu.ar\/jornadasmalvinasunlp\/wp-content\/uploads\/sites\/32\/2021\/07\/Flyer-Taller-Debate-Cuestion-Malvinas-Soberania-Maritima-y-Defensa-Nacional-1024x1024.jpg\" alt=\"\" width=\"720\" height=\"720\" srcset=\"https:\/\/congresos.unlp.edu.ar\/jornadasmalvinasunlp\/wp-content\/uploads\/sites\/32\/2021\/07\/Flyer-Taller-Debate-Cuestion-Malvinas-Soberania-Maritima-y-Defensa-Nacional-1024x1024.jpg 1024w, https:\/\/congresos.unlp.edu.ar\/jornadasmalvinasunlp\/wp-content\/uploads\/sites\/32\/2021\/07\/Flyer-Taller-Debate-Cuestion-Malvinas-Soberania-Maritima-y-Defensa-Nacional-300x300.jpg 300w, https:\/\/congresos.unlp.edu.ar\/jornadasmalvinasunlp\/wp-content\/uploads\/sites\/32\/2021\/07\/Flyer-Taller-Debate-Cuestion-Malvinas-Soberania-Maritima-y-Defensa-Nacional-150x150.jpg 150w, https:\/\/congresos.unlp.edu.ar\/jornadasmalvinasunlp\/wp-content\/uploads\/sites\/32\/2021\/07\/Flyer-Taller-Debate-Cuestion-Malvinas-Soberania-Maritima-y-Defensa-Nacional-768x769.jpg 768w, https:\/\/congresos.unlp.edu.ar\/jornadasmalvinasunlp\/wp-content\/uploads\/sites\/32\/2021\/07\/Flyer-Taller-Debate-Cuestion-Malvinas-Soberania-Maritima-y-Defensa-Nacional.jpg 1279w\" sizes=\"auto, (max-width: 720px) 100vw, 720px\" \/><\/p>\n<p style=\"text-align: center\"><a href=\"http:\/\/congresos.unlp.edu.ar\/jornadasmalvinasunlp\/wp-content\/uploads\/sites\/32\/2021\/07\/Documento-de-sintesis-Taller-Debate-Cuestion-Malvinas-Soberania-Maritima-y-Defensa-Nacional.pdf\">Documento de s\u00edntesis Taller-Debate Cuesti\u00f3n Malvinas Soberan\u00eda Mar\u00edtima y Defensa Nacional<\/a><\/p>\n<p>&nbsp;<\/p>\n<p>&nbsp;<\/p>\n<p><img loading=\"lazy\" decoding=\"async\" class=\"aligncenter wp-image-238 size-large\" src=\"http:\/\/congresos.unlp.edu.ar\/jornadasmalvinasunlp\/wp-content\/uploads\/sites\/32\/2021\/09\/Flyer-Taller-Debate-Cuestion-Malvinas-en-la-Historia-Larga-y-en-la-Historia-Reciente-1020x1024.jpg\" alt=\"\" width=\"720\" height=\"723\" srcset=\"https:\/\/congresos.unlp.edu.ar\/jornadasmalvinasunlp\/wp-content\/uploads\/sites\/32\/2021\/09\/Flyer-Taller-Debate-Cuestion-Malvinas-en-la-Historia-Larga-y-en-la-Historia-Reciente-1020x1024.jpg 1020w, https:\/\/congresos.unlp.edu.ar\/jornadasmalvinasunlp\/wp-content\/uploads\/sites\/32\/2021\/09\/Flyer-Taller-Debate-Cuestion-Malvinas-en-la-Historia-Larga-y-en-la-Historia-Reciente-300x300.jpg 300w, https:\/\/congresos.unlp.edu.ar\/jornadasmalvinasunlp\/wp-content\/uploads\/sites\/32\/2021\/09\/Flyer-Taller-Debate-Cuestion-Malvinas-en-la-Historia-Larga-y-en-la-Historia-Reciente-150x150.jpg 150w, https:\/\/congresos.unlp.edu.ar\/jornadasmalvinasunlp\/wp-content\/uploads\/sites\/32\/2021\/09\/Flyer-Taller-Debate-Cuestion-Malvinas-en-la-Historia-Larga-y-en-la-Historia-Reciente-768x771.jpg 768w, https:\/\/congresos.unlp.edu.ar\/jornadasmalvinasunlp\/wp-content\/uploads\/sites\/32\/2021\/09\/Flyer-Taller-Debate-Cuestion-Malvinas-en-la-Historia-Larga-y-en-la-Historia-Reciente.jpg 1173w\" sizes=\"auto, (max-width: 720px) 100vw, 720px\" \/><\/p>\n","protected":false},"excerpt":{"rendered":"<p>Documento del Taller-Debate Malvinas en las aulas, Malvinas en la cultura &nbsp; Documento de s\u00edntesis Taller-Debate Cuesti\u00f3n Malvinas Soberan\u00eda Mar\u00edtima y Defensa Nacional &nbsp; &nbsp;<\/p>\n","protected":false},"author":2,"featured_media":0,"parent":0,"menu_order":0,"comment_status":"closed","ping_status":"closed","template":"","meta":{"advgb_blocks_editor_width":"","advgb_blocks_columns_visual_guide":"","footnotes":""},"class_list":["post-144","page","type-page","status-publish","hentry","post"],"aioseo_notices":[],"coauthors":[],"author_meta":{"author_link":"https:\/\/congresos.unlp.edu.ar\/jornadasmalvinasunlp\/author\/congresos\/","display_name":"congresos"},"relative_dates":{"created":"Publicado 5 a\u00f1os hace","modified":"Actualizado 5 a\u00f1os hace"},"absolute_dates":{"created":"Publicado el 11 mayo, 2021","modified":"Actualizado el 10 septiembre, 2021"},"absolute_dates_time":{"created":"Publicado el 11 mayo, 2021 10:43 am","modified":"Actualizado el 10 septiembre, 2021 4:57 pm"},"featured_img_caption":"","featured_img":false,"series_order":"","_links":{"self":[{"href":"https:\/\/congresos.unlp.edu.ar\/jornadasmalvinasunlp\/wp-json\/wp\/v2\/pages\/144","targetHints":{"allow":["GET"]}}],"collection":[{"href":"https:\/\/congresos.unlp.edu.ar\/jornadasmalvinasunlp\/wp-json\/wp\/v2\/pages"}],"about":[{"href":"https:\/\/congresos.unlp.edu.ar\/jornadasmalvinasunlp\/wp-json\/wp\/v2\/types\/page"}],"author":[{"embeddable":true,"href":"https:\/\/congresos.unlp.edu.ar\/jornadasmalvinasunlp\/wp-json\/wp\/v2\/users\/2"}],"replies":[{"embeddable":true,"href":"https:\/\/congresos.unlp.edu.ar\/jornadasmalvinasunlp\/wp-json\/wp\/v2\/comments?post=144"}],"version-history":[{"count":0,"href":"https:\/\/congresos.unlp.edu.ar\/jornadasmalvinasunlp\/wp-json\/wp\/v2\/pages\/144\/revisions"}],"wp:attachment":[{"href":"https:\/\/congresos.unlp.edu.ar\/jornadasmalvinasunlp\/wp-json\/wp\/v2\/media?parent=144"}],"curies":[{"name":"wp","href":"https:\/\/api.w.org\/{rel}","templated":true}]}}