{"id":104,"date":"2021-04-24T12:45:57","date_gmt":"2021-04-24T15:45:57","guid":{"rendered":"https:\/\/congresos.unlp.edu.ar\/jornadasmalvinasunlp\/?page_id=104"},"modified":"2026-02-17T16:13:51","modified_gmt":"2026-02-17T19:13:51","slug":"comite-academico","status":"publish","type":"page","link":"https:\/\/congresos.unlp.edu.ar\/jornadasmalvinasunlp\/comite-academico\/","title":{"rendered":"Comit\u00e9 Acad\u00e9mico"},"content":{"rendered":"<hr \/>\n<ul>\n<li><span style=\"color: #3366ff\"><b>Rosana Guber<\/b><\/span><span style=\"font-weight: 400\">. <\/span>Autora de libros tales como <i>De chicos a veteranos. Memorias argentinas de la guerra de Malvinas<\/i>; <i>\u00bfPor qu\u00e9 Malvinas? De la causa nacional a la guerra absurda<\/i>; <i>Experiencia de halc\u00f3n. Ni h\u00e9roes ni kamikazes, pilotos de A4B. <\/i><span style=\"font-weight: 400\">Doctora en Antropolog\u00eda, Docente Universitaria e Investigadora Superior del CONICET. <\/span><\/li>\n<li><span style=\"color: #3366ff\"><strong>Daniel Fern\u00e1ndez<\/strong>.<\/span> Rector de la Universidad Nacional de Tierra del Fuego, Ant\u00e1rtida e Islas del Atl\u00e1ntico Sur. Bi\u00f3logo y Doctor en Ciencias Biol\u00f3gicas, Investigador Principal del CADIC-CONICET. Docente e Investigador en UNTDF.<\/li>\n<li style=\"font-weight: 400\"><span style=\"color: #3366ff\"><b>Marcos Actis<\/b><\/span><span style=\"font-weight: 400\">. Director del Instituto Malvinas de la Universidad Nacional de La Plata y Decano de la Facultad de Ingenier\u00eda de la UNLP. Doctor en Ingenier\u00eda.<br \/>\n<\/span><\/li>\n<li style=\"font-weight: 400\"><span style=\"color: #3366ff\"><b>Mario Volpe<\/b><\/span><span style=\"font-weight: 400\">. Subdirector del Instituto Malvinas de la Universidad Nacional de La Plata. Investigador del Museo Malvinas e Islas del Atl\u00e1ntico Sur. Profesor Titular Interino C\u00e1tedra \u201cCuesti\u00f3n Malvinas y Pol\u00edticas Soberanas\u201d (UNLP). Ex Combatiente, integrante del CECIM La Plata.<\/span><\/li>\n<li><span style=\"color: #3366ff\"><b>Edgardo Esteban<\/b><\/span>. Director del Museo Malvinas e Islas del Atl\u00e1ntico Sur. Ex Combatiente, periodista, escritor y guionista.<\/li>\n<li><span style=\"color: #3366ff\"><b>Andrea Varela<\/b><\/span><span style=\"font-weight: 400\">. Ex Presidenta de la Comisi\u00f3n de Defensa de la Soberan\u00eda Nacional de la Universidad Nacional de La Plata. Doctora en Comunicaci\u00f3n, Docente Universitaria y Vicepresidenta Institucional de <\/span><span style=\"font-weight: 400\">la Universidad Nacional de La Plata. <\/span><\/li>\n<li><span style=\"color: #3366ff\"><b>Pablo Bonavena<\/b><\/span><span style=\"font-weight: 400\">. Soci\u00f3logo, Investigador y Docente Universitario, especialista en Sociolog\u00eda de la Guerra. Director de Revista Latinoamericana de Sociolog\u00eda de la Guerra \u201cCuadernos de Marte\u201d.<\/span><\/li>\n<li><span style=\"color: #3366ff\"><b>Carlos Biangardi<\/b><\/span><span style=\"font-weight: 400\">. Coordinador del Departamento de Malvinas, Ant\u00e1rtida e Islas del Atl\u00e1ntico Sur del Instituto de Relaciones Internacionales de la Universidad Nacional de La Plata. Autor de <\/span><i><span style=\"font-weight: 400\">Cuesti\u00f3n Malvinas. A 35 a\u00f1os de la Guerra del Atl\u00e1ntico Sur. Propuestas para la construcci\u00f3n de una Pol\u00edtica de Estado<\/span><\/i><span style=\"font-weight: 400\">. Abogado, Mag\u00edster en Relaciones Internacionales, Investigador y Docente Universitario.<br \/>\n<\/span><\/li>\n<li><span style=\"color: #3366ff\"><b>H\u00e9ctor Dupuy<\/b><\/span><span style=\"font-weight: 400\">. Especialista en Geopol\u00edtica del Atl\u00e1ntico Sur. Fue Director del Proyecto de Investigaci\u00f3n \u201cEl Atl\u00e1ntico Sur y sus relaciones con otras regiones de inter\u00e9s geopol\u00edtico mundial. Estudios de casos frente a las actuales tendencias hegem\u00f3nicas\u201d (FaHCE \u2013 UNLP). Ge\u00f3grafo, Investigador y Docente Universitario.<br \/>\n<\/span><\/li>\n<li><span style=\"color: #3366ff\"><b>Sof\u00eda Vassallo<\/b><\/span><span style=\"font-weight: 400\">. Investigadora del Observatorio Malvinas de la Universidad Nacional de Lan\u00fas. Doctora en Ciencias Sociales y Mag\u00edster en An\u00e1lisis del Discurso.<br \/>\n<\/span><\/li>\n<\/ul>\n<hr \/>\n<p>&nbsp;<\/p>\n","protected":false},"excerpt":{"rendered":"<p>Rosana Guber. Autora de libros tales como De chicos a veteranos. Memorias argentinas de la guerra de Malvinas; \u00bfPor qu\u00e9 Malvinas? De la causa nacional a la guerra absurda; Experiencia de halc\u00f3n. Ni h\u00e9roes ni kamikazes, pilotos de A4B. Doctora en Antropolog\u00eda, Docente Universitaria e Investigadora Superior del CONICET. Daniel Fern\u00e1ndez. Rector de la Universidad [&hellip;]<\/p>\n","protected":false},"author":91,"featured_media":0,"parent":0,"menu_order":0,"comment_status":"closed","ping_status":"closed","template":"","meta":{"advgb_blocks_editor_width":"","advgb_blocks_columns_visual_guide":"","footnotes":""},"class_list":["post-104","page","type-page","status-publish","hentry","post"],"aioseo_notices":[],"coauthors":[],"author_meta":{"author_link":"https:\/\/congresos.unlp.edu.ar\/jornadasmalvinasunlp\/author\/bottazziflorencia\/","display_name":"bottazziflorencia"},"relative_dates":{"created":"Publicado 5 a\u00f1os hace","modified":"Actualizado 3 meses hace"},"absolute_dates":{"created":"Publicado el 24 abril, 2021","modified":"Actualizado el 17 febrero, 2026"},"absolute_dates_time":{"created":"Publicado el 24 abril, 2021 12:45 pm","modified":"Actualizado el 17 febrero, 2026 4:13 pm"},"featured_img_caption":"","featured_img":false,"series_order":"","_links":{"self":[{"href":"https:\/\/congresos.unlp.edu.ar\/jornadasmalvinasunlp\/wp-json\/wp\/v2\/pages\/104","targetHints":{"allow":["GET"]}}],"collection":[{"href":"https:\/\/congresos.unlp.edu.ar\/jornadasmalvinasunlp\/wp-json\/wp\/v2\/pages"}],"about":[{"href":"https:\/\/congresos.unlp.edu.ar\/jornadasmalvinasunlp\/wp-json\/wp\/v2\/types\/page"}],"author":[{"embeddable":true,"href":"https:\/\/congresos.unlp.edu.ar\/jornadasmalvinasunlp\/wp-json\/wp\/v2\/users\/91"}],"replies":[{"embeddable":true,"href":"https:\/\/congresos.unlp.edu.ar\/jornadasmalvinasunlp\/wp-json\/wp\/v2\/comments?post=104"}],"version-history":[{"count":0,"href":"https:\/\/congresos.unlp.edu.ar\/jornadasmalvinasunlp\/wp-json\/wp\/v2\/pages\/104\/revisions"}],"wp:attachment":[{"href":"https:\/\/congresos.unlp.edu.ar\/jornadasmalvinasunlp\/wp-json\/wp\/v2\/media?parent=104"}],"curies":[{"name":"wp","href":"https:\/\/api.w.org\/{rel}","templated":true}]}}