{"id":18,"date":"2026-04-14T13:26:21","date_gmt":"2026-04-14T16:26:21","guid":{"rendered":"https:\/\/congresos.unlp.edu.ar\/jornadasdearchivos\/?page_id=18"},"modified":"2026-05-05T14:04:21","modified_gmt":"2026-05-05T17:04:21","slug":"pautas-de-presentacion","status":"publish","type":"page","link":"https:\/\/congresos.unlp.edu.ar\/jornadasdearchivos\/pautas-de-presentacion\/","title":{"rendered":"Pautas de presentaci\u00f3n"},"content":{"rendered":"<p><b>CONDICIONES DE PRESENTACI\u00d3N DE RES\u00daMENES EXTENDIDOS\u00a0<\/b><\/p>\n<p><span style=\"font-weight: 400\">REQUISITOS PARA PONENTES<\/span><\/p>\n<p><span style=\"font-weight: 400\">Los trabajos podr\u00e1n ser de autor\u00eda individual o en coautor\u00eda. No se aceptar\u00e1 m\u00e1s de dos trabajos por autor\/a, ya sea en forma individual o en coautor\u00eda.\u00a0<\/span><\/p>\n<p>&nbsp;<\/p>\n<p><b>CRITERIOS DE PRESENTACI\u00d3N DE RES\u00daMENES EXTENDIDOS\u00a0<\/b><\/p>\n<p><span style=\"font-weight: 400\">Los res\u00famenes deber\u00e1n presentar:\u00a0<\/span><\/p>\n<ol>\n<li><span style=\"font-weight: 400\"> El tema y los planteos problem\u00e1ticos que se van a desarrollar en la ponencia.\u00a0<\/span><\/li>\n<li><span style=\"font-weight: 400\"> Extensi\u00f3n entre 3500 y 5000 caracteres (con espacios).\u00a0<\/span><\/li>\n<li><span style=\"font-weight: 400\"> T\u00edtulo de hasta 200 caracteres (con espacios).\u00a0<\/span><\/li>\n<li><span style=\"font-weight: 400\"> Nombres completos, apellidos completos, DNI sin puntos, filiaci\u00f3n institucional y correo electr\u00f3nico de lxs autores y autoras marginados a la derecha (sin formatos: ni subrayado, ni bold, ni it\u00e1lica, etc.).\u00a0<\/span><\/li>\n<li><span style=\"font-weight: 400\"> El tipo de letra requerida es Times New Roman, tama\u00f1o 12, interlineado de 1,5.\u00a0<\/span><\/li>\n<li><span style=\"font-weight: 400\"> Indicar tres palabras clave.\u00a0<\/span><\/li>\n<\/ol>\n<p>&nbsp;<\/p>\n<p><span style=\"font-weight: 400\">PROCEDIMIENTO PARA LA PRESENTACI\u00d3N DE RES\u00daMENES\u00a0<\/span><\/p>\n<ol>\n<li><span style=\"font-weight: 400\"> Los res\u00famenes deber\u00e1n presentarse directamente a los coordinadores y las coordinadoras de mesa a los correos electr\u00f3nicos que figuran en la 2da Circular y en la pesta\u00f1a de Mesas Tem\u00e1ticas de esta p\u00e1gina.\u00a0<\/span><\/li>\n<li><span style=\"font-weight: 400\"> El archivo digital debe nombrarse del siguiente modo:\u00a0<\/span><\/li>\n<\/ol>\n<p><span style=\"font-weight: 400\">Apellido_primera parte t\u00edtulo de ponencia_Mesa con numero_Resumen\u00a0<\/span><\/p>\n<p><span style=\"font-weight: 400\">Por ejemplo: Andruchow_Fondo Personal \u00c1ngel Nessi_Mesa X_Resumen\u00a0<\/span><\/p>\n<p>&nbsp;<\/p>\n<p><b>ACEPTACI\u00d3N DE LOS RES\u00daMENES POR PARTE DE LOS COORDINADORES DE MESA\u00a0<\/b><\/p>\n<p><span style=\"font-weight: 400\">\u25aa Una vez finalizado el plazo de recepci\u00f3n de res\u00famenes, los coordinadores y las coordinadoras ser\u00e1n los encargados de comunicar su aceptaci\u00f3n o rechazo a los autores y las autoras.\u00a0<\/span><\/p>\n<p><span style=\"font-weight: 400\">Asimismo, deber\u00e1n cargar la conformaci\u00f3n de la mesa en el formulario correspondiente cuyo Link ser\u00e1 enviado a los correos de los coordinadores y las coordinadoras.\u00a0<\/span><\/p>\n<p><span style=\"font-weight: 400\">\u25aa Los datos para cargar ser\u00e1n: nombres y apellidos completos y DNI sin puntos de los autores y las autoras, correo\/s electr\u00f3nico\/s, filiaci\u00f3n institucional, t\u00edtulo de los res\u00famenes aprobados y resumen (sin formatos: ni subrayado, ni bold ni it\u00e1lica, etc.).\u00a0<\/span><\/p>\n<p><span style=\"font-weight: 400\">\u25aa Para el funcionamiento de cada Mesa se requerir\u00e1 un m\u00ednimo de 5 ponencias. En caso de que las mesas queden con una cantidad de ponencias menor al m\u00ednimo, la Comisi\u00f3n Organizadora podr\u00e1 hacer sugerencias y orientaciones para vincular y fusionar mesas afines. Tambi\u00e9n se podr\u00e1 aceptar la fusi\u00f3n de mesas a requerimiento de los coordinadores. <\/span><\/p>\n","protected":false},"excerpt":{"rendered":"<p>CONDICIONES DE PRESENTACI\u00d3N DE RES\u00daMENES EXTENDIDOS\u00a0 REQUISITOS PARA PONENTES Los trabajos podr\u00e1n ser de autor\u00eda individual o en coautor\u00eda. No se aceptar\u00e1 m\u00e1s de dos trabajos por autor\/a, ya sea en forma individual o en coautor\u00eda.\u00a0 &nbsp; CRITERIOS DE PRESENTACI\u00d3N DE RES\u00daMENES EXTENDIDOS\u00a0 Los res\u00famenes deber\u00e1n presentar:\u00a0 El tema y los planteos problem\u00e1ticos que se [&hellip;]<\/p>\n","protected":false},"author":2,"featured_media":0,"parent":0,"menu_order":0,"comment_status":"closed","ping_status":"closed","template":"","meta":{"advgb_blocks_editor_width":"","advgb_blocks_columns_visual_guide":"","footnotes":""},"class_list":["post-18","page","type-page","status-publish","hentry","post"],"aioseo_notices":[],"coauthors":[],"author_meta":{"author_link":"https:\/\/congresos.unlp.edu.ar\/jornadasdearchivos\/author\/congresos\/","display_name":"congresos"},"relative_dates":{"created":"Posted 1 mes ago","modified":"Updated 2 semanas ago"},"absolute_dates":{"created":"Posted on 14 abril, 2026","modified":"Updated on 5 mayo, 2026"},"absolute_dates_time":{"created":"Posted on 14 abril, 2026 1:26 pm","modified":"Updated on 5 mayo, 2026 2:04 pm"},"featured_img_caption":"","featured_img":false,"series_order":"","_links":{"self":[{"href":"https:\/\/congresos.unlp.edu.ar\/jornadasdearchivos\/wp-json\/wp\/v2\/pages\/18","targetHints":{"allow":["GET"]}}],"collection":[{"href":"https:\/\/congresos.unlp.edu.ar\/jornadasdearchivos\/wp-json\/wp\/v2\/pages"}],"about":[{"href":"https:\/\/congresos.unlp.edu.ar\/jornadasdearchivos\/wp-json\/wp\/v2\/types\/page"}],"author":[{"embeddable":true,"href":"https:\/\/congresos.unlp.edu.ar\/jornadasdearchivos\/wp-json\/wp\/v2\/users\/2"}],"replies":[{"embeddable":true,"href":"https:\/\/congresos.unlp.edu.ar\/jornadasdearchivos\/wp-json\/wp\/v2\/comments?post=18"}],"version-history":[{"count":0,"href":"https:\/\/congresos.unlp.edu.ar\/jornadasdearchivos\/wp-json\/wp\/v2\/pages\/18\/revisions"}],"wp:attachment":[{"href":"https:\/\/congresos.unlp.edu.ar\/jornadasdearchivos\/wp-json\/wp\/v2\/media?parent=18"}],"curies":[{"name":"wp","href":"https:\/\/api.w.org\/{rel}","templated":true}]}}