{"id":16,"date":"2026-04-14T13:26:21","date_gmt":"2026-04-14T16:26:21","guid":{"rendered":"https:\/\/congresos.unlp.edu.ar\/jornadasdearchivos\/?page_id=16"},"modified":"2026-05-01T17:39:11","modified_gmt":"2026-05-01T20:39:11","slug":"comite-cientifico","status":"publish","type":"page","link":"https:\/\/congresos.unlp.edu.ar\/jornadasdearchivos\/comite-cientifico\/","title":{"rendered":"Comit\u00e9 acad\u00e9mico internacional"},"content":{"rendered":"<p><span style=\"font-weight: 400\">Dra. Vania Markarian. Archivo General de la Universidad de la Rep\u00fablica, Montevideo. Uruguay<\/span><\/p>\n<p><span style=\"font-weight: 400\">Arch. Claudio Mois\u00e9s Ogass Bilbao. Archivo y Centro de Documentaci\u00f3n de la Federaci\u00f3n de Estudiantes, Universidad de Chile. Chile<\/span><\/p>\n<p><span style=\"font-weight: 400\">Lic. Alba Ruth Marin Gomez. Jefe de Secci\u00f3n Documental y Patrimonio. Universidad Nacional de Colombia. Sede Medell\u00edn. Colombia<\/span><\/p>\n<p><span style=\"font-weight: 400\">Mag. Rodrigo Esteban Sandoval Diaz. Universidad Cat\u00f3lica de Chile. Chile<\/span><\/p>\n<p><span style=\"font-weight: 400\">Arch. Magal\u00ed Moysan. Universit\u00e9 d\u2019Angers. Francia<\/span><\/p>\n<p><span style=\"font-weight: 400\">Dra. Carolina Vanegas Carrasco. Centro de Investigaciones en Arte y Patrimonio (CIAP), <\/span><span style=\"font-weight: 400\">UNSAM-CONICET. Argentina<\/span><\/p>\n<p><span style=\"font-weight: 400\">Dra Sonia Riveros. Programa de Historia y Memoria y Archivo Hist\u00f3rico y Documental, Universidad Nacional de San Luis. Argentina<\/span><\/p>\n<p><span style=\"font-weight: 400\">Dr. Gonzalo Villareal. Director del Servicio de Difusi\u00f3n de la Creaci\u00f3n Intelectual (SEDICI) UNLP. Argentina<\/span><\/p>\n<p><span style=\"font-weight: 400\">Mag. Samanta Casareto. Coordinadora del Centro de Documentaci\u00f3n Universidad y Dictadura de la Facultad de Filosof\u00eda y Letras Universidad de Buenos Aires. Argentina<\/span><\/p>\n<p><span style=\"font-weight: 400\">Artista y Cr\u00edtico cultural Marcelo Exp\u00f3sito. Espa<\/span><span style=\"font-weight: 400\">\u00f1a<\/span><\/p>\n<p><span style=\"font-weight: 400\">Dr. Facundo Saxe. <\/span><span style=\"font-weight: 400\">Centro Interdisciplinario de Investigaciones en G\u00e9nero (CInIG), Instituto de Investigaciones en Humanidades y Ciencias Sociales-FaHCE-UNLP-CONICET. Argentina<\/span><\/p>\n<p><span style=\"font-weight: 400\">Mag. Alicia Sarno. Directora del Archivo Hist\u00f3rico de la Provincia de Buenos Aires \u201cRicardo Levene\u201d, Buenos Aires. Argentina<\/span><\/p>\n<p><span style=\"font-weight: 400\">Mag. Julieta Pellizzari. Facultad de Ciencias Naturales y Museo; Facultad de Artes, Universidad Nacional de La Plata<\/span><\/p>\n","protected":false},"excerpt":{"rendered":"<p>Dra. Vania Markarian. Archivo General de la Universidad de la Rep\u00fablica, Montevideo. Uruguay Arch. Claudio Mois\u00e9s Ogass Bilbao. Archivo y Centro de Documentaci\u00f3n de la Federaci\u00f3n de Estudiantes, Universidad de Chile. Chile Lic. Alba Ruth Marin Gomez. Jefe de Secci\u00f3n Documental y Patrimonio. Universidad Nacional de Colombia. Sede Medell\u00edn. Colombia Mag. Rodrigo Esteban Sandoval Diaz. [&hellip;]<\/p>\n","protected":false},"author":2,"featured_media":0,"parent":0,"menu_order":0,"comment_status":"closed","ping_status":"closed","template":"","meta":{"advgb_blocks_editor_width":"","advgb_blocks_columns_visual_guide":"","footnotes":""},"class_list":["post-16","page","type-page","status-publish","hentry","post"],"aioseo_notices":[],"coauthors":[],"author_meta":{"author_link":"https:\/\/congresos.unlp.edu.ar\/jornadasdearchivos\/author\/congresos\/","display_name":"congresos"},"relative_dates":{"created":"Posted 1 mes ago","modified":"Updated 2 semanas ago"},"absolute_dates":{"created":"Posted on 14 abril, 2026","modified":"Updated on 1 mayo, 2026"},"absolute_dates_time":{"created":"Posted on 14 abril, 2026 1:26 pm","modified":"Updated on 1 mayo, 2026 5:39 pm"},"featured_img_caption":"","featured_img":false,"series_order":"","_links":{"self":[{"href":"https:\/\/congresos.unlp.edu.ar\/jornadasdearchivos\/wp-json\/wp\/v2\/pages\/16","targetHints":{"allow":["GET"]}}],"collection":[{"href":"https:\/\/congresos.unlp.edu.ar\/jornadasdearchivos\/wp-json\/wp\/v2\/pages"}],"about":[{"href":"https:\/\/congresos.unlp.edu.ar\/jornadasdearchivos\/wp-json\/wp\/v2\/types\/page"}],"author":[{"embeddable":true,"href":"https:\/\/congresos.unlp.edu.ar\/jornadasdearchivos\/wp-json\/wp\/v2\/users\/2"}],"replies":[{"embeddable":true,"href":"https:\/\/congresos.unlp.edu.ar\/jornadasdearchivos\/wp-json\/wp\/v2\/comments?post=16"}],"version-history":[{"count":0,"href":"https:\/\/congresos.unlp.edu.ar\/jornadasdearchivos\/wp-json\/wp\/v2\/pages\/16\/revisions"}],"wp:attachment":[{"href":"https:\/\/congresos.unlp.edu.ar\/jornadasdearchivos\/wp-json\/wp\/v2\/media?parent=16"}],"curies":[{"name":"wp","href":"https:\/\/api.w.org\/{rel}","templated":true}]}}