{"id":15,"date":"2026-04-14T13:26:21","date_gmt":"2026-04-14T16:26:21","guid":{"rendered":"https:\/\/congresos.unlp.edu.ar\/jornadasdearchivos\/?page_id=15"},"modified":"2026-05-01T17:37:51","modified_gmt":"2026-05-01T20:37:51","slug":"comision-organizadora","status":"publish","type":"page","link":"https:\/\/congresos.unlp.edu.ar\/jornadasdearchivos\/comision-organizadora\/","title":{"rendered":"Comisi\u00f3n organizadora"},"content":{"rendered":"<p><span style=\"font-weight: 400\">Mag. Marcela Andruchow -Archivo y Centro de Documentaci\u00f3n del Instituto de Historia del Arte Argentino y Americano de la Facultad de Artes<\/span><\/p>\n<p><span style=\"font-weight: 400\">Esp. Arch. Laura Casareto &#8211; Archivo Hist\u00f3rico Central de la Universidad Nacional de La Plata, Secretaria de Asuntos Acad\u00e9micos, Presidencia<\/span><\/p>\n<p><span style=\"font-weight: 400\">Lic. Myriam Hara &#8211; \u00c1rea de conservaci\u00f3n del Archivo Hist\u00f3rico central de la Universidades Nacional de La Plata, Secretaria de Asuntos Acad\u00e9micos, Presidencia<\/span><\/p>\n<p><span style=\"font-weight: 400\">Lic. Stefan\u00eda Pol\u00edgronos Doglio &#8211; Archivo Hist\u00f3rico-UNLP y Archivo y Centro de Documentaci\u00f3n- IHAAA-FDA-UNLP<\/span><\/p>\n<p><span style=\"font-weight: 400\">Lic. Diego Albo &#8211; IHAAA-FDA-UNLP<\/span><\/p>\n<p><span style=\"font-weight: 400\">Dr. Agust\u00edn Bucari &#8211; Unidad de\u00a0 Investigaci\u00f3n de Pr\u00e1cticas y Estudios Comparados entre Artes y Ciencias-IHAAA-FDA-UNLP<\/span><\/p>\n<p><span style=\"font-weight: 400\">Bib. Natalia Salcedo &#8211; A<\/span><span style=\"font-weight: 400\">rchivo Hist\u00f3rico y Documental de la Facultad de Arquitectura y Urbanismo. Universidad Nacional de La Plata<\/span><\/p>\n<p><span style=\"font-weight: 400\">Ingrid Jaschek &#8211; Archivo Hist\u00f3rico \u2018Zulma Totis\u2019 del Liceo V\u00edctor Mercante-UNLP, Archivo Comisi\u00f2n Provincial por la Memoria<\/span><\/p>\n<p><span style=\"font-weight: 400\">Dra. Paula Cannova &#8211; <\/span><span style=\"font-weight: 400\">\u00a0Archivo Sonoro- IPEAL- FdA y Radio Universidad<\/span><\/p>\n<p><span style=\"font-weight: 400\">Dra. Natalia Giglietti &#8211; Archivo de Arte, Centro de Arte, UNLP. IPEAL, FDA<\/span><\/p>\n<p><span style=\"font-weight: 400\">Lic. Elena Sedan &#8211; <\/span><span style=\"font-weight: 400\">Archivo de Arte &#8211; Centro de Arte &#8211; UNLP. <\/span><span style=\"font-weight: 400\">\u00a0IPEAL, FDA<\/span><\/p>\n<p><span style=\"font-weight: 400\">Lic. Gabriela Touza &#8211; <\/span><span style=\"font-weight: 400\">Archivo de Mesa de Entradas Facultad de Artes<\/span><\/p>\n<p><span style=\"font-weight: 400\">Lic. Francisco Fayos &#8211; Archivo Audiovisual C. Moneo Sanz, Facultad de Artes-UNLP<\/span><\/p>\n<p><span style=\"font-weight: 400\">Mag. Jorgelina Sciorra &#8211; Instituto de Historia del Arte Argentino y\u00a0 Americano, Facultad de Artes, UNLP<\/span><\/p>\n<p><span style=\"font-weight: 400\">Lic. Catalina Poggio &#8211; Instituto de Historia del Arte Argentino y\u00a0 Americano, Facultad de Artes, UNLP<\/span><\/p>\n<p><span style=\"font-weight: 400\">Paula Santoro &#8211; <\/span><span style=\"font-weight: 400\">Archivo General e Hist\u00f3rico de la Facultad de Ciencias Veterinarias, Facultad de Ciencias Veterinarias, UNLP<\/span><\/p>\n","protected":false},"excerpt":{"rendered":"<p>Mag. Marcela Andruchow -Archivo y Centro de Documentaci\u00f3n del Instituto de Historia del Arte Argentino y Americano de la Facultad de Artes Esp. Arch. Laura Casareto &#8211; Archivo Hist\u00f3rico Central de la Universidad Nacional de La Plata, Secretaria de Asuntos Acad\u00e9micos, Presidencia Lic. Myriam Hara &#8211; \u00c1rea de conservaci\u00f3n del Archivo Hist\u00f3rico central de la [&hellip;]<\/p>\n","protected":false},"author":2,"featured_media":0,"parent":0,"menu_order":0,"comment_status":"closed","ping_status":"closed","template":"","meta":{"advgb_blocks_editor_width":"","advgb_blocks_columns_visual_guide":"","footnotes":""},"class_list":["post-15","page","type-page","status-publish","hentry","post"],"aioseo_notices":[],"coauthors":[],"author_meta":{"author_link":"https:\/\/congresos.unlp.edu.ar\/jornadasdearchivos\/author\/congresos\/","display_name":"congresos"},"relative_dates":{"created":"Posted 1 mes ago","modified":"Updated 2 semanas ago"},"absolute_dates":{"created":"Posted on 14 abril, 2026","modified":"Updated on 1 mayo, 2026"},"absolute_dates_time":{"created":"Posted on 14 abril, 2026 1:26 pm","modified":"Updated on 1 mayo, 2026 5:37 pm"},"featured_img_caption":"","featured_img":false,"series_order":"","_links":{"self":[{"href":"https:\/\/congresos.unlp.edu.ar\/jornadasdearchivos\/wp-json\/wp\/v2\/pages\/15","targetHints":{"allow":["GET"]}}],"collection":[{"href":"https:\/\/congresos.unlp.edu.ar\/jornadasdearchivos\/wp-json\/wp\/v2\/pages"}],"about":[{"href":"https:\/\/congresos.unlp.edu.ar\/jornadasdearchivos\/wp-json\/wp\/v2\/types\/page"}],"author":[{"embeddable":true,"href":"https:\/\/congresos.unlp.edu.ar\/jornadasdearchivos\/wp-json\/wp\/v2\/users\/2"}],"replies":[{"embeddable":true,"href":"https:\/\/congresos.unlp.edu.ar\/jornadasdearchivos\/wp-json\/wp\/v2\/comments?post=15"}],"version-history":[{"count":0,"href":"https:\/\/congresos.unlp.edu.ar\/jornadasdearchivos\/wp-json\/wp\/v2\/pages\/15\/revisions"}],"wp:attachment":[{"href":"https:\/\/congresos.unlp.edu.ar\/jornadasdearchivos\/wp-json\/wp\/v2\/media?parent=15"}],"curies":[{"name":"wp","href":"https:\/\/api.w.org\/{rel}","templated":true}]}}