{"id":70,"date":"2026-03-17T16:52:12","date_gmt":"2026-03-17T19:52:12","guid":{"rendered":"https:\/\/congresos.unlp.edu.ar\/jornadasdeambiente2026\/?page_id=70"},"modified":"2026-04-16T17:11:00","modified_gmt":"2026-04-16T20:11:00","slug":"logo","status":"publish","type":"page","link":"https:\/\/congresos.unlp.edu.ar\/jornadasdeambiente2026\/logo\/","title":{"rendered":"Logo"},"content":{"rendered":"<div id=\"pl-70\"  class=\"panel-layout\" ><div id=\"pg-70-0\"  class=\"panel-grid panel-has-style\" ><div class=\"panel-row-style panel-row-style-for-70-0\" ><div id=\"pgc-70-0-0\"  class=\"panel-grid-cell\" ><div id=\"panel-70-0-0-0\" class=\"so-panel widget widget_sow-editor panel-first-child panel-last-child\" data-index=\"0\" ><div\n\t\t\t\n\t\t\tclass=\"so-widget-sow-editor so-widget-sow-editor-base\"\n\t\t\t\n\t\t>\n<div class=\"siteorigin-widget-tinymce textwidget\">\n\t<h3 style=\"text-align: justify\">El logo de las V Jornadas Internacionales y VII Nacionales de Ambiente se inspira en la <strong>mariposa bandera argentina<\/strong> (Morpho epistrophus argentinensis), una especie nativa reconocida por sus tonalidades celeste nacarado y blanco, que evocan los colores de la bandera nacional. Recientemente declarada Monumento Natural Provincial en la provincia de Buenos Aires, esta especie representa la importancia de conservar la biodiversidad y los ecosistemas naturales, especialmente los bosques nativos que forman parte del patrimonio ambiental del pa\u00eds.<\/h3>\n<h3 style=\"text-align: justify\">Las mariposas han sido tradicionalmente asociadas con <strong>la transformaci\u00f3n y el cambio<\/strong>, debido a su proceso de metamorfosis desde oruga hasta mariposa. En este sentido, simbolizan procesos de renovaci\u00f3n, crecimiento y transici\u00f3n hacia nuevas formas de comprensi\u00f3n y acci\u00f3n, en la b\u00fasqueda de que los saberes vuelen y se trasladen con libertad.<\/h3>\n<\/div>\n<\/div><\/div><\/div><div id=\"pgc-70-0-1\"  class=\"panel-grid-cell\" ><div id=\"panel-70-0-1-0\" class=\"so-panel widget widget_sow-image panel-first-child panel-last-child\" data-index=\"1\" ><div class=\"panel-widget-style panel-widget-style-for-70-0-1-0\" ><div\n\t\t\t\n\t\t\tclass=\"so-widget-sow-image so-widget-sow-image-default-dbf295114b96-70\"\n\t\t\t\n\t\t>\n<div class=\"sow-image-container\">\n\t\t<img \n\tsrc=\"https:\/\/congresos.unlp.edu.ar\/jornadasdeambiente2026\/wp-content\/uploads\/sites\/110\/2026\/04\/Logo-v3-round.png\" width=\"2508\" height=\"2352\" srcset=\"https:\/\/congresos.unlp.edu.ar\/jornadasdeambiente2026\/wp-content\/uploads\/sites\/110\/2026\/04\/Logo-v3-round.png 2508w, https:\/\/congresos.unlp.edu.ar\/jornadasdeambiente2026\/wp-content\/uploads\/sites\/110\/2026\/04\/Logo-v3-round-300x281.png 300w, https:\/\/congresos.unlp.edu.ar\/jornadasdeambiente2026\/wp-content\/uploads\/sites\/110\/2026\/04\/Logo-v3-round-1024x960.png 1024w, https:\/\/congresos.unlp.edu.ar\/jornadasdeambiente2026\/wp-content\/uploads\/sites\/110\/2026\/04\/Logo-v3-round-768x720.png 768w, https:\/\/congresos.unlp.edu.ar\/jornadasdeambiente2026\/wp-content\/uploads\/sites\/110\/2026\/04\/Logo-v3-round-1536x1440.png 1536w, https:\/\/congresos.unlp.edu.ar\/jornadasdeambiente2026\/wp-content\/uploads\/sites\/110\/2026\/04\/Logo-v3-round-2048x1921.png 2048w\" sizes=\"(max-width: 2508px) 100vw, 2508px\" title=\"Logo v3 round\" alt=\"\" \t\tclass=\"so-widget-image\"\/>\n\t<\/div>\n\n<\/div><\/div><\/div><\/div><\/div><\/div><div id=\"pg-70-1\"  class=\"panel-grid panel-no-style\" ><div id=\"pgc-70-1-0\"  class=\"panel-grid-cell\" ><div id=\"panel-70-1-0-0\" class=\"so-panel widget widget_sow-editor panel-first-child panel-last-child\" data-index=\"2\" ><div\n\t\t\t\n\t\t\tclass=\"so-widget-sow-editor so-widget-sow-editor-base\"\n\t\t\t\n\t\t>\n<div class=\"siteorigin-widget-tinymce textwidget\">\n\t<h3 style=\"text-align: center\">En el marco de estas jornadas, esta imagen remite tambi\u00e9n a la necesidad de <strong>transformar nuestras pr\u00e1cticas y modos de relaci\u00f3n con el ambiente<\/strong>, avanzando hacia modelos m\u00e1s sustentables.<\/h3>\n<h3 style=\"text-align: justify\">En las alas de la mariposa se representan cuatro \u00e1mbitos fundamentales que intervienen en la construcci\u00f3n de soluciones frente a los desaf\u00edos ambientales: el sector acad\u00e9mico y cient\u00edfico, la gesti\u00f3n p\u00fablica estatal, el sector productivo e industrial (tanto p\u00fablico como privado) y la sociedad en general. Estos componentes aparecen interconectados, reflejando que el ambiente constituye un sistema complejo donde los distintos actores deben interactuar de manera articulada.<\/h3>\n<h3 style=\"text-align: justify\">De esta forma, el logo expresa el esp\u00edritu de las jornadas como un espacio de encuentro, intercambio y di\u00e1logo de saberes, orientado a promover la reflexi\u00f3n colectiva y la construcci\u00f3n de estrategias que permitan repensar nuestras acciones y responsabilidades frente a los problemas ambientales contempor\u00e1neos.<\/h3>\n<\/div>\n<\/div><\/div><\/div><\/div><\/div>","protected":false},"excerpt":{"rendered":"<p>El logo de las V Jornadas Internacionales y VII Nacionales de Ambiente se inspira en la mariposa bandera argentina (Morpho epistrophus argentinensis), una especie nativa reconocida por sus tonalidades celeste nacarado y blanco, que evocan los colores de la bandera nacional. Recientemente declarada Monumento Natural Provincial en la provincia de Buenos Aires, esta especie representa [&hellip;]<\/p>\n","protected":false},"author":270,"featured_media":0,"parent":0,"menu_order":0,"comment_status":"closed","ping_status":"closed","template":"","meta":{"advgb_blocks_editor_width":"","advgb_blocks_columns_visual_guide":"","footnotes":""},"class_list":["post-70","page","type-page","status-publish","hentry","post"],"aioseo_notices":[],"coauthors":[],"author_meta":{"author_link":"https:\/\/congresos.unlp.edu.ar\/jornadasdeambiente2026\/author\/riosagustin\/","display_name":"riosagustin"},"relative_dates":{"created":"Posted 2 meses ago","modified":"Updated 1 mes ago"},"absolute_dates":{"created":"Posted on 17 marzo, 2026","modified":"Updated on 16 abril, 2026"},"absolute_dates_time":{"created":"Posted on 17 marzo, 2026 4:52 pm","modified":"Updated on 16 abril, 2026 5:11 pm"},"featured_img_caption":"","featured_img":false,"series_order":"","_links":{"self":[{"href":"https:\/\/congresos.unlp.edu.ar\/jornadasdeambiente2026\/wp-json\/wp\/v2\/pages\/70","targetHints":{"allow":["GET"]}}],"collection":[{"href":"https:\/\/congresos.unlp.edu.ar\/jornadasdeambiente2026\/wp-json\/wp\/v2\/pages"}],"about":[{"href":"https:\/\/congresos.unlp.edu.ar\/jornadasdeambiente2026\/wp-json\/wp\/v2\/types\/page"}],"author":[{"embeddable":true,"href":"https:\/\/congresos.unlp.edu.ar\/jornadasdeambiente2026\/wp-json\/wp\/v2\/users\/270"}],"replies":[{"embeddable":true,"href":"https:\/\/congresos.unlp.edu.ar\/jornadasdeambiente2026\/wp-json\/wp\/v2\/comments?post=70"}],"version-history":[{"count":0,"href":"https:\/\/congresos.unlp.edu.ar\/jornadasdeambiente2026\/wp-json\/wp\/v2\/pages\/70\/revisions"}],"wp:attachment":[{"href":"https:\/\/congresos.unlp.edu.ar\/jornadasdeambiente2026\/wp-json\/wp\/v2\/media?parent=70"}],"curies":[{"name":"wp","href":"https:\/\/api.w.org\/{rel}","templated":true}]}}