{"id":4,"date":"2026-03-16T13:38:08","date_gmt":"2026-03-16T16:38:08","guid":{"rendered":"https:\/\/congresos.unlp.edu.ar\/jornadasdeambiente2026\/?page_id=4"},"modified":"2026-05-07T12:04:13","modified_gmt":"2026-05-07T15:04:13","slug":"inicio","status":"publish","type":"page","link":"https:\/\/congresos.unlp.edu.ar\/jornadasdeambiente2026\/","title":{"rendered":"Inicio"},"content":{"rendered":"<h1 style=\"text-align: center\">Nos encontramos en un <strong>sistema global en crisis<\/strong>, atravesado por desigualdades estructurales hist\u00f3ricas. El colapso ambiental es una dimensi\u00f3n m\u00e1s de la crisis civilizatoria actual, directamente relacionada con los sistemas de desarrollo predominantes; en los que confluyen aspectos pol\u00edticos, econ\u00f3micos, productivos, sociales y culturales.<\/h1>\n<h1 style=\"text-align: center\">Las <strong>ciencias vinculadas al ambiente<\/strong> han logrado avances importantes en la generaci\u00f3n de conocimientos locales y la apertura de espacios de trabajo y formaci\u00f3n.<\/h1>\n<h1 style=\"text-align: center\">Sin embargo, prevalece una <strong>falta de conexi\u00f3n entre academia y gesti\u00f3n y entre ciencia y territorio<\/strong> que permita lograr una aplicaci\u00f3n real de los conocimientos co-construidos. La puja de intereses, sumada a un contexto nacional y regional de restricci\u00f3n a las instituciones p\u00fablicas generadoras y difusoras de conocimiento, profundizan estas limitaciones.<\/h1>\n<p>&nbsp;<\/p>\n<h1 style=\"text-align: center\">Esta edici\u00f3n de las Jornadas busca <strong>dar continuidad al espacio generado en el marco de las carreras de Ciencias del Ambiente<\/strong>, en una coyuntura muy particular del mundo y del pa\u00eds, en la que avanzan las problem\u00e1ticas en relaci\u00f3n al cambio clim\u00e1tico y la crisis civilizatoria, como as\u00ed tambi\u00e9n las conflictividades en relaci\u00f3n al destino de los territorios.<\/h1>\n<h1 style=\"text-align: center\">Una vez m\u00e1s, estas Jornadas vuelven a ser entonces ser un <strong>espacio de reencuentro en el que se presenten trabajos de investigaci\u00f3n, extensi\u00f3n y \u00e1ulicos en curso, as\u00ed como experiencias fuera del \u00e1mbito acad\u00e9mico, que potencien el di\u00e1logo necesario para la generaci\u00f3n de alternativas ante los desaf\u00edos actuales<\/strong>. Al tiempo que se fortalecen las carreras de las universidades nacionales como actores v\u00e1lidos en la co-creaci\u00f3n de pol\u00edticas de Estado en materia socio-ambiental.<\/h1>\n<h1><\/h1>\n<h1 style=\"text-align: center\">Recordamos que dada la situaci\u00f3n que viven nuestras Universidades P\u00fablicas, las acciones de defensa de las mismas podr\u00edan afectar de manera total o parcial la planificaci\u00f3n y el uso de las instalaciones y log\u00edstica prevista para las Jornadas. En caso de que esto ocurra, escapar\u00e1 a nuestra responsabilidad; no obstante, trataremos de brindar alternativas para el normal desempe\u00f1o de las actividades.<\/h1>\n","protected":false},"excerpt":{"rendered":"<p>Nos encontramos en un sistema global en crisis, atravesado por desigualdades estructurales hist\u00f3ricas. El colapso ambiental es una dimensi\u00f3n m\u00e1s de la crisis civilizatoria actual, directamente relacionada con los sistemas de desarrollo predominantes; en los que confluyen aspectos pol\u00edticos, econ\u00f3micos, productivos, sociales y culturales. Las ciencias vinculadas al ambiente han logrado avances importantes en la [&hellip;]<\/p>\n","protected":false},"author":2,"featured_media":0,"parent":0,"menu_order":0,"comment_status":"closed","ping_status":"closed","template":"","meta":{"advgb_blocks_editor_width":"","advgb_blocks_columns_visual_guide":"","footnotes":""},"class_list":["post-4","page","type-page","status-publish","hentry","post"],"aioseo_notices":[],"coauthors":[],"author_meta":{"author_link":"https:\/\/congresos.unlp.edu.ar\/jornadasdeambiente2026\/author\/congresos\/","display_name":"congresos"},"relative_dates":{"created":"Posted 2 meses ago","modified":"Updated 1 semana ago"},"absolute_dates":{"created":"Posted on 16 marzo, 2026","modified":"Updated on 7 mayo, 2026"},"absolute_dates_time":{"created":"Posted on 16 marzo, 2026 1:38 pm","modified":"Updated on 7 mayo, 2026 12:04 pm"},"featured_img_caption":"","featured_img":false,"series_order":"","_links":{"self":[{"href":"https:\/\/congresos.unlp.edu.ar\/jornadasdeambiente2026\/wp-json\/wp\/v2\/pages\/4","targetHints":{"allow":["GET"]}}],"collection":[{"href":"https:\/\/congresos.unlp.edu.ar\/jornadasdeambiente2026\/wp-json\/wp\/v2\/pages"}],"about":[{"href":"https:\/\/congresos.unlp.edu.ar\/jornadasdeambiente2026\/wp-json\/wp\/v2\/types\/page"}],"author":[{"embeddable":true,"href":"https:\/\/congresos.unlp.edu.ar\/jornadasdeambiente2026\/wp-json\/wp\/v2\/users\/2"}],"replies":[{"embeddable":true,"href":"https:\/\/congresos.unlp.edu.ar\/jornadasdeambiente2026\/wp-json\/wp\/v2\/comments?post=4"}],"version-history":[{"count":0,"href":"https:\/\/congresos.unlp.edu.ar\/jornadasdeambiente2026\/wp-json\/wp\/v2\/pages\/4\/revisions"}],"wp:attachment":[{"href":"https:\/\/congresos.unlp.edu.ar\/jornadasdeambiente2026\/wp-json\/wp\/v2\/media?parent=4"}],"curies":[{"name":"wp","href":"https:\/\/api.w.org\/{rel}","templated":true}]}}