{"id":262,"date":"2026-05-11T17:35:20","date_gmt":"2026-05-11T20:35:20","guid":{"rendered":"https:\/\/congresos.unlp.edu.ar\/jornadasdeambiente2026\/?page_id=262"},"modified":"2026-05-11T21:11:47","modified_gmt":"2026-05-12T00:11:47","slug":"envio-de-resumenes","status":"publish","type":"page","link":"https:\/\/congresos.unlp.edu.ar\/jornadasdeambiente2026\/envio-de-resumenes\/","title":{"rendered":"Env\u00edo de Res\u00famenes"},"content":{"rendered":"<h4 style=\"text-align: left\">Aqui encontrar\u00e1s las plantillas modelo para el env\u00edo de res\u00famenes, al igual que el formulario para realizar dicho env\u00edo.<br \/>\nLas pautas para el env\u00edo de resumenes se encuentran en la\u00a0<a href=\"https:\/\/congresos.unlp.edu.ar\/jornadasdeambiente2026\/wp-content\/uploads\/sites\/110\/2026\/05\/3ra-Circular-Mayo-2026.pdf\">3\u00b0 Circular<\/a><\/h4>\n<h4 style=\"text-align: center\"><a href=\"https:\/\/drive.google.com\/uc?export=download&amp;id=1IOX809a13h4gV9NQonaqX8O5vdzaLSVn\"><img loading=\"lazy\" decoding=\"async\" class=\"wp-image-66 alignleft\" src=\"http:\/\/congresos.unlp.edu.ar\/jornadasdeambiente2026\/wp-content\/uploads\/sites\/110\/2026\/05\/plantillaTI.png\" alt=\"\" width=\"300\" height=\"154\" \/><\/a><a href=\"https:\/\/drive.google.com\/uc?export=download&amp;id=16-0FYcEhhM4BTJlZ5_v0t45eVzvbg0sA\"><img loading=\"lazy\" decoding=\"async\" class=\"wp-image-66 alignleft\" src=\"http:\/\/congresos.unlp.edu.ar\/jornadasdeambiente2026\/wp-content\/uploads\/sites\/110\/2026\/05\/plantillaEXPY.png\" alt=\"\" width=\"300\" height=\"154\" \/><\/a><\/h4>\n<h4 style=\"text-align: center\"><a href=\"https:\/\/docs.google.com\/forms\/d\/e\/1FAIpQLSekHHJAsGwsszU0mXcgYnnscuom9i54z6AzksbkoHqetsgUow\/viewform\"><img loading=\"lazy\" decoding=\"async\" class=\"wp-image-66 alignleft\" src=\"http:\/\/congresos.unlp.edu.ar\/jornadasdeambiente2026\/wp-content\/uploads\/sites\/110\/2026\/05\/Formulario-envio-resumenes-scaled.png\" alt=\"\" width=\"720\" height=\"236\" \/><\/a><\/h4>\n","protected":false},"excerpt":{"rendered":"<p>Aqui encontrar\u00e1s las plantillas modelo para el env\u00edo de res\u00famenes, al igual que el formulario para realizar dicho env\u00edo. Las pautas para el env\u00edo de resumenes se encuentran en la\u00a03\u00b0 Circular<\/p>\n","protected":false},"author":270,"featured_media":0,"parent":0,"menu_order":0,"comment_status":"closed","ping_status":"closed","template":"","meta":{"advgb_blocks_editor_width":"","advgb_blocks_columns_visual_guide":"","footnotes":""},"class_list":["post-262","page","type-page","status-publish","hentry","post"],"aioseo_notices":[],"coauthors":[],"author_meta":{"author_link":"https:\/\/congresos.unlp.edu.ar\/jornadasdeambiente2026\/author\/riosagustin\/","display_name":"riosagustin"},"relative_dates":{"created":"Posted 5 d\u00edas ago","modified":"Updated 5 d\u00edas ago"},"absolute_dates":{"created":"Posted on 11 mayo, 2026","modified":"Updated on 11 mayo, 2026"},"absolute_dates_time":{"created":"Posted on 11 mayo, 2026 5:35 pm","modified":"Updated on 11 mayo, 2026 9:11 pm"},"featured_img_caption":"","featured_img":false,"series_order":"","_links":{"self":[{"href":"https:\/\/congresos.unlp.edu.ar\/jornadasdeambiente2026\/wp-json\/wp\/v2\/pages\/262","targetHints":{"allow":["GET"]}}],"collection":[{"href":"https:\/\/congresos.unlp.edu.ar\/jornadasdeambiente2026\/wp-json\/wp\/v2\/pages"}],"about":[{"href":"https:\/\/congresos.unlp.edu.ar\/jornadasdeambiente2026\/wp-json\/wp\/v2\/types\/page"}],"author":[{"embeddable":true,"href":"https:\/\/congresos.unlp.edu.ar\/jornadasdeambiente2026\/wp-json\/wp\/v2\/users\/270"}],"replies":[{"embeddable":true,"href":"https:\/\/congresos.unlp.edu.ar\/jornadasdeambiente2026\/wp-json\/wp\/v2\/comments?post=262"}],"version-history":[{"count":0,"href":"https:\/\/congresos.unlp.edu.ar\/jornadasdeambiente2026\/wp-json\/wp\/v2\/pages\/262\/revisions"}],"wp:attachment":[{"href":"https:\/\/congresos.unlp.edu.ar\/jornadasdeambiente2026\/wp-json\/wp\/v2\/media?parent=262"}],"curies":[{"name":"wp","href":"https:\/\/api.w.org\/{rel}","templated":true}]}}