{"id":218,"date":"2026-04-08T12:51:02","date_gmt":"2026-04-08T15:51:02","guid":{"rendered":"https:\/\/congresos.unlp.edu.ar\/jornadasdeambiente2026\/?page_id=218"},"modified":"2026-04-16T16:48:42","modified_gmt":"2026-04-16T19:48:42","slug":"comite-cientifico","status":"publish","type":"page","link":"https:\/\/congresos.unlp.edu.ar\/jornadasdeambiente2026\/comite-cientifico\/","title":{"rendered":"Comit\u00e9 Cient\u00edfico"},"content":{"rendered":"<div id=\"pl-218\"  class=\"panel-layout\" ><div id=\"pg-218-0\"  class=\"panel-grid panel-no-style\" ><div id=\"pgc-218-0-0\"  class=\"panel-grid-cell\" ><div id=\"panel-218-0-0-0\" class=\"so-panel widget widget_siteorigin-panels-builder panel-first-child panel-last-child\" data-index=\"0\" ><div class=\"panel-widget-style panel-widget-style-for-218-0-0-0\" ><div id=\"pl-w69e13d1a00ebb\"  class=\"panel-layout\" ><div id=\"pg-w69e13d1a00ebb-0\"  class=\"panel-grid panel-no-style\" ><div id=\"pgc-w69e13d1a00ebb-0-0\"  class=\"panel-grid-cell\" ><div id=\"panel-w69e13d1a00ebb-0-0-0\" class=\"so-panel widget widget_sow-editor panel-first-child panel-last-child\" data-index=\"0\" ><div class=\"panel-widget-style panel-widget-style-for-w69e13d1a00ebb-0-0-0\" ><div\n\t\t\t\n\t\t\tclass=\"so-widget-sow-editor so-widget-sow-editor-base\"\n\t\t\t\n\t\t>\n<div class=\"siteorigin-widget-tinymce textwidget\">\n\t<h1 style=\"text-align: center;font: verdana\"><span style=\"color: #ffffff\"><strong>Comit\u00e9 Cient\u00edfico<\/strong><\/span><\/h1>\n<\/div>\n<\/div><\/div><\/div><\/div><\/div><div id=\"pg-w69e13d1a00ebb-1\"  class=\"panel-grid panel-no-style\" ><div id=\"pgc-w69e13d1a00ebb-1-0\"  class=\"panel-grid-cell\" ><div id=\"panel-w69e13d1a00ebb-1-0-0\" class=\"so-panel widget widget_sow-editor panel-first-child\" data-index=\"1\" ><div class=\"panel-widget-style panel-widget-style-for-w69e13d1a00ebb-1-0-0\" ><div\n\t\t\t\n\t\t\tclass=\"so-widget-sow-editor so-widget-sow-editor-base\"\n\t\t\t\n\t\t>\n<div class=\"siteorigin-widget-tinymce textwidget\">\n\t<h1 style=\"text-align: center\"><strong><span style=\"color: #000000\">Coordinaci\u00f3n \u00a0<\/span><\/strong><\/h1>\n<\/div>\n<\/div><\/div><\/div><div id=\"panel-w69e13d1a00ebb-1-0-1\" class=\"so-panel widget widget_sow-editor panel-last-child\" data-index=\"2\" ><div class=\"panel-widget-style panel-widget-style-for-w69e13d1a00ebb-1-0-1\" ><div\n\t\t\t\n\t\t\tclass=\"so-widget-sow-editor so-widget-sow-editor-base\"\n\t\t\t\n\t\t>\n<div class=\"siteorigin-widget-tinymce textwidget\">\n\t<h2 style=\"text-align: center\"><span style=\"font-weight: 400;color: #ffffff\">Jorge L\u00f3pez (UNLP) \u2013 Fernando Garc\u00eda Einschlag (UNLP)<\/span><\/h2>\n<\/div>\n<\/div><\/div><\/div><\/div><\/div><div id=\"pg-w69e13d1a00ebb-2\"  class=\"panel-grid panel-no-style\" ><div id=\"pgc-w69e13d1a00ebb-2-0\"  class=\"panel-grid-cell\" ><div id=\"panel-w69e13d1a00ebb-2-0-0\" class=\"so-panel widget widget_sow-editor panel-first-child panel-last-child\" data-index=\"3\" ><div class=\"panel-widget-style panel-widget-style-for-w69e13d1a00ebb-2-0-0\" ><div\n\t\t\t\n\t\t\tclass=\"so-widget-sow-editor so-widget-sow-editor-base\"\n\t\t\t\n\t\t>\n<div class=\"siteorigin-widget-tinymce textwidget\">\n\t<h1 style=\"text-align: center\"><span style=\"color: #333333\"><strong>Integrantes<\/strong><\/span><\/h1>\n<\/div>\n<\/div><\/div><\/div><\/div><\/div><div id=\"pg-w69e13d1a00ebb-3\"  class=\"panel-grid panel-no-style\" ><div id=\"pgc-w69e13d1a00ebb-3-0\"  class=\"panel-grid-cell\" ><div id=\"panel-w69e13d1a00ebb-3-0-0\" class=\"so-panel widget widget_sow-editor panel-first-child panel-last-child\" data-index=\"4\" ><div class=\"panel-widget-style panel-widget-style-for-w69e13d1a00ebb-3-0-0\" ><div\n\t\t\t\n\t\t\tclass=\"so-widget-sow-editor so-widget-sow-editor-base\"\n\t\t\t\n\t\t>\n<div class=\"siteorigin-widget-tinymce textwidget\">\n\t<h1 style=\"text-align: center\"><span style=\"color: #ffffff\"><b>UNLP (Argentina)\u00a0<\/b><\/span><\/h1>\n<h2 style=\"text-align: center\"><span style=\"font-weight: 400;color: #ffffff\">Andr\u00e9s Peluso<br \/>\n<\/span><span style=\"font-weight: 400;color: #ffffff\">Dario Andrinolo<br \/>\n<\/span><span style=\"font-weight: 400;color: #ffffff\">Dario Colautti<br \/>\n<\/span><span style=\"font-weight: 400;color: #ffffff\">Guillermo Jelinsky<br \/>\n<\/span><span style=\"font-weight: 400;color: #ffffff\">Guillermo Piovano<br \/>\n<\/span><span style=\"font-weight: 400;color: #ffffff\">Gustavo San Juan<br \/>\n<\/span><span style=\"font-weight: 400;color: #ffffff\">Hernan Mugni<br \/>\n<\/span><span style=\"font-weight: 400;color: #ffffff\">Laura Teves<br \/>\n<\/span><span style=\"font-weight: 400;color: #ffffff\">Lorena Pasarin<br \/>\n<\/span><span style=\"font-weight: 400;color: #ffffff\">Marcela Schneider<br \/>\n<\/span><span style=\"font-weight: 400;color: #ffffff\">Mar\u00eda Julia Kristersen<br \/>\n<\/span><span style=\"font-weight: 400;color: #ffffff\">Marilina Fogel<br \/>\n<\/span><span style=\"font-weight: 400;color: #ffffff\">Marina Isla Larrain<br \/>\n<\/span><span style=\"font-weight: 400;color: #ffffff\">Nathalie I\u00f1igez Rimoldi<br \/>\n<\/span><span style=\"font-weight: 400;color: #ffffff\">Santiago Linarez<br \/>\n<\/span><span style=\"font-weight: 400;color: #ffffff\">Ver\u00f3nica Sosio<\/span><\/h2>\n<\/div>\n<\/div><\/div><\/div><\/div><div id=\"pgc-w69e13d1a00ebb-3-1\"  class=\"panel-grid-cell\" ><div id=\"panel-w69e13d1a00ebb-3-1-0\" class=\"so-panel widget widget_sow-editor panel-first-child panel-last-child\" data-index=\"5\" ><div class=\"panel-widget-style panel-widget-style-for-w69e13d1a00ebb-3-1-0\" ><div\n\t\t\t\n\t\t\tclass=\"so-widget-sow-editor so-widget-sow-editor-base\"\n\t\t\t\n\t\t>\n<div class=\"siteorigin-widget-tinymce textwidget\">\n\t<h1 style=\"text-align: center\"><span style=\"color: #ffffff\"><b>UNLa (Argentina)<br \/>\n<\/b><span style=\"font-weight: 400\">Sol Quiroga<\/span><\/span><\/h1>\n<h1 style=\"text-align: center\"><span style=\"color: #ffffff\"><b>UBA (Argentina)<br \/>\n<\/b><span style=\"font-weight: 400\">Adriana Diaz<\/span><\/span><\/h1>\n<h1 style=\"text-align: center\"><span style=\"color: #ffffff\"><b>Universidad Alberto Hurtado (Chile)<br \/>\n<\/b><span style=\"font-weight: 400\">Manuel Fidanza Diaz<\/span><\/span><\/h1>\n<h1 style=\"text-align: center\"><span style=\"color: #ffffff\"><b>UNICEN (Argentina)<br \/>\n<\/b><span style=\"font-weight: 400\">Luc\u00eda Nogar<br \/>\n<\/span><span style=\"font-weight: 400\">Marcela Guerrero<br \/>\n<\/span><span style=\"font-weight: 400\">Roxana Banda Noriega<br \/>\n<\/span><span style=\"font-weight: 400\">Guillermina Jacinto<br \/>\n<\/span><\/span><\/h1>\n<h1 style=\"text-align: center\"><span style=\"color: #ffffff\"><b>UNdeC (Argentina)<br \/>\n<\/b><span style=\"font-weight: 400\">Cecilia Gareis<br \/>\n<\/span><\/span><\/h1>\n<h1 style=\"text-align: center\"><span style=\"color: #ffffff\"><b>INTA Catamarca (Argentina)<br \/>\n<\/b><span style=\"font-weight: 400\">Esteban Miguel<\/span><\/span><\/h1>\n<\/div>\n<\/div><\/div><\/div><\/div><\/div><\/div><\/div><\/div><\/div><\/div><\/div>","protected":false},"excerpt":{"rendered":"<p>Comit\u00e9 Cient\u00edfico Coordinaci\u00f3n \u00a0 Jorge L\u00f3pez (UNLP) \u2013 Fernando Garc\u00eda Einschlag (UNLP) Integrantes UNLP (Argentina)\u00a0 Andr\u00e9s Peluso Dario Andrinolo Dario Colautti Guillermo Jelinsky Guillermo Piovano Gustavo San Juan Hernan Mugni Laura Teves Lorena Pasarin Marcela Schneider Mar\u00eda Julia Kristersen Marilina Fogel Marina Isla Larrain Nathalie I\u00f1igez Rimoldi Santiago Linarez Ver\u00f3nica Sosio UNLa (Argentina) Sol Quiroga [&hellip;]<\/p>\n","protected":false},"author":270,"featured_media":0,"parent":0,"menu_order":0,"comment_status":"closed","ping_status":"closed","template":"","meta":{"advgb_blocks_editor_width":"","advgb_blocks_columns_visual_guide":"","footnotes":""},"class_list":["post-218","page","type-page","status-publish","hentry","post"],"aioseo_notices":[],"coauthors":[],"author_meta":{"author_link":"https:\/\/congresos.unlp.edu.ar\/jornadasdeambiente2026\/author\/riosagustin\/","display_name":"riosagustin"},"relative_dates":{"created":"Posted 1 mes ago","modified":"Updated 1 mes ago"},"absolute_dates":{"created":"Posted on 8 abril, 2026","modified":"Updated on 16 abril, 2026"},"absolute_dates_time":{"created":"Posted on 8 abril, 2026 12:51 pm","modified":"Updated on 16 abril, 2026 4:48 pm"},"featured_img_caption":"","featured_img":false,"series_order":"","_links":{"self":[{"href":"https:\/\/congresos.unlp.edu.ar\/jornadasdeambiente2026\/wp-json\/wp\/v2\/pages\/218","targetHints":{"allow":["GET"]}}],"collection":[{"href":"https:\/\/congresos.unlp.edu.ar\/jornadasdeambiente2026\/wp-json\/wp\/v2\/pages"}],"about":[{"href":"https:\/\/congresos.unlp.edu.ar\/jornadasdeambiente2026\/wp-json\/wp\/v2\/types\/page"}],"author":[{"embeddable":true,"href":"https:\/\/congresos.unlp.edu.ar\/jornadasdeambiente2026\/wp-json\/wp\/v2\/users\/270"}],"replies":[{"embeddable":true,"href":"https:\/\/congresos.unlp.edu.ar\/jornadasdeambiente2026\/wp-json\/wp\/v2\/comments?post=218"}],"version-history":[{"count":0,"href":"https:\/\/congresos.unlp.edu.ar\/jornadasdeambiente2026\/wp-json\/wp\/v2\/pages\/218\/revisions"}],"wp:attachment":[{"href":"https:\/\/congresos.unlp.edu.ar\/jornadasdeambiente2026\/wp-json\/wp\/v2\/media?parent=218"}],"curies":[{"name":"wp","href":"https:\/\/api.w.org\/{rel}","templated":true}]}}