{"id":95,"date":"2023-09-26T17:29:40","date_gmt":"2023-09-26T20:29:40","guid":{"rendered":"https:\/\/congresos.unlp.edu.ar\/jornadas-icj2023\/?page_id=95"},"modified":"2023-09-29T10:35:16","modified_gmt":"2023-09-29T13:35:16","slug":"mesa-6","status":"publish","type":"page","link":"https:\/\/congresos.unlp.edu.ar\/jornadas-icj2023\/mesas-de-trabajo\/mesa-6\/","title":{"rendered":"Mesa 6"},"content":{"rendered":"<p><b>Cambio clim\u00e1tico y Derechos Humanos: Desaf\u00edos del desarrollo en el marco regional y local<\/b><\/p>\n<p><span style=\"font-weight: 400\">Susana Tabieres (ICJ-FCJyS-UNLP)<\/span><\/p>\n<p><span style=\"font-weight: 400\">Camila Wanda Landeyro (ICJ-FCJyS-UNLP)<\/span><\/p>\n<p><span style=\"font-weight: 400\"><strong>Contacto<\/strong>: <\/span><a href=\"mailto:com6jornadasicj@gmail.com\"><span style=\"font-weight: 400\">com6jornadasicj@gmail.com<\/span><\/a><b>\u00a0<\/b><\/p>\n<p><span style=\"font-weight: 400\">Coordinadoras:\u00a0<\/span><\/p>\n<p><span style=\"font-weight: 400\">Camila Wanda Landeyro (Becaria de Investigaci\u00f3n, Docente Ads. en Econom\u00eda Pol\u00edtica FCJS-UNLP-ICJ)<\/span><\/p>\n<p><span style=\"font-weight: 400\">Susana Tabieres Docente Titular de Econom\u00eda Pol\u00edtica C\u00e1t. 2 FCJS-UNLP, Directora del Proyecto de Investigaci\u00f3n\u00a0 SIGLO XXI. DESAFIOS DEL DESARROLLO, EN EL MARCO REGIONAL Y LOCAL. ASPECTOS JURIDICOS Y ECONOMICOS. (2023-2024)\u00a0<\/span><\/p>\n<p><span style=\"font-weight: 400\">El fen\u00f3meno del cambio clim\u00e1tico emerge como uno de los desaf\u00edos m\u00e1s importantes que afronta el mundo. Sus efectos son diversos e impactan en todos los aspectos de la vida a nivel econ\u00f3mico, social, pol\u00edtico, jur\u00eddico y ambiental. Aunque desde finales del siglo XX se vienen celebrando compromisos internacionales sobre esta materia, son pocos los avances alcanzados. Diferentes contribuciones realizadas por investigadores, revelan el escaso cumplimiento\u00a0 por parte de algunos estados en aplicar medidas de mitigaci\u00f3n y prevenci\u00f3n de sus efectos (Barros y Camilloni, 2016; Fazio, 2018). Especialmente, este desinter\u00e9s se manifiesta en los pa\u00edses que m\u00e1s contribuyen a los gases de efecto invernadero, como es el caso de\u00a0 China, Estados Unidos, Rusia, Brasil.\u00a0\u00a0<\/span><\/p>\n<p><span style=\"font-weight: 400\">Aunque los efectos del cambio clim\u00e1tico son devastadores, el Grupo Intergubernamental de Expertos sobre el Cambio Clim\u00e1tico (IPCC) -principal organismo cient\u00edfico mundial que eval\u00faa este fen\u00f3meno- advirti\u00f3 que es necesario &#8211; para evitar el colapso ambiental- que los Estados -a nivel individual y en bloques regionales- elaboren y apliquen pol\u00edticas para mitigar y\/o reducir los efectos de este fen\u00f3meno. Para ello se requiere que los actores gubernamentales atiendan integralmente los problemas que derivan del Cambio Clim\u00e1tico. Especialmente teniendo en cuenta, que las cat\u00e1strofes clim\u00e1ticas-ambientales agravan los problemas estructurales que sufren los Estados (Bueso Izquierdo, 2022).<\/span><\/p>\n<p><span style=\"font-weight: 400\">Por consiguiente, las medidas a desarrollar por parte de los Estados deben orientarse a aplicar reformas fiscales, jur\u00eddicas, productivas, ambientales, sociales, migratorias, etc. Para poder asumir este compromiso se requiere que el fen\u00f3meno clim\u00e1tico, sea abordado integralmente por las diferentes ramas del conocimiento cient\u00edfico.<\/span><\/p>\n<p><span style=\"font-weight: 400\">En base a esto, la mesa sobre <\/span><b><i>Cambio clim\u00e1tico y derechos humanos: Desaf\u00edos del desarrollo en el marco regional y local, <\/i><\/b><span style=\"font-weight: 400\">tiene por objetivo convocar a diferentes investigadores que se encuentren trabajando sobre el impacto social, econ\u00f3mico y\u00a0 jur\u00eddico del Cambio clim\u00e1tico en la regi\u00f3n. Por eso, se espera que las contribuciones que se remitan\u00a0 aborden desde un enfoque cr\u00edtico e interseccional, el impacto derivado de la crisis clim\u00e1tica a nivel regional o local.\u00a0 Adem\u00e1s, consideramos importante que los trabajos no se circunscriban a realizar\u00a0 una mera descripci\u00f3n del problema de investigaci\u00f3n, sino que en las conclusiones que elaboren, puedan se\u00f1alar los cambios que deben implementar los Estados en sus agendas pol\u00edticas.<\/span><\/p>\n","protected":false},"excerpt":{"rendered":"<p>Cambio clim\u00e1tico y Derechos Humanos: Desaf\u00edos del desarrollo en el marco regional y local Susana Tabieres (ICJ-FCJyS-UNLP) Camila Wanda Landeyro (ICJ-FCJyS-UNLP) Contacto: com6jornadasicj@gmail.com\u00a0 Coordinadoras:\u00a0 Camila Wanda Landeyro (Becaria de Investigaci\u00f3n, Docente Ads. en Econom\u00eda Pol\u00edtica FCJS-UNLP-ICJ) Susana Tabieres Docente Titular de Econom\u00eda Pol\u00edtica C\u00e1t. 2 FCJS-UNLP, Directora del Proyecto de Investigaci\u00f3n\u00a0 SIGLO XXI. DESAFIOS DEL [&hellip;]<\/p>\n","protected":false},"author":24,"featured_media":0,"parent":6,"menu_order":0,"comment_status":"closed","ping_status":"closed","template":"","meta":{"advgb_blocks_editor_width":"","advgb_blocks_columns_visual_guide":"","footnotes":""},"class_list":["post-95","page","type-page","status-publish","hentry","post"],"aioseo_notices":[],"coauthors":[],"author_meta":{"author_link":"https:\/\/congresos.unlp.edu.ar\/jornadas-icj2023\/author\/batista-alejandro\/","display_name":"batista.alejandro"},"relative_dates":{"created":"Posted 3 a\u00f1os ago","modified":"Updated 3 a\u00f1os ago"},"absolute_dates":{"created":"Posted on 26 septiembre, 2023","modified":"Updated on 29 septiembre, 2023"},"absolute_dates_time":{"created":"Posted on 26 septiembre, 2023 5:29 pm","modified":"Updated on 29 septiembre, 2023 10:35 am"},"featured_img_caption":"","featured_img":false,"series_order":"","_links":{"self":[{"href":"https:\/\/congresos.unlp.edu.ar\/jornadas-icj2023\/wp-json\/wp\/v2\/pages\/95","targetHints":{"allow":["GET"]}}],"collection":[{"href":"https:\/\/congresos.unlp.edu.ar\/jornadas-icj2023\/wp-json\/wp\/v2\/pages"}],"about":[{"href":"https:\/\/congresos.unlp.edu.ar\/jornadas-icj2023\/wp-json\/wp\/v2\/types\/page"}],"author":[{"embeddable":true,"href":"https:\/\/congresos.unlp.edu.ar\/jornadas-icj2023\/wp-json\/wp\/v2\/users\/24"}],"replies":[{"embeddable":true,"href":"https:\/\/congresos.unlp.edu.ar\/jornadas-icj2023\/wp-json\/wp\/v2\/comments?post=95"}],"version-history":[{"count":0,"href":"https:\/\/congresos.unlp.edu.ar\/jornadas-icj2023\/wp-json\/wp\/v2\/pages\/95\/revisions"}],"up":[{"embeddable":true,"href":"https:\/\/congresos.unlp.edu.ar\/jornadas-icj2023\/wp-json\/wp\/v2\/pages\/6"}],"wp:attachment":[{"href":"https:\/\/congresos.unlp.edu.ar\/jornadas-icj2023\/wp-json\/wp\/v2\/media?parent=95"}],"curies":[{"name":"wp","href":"https:\/\/api.w.org\/{rel}","templated":true}]}}