{"id":91,"date":"2023-09-26T17:26:01","date_gmt":"2023-09-26T20:26:01","guid":{"rendered":"https:\/\/congresos.unlp.edu.ar\/jornadas-icj2023\/?page_id=91"},"modified":"2023-10-04T11:06:21","modified_gmt":"2023-10-04T14:06:21","slug":"mesa-3","status":"publish","type":"page","link":"https:\/\/congresos.unlp.edu.ar\/jornadas-icj2023\/mesas-de-trabajo\/mesa-3\/","title":{"rendered":"Mesa 3"},"content":{"rendered":"<p><b>Violencias, Mujeres, G\u00e9nero y Salud Mental<\/b><\/p>\n<p><span style=\"font-weight: 400\">Abog. Susana Cisneros (\u00c1rea de g\u00e9nero y violencias ICJ- FCJyS-UNLP)<\/span><\/p>\n<p><span style=\"font-weight: 400\">Mg. H. Gabriela Galletti (\u00c1rea de g\u00e9nero y violencias ICJ-FCJyS-UNLP)<\/span><\/p>\n<p><span style=\"font-weight: 400\"><strong>Contacto<\/strong>: <\/span><a href=\"mailto:com3jornadasicj@gmail.com\"><span style=\"font-weight: 400\">com3jornadasicj@gmail.com<\/span><\/a><\/p>\n<p>&nbsp;<\/p>\n<p><strong>Colaboradores:<\/strong><\/p>\n<p><span style=\"font-weight: 400\">Ailen Diielsi (\u00c1rea de g\u00e9nero y violencias ICJ-FCJyS-UNLP)\u00a0<\/span><span style=\"font-weight: 400\">\u00a0<\/span><a href=\"mailto:ailen.diielsi@gmail.com\"><span style=\"font-weight: 400\">ailen.diielsi@gmail.com<\/span><\/a><span style=\"font-weight: 400\">\u00a0<\/span><\/p>\n<p><span style=\"font-weight: 400\">Justo Arias\u00a0 ( Estudiante, FCJyS-UNLP)\u00a0<\/span><a href=\"mailto:Justoarias18@gmail.com\"><span style=\"font-weight: 400\">Justoarias18@gmail.com<\/span><\/a><span style=\"font-weight: 400\">\u00a0<\/span><\/p>\n<p><span style=\"font-weight: 400\">Octavio Arias\u00a0 ( Estudiante, FCJyS-UNLP)\u00a0<\/span><a href=\"mailto:Octiarias2003@gmail.com\"><span style=\"font-weight: 400\">Octiarias2003@gmail.com<\/span><\/a><\/p>\n<p>&nbsp;<\/p>\n<p><b>Nuestra propuesta: <\/b><span style=\"font-weight: 400\">Las violencias por motivos de g\u00e9nero se han convertido hace tiempo en un asunto p\u00fablico que est\u00e1 en la agenda de los Estados como una cuesti\u00f3n de derechos humanos, sin embargo, a pesar de esta creciente visibilizaci\u00f3n del problema a\u00fan no se logra garantizar que los servicios del Poder Judicial que prestan servicio a mujeres v\u00edctimas\/sobrevivientes de violencias den las respuestas adecuadas, en tiempo y forma, y que garanticen recursos humanos, equipos interdisciplinarios y continuidad en los acompa\u00f1amientos para la atenci\u00f3n de esta problem\u00e1tica.<\/span><\/p>\n<p><span style=\"font-weight: 400\">Hablamos de mujeres (sin ignorar las violencias por motivos de g\u00e9nero que padecen las personas pertenecientes al colectivo LGBTIQ+) por tratarse del grupo estad\u00edsticamente m\u00e1s numeroso registrado en las estad\u00edsticas que sufren estas violencias.<\/span><\/p>\n<p><span style=\"font-weight: 400\">Hablamos de Salud, y de Salud mental en especial, ya que las mujeres que sufren o han estado expuestas a estas violencias, especialmente si ha sido durante un largo periodo de tiempo, pueden verse afectadas por numerosos s\u00edntomas que afectan su salud y su calidad de vida y tienen mayores problemas de salud tanto f\u00edsica como mental, identificando la OMS la violencia contra la mujer como la principal causa de problemas de salud mental (OMS, 2001)<\/span><\/p>\n<p><span style=\"font-weight: 400\">Uno de los factores que contribuyen a la vulnerabilidad de este colectivo es el estigma con el que a\u00fan deben luchar, etiquet\u00e1ndolas de problem\u00e1ticas, exageradas y en el peor de los casos causantes total o parcialmente del mal que padecen.<\/span><\/p>\n<p><span style=\"font-weight: 400\">El trastorno mental lleva impl\u00edcito un estigma de poca credibilidad que invalida en parte la propia voz e incluso ha sido usado para\u00a0 justificar las violencias.<\/span><\/p>\n<p><span style=\"font-weight: 400\">Pensamos con Alda Facio (1999), que, en el caso del derecho en tanto discurso androc\u00e9ntrico, se observa que las leyes en apariencia \u201cgen\u00e9ricas\u201d no son neutrales en t\u00e9rminos de g\u00e9nero, cuanto menos lo son cuando hablamos del entrecruzamiento entre el g\u00e9nero y el derecho en torno a los problemas de violencias y salud mental.<\/span><\/p>\n<p><span style=\"font-weight: 400\">Pensamos que el aporte de esta mesa de trabajo en el marco del Congreso contribuir\u00e1, desde una mirada interdisciplinaria y de g\u00e9nero, a incrementar el conocimiento de las pr\u00e1cticas y de las estrategias desplegadas por actores\/as jur\u00eddicos\/as en la disputa por \u201cdecir el derecho\u201d (Bourdieu, 2000) en relaci\u00f3n a este tema de candente actualidad sobre el que hay mucho que decir, escribir, pensar y hacer.<\/span><\/p>\n<p><span style=\"font-weight: 400\">\u00a0Te convocamos a conversar sobre:<\/span><\/p>\n<ul>\n<li><span style=\"font-weight: 400\"> \u00a0 \u00a0 \u00a0 <\/span><span style=\"font-weight: 400\">Las relaciones rec\u00edprocas entre teor\u00eda y pr\u00e1ctica jur\u00eddica a partir de detectar la eventual influencia de la pr\u00e1ctica en la teor\u00eda y de la teor\u00eda sobre la pr\u00e1ctica en la atenci\u00f3n de las violencias por razones de g\u00e9nero.<\/span><\/li>\n<li><span style=\"font-weight: 400\"> \u00a0 \u00a0 \u00a0 <\/span><span style=\"font-weight: 400\">Determinar la influencia de la educaci\u00f3n jur\u00eddica formal en la teor\u00eda y en la pr\u00e1ctica.<\/span><\/li>\n<li><span style=\"font-weight: 400\"> \u00a0 \u00a0 \u00a0 <\/span><span style=\"font-weight: 400\">Describir las representaciones que poseen los operadores judiciales sobre este tema y observar la influencia que tienen en las pr\u00e1cticas jur\u00eddicas. Identificar c\u00f3mo inciden las pr\u00e1cticas jur\u00eddicas en la celeridad procesal.<\/span><\/li>\n<li><span style=\"font-weight: 400\"> \u00a0 \u00a0 \u00a0 <\/span><span style=\"font-weight: 400\">Exhumar el concepto de \u201cbuenas pr\u00e1cticas\u201d que poseen los\/as operadores\/as jur\u00eddicos\/as y la administraci\u00f3n de justicia.<\/span><\/li>\n<li><span style=\"font-weight: 400\"> \u00a0 \u00a0 \u00a0 <\/span><span style=\"font-weight: 400\">Indagar las caracter\u00edsticas de las pr\u00e1cticas interdisciplinarias y su relaci\u00f3n con la generaci\u00f3n de respuestas adecuadas\/inadecuadas a las demandas .<\/span><\/li>\n<li><span style=\"font-weight: 400\"> \u00a0 \u00a0 \u00a0 <\/span><span style=\"font-weight: 400\">Observar la incorporaci\u00f3n en el campo jur\u00eddico de las perspectivas de g\u00e9nero y la atenci\u00f3n de las violencias y la salud mental.<\/span><\/li>\n<li><span style=\"font-weight: 400\"> \u00a0 \u00a0 \u00a0 <\/span><span style=\"font-weight: 400\">Analizar la situaci\u00f3n de las mujeres con trastornos mentales que sufren violencia de g\u00e9nero y el marco legal.<\/span><\/li>\n<li><span style=\"font-weight: 400\"> \u00a0 \u00a0 \u00a0 <\/span><span style=\"font-weight: 400\">Analizar la actuaci\u00f3n de los distintos profesionales de los dispositivos espec\u00edficos ante una situaci\u00f3n de una mujer con trastorno mental grave y violencia de g\u00e9nero<\/span><\/li>\n<\/ul>\n<p><span style=\"font-weight: 400\">\u00a0Modalidad de trabajo:<\/span><\/p>\n<p><span style=\"font-weight: 400\">Las exposiciones ser\u00e1n de 15 minutos.<\/span><\/p>\n<p><span style=\"font-weight: 400\">Se recibir\u00e1n el t\u00edtulo del trabajo a presentar y una descripci\u00f3n de no m\u00e1s de 10 hojas. <\/span><\/p>\n","protected":false},"excerpt":{"rendered":"<p>Violencias, Mujeres, G\u00e9nero y Salud Mental Abog. Susana Cisneros (\u00c1rea de g\u00e9nero y violencias ICJ- FCJyS-UNLP) Mg. H. Gabriela Galletti (\u00c1rea de g\u00e9nero y violencias ICJ-FCJyS-UNLP) Contacto: com3jornadasicj@gmail.com &nbsp; Colaboradores: Ailen Diielsi (\u00c1rea de g\u00e9nero y violencias ICJ-FCJyS-UNLP)\u00a0\u00a0ailen.diielsi@gmail.com\u00a0 Justo Arias\u00a0 ( Estudiante, FCJyS-UNLP)\u00a0Justoarias18@gmail.com\u00a0 Octavio Arias\u00a0 ( Estudiante, FCJyS-UNLP)\u00a0Octiarias2003@gmail.com &nbsp; Nuestra propuesta: Las violencias por motivos [&hellip;]<\/p>\n","protected":false},"author":24,"featured_media":0,"parent":6,"menu_order":0,"comment_status":"closed","ping_status":"closed","template":"","meta":{"advgb_blocks_editor_width":"","advgb_blocks_columns_visual_guide":"","footnotes":""},"class_list":["post-91","page","type-page","status-publish","hentry","post"],"aioseo_notices":[],"coauthors":[],"author_meta":{"author_link":"https:\/\/congresos.unlp.edu.ar\/jornadas-icj2023\/author\/batista-alejandro\/","display_name":"batista.alejandro"},"relative_dates":{"created":"Posted 3 a\u00f1os ago","modified":"Updated 3 a\u00f1os ago"},"absolute_dates":{"created":"Posted on 26 septiembre, 2023","modified":"Updated on 4 octubre, 2023"},"absolute_dates_time":{"created":"Posted on 26 septiembre, 2023 5:26 pm","modified":"Updated on 4 octubre, 2023 11:06 am"},"featured_img_caption":"","featured_img":false,"series_order":"","_links":{"self":[{"href":"https:\/\/congresos.unlp.edu.ar\/jornadas-icj2023\/wp-json\/wp\/v2\/pages\/91","targetHints":{"allow":["GET"]}}],"collection":[{"href":"https:\/\/congresos.unlp.edu.ar\/jornadas-icj2023\/wp-json\/wp\/v2\/pages"}],"about":[{"href":"https:\/\/congresos.unlp.edu.ar\/jornadas-icj2023\/wp-json\/wp\/v2\/types\/page"}],"author":[{"embeddable":true,"href":"https:\/\/congresos.unlp.edu.ar\/jornadas-icj2023\/wp-json\/wp\/v2\/users\/24"}],"replies":[{"embeddable":true,"href":"https:\/\/congresos.unlp.edu.ar\/jornadas-icj2023\/wp-json\/wp\/v2\/comments?post=91"}],"version-history":[{"count":0,"href":"https:\/\/congresos.unlp.edu.ar\/jornadas-icj2023\/wp-json\/wp\/v2\/pages\/91\/revisions"}],"up":[{"embeddable":true,"href":"https:\/\/congresos.unlp.edu.ar\/jornadas-icj2023\/wp-json\/wp\/v2\/pages\/6"}],"wp:attachment":[{"href":"https:\/\/congresos.unlp.edu.ar\/jornadas-icj2023\/wp-json\/wp\/v2\/media?parent=91"}],"curies":[{"name":"wp","href":"https:\/\/api.w.org\/{rel}","templated":true}]}}