{"id":9,"date":"2023-09-19T20:04:15","date_gmt":"2023-09-19T23:04:15","guid":{"rendered":"https:\/\/congresos.unlp.edu.ar\/jornadas-icj2023\/?page_id=9"},"modified":"2023-10-12T10:01:50","modified_gmt":"2023-10-12T13:01:50","slug":"circulares","status":"publish","type":"page","link":"https:\/\/congresos.unlp.edu.ar\/jornadas-icj2023\/circulares\/","title":{"rendered":"Circulares"},"content":{"rendered":"<p><b><img loading=\"lazy\" decoding=\"async\" class=\"alignnone size-full wp-image-169\" src=\"http:\/\/congresos.unlp.edu.ar\/jornadas-icj2023\/wp-content\/uploads\/sites\/78\/2023\/10\/icj-banner.jpg\" alt=\"\" width=\"567\" height=\"187\" srcset=\"https:\/\/congresos.unlp.edu.ar\/jornadas-icj2023\/wp-content\/uploads\/sites\/78\/2023\/10\/icj-banner.jpg 567w, https:\/\/congresos.unlp.edu.ar\/jornadas-icj2023\/wp-content\/uploads\/sites\/78\/2023\/10\/icj-banner-300x99.jpg 300w\" sizes=\"auto, (max-width: 567px) 100vw, 567px\" \/><\/b><\/p>\n<p><b>Convocatoria a presentar Comunicaciones<\/b><\/p>\n<p><span style=\"font-weight: 400\">El <\/span><a href=\"https:\/\/icj.jursoc.unlp.edu.ar\/\"><b>Instituto de Cultura Jur\u00eddica<\/b><\/a><span style=\"font-weight: 400\"> invita a participar de las \u201c<\/span><a href=\"https:\/\/congresos.unlp.edu.ar\/jornadas-icj2023\/\"><b>IV Jornadas Nacionales del Instituto de Cultura Jur\u00eddica: Mujeres, diversidades, pol\u00edticas p\u00fablicas, acceso a la justicia y salud mental<\/b><\/a><b>\u201d <\/b><span style=\"font-weight: 400\">a realizarse los d\u00edas 9 y 10 de noviembre de 2023 en la Facultad de Ciencias Jur\u00eddicas y Sociales, el\u00a0<\/span><b>Centro de Posgrado de la Universidad Nacional de La Plata<\/b><span style=\"font-weight: 400\">\u00a0\u201c<\/span><b>Sergio Karakachoff<\/b><span style=\"font-weight: 400\">\u201d y <\/span><b>el Colegio de la Abogac\u00eda La Plata<\/b><span style=\"font-weight: 400\">, Ciudad de La Plata, Argentina.<\/span><\/p>\n<p><span style=\"font-weight: 400\">Las mismas han concursado y obtenido el subsidio para reuniones cient\u00edficas otorgado por la Universidad Nacional de La Plata para hacer posible su realizaci\u00f3n (Res. 130\/2023 UNLP).<\/span><\/p>\n<p><span style=\"font-weight: 400\">Convocamos a todxs aquellxs interesadxs en aportar sus diversas perspectivas en torno a las m\u00faltiples tem\u00e1ticas que atraviesan las Jornadas y sus mesas de trabajo.<\/span><\/p>\n<p><b>Mesas de Trabajo<\/b><\/p>\n<p><strong>Mesa 1:<\/strong><span style=\"font-weight: 400\"><strong> Pol\u00edticas P\u00fablicas y Derechos Humanos.<\/strong>\u00a0M. Yasmin Aguirre, Mauro Cristeche, Francisco V\u00e9rtiz (ICJ-UNLP).<\/span><\/p>\n<p><strong>Mesa 2:<\/strong><span style=\"font-weight: 400\"><strong> Problemas sociales, traducciones judiciales y selectividades penales.<\/strong> Natalia Mayer, Josefina Napal y Ezequiel Kostenwein (ICJ-UNLP).<\/span><\/p>\n<p><strong>Mesa 3:<\/strong><span style=\"font-weight: 400\"><strong> Violencias, Mujeres, G\u00e9nero y Salud Mental<\/strong>. Hilda Gabriela Galletti (ICJ-FCJS-UNLP), Susana Mariel Cisneros (ICJ-FCJS-UNLP).<\/span><\/p>\n<p><strong>Mesa 4:<\/strong><span style=\"font-weight: 400\"><strong> Corporalidades, territorios y ecofeminismos.<\/strong> Marina Lanfranco (ICJ-UNLP), Abril Quintana Thea (ICJ-UNLP), Eugenia P\u00e9rez Cubero (CIIVEA- FCEJS-UNSL).\u00a0<\/span><\/p>\n<p><strong>Mesa 5:<\/strong><span style=\"font-weight: 400\"><strong>\u00a0 Territorios socio-productivos, problem\u00e1ticas ambientales y pol\u00edticas agrarias en la producci\u00f3n de alimentos.<\/strong>\u00a0Edgardo Gonzalez (JURSOC-UNLP, INTA), Sof\u00eda Hang (JURSOC-UNLP, CONICET, INTA), Marisa Miranda (\u00c1rea de Estudios Culturales de la Ciencia-ICJ, CONICET).<\/span><\/p>\n<p><strong>Mesa 6:<\/strong><span style=\"font-weight: 400\"><strong> Cambio clim\u00e1tico y Derechos Humanos: Desaf\u00edos del desarrollo en el marco regional y local.<\/strong>\u00a0Maria Susana Tabieres (FCJyS-UNLP),\u00a0 Camila Wanda Landeyro ( FCJyS-UNLP).<\/span><\/p>\n<p><strong>Mesa 7:<\/strong><span style=\"font-weight: 400\"><strong> \u00a0 Medios apropiados de resoluci\u00f3n de conflictos a 40 a\u00f1os del regreso de la democracia.<\/strong>\u00a0Analia Consolo, FCJyS- UNLP.<\/span><\/p>\n<p><strong>Mesa 8:<\/strong><span style=\"font-weight: 400\"><strong>\u00a0 Derecho a la cultura y al desarrollo: intersecciones y rol de la mujer.<\/strong> \u00a0Liliana Zendri (FCJyS-UNLP)\u00a0 y Diego M. Dousdebes (FCJyS-UNLP).<\/span><\/p>\n<p><strong>Mesa 9:<\/strong><span style=\"font-weight: 400\"><strong> Intersecciones e Imbricaciones entre derecho y arte.<\/strong> Nancy Cardinaux (UBA- UNLP- CONICET) y Erika Bauger (UNLP).<\/span><\/p>\n<p><strong>Mesa 10:<\/strong><span style=\"font-weight: 400\"><strong> Ense\u00f1anza del derecho con perspectiva de g\u00e9nero y diversidad sexual. Estrategias, experiencias y desaf\u00edos<\/strong>. Karina A. Andriola (ICJ-UNLP) y Julieta E. Cano (ICJ-FCJYS-UNLP-IUPFA).<\/span><\/p>\n<p><strong>Mesa 11:<\/strong><span style=\"font-weight: 400\"><strong> \u00bfC\u00f3mo investigamos las pr\u00e1cticas? De posicionamientos epistemol\u00f3gicos, te\u00f3ricos y metodol\u00f3gicos.<\/strong> Cristian Furfaro (ICJ-UNLP, CONICET).<\/span><\/p>\n<p><strong>Mesa 12:<\/strong><span style=\"font-weight: 400\"><strong> Di\u00e1logos sobre filosof\u00eda jur\u00eddica en el siglo XXI.<\/strong> Mar\u00eda Laura Delucchi ( FCJyS-UNLP).<\/span><\/p>\n<p><strong>Mesa 13<\/strong><span style=\"font-weight: 400\"><strong>: Propiedad: entre la codificaci\u00f3n y el comunalismo. Alternativas desde la agroecolog\u00eda.<\/strong> Ricardo Cesar Andreu\u00a0 Eliseo Riccobene &#8211; Felipe Andres Ruiz Dienemann (ICJ-UNLP)<\/span><\/p>\n<p><strong>Mesa 14:<\/strong><span style=\"font-weight: 400\"><strong> Derecho y Tecnolog\u00eda \u201cNuestra informaci\u00f3n entre las normas, las pr\u00e1cticas y los \u201cServicios\u201d.<\/strong> Ernesto Liceda, Jos\u00e9 Mar\u00eda Lezcano (GECSI-UNLP)<\/span><\/p>\n<p><strong>15) Encuentro de becaries:<\/strong><span style=\"font-weight: 400\"> Yasmin Aguirre (CONICET, ICJ\/UNLP), Camila Landeyro (ICJ\/UNLP) y Abril Quintana Thea (ICJ\/UNLP).<\/span><\/p>\n<p><b>Pautas para la presentaci\u00f3n de comunicaciones:<\/b><\/p>\n<ol>\n<li><span style=\"font-weight: 400\">a) T\u00edtulo, autorxs, direcci\u00f3n de contacto y referencia institucional<\/span><\/li>\n<li><span style=\"font-weight: 400\">b) Un <\/span><b>m\u00e1ximo de 3 autorxs por comunicaci\u00f3n<\/b><span style=\"font-weight: 400\">, un m\u00e1ximo de 2 comunicaciones por autor\/xs.<\/span><\/li>\n<li><span style=\"font-weight: 400\">c) Breve resumen (150 palabras m\u00e1ximo).<\/span><\/li>\n<li><span style=\"font-weight: 400\">d) Introducci\u00f3n (que plantee alg\u00fan\/os objetivo\/s de la propuesta, marco te\u00f3rico desde el cual se plantea, justificaci\u00f3n y\/o problema a considerar, metodolog\u00eda).<\/span><\/li>\n<li><span style=\"font-weight: 400\">e) Desarrollo de los planteos fundamentales del trabajo, en clara l\u00ednea tem\u00e1tica a la mesa de trabajo escogida.<\/span><\/li>\n<li><span style=\"font-weight: 400\">f) Conclusiones o reflexiones finales.<\/span><\/li>\n<li><span style=\"font-weight: 400\">g) Bibliograf\u00eda (s\u00f3lo la citada en el texto).<\/span><\/li>\n<li><span style=\"font-weight: 400\">h) Car\u00e1cter de participaci\u00f3n: indicar si los autores son estudiantes de grado, graduadxs o docentes\/investigadores.<\/span><\/li>\n<\/ol>\n<p><b>Pautas formales de escritura:<\/b><\/p>\n<ul>\n<li style=\"font-weight: 400\"><span style=\"font-weight: 400\">Hoja: tama\u00f1o A4.<\/span><\/li>\n<li style=\"font-weight: 400\"><span style=\"font-weight: 400\">Letra: Arial, Tama\u00f1o 12, Interlineado 1,5.<\/span><\/li>\n<li style=\"font-weight: 400\"><span style=\"font-weight: 400\">M\u00e1rgenes de 3 cm, texto justificado.<\/span><\/li>\n<li style=\"font-weight: 400\"><span style=\"font-weight: 400\">T\u00edtulo: todo en letra may\u00fascula y centrado, con el apellido de lxs autorxs inmediatamente debajo y a la derecha.<\/span><\/li>\n<li style=\"font-weight: 400\"><span style=\"font-weight: 400\">En notas al pie consignar la direcci\u00f3n de contacto y referencia institucional.<\/span><\/li>\n<li style=\"font-weight: 400\"><span style=\"font-weight: 400\">Extensi\u00f3n: m\u00e1ximo 10 carillas con la bibliograf\u00eda incluida (no se aceptar\u00e1n trabajos m\u00e1s extensos).<\/span><\/li>\n<\/ul>\n<p><span style=\"font-weight: 400\">Acompa\u00f1ar hoja de <\/span><b>cesi\u00f3n de derechos<\/b><span style=\"font-weight: 400\"> para su eventual publicaci\u00f3n en libro de ponencias o sitio web de las Jornadas (de ser aceptada para su publicaci\u00f3n por les coordinadores de la mesa a la que ha sido enviada).<\/span><\/p>\n<p><span style=\"font-weight: 400\">Para ser aceptadas, las comunicaciones deber\u00e1n enviarse en un archivo<\/span><b> formato Word <\/b><span style=\"font-weight: 400\">nombrado del siguiente modo:\u00a0<\/span><i><span style=\"font-weight: 400\">Eje N\u00b0_. Apellido de autorxs<\/span><\/i><span style=\"font-weight: 400\">, a trav\u00e9s del <\/span><b>Formulario <\/b><span style=\"font-weight: 400\">disponible a tales efectos en el sitio de la Jornadas: <\/span><a href=\"https:\/\/congresos.unlp.edu.ar\/jornadas-icj2023\/formulario-de-envio\/\"><span style=\"font-weight: 400\">https:\/\/congresos.unlp.edu.ar\/jornadas-icj2023\/formulario-de-envio\/<\/span><\/a><span style=\"font-weight: 400\">\u00a0<\/span><\/p>\n<ul>\n<li style=\"font-weight: 400\"><span style=\"font-weight: 400\">Descargar pautas formales <\/span><a href=\"https:\/\/congresos.unlp.edu.ar\/jornadas-icj2023\/pautas\/\"><span style=\"font-weight: 400\">aqu\u00ed<\/span><\/a><\/li>\n<li style=\"font-weight: 400\"><span style=\"font-weight: 400\">Descargar plantilla de cesi\u00f3n de derechos <\/span><a href=\"https:\/\/docs.google.com\/document\/d\/1j873DSgxfo-FxNU0CmpZE2X4YnoTGDndsM3FW6o2DrQ\/edit?usp=drive_link\"><span style=\"font-weight: 400\">aqu\u00ed<\/span><\/a><\/li>\n<li style=\"font-weight: 400\"><span style=\"font-weight: 400\">Descargar Modelo preconfigurado en Word para las Comunicaciones <\/span><a href=\"https:\/\/docs.google.com\/document\/d\/1gQjEkaeEb61dZkSB1oJFWKldhrmw9lQu-UV_JwHkpxM\/edit?usp=sharing\"><span style=\"font-weight: 400\">aqu\u00ed<\/span><\/a><\/li>\n<\/ul>\n<p><b>Consultas: <\/b><span style=\"font-weight: 400\">Para cualquier consulta previa a continuaci\u00f3n se informan los correos de contacto de cada Mesa.<\/span><\/p>\n<p><strong>Mesa 1<\/strong><span style=\"font-weight: 400\"><strong>:<\/strong> Pol\u00edticas P\u00fablicas y Derechos Humanos <\/span><a href=\"mailto:com1jornadasicj@gmail.com\"><span style=\"font-weight: 400\">com1jornadasicj@gmail.com<\/span><\/a><span style=\"font-weight: 400\">\u00a0<\/span><\/p>\n<p><strong>Mesa 2:<\/strong><span style=\"font-weight: 400\"> Problemas sociales, traducciones judiciales y selectividades penales <\/span><a href=\"mailto:com2jornadasicj@gmail.com\"><span style=\"font-weight: 400\">com2jornadasicj@gmail.com<\/span><\/a><span style=\"font-weight: 400\">\u00a0<\/span><\/p>\n<p><strong>Mesa 3:<\/strong><span style=\"font-weight: 400\"> Violencias, Mujeres, G\u00e9nero y Salud Mental <\/span><a href=\"mailto:com3jornadasicj@gmail.com\"><span style=\"font-weight: 400\">com3jornadasicj@gmail.com<\/span><\/a><span style=\"font-weight: 400\">\u00a0<\/span><\/p>\n<p><strong>Mesa 4:<\/strong><span style=\"font-weight: 400\"> Corporalidades, territorios y ecofeminismos <\/span><a href=\"mailto:com4jornadasicj@gmail.com\"><span style=\"font-weight: 400\">com4jornadasicj@gmail.com<\/span><\/a><span style=\"font-weight: 400\">\u00a0<\/span><\/p>\n<p><strong>Mesa 5:<\/strong><span style=\"font-weight: 400\"> Territorios socio-productivos, problem\u00e1ticas ambientales y pol\u00edticas agrarias en la producci\u00f3n de alimentos <\/span><a href=\"mailto:com5jornadasicj@gmail.com\"><span style=\"font-weight: 400\">com5jornadasicj@gmail.com<\/span><\/a><span style=\"font-weight: 400\">\u00a0<\/span><\/p>\n<p><strong>Mesa 6:<\/strong><span style=\"font-weight: 400\"> Cambio clim\u00e1tico y Derechos Humanos: Desaf\u00edos del desarrollo en el marco regional y local <\/span><a href=\"mailto:com6jornadasicj@gmail.com\"><span style=\"font-weight: 400\">com6jornadasicj@gmail.com<\/span><\/a><span style=\"font-weight: 400\">\u00a0<\/span><\/p>\n<p><strong>Mesa 7:<\/strong><span style=\"font-weight: 400\"> Medios alternativos de resoluci\u00f3n de conflictos a 40 a\u00f1os del regreso de la democracia <\/span><a href=\"mailto:mesa7jornadasicj@gmail.com\"><span style=\"font-weight: 400\">mesa7jornadasicj@gmail.com<\/span><\/a><span style=\"font-weight: 400\">\u00a0<\/span><\/p>\n<p><strong>Mesa 8<\/strong><span style=\"font-weight: 400\"><strong>:<\/strong>\u00a0 Derecho a la cultura y al desarrollo: intersecciones y el rol de la mujer. <\/span><a href=\"mailto:com8jornadasicj@gmail.com\"><span style=\"font-weight: 400\">com8jornadasicj@gmail.com<\/span><\/a><span style=\"font-weight: 400\">\u00a0<\/span><\/p>\n<p><strong>Mesa 9<\/strong><span style=\"font-weight: 400\"><strong>:<\/strong> Intersecciones e Imbricaciones entre derecho y arte <\/span><a href=\"mailto:com9jornadasicj@gmail.com\"><span style=\"font-weight: 400\">com9jornadasicj@gmail.com<\/span><\/a><span style=\"font-weight: 400\">\u00a0<\/span><\/p>\n<p><strong>Mesa 10<\/strong><span style=\"font-weight: 400\"><strong>:<\/strong> Ense\u00f1anza del derecho con perspectiva de g\u00e9nero y diversidad sexual. Estrategias, experiencias y desaf\u00edos. <\/span><a href=\"mailto:Com10jornadasICJ@gmail.com\"><span style=\"font-weight: 400\">Com10jornadasICJ@gmail.com<\/span><\/a><span style=\"font-weight: 400\">\u00a0<\/span><\/p>\n<p><strong>Mesa 11<\/strong><span style=\"font-weight: 400\"><strong>:<\/strong> \u00bfC\u00f3mo investigamos las pr\u00e1cticas? De posicionamientos epistemol\u00f3gicos, te\u00f3ricos y metodol\u00f3gicos <\/span><a href=\"mailto:com11jornadasicj@gmail.com\"><span style=\"font-weight: 400\">com11jornadasicj@gmail.com<\/span><\/a><span style=\"font-weight: 400\">\u00a0<\/span><\/p>\n<p><strong>Mesa 12<\/strong><span style=\"font-weight: 400\"><strong>:<\/strong> Di\u00e1logos sobre filosof\u00eda jur\u00eddica en el siglo XXI <\/span><a href=\"mailto:com12jornadasicj@gmail.com\"><span style=\"font-weight: 400\">com12jornadasicj@gmail.com<\/span><\/a><span style=\"font-weight: 400\">\u00a0<\/span><\/p>\n<p><strong>Mesa 13<\/strong><span style=\"font-weight: 400\"><strong>:<\/strong> Propiedad: entre la codificaci\u00f3n y el comunalismo. Alternativas desde la agroecolog\u00eda. <\/span><a href=\"mailto:com13jornadasicj@gmail.com\"><span style=\"font-weight: 400\">com13jornadasicj@gmail.com<\/span><\/a><span style=\"font-weight: 400\">\u00a0\u00a0\u00a0<\/span><\/p>\n<p><strong>Mesa 14<\/strong><span style=\"font-weight: 400\"><strong>:<\/strong> Derecho y Tecnolog\u00eda Nuestra informaci\u00f3n entre las normas, las pr\u00e1cticas y los \u201cservicios\u201d <\/span><a href=\"mailto:com14jornadasicj@gmail.com\"><span style=\"font-weight: 400\">com14jornadasicj@gmail.com<\/span><\/a><span style=\"font-weight: 400\">\u00a0<\/span><\/p>\n<p><strong>Encuentro de Becaries:<\/strong> <a href=\"mailto:encuentrobecariesicj@gmail.com\"><span style=\"font-weight: 400\">encuentrobecariesicj@gmail.com<\/span><\/a><span style=\"font-weight: 400\">\u00a0<\/span><\/p>\n<p>&nbsp;<\/p>\n<p><b>PARTICIPACI\u00d3N LIBRE Y GRATUITA<\/b><\/p>\n<p><b>Fecha l\u00edmite para el env\u00edo de los trabajos: lunes 30 de octubre de 2023<\/b><\/p>\n<p><b>Consultas<\/b><span style=\"font-weight: 400\">: <\/span><a href=\"mailto:culturajuridica@jursoc.unlp.edu.ar\"><span style=\"font-weight: 400\">culturajuridica@jursoc.unlp.edu.ar<\/span><\/a><\/p>\n<p><b>Sitio de las Jornadas<\/b><span style=\"font-weight: 400\">:<\/span> <a href=\"https:\/\/congresos.unlp.edu.ar\/jornadas-icj2023\/\"><span style=\"font-weight: 400\">https:\/\/congresos.unlp.edu.ar\/jornadas-icj2023\/<\/span><\/a><\/p>\n","protected":false},"excerpt":{"rendered":"<p>Convocatoria a presentar Comunicaciones El Instituto de Cultura Jur\u00eddica invita a participar de las \u201cIV Jornadas Nacionales del Instituto de Cultura Jur\u00eddica: Mujeres, diversidades, pol\u00edticas p\u00fablicas, acceso a la justicia y salud mental\u201d a realizarse los d\u00edas 9 y 10 de noviembre de 2023 en la Facultad de Ciencias Jur\u00eddicas y Sociales, el\u00a0Centro de Posgrado [&hellip;]<\/p>\n","protected":false},"author":2,"featured_media":0,"parent":0,"menu_order":0,"comment_status":"closed","ping_status":"closed","template":"","meta":{"advgb_blocks_editor_width":"","advgb_blocks_columns_visual_guide":"","footnotes":""},"class_list":["post-9","page","type-page","status-publish","hentry","post"],"aioseo_notices":[],"coauthors":[],"author_meta":{"author_link":"https:\/\/congresos.unlp.edu.ar\/jornadas-icj2023\/author\/congresos\/","display_name":"congresos"},"relative_dates":{"created":"Posted 3 a\u00f1os ago","modified":"Updated 3 a\u00f1os ago"},"absolute_dates":{"created":"Posted on 19 septiembre, 2023","modified":"Updated on 12 octubre, 2023"},"absolute_dates_time":{"created":"Posted on 19 septiembre, 2023 8:04 pm","modified":"Updated on 12 octubre, 2023 10:01 am"},"featured_img_caption":"","featured_img":false,"series_order":"","_links":{"self":[{"href":"https:\/\/congresos.unlp.edu.ar\/jornadas-icj2023\/wp-json\/wp\/v2\/pages\/9","targetHints":{"allow":["GET"]}}],"collection":[{"href":"https:\/\/congresos.unlp.edu.ar\/jornadas-icj2023\/wp-json\/wp\/v2\/pages"}],"about":[{"href":"https:\/\/congresos.unlp.edu.ar\/jornadas-icj2023\/wp-json\/wp\/v2\/types\/page"}],"author":[{"embeddable":true,"href":"https:\/\/congresos.unlp.edu.ar\/jornadas-icj2023\/wp-json\/wp\/v2\/users\/2"}],"replies":[{"embeddable":true,"href":"https:\/\/congresos.unlp.edu.ar\/jornadas-icj2023\/wp-json\/wp\/v2\/comments?post=9"}],"version-history":[{"count":0,"href":"https:\/\/congresos.unlp.edu.ar\/jornadas-icj2023\/wp-json\/wp\/v2\/pages\/9\/revisions"}],"wp:attachment":[{"href":"https:\/\/congresos.unlp.edu.ar\/jornadas-icj2023\/wp-json\/wp\/v2\/media?parent=9"}],"curies":[{"name":"wp","href":"https:\/\/api.w.org\/{rel}","templated":true}]}}