{"id":6,"date":"2023-09-19T20:04:15","date_gmt":"2023-09-19T23:04:15","guid":{"rendered":"https:\/\/congresos.unlp.edu.ar\/jornadas-icj2023\/?page_id=6"},"modified":"2023-10-31T14:51:32","modified_gmt":"2023-10-31T17:51:32","slug":"mesas-de-trabajo","status":"publish","type":"page","link":"https:\/\/congresos.unlp.edu.ar\/jornadas-icj2023\/mesas-de-trabajo\/","title":{"rendered":"Mesas de trabajo"},"content":{"rendered":"<h3><span style=\"font-weight: 400\">Convocamos a todxs aquellxs interesadxs en aportar sus diversas perspectivas en torno a las m\u00faltiples tem\u00e1ticas que atraviesan las Jornadas y sus mesas de trabajo.<\/span><\/h3>\n<p><span style=\"font-weight: 400\"><strong>Mesa 1:<\/strong> Pol\u00edticas P\u00fablicas y Derechos Humanos\u00a0<\/span><\/p>\n<p><span style=\"font-weight: 400\"><strong>Mesa 2:<\/strong> Problemas sociales, traducciones judiciales y selectividades penales<\/span><\/p>\n<p><span style=\"font-weight: 400\"><strong>Mesa 3:<\/strong> Violencias, Mujeres, G\u00e9nero y Salud Mental\u00a0<\/span><\/p>\n<p><span style=\"font-weight: 400\"><strong>Mesa 4:<\/strong> Corporalidades, territorios y ecofeminismos\u00a0<\/span><\/p>\n<p><span style=\"font-weight: 400\"><strong>Mesa 5:<\/strong>\u00a0 Territorios socio-productivos, problem\u00e1ticas ambientales y pol\u00edticas agrarias en la producci\u00f3n de alimentos\u00a0<\/span><\/p>\n<p><span style=\"font-weight: 400\"><strong>Mesa 6:<\/strong> Cambio clim\u00e1tico y Derechos Humanos: Desaf\u00edos del desarrollo en el marco regional y local\u00a0<\/span><\/p>\n<p><span style=\"font-weight: 400\"><strong>Mesa 7:<\/strong> \u00a0 Medios apropiados de resoluci\u00f3n de conflictos a 40 a\u00f1os del regreso de la democracia\u00a0<\/span><\/p>\n<p><span style=\"font-weight: 400\"><strong>Mesa 8:<\/strong>\u00a0 Derecho a la cultura y al desarrollo: intersecciones y el rol de la mujer.\u00a0<\/span><\/p>\n<p><span style=\"font-weight: 400\"><strong>Mesa 9:<\/strong> Intersecciones e Imbricaciones entre derecho y arte<\/span><\/p>\n<p><span style=\"font-weight: 400\"><strong>Mesa 10:<\/strong> Ense\u00f1anza del derecho con perspectiva de g\u00e9nero y diversidad sexual. Estrategias, experiencias y desaf\u00edos.<\/span><\/p>\n<p><span style=\"font-weight: 400\"><strong>Mesa 11:<\/strong> \u00bfC\u00f3mo investigamos las pr\u00e1cticas? De posicionamientos epistemol\u00f3gicos, te\u00f3ricos y metodol\u00f3gicos\u00a0<\/span><\/p>\n<p><span style=\"font-weight: 400\"><strong>Mesa 12:<\/strong> Di\u00e1logos sobre filosof\u00eda jur\u00eddica en el siglo XXI\u00a0<\/span><\/p>\n<p><span style=\"font-weight: 400\"><strong>Mesa 13:<\/strong> Propiedad: entre la codificaci\u00f3n y el comunalismo. Alternativas desde la agroecolog\u00eda.<\/span><\/p>\n<p><span style=\"font-weight: 400\"><strong>Mesa 14:<\/strong> Derecho y Tecnolog\u00eda Nuestra informaci\u00f3n entre las normas, las pr\u00e1cticas y los \u201cservicios\u201d<\/span><\/p>\n<p><strong>15 Encuentro de becaries<\/strong><\/p>\n<p>&nbsp;<\/p>\n<h3>M\u00e1s informaci\u00f3n<\/h3>\n<p>Puede acceder a la informaci\u00f3n detallada de cada mesa, arriba navegando el Men\u00fa <strong><em>&gt;Sobre el evento &gt; Mesas de trabajo<\/em><\/strong> all\u00ed se despliega un submen\u00fa con cada mesa<\/p>\n","protected":false},"excerpt":{"rendered":"<p>Convocamos a todxs aquellxs interesadxs en aportar sus diversas perspectivas en torno a las m\u00faltiples tem\u00e1ticas que atraviesan las Jornadas y sus mesas de trabajo. Mesa 1: Pol\u00edticas P\u00fablicas y Derechos Humanos\u00a0 Mesa 2: Problemas sociales, traducciones judiciales y selectividades penales Mesa 3: Violencias, Mujeres, G\u00e9nero y Salud Mental\u00a0 Mesa 4: Corporalidades, territorios y ecofeminismos\u00a0 [&hellip;]<\/p>\n","protected":false},"author":2,"featured_media":0,"parent":0,"menu_order":0,"comment_status":"closed","ping_status":"closed","template":"","meta":{"advgb_blocks_editor_width":"","advgb_blocks_columns_visual_guide":"","footnotes":""},"class_list":["post-6","page","type-page","status-publish","hentry","post"],"aioseo_notices":[],"coauthors":[],"author_meta":{"author_link":"https:\/\/congresos.unlp.edu.ar\/jornadas-icj2023\/author\/congresos\/","display_name":"congresos"},"relative_dates":{"created":"Posted 3 a\u00f1os ago","modified":"Updated 2 a\u00f1os ago"},"absolute_dates":{"created":"Posted on 19 septiembre, 2023","modified":"Updated on 31 octubre, 2023"},"absolute_dates_time":{"created":"Posted on 19 septiembre, 2023 8:04 pm","modified":"Updated on 31 octubre, 2023 2:51 pm"},"featured_img_caption":"","featured_img":false,"series_order":"","_links":{"self":[{"href":"https:\/\/congresos.unlp.edu.ar\/jornadas-icj2023\/wp-json\/wp\/v2\/pages\/6","targetHints":{"allow":["GET"]}}],"collection":[{"href":"https:\/\/congresos.unlp.edu.ar\/jornadas-icj2023\/wp-json\/wp\/v2\/pages"}],"about":[{"href":"https:\/\/congresos.unlp.edu.ar\/jornadas-icj2023\/wp-json\/wp\/v2\/types\/page"}],"author":[{"embeddable":true,"href":"https:\/\/congresos.unlp.edu.ar\/jornadas-icj2023\/wp-json\/wp\/v2\/users\/2"}],"replies":[{"embeddable":true,"href":"https:\/\/congresos.unlp.edu.ar\/jornadas-icj2023\/wp-json\/wp\/v2\/comments?post=6"}],"version-history":[{"count":0,"href":"https:\/\/congresos.unlp.edu.ar\/jornadas-icj2023\/wp-json\/wp\/v2\/pages\/6\/revisions"}],"wp:attachment":[{"href":"https:\/\/congresos.unlp.edu.ar\/jornadas-icj2023\/wp-json\/wp\/v2\/media?parent=6"}],"curies":[{"name":"wp","href":"https:\/\/api.w.org\/{rel}","templated":true}]}}