{"id":202,"date":"2023-10-26T10:12:35","date_gmt":"2023-10-26T13:12:35","guid":{"rendered":"https:\/\/congresos.unlp.edu.ar\/jornadas-icj2023\/?page_id=202"},"modified":"2023-10-31T14:26:23","modified_gmt":"2023-10-31T17:26:23","slug":"declaraciones","status":"publish","type":"page","link":"https:\/\/congresos.unlp.edu.ar\/jornadas-icj2023\/declaraciones\/","title":{"rendered":"Declaraciones"},"content":{"rendered":"<h3>Declaraci\u00f3n de Inter\u00e9s Institucional por parte del Colegio de la Abogac\u00eda de La Plata<\/h3>\n<p>Declaraci\u00f3n de la Mesa Directiva del CALP de fecha 23 de octubre de 2023:<\/p>\n<p>&#8220;Gerencia de Relaciones Institucionales. \u2013 &#8230; XIII) IV JORNADAS DEL INSTITUTO DE CULTURA JUR\u00cdDICA (UNLP) \u2013 INVITACI\u00d3N \u2013 SOLICITUD DECLARACI\u00d3N DE INTER\u00c9S O AUSPICIO DE EVENTO ACAD\u00c9MICO-CIENT\u00cdFICO. Se toma conocimiento que de la nota presentada el INSTITUTO DE CULTURA JUR\u00cdDICA de la UNLP a los fines de cursar invitaci\u00f3n formal a nuestra Sra. Presidenta como as\u00ed tambi\u00e9n solicitando la DECLARACI\u00d3N DE INTER\u00c9S INSTITUCIONAL o AUSPICIE INSTITUCIONAL de nuestra instituci\u00f3n al evento a realizarse el pr\u00f3ximo 9 y 10 de noviembre del corriente en el CENTRO DE PROSGRADO de la UNLP (Sergio Karakachoff) y en nuestra se colegio .- Lo que se tiene presente y se RESUELVE aprobar la declaraci\u00f3n de inter\u00e9s institucional solicitada.&#8221;<\/p>\n<p>&nbsp;<\/p>\n<hr \/>\n<h3><\/h3>\n<h3>Declaraci\u00f3n de Inter\u00e9s Acad\u00e9mico de la Facultad de Ciencias Jur\u00eddicas y Sociales de la Universidad Nacional de La Plata<\/h3>\n<p>Titulo: A. Declaraci\u00f3n de inter\u00e9s acad\u00e9mico IV Jornadas Nacionales del Instituto de Cultura Jur\u00eddica<\/p>\n[\u2026], EL DECANO DE LA FACULTAD DE CIENCIAS JUR\u00cdDICAS Y\u00a0SOCIALES<\/p>\n<p>R E S U E L V E<\/p>\n<p>AD REFERENDUM DEL CONSEJO DIRECTIVO<\/p>\n<p>ART\u00cdCULO 1\u00ba Declarar de Inter\u00e9s Acad\u00e9mico -ad refer\u00e9ndum del H. Consejo Directivo- las IV Jornadas Nacionales del Instituto de Cultura Jur\u00eddica: Mujeres, diversidades, pol\u00edticas p\u00fablicas, acceso a la justicia, salud mental, que se celebrar\u00e1n entre el 9 y el 10 de noviembre de 2023 en el Centro de Posgrado de la Universidad Nacional de La Plata \u201cSergio Karakachoff\u201d y el Colegio de la Abogac\u00eda de La Plata de la Ciudad de La Plata, por los considerandos expuestos en el exordio que aqu\u00ed se dan por reproducidos.-<\/p>\n<p>ART\u00cdCULO 2\u00b0: Comun\u00edquese, d\u00e9se cuenta al Consejo Directivo. Cumplido arch\u00edvese.-<\/p>\n<p>&nbsp;<\/p>\n<p>RESOLUCI\u00d3N N\u00ba 722\/23<\/p>\n<p>Firmado electr\u00f3nicamente por:<\/p>\n<p>MIGUEL OSCAR BERRI<\/p>\n<p>Decano<\/p>\n<p>Facultad de Ciencias Jur\u00eddicas y Sociales<\/p>\n<p>&nbsp;<\/p>\n<hr \/>\n<h3><\/h3>\n<h3>Declaraci\u00f3n de Inter\u00e9s Acad\u00e9mico de la Facultad de Ciencias Econ\u00f3micas y Jur\u00eddicas de la Universidad Nacional de La Pampa<\/h3>\n[\u2026] EL DECANO DE LA FACULTAD DE CIENCIAS ECON\u00d3MICAS Y JUR\u00cdDICAS DE LA UNIVERSIDAD NACIONAL DE LA PAMPA<\/p>\n<p>R E S U E L V E:<\/p>\n<p>Art\u00edculo 1\u00ba.- Declarar de inter\u00e9s acad\u00e9mico de la Facultad de Ciencias Econ\u00f3micas y Jur\u00eddicas de la Universidad Nacional de La Pampa a las \u201cIV Jornadas Nacionales del Instituto de Cultura Jur\u00eddica\u201d, a celebrarse los d\u00edas 9 y 10 de noviembre de 2023 bajo el lema: \u201cMujeres, diversidades, pol\u00edticas p\u00fablicas, acceso a la justicia y salud mental \u201d.-<\/p>\n<p>Art\u00edculo 2\u00ba.- Reg\u00edstrese, comun\u00edquese. Pase a conocimiento de la Dra. Manuela G. GONZ\u00c1LEZ y la Abog. M. Yasmin AGUIRRE. Publ\u00edquese y dif\u00fandase a trav\u00e9s del \u00e1rea de Prensa y Comunicaci\u00f3n de la Facultad. Cumplido, arch\u00edvese.-<\/p>\n<p>RESOLUCI\u00d3N N\u00ba 557 \/23.-<\/p>\n<p>&nbsp;<\/p>\n<hr \/>\n<h3><\/h3>\n<h3>Declaraci\u00f3n de Inter\u00e9s Acad\u00e9mico de la Facultad de Ciencias Econ\u00f3micas y Jur\u00eddicas de la Universidad Nacional del Noroeste de la provincia de Buenos Aires<\/h3>\n[\u2026] EL CONSEJO DIRECTIVO DE LA ESCUELA DE CIENCIAS ECON\u00d3MICAS Y JUR\u00cdDICAS DE LA UNIVERSIDAD NACIONAL DEL NOROESTE DE LA PROVINCIA DE BUENOS AIRES<\/p>\n<p>RESUELVE:<\/p>\n<p>Art\u00edculo 1: Declarar de Inter\u00e9s Acad\u00e9mico a las IV Jornadas Nacionales del Instituto de Cultura Jur\u00eddica: Mujeres, diversidades, pol\u00edticas p\u00fablicas, acceso a la justicia y salud mental, a celebrarse los d\u00edas 9 y 10 de noviembre en el Centro de Posgrado de la Universidad Nacional de La Plata \u201cSergio Karakachoff\u201d y en el Colegio de Abogados.<\/p>\n<p>Art\u00edculo 2: Permitir la divulgaci\u00f3n de la propuesta a los docentes, estudiantes y responsables de la carrera de Abogac\u00eda; y comunicar a los interesados a trav\u00e9s de Notificaciones, con copia de la presente. Cumplido, arch\u00edvese.<\/p>\n<p>Resoluci\u00f3n (CD.ECEyJ) N\u00ba 1331.-<\/p>\n","protected":false},"excerpt":{"rendered":"<p>Declaraci\u00f3n de Inter\u00e9s Institucional por parte del Colegio de la Abogac\u00eda de La Plata Declaraci\u00f3n de la Mesa Directiva del CALP de fecha 23 de octubre de 2023: &#8220;Gerencia de Relaciones Institucionales. \u2013 &#8230; XIII) IV JORNADAS DEL INSTITUTO DE CULTURA JUR\u00cdDICA (UNLP) \u2013 INVITACI\u00d3N \u2013 SOLICITUD DECLARACI\u00d3N DE INTER\u00c9S O AUSPICIO DE EVENTO ACAD\u00c9MICO-CIENT\u00cdFICO. [&hellip;]<\/p>\n","protected":false},"author":24,"featured_media":0,"parent":0,"menu_order":0,"comment_status":"closed","ping_status":"closed","template":"","meta":{"advgb_blocks_editor_width":"","advgb_blocks_columns_visual_guide":"","footnotes":""},"class_list":["post-202","page","type-page","status-publish","hentry","post"],"aioseo_notices":[],"coauthors":[],"author_meta":{"author_link":"https:\/\/congresos.unlp.edu.ar\/jornadas-icj2023\/author\/batista-alejandro\/","display_name":"batista.alejandro"},"relative_dates":{"created":"Posted 3 a\u00f1os ago","modified":"Updated 3 a\u00f1os ago"},"absolute_dates":{"created":"Posted on 26 octubre, 2023","modified":"Updated on 31 octubre, 2023"},"absolute_dates_time":{"created":"Posted on 26 octubre, 2023 10:12 am","modified":"Updated on 31 octubre, 2023 2:26 pm"},"featured_img_caption":"","featured_img":false,"series_order":"","_links":{"self":[{"href":"https:\/\/congresos.unlp.edu.ar\/jornadas-icj2023\/wp-json\/wp\/v2\/pages\/202","targetHints":{"allow":["GET"]}}],"collection":[{"href":"https:\/\/congresos.unlp.edu.ar\/jornadas-icj2023\/wp-json\/wp\/v2\/pages"}],"about":[{"href":"https:\/\/congresos.unlp.edu.ar\/jornadas-icj2023\/wp-json\/wp\/v2\/types\/page"}],"author":[{"embeddable":true,"href":"https:\/\/congresos.unlp.edu.ar\/jornadas-icj2023\/wp-json\/wp\/v2\/users\/24"}],"replies":[{"embeddable":true,"href":"https:\/\/congresos.unlp.edu.ar\/jornadas-icj2023\/wp-json\/wp\/v2\/comments?post=202"}],"version-history":[{"count":0,"href":"https:\/\/congresos.unlp.edu.ar\/jornadas-icj2023\/wp-json\/wp\/v2\/pages\/202\/revisions"}],"wp:attachment":[{"href":"https:\/\/congresos.unlp.edu.ar\/jornadas-icj2023\/wp-json\/wp\/v2\/media?parent=202"}],"curies":[{"name":"wp","href":"https:\/\/api.w.org\/{rel}","templated":true}]}}