{"id":190,"date":"2023-10-18T11:29:00","date_gmt":"2023-10-18T14:29:00","guid":{"rendered":"https:\/\/congresos.unlp.edu.ar\/jornadas-icj2023\/?page_id=190"},"modified":"2023-10-18T11:29:00","modified_gmt":"2023-10-18T14:29:00","slug":"mesa-4","status":"publish","type":"page","link":"https:\/\/congresos.unlp.edu.ar\/jornadas-icj2023\/mesa-4\/","title":{"rendered":"Mesa 4"},"content":{"rendered":"<p><b>Corporalidades, territorios y ecofeminismos<\/b><\/p>\n<p><span style=\"font-weight: 400\">Marina Lanfranco<\/span><\/p>\n<p><span style=\"font-weight: 400\">Abril Quintana Thea <\/span><\/p>\n<p><span style=\"font-weight: 400\">Eugenia Perez Cubero<\/span><\/p>\n<p><span style=\"font-weight: 400\"><strong>Contacto:<\/strong>\u00a0 <\/span><a href=\"mailto:com5jornadasicj@gmail.com\"><span style=\"font-weight: 400\">com4jornadasicj@gmail.com<\/span><\/a><span style=\"font-weight: 400\">\u00a0<\/span><\/p>\n<p><span style=\"font-weight: 400\">nos interesa trabajar un concepto de cuerpx\/corporalidad en plural, con los atravesamientos propios de la historia y situadx en un territorio determinado que le de contexto.\u00a0<\/span><\/p>\n<p>&nbsp;<\/p>\n<p><span style=\"font-weight: 400\">seguramente nos encontraremos navegando entre polisemias, homogeneizaciones heter\u00f3nomas, contradicciones e incomprensiones, divergencias propias de la construcci\u00f3n de un entendimiento propio que nos de <\/span><i><span style=\"font-weight: 400\">sentido<\/span><\/i><span style=\"font-weight: 400\"> y que da lugar a que esa corporalidad sea as\u00ed, y no de otra forma.<\/span><\/p>\n<p>&nbsp;<\/p>\n<p><span style=\"font-weight: 400\">partimos de un contexto sociohist\u00f3rico y territorial que condiciona esa idea de corporalidad: nos convoca plantear algunas ideas que nos re\/signifiquen desde el sur, latinoamericanas, ind\u00edgenas, migrantes, marronas, racializadas; historias ambientales de cuerpxs y\u00a0 territorios de los bordes, de\u00a0 las periferias, de las tensiones, de las resistencias\u2026\u00a0<\/span><\/p>\n<p>&nbsp;<\/p>\n<p><span style=\"font-weight: 400\">imaginamos que puede aparecer una nueva mirada hacia una corporalidad diversa, distinta, discriminada por m\u00faltiples causas ajenas muchas veces al propio territorio; atravesadas por normas que imponen ser unx, extranjeras, capitalistas y patriarcales.<\/span><\/p>\n<p>&nbsp;<\/p>\n<p><span style=\"font-weight: 400\">contexto multiverso que deja sus marcas en lxs cuerpxs que lo habitan y desde all\u00ed, desde este,\u00a0 tal vez y a simple vista, <\/span><i><span style=\"font-weight: 400\">caos epistemol\u00f3gico<\/span><\/i><span style=\"font-weight: 400\">,\u00a0 nos preguntamos:\u00a0<\/span><\/p>\n<p>&nbsp;<\/p>\n<p><span style=\"font-weight: 400\">\u00bfcu\u00e1n ligado est\u00e1 la idea de cuerpx del suelo o cu\u00e1n separado epistemol\u00f3gicamente puede estar?\u00a0<\/span><\/p>\n<p><span style=\"font-weight: 400\">\u00bfcu\u00e1n distante de su historia?<\/span><\/p>\n<p><span style=\"font-weight: 400\">\u00bfcu\u00e1nto es decisi\u00f3n propia en estas realidades corporales, y cu\u00e1nto es impuesto?\u00a0<\/span><\/p>\n<p><span style=\"font-weight: 400\">\u00bfel derecho (como herramienta, o como ciencia) ha servido, una vez m\u00e1s, como facilitador de estas desigualdades?<\/span><\/p>\n<p><span style=\"font-weight: 400\">\u00bfpodemos pensar\/observar\/imaginar\/ofrecer alternativas a un marco jur\u00eddico que refleja en los territorios y sobre lxs cuerpxs,\u00a0 desigualdades y violencias en t\u00e9rminos de g\u00e9nero?<\/span><\/p>\n<p>&nbsp;<\/p>\n<p><span style=\"font-weight: 400\">aparecen y se multiplican un sinn\u00famero de posibilidades de pensarnos en plural, heterog\u00e9nexs y biodiversxs en interacci\u00f3n constante. Desde la propuesta de la mesa aparece fuertemente la perspectiva de g\u00e9nero y los ecofeminismos dando un marco te\u00f3rico a nuestras indagaciones las que se diversificar\u00e1n a\u00fan m\u00e1s<\/span><\/p>\n<p><span style=\"font-weight: 400\">nota: es la primera vez que escribimos todo en min\u00fascula. nos inspiramos en autorxs tales como bell hooks y val flores que aportan desde una otra forma de pensar y resistir la escritura. y <\/span><i><span style=\"font-weight: 400\">mecheamos,<\/span><\/i><span style=\"font-weight: 400\"> al decir de kekena corval\u00e1n esos usos tan hermosos del lenguaje que si nos lo apropiamos se hacen m\u00e1s, m\u00e1s\u00a0 nuestros.<\/span><\/p>\n","protected":false},"excerpt":{"rendered":"<p>Corporalidades, territorios y ecofeminismos Marina Lanfranco Abril Quintana Thea Eugenia Perez Cubero Contacto:\u00a0 com4jornadasicj@gmail.com\u00a0 nos interesa trabajar un concepto de cuerpx\/corporalidad en plural, con los atravesamientos propios de la historia y situadx en un territorio determinado que le de contexto.\u00a0 &nbsp; seguramente nos encontraremos navegando entre polisemias, homogeneizaciones heter\u00f3nomas, contradicciones e incomprensiones, divergencias propias de [&hellip;]<\/p>\n","protected":false},"author":24,"featured_media":0,"parent":0,"menu_order":0,"comment_status":"closed","ping_status":"closed","template":"","meta":{"advgb_blocks_editor_width":"","advgb_blocks_columns_visual_guide":"","footnotes":""},"class_list":["post-190","page","type-page","status-publish","hentry","post"],"aioseo_notices":[],"coauthors":[],"author_meta":{"author_link":"https:\/\/congresos.unlp.edu.ar\/jornadas-icj2023\/author\/batista-alejandro\/","display_name":"batista.alejandro"},"relative_dates":{"created":"Posted 3 a\u00f1os ago","modified":"Updated 3 a\u00f1os ago"},"absolute_dates":{"created":"Posted on 18 octubre, 2023","modified":"Updated on 18 octubre, 2023"},"absolute_dates_time":{"created":"Posted on 18 octubre, 2023 11:29 am","modified":"Updated on 18 octubre, 2023 11:29 am"},"featured_img_caption":"","featured_img":false,"series_order":"","_links":{"self":[{"href":"https:\/\/congresos.unlp.edu.ar\/jornadas-icj2023\/wp-json\/wp\/v2\/pages\/190","targetHints":{"allow":["GET"]}}],"collection":[{"href":"https:\/\/congresos.unlp.edu.ar\/jornadas-icj2023\/wp-json\/wp\/v2\/pages"}],"about":[{"href":"https:\/\/congresos.unlp.edu.ar\/jornadas-icj2023\/wp-json\/wp\/v2\/types\/page"}],"author":[{"embeddable":true,"href":"https:\/\/congresos.unlp.edu.ar\/jornadas-icj2023\/wp-json\/wp\/v2\/users\/24"}],"replies":[{"embeddable":true,"href":"https:\/\/congresos.unlp.edu.ar\/jornadas-icj2023\/wp-json\/wp\/v2\/comments?post=190"}],"version-history":[{"count":0,"href":"https:\/\/congresos.unlp.edu.ar\/jornadas-icj2023\/wp-json\/wp\/v2\/pages\/190\/revisions"}],"wp:attachment":[{"href":"https:\/\/congresos.unlp.edu.ar\/jornadas-icj2023\/wp-json\/wp\/v2\/media?parent=190"}],"curies":[{"name":"wp","href":"https:\/\/api.w.org\/{rel}","templated":true}]}}